{"id":2744,"date":"2021-10-08T12:05:54","date_gmt":"2021-10-08T10:05:54","guid":{"rendered":"https:\/\/antcube.shop\/produkt\/antcube-starter-set-s-20x20-wald\/"},"modified":"2026-04-07T10:39:01","modified_gmt":"2026-04-07T08:39:01","slug":"antcube-starter-set-s-20x20-wald","status":"publish","type":"product","link":"https:\/\/antcube.shop\/lt\/produktas\/antcube-starter-set-s-20x20-wald\/","title":{"rendered":"ANTCUBE pradinis rinkinys S - 20\u00d720 - Mi\u0161kas"},"content":{"rendered":"<p><strong>Turinys:<\/strong><br \/>\n1x \"Cricket Jam\" 25g<br \/>\n1x Mi\u0161ko medus (Wa) - papildymas 10ml<\/p>\n<p>1x ANTCUBE - Arena 20x20x10 - plok\u0161\u010dias<br \/>\n1x skruzd\u0117lyno r\u0117mas 20\u00d720<br \/>\n1x skruzd\u0117lyno dangtis 20\u00d720<br \/>\n4x arenos dang\u010dio tvirtinimo vieta<br \/>\n2x ANTCUBE - skruzd\u0117lynas - M - 20\u00d720 - vertikalus<\/p>\n<p>1x 0,5 m permatomas vamzdelis 10\/06 mm<br \/>\n2x ANTCUBE - Raudona folija 20\u00d720 - filtras<br \/>\n1x lipn\u016bs spaustukai - skaidr\u016bs 2 vnt.<br \/>\n1x substratas - mi\u0161kas - 1 kg<br \/>\n1x Formicarien granul\u0117s 200 ml - juodos spalvos<\/p>\n<p>1x tinklelio \u012fd\u0117klas - 50 mm - ner\u016bdijantis plienas<br \/>\n1x Formikariumo kam\u0161tis 50 mm skylei<br \/>\n1x Formicarium kam\u0161tis 27 mm skylei<br \/>\n1x Formikaro dangtelis 6 mm lizdui<\/p>\n<p>1x baseino jungtis B-27 ir S-10-16 mm M25 - rinkinys<br \/>\n1x Gertuv\u0117 2ml - 360 laipsni\u0173<br \/>\n1x gertuv\u0117 skaidri 20ml - kempin\u0117<br \/>\n1x dubuo skaidrus 1\u00d720 - kempin\u0117<br \/>\n1x Mini termohigrometras analoginis - ekranas - pakabinamas<br \/>\n1x Apsauginis aliejus nuo skruzd\u017ei\u0173 10ml<br \/>\n1x Pincetas spyruoklinis plienas - platus - mink\u0161tas<br \/>\n1x Pincetas plastikinis skaidrus<br \/>\n1x plastikin\u0117 3 ml pipet\u0117<br \/>\n1x rankinis didinamasis stiklas - 2x - 30 mm<br \/>\n1x put\u0173 valytuvas 150x18x2,5 mm<br \/>\n1x nuotrauk\u0173 nugar\u0117l\u0117 - mi\u0161kas - 20\u00d710<\/p>\n<p><strong>Apra\u0161ymas:<\/strong><br \/>\n\u0160is mi\u0161ko prad\u017eiamokslio rinkinys tinka visoms mi\u0161ko paklot\u0117je gyvenan\u010dioms skruzd\u0117li\u0173 r\u016b\u0161ims.<\/p>\n<p>Visi\u0161kai skaidriame \u016bkyje (lizde) \u016bkiui u\u017epildyti naudojamas \"Dirvo\u017eemis - atogr\u0105\u017e\u0173 mi\u0161kas\". Jei reikia, per dangtelyje esan\u010dias 50 mm skyles galima prijungti papildomus modulius, pavyzd\u017eiui, atskirai parduodamus r\u016bkiklius, ventiliatorius arba \u017eibintus. Arba pridedami tinkami formikariumo kam\u0161\u010diai angoms u\u017edaryti. Jei pageidaujama, formikarium\u0105 galima eksploatuoti ir atidaryt\u0105 - tereikia pritvirtinti nuimam\u0105 r\u0117mel\u012f ir ant kra\u0161to u\u017etepti apsaugos nuo skruzd\u0117li\u0173 b\u0117gimo alyvos. \"Gertuv\u0117 2 ml - 360 laipsni\u0173\" skirta medaus \/ cukraus tirpalui, \"Gertuv\u0117 skaidri 20 ml - kempin\u0117\" - vandeniui. \"Mini termohiprometr\u0105\" galima pritvirtinti prie r\u0117mo arba dang\u010dio, jis rodo klimato vertes.<\/p>\n<p><strong>Svarbu:<\/strong> Prie\u0161 naudodami sudr\u0117kinkite substrat\u0105, kad mi\u0161inys gal\u0117t\u0173 susijungti ir tvirtai \u012fsitvirtinti skruzd\u0117lyne. Be to, jei substratas bus per sausas ir dulk\u0117tas, skruzd\u017ei\u0173 kv\u0117pavimo takai gali u\u017esikim\u0161ti, o blogiausiu atveju gyv\u016bnai gali u\u017edusti.<\/p>\n<p><strong>Rekomendacija:<\/strong> Rekomenduojame 2 mm auk\u0161\u010dio substrato sluoksn\u012f, kad gyv\u016bnai negal\u0117t\u0173 \u012fl\u012fsti \u012f aren\u0105, o naudot\u0173si tam skirta ferma. Taip pat rekomenduojame fermoje esan\u010di\u0105 lizdin\u0119 med\u017eiag\u0105 (sm\u0117l\u012f\/sm\u0117l\u012f, Digfix ir kt.) vienoje vietoje lengvai pabadyti, kad gyv\u016bnams b\u016bt\u0173 lengviau kasti.<\/p>\n<p><strong>Pastabos apie gamyb\u0105<\/strong><br \/>\nStiklas pjaustomas pagal DIN 1249 reikalavimus, leistina paklaida +\/- 1 mm. Ypa\u010d ma\u017eoms skruzd\u0117li\u0173 r\u016b\u0161ims b\u016btina papildoma apsauga nuo i\u0161lau\u017eimo.<\/p>\n<p><strong>Pastabos apie \u016bk\u012f<\/strong><br \/>\nPrijungdami arba nuimdami \u017earnas, atkreipkite d\u0117mes\u012f \u012f \u0161iuos dalykus:<br \/>\nJei vamzdel\u012f labai sunku pritvirtinti prie jungties lizdo, lizd\u0105 reikia lengvai patepti la\u0161eliu m\u016bs\u0173 apsaugin\u0117s alyvos arba milteli\u0173. Tuomet \u017earn\u0105 \u012f lizd\u0105 reikia \u012fstumti sukamaisiais arba prisukamaisiais judesiais, ne\u012ftempiant lizdo judesiais auk\u0161tyn ir \u017eemyn. Tas pats galioja ir nuimant \u017earnas nuo \u016bkio jungiamojo lizdo. Negalima jos tiesiog i\u0161traukti!<\/p>\n<p><strong>Instrukcijos:<\/strong> (2023 m. versija, atnaujinta 2024 m. versija bus pateikta ne v\u0117liau kaip 2024 m. baland\u017eio m\u0117n.)<\/p>\n<p>- DE <a href=\"https:\/\/www.antstore.net\/shop\/images\/info\/de\/Gebrauchsanweisung%20Starter%20Set%20Habitat.pdf\">Gebrauchsanweisung Starter Set Habitat<\/a> (PDF 3,21 MB)<\/p>\n<p>- LT <a href=\"https:\/\/www.antstore.net\/shop\/images\/info\/en\/Instructions%20for%20use%20-%20Starter%20Set%20Habitat.pdf\">Naudojimo instrukcijos - pradinis rinkinys \"Habitat<\/a> (PDF 3,21 MB)<\/p>\n<p>- ES <a href=\"https:\/\/www.antstore.net\/shop\/images\/info\/es\/Manual%20de%20instrucciones%20-%20Set%20de%20inicio%20H%C3%A1bitat.pdf\">Manual de instrucciones - Set de inicio H\u00e1bitat<\/a> (PDF 3,21 MB)<\/p>\n<p>- FR <a href=\"https:\/\/www.antstore.net\/shop\/images\/info\/fr\/Manuel%20d'instruction%20-%20Kit%20de%20d%C3%A9marrage%20Habitat.pdf\">Instrukcijos instrukcija - \u012erengimo rinkinys Habitat<\/a> (PDF 3,21 MB)<\/p>\n<p><strong>\"Notes on Forest Honey\" (Wa) - papildoma pakuot\u0117 10ml<\/strong><br \/>\nTurinys: 10 ml<\/p>\n<p><strong>Apra\u0161ymas:<\/strong> Tai grynai nat\u016bralus produktas. Medus gaunamas i\u0161 mi\u0161k\u0173, tod\u0117l idealiai tinka mi\u0161kuose gyvenan\u010dioms skruzd\u017ei\u0173 r\u016b\u0161ims.<br \/>\nTaikymas: Galima d\u0117ti vis\u0105 maitinimo vamzdel\u012f \u012f formikarium\u0105, arba \u012fpilti ma\u017eesn\u012f kiek\u012f \u012f maisto duben\u0117l\u012f pagal poreik\u012f\/atsi\u017evelgiant \u012f kolonijos dyd\u012f. Maist\u0105 reikia sunaudoti per ma\u017edaug 3 dienas, nes prie\u0161ingu atveju kyla pel\u0117sio pavojus, tod\u0117l prie\u0161 pildami maist\u0105 i\u0161valykite duben\u0117l\u012f.<\/p>\n<p><strong>Naudojimas:<\/strong><br \/>\nMi\u0161ko medus = medumi mintan\u010di\u0173 skruzd\u0117li\u0173 (Meliphagidae) r\u016b\u0161ims<br \/>\nTai papildomas pa\u0161aras<br \/>\nJis gali b\u016bti tiekiamas gyv\u016bnams. Kadangi d\u0117l dr\u0117gm\u0117s suma\u017e\u0117ja cukraus koncentracija ir prasideda fermentacijos procesas, pa\u0161ar\u0105 reikia keisti kas 3 dienas. Prie\u0161 pakartotinai naudodami kruop\u0161\u010diai i\u0161valykite \u0161\u0117rimo duben\u0117l\u012f ir (arba) m\u0117gintuv\u0117l\u012f.<br \/>\nAtidaryt\u0105 pakuot\u0119 reikia laikyti sandariai u\u017edaryt\u0105, kol baigsis jos galiojimo laikas.<\/p>\n<p><strong>Sud\u0117tyje yra:<\/strong> Medaus sudedamosios dalys paprastai skiriasi priklausomai nuo medaus r\u016b\u0161ies.<br \/>\n- apie 38 % vaisi\u0173 cukraus (fruktoz\u0117s)<br \/>\n- apie 32 % dekstroz\u0117s (gliukoz\u0117s)<br \/>\n- apie 20 % vandens<br \/>\n- apie 5 % polisacharid\u0173<br \/>\n- apie 5 % vitamin\u0173 (B1, B2, B6, C, H)<br \/>\nMineralin\u0117s med\u017eiagos (kalis, kalcis, varis, gele\u017eis, natris, magnis, fosforas, cinkas ir kiti mikroelementai) Aminor\u016bg\u0161tys (prolinas, leucinas, fenilalaninas, alaninas, histidinas, izoleucinas, glutamo r\u016bg\u0161tis, argininas, asparagino r\u016bg\u0161tis ir kt.) Organin\u0117s r\u016bg\u0161tys Fermentai (fermentai) Aromatai Inhibitoriai (antibakterin\u0117s med\u017eiagos) G\u0117l\u0117s \u017diedadulk\u0117s<\/p>\n<p><strong>Saugojimas:<\/strong> Kad pa\u0161arai b\u016bt\u0173 kokybi\u0161ki, juos reikia laikyti tamsioje ir sausoje vietoje.<\/p>\n<p><strong>Pastaba:<\/strong><br \/>\nPapildomas medumi mintan\u010di\u0173 skruzd\u0117li\u0173 pa\u0161aras.<br \/>\nSud\u0117t\u012f, analitines sudedam\u0105sias dalis, tinkamumo vartoti termin\u0105 ir partijos numer\u012f rasite pakuot\u0117s lapelyje.<\/p>\n<p>Informacijos telefono linija +49 30 439703870<\/p>\n<p><strong>Atsakinga veterinarijos ir maisto inspekcija:<\/strong><br \/>\nSteglitzo veterinarijos biuras<br \/>\nK\u00f6nigin-Luise-Str. 92<br \/>\n14195 Berlynas<\/p>\n<p><strong>Pastabos apie kriketo uogien\u0119:<\/strong><br \/>\nM\u016bs\u0173 \"Cricket Jam\" - tai paprastas b\u016bdas apr\u016bpinti skruzd\u0117les \u0161vie\u017eiai konservuotu baltyminiu maistu, nemaitinant j\u0173 gyvais vabzd\u017eiais. Sud\u0117tyje esantys vik\u0161rai (Acheta domesticus) buvo \u0161velniai i\u0161virti, kad b\u016bt\u0173 i\u0161saugotos maistin\u0117s vert\u0117s, skonis ir aromatas. Be to, taip sumink\u0161tinamas chitininis vabzd\u017ei\u0173 apvalkalas, kad jis b\u016bt\u0173 lengviau vir\u0161kinamas. Kolageno baltym\u0173 jungtys suardomos, kad skruzd\u0117s gal\u0117t\u0173 juos geriau panaudoti. Konservuoti Acheta domesticus turi toki\u0105 pa\u010di\u0105 maistin\u0119 vert\u0119 kaip ir gyvi vik\u0161rai, ta\u010diau yra lengviau vir\u0161kinami.<\/p>\n<p>\"Cricket Jam\" netinka med\u017eioti skruzd\u017ei\u0173 r\u016b\u0161ims, kurioms reikia gyvo maisto (pvz., did\u017eiosioms skruzd\u0117l\u0117ms, tokioms kaip Harpegnathos arba Odontomachus).<\/p>\n<p><strong>Kiti privalumai:<\/strong><br \/>\nGarantuotai be erki\u0173<br \/>\nGalima dalyti porcijomis ir skiesti vandeniu<br \/>\nSterilizuota ir supakuota vakuume<br \/>\nBe pried\u0173<br \/>\nVik\u0161rai i\u0161 tvaraus ekologinio veisimo, maitinami organin\u0117mis atliekomis<\/p>\n<p><strong>Pastaba:<\/strong><br \/>\nAtidarius galima laikyti \u0161aldytuve apie keturias dienas. Ilgiau galioja u\u017e\u0161ald\u017eius.<br \/>\nD\u0117mesio: Pirmiausia suvalgykite porcij\u0105, tada u\u017e\u0161aldykite.<\/p>","protected":false},"excerpt":{"rendered":"<p>Rinkin\u012f sudaro 42 dalys, skirtos visoms mi\u0161ko dirvo\u017eemyje gyvenan\u010dioms skruzd\u0117li\u0173 r\u016b\u0161ims.<br \/>\nDydis: <span style=\"color: #ff8c00;\"><strong>S<\/strong><\/span><\/p>","protected":false},"featured_media":5450,"comment_status":"open","ping_status":"closed","template":"","meta":{"_acf_changed":false,"content-type":"","_monsterinsights_skip_tracking":false,"_monsterinsights_sitenote_active":false,"_monsterinsights_sitenote_note":"","_monsterinsights_sitenote_category":0},"product_brand":[],"product_cat":[73,74],"product_tag":[],"class_list":{"0":"post-2744","1":"product","2":"type-product","3":"status-publish","4":"has-post-thumbnail","6":"product_cat-starter-sets","7":"product_cat-starter-sets-habitat","9":"first","10":"outofstock","11":"taxable","12":"shipping-taxable","13":"purchasable","14":"product-type-simple"},"acf":[],"aioseo_notices":[],"jetpack_sharing_enabled":true,"_links":{"self":[{"href":"https:\/\/antcube.shop\/lt\/wp-json\/wp\/v2\/product\/2744","targetHints":{"allow":["GET"]}}],"collection":[{"href":"https:\/\/antcube.shop\/lt\/wp-json\/wp\/v2\/product"}],"about":[{"href":"https:\/\/antcube.shop\/lt\/wp-json\/wp\/v2\/types\/product"}],"replies":[{"embeddable":true,"href":"https:\/\/antcube.shop\/lt\/wp-json\/wp\/v2\/comments?post=2744"}],"wp:featuredmedia":[{"embeddable":true,"href":"https:\/\/antcube.shop\/lt\/wp-json\/wp\/v2\/media\/5450"}],"wp:attachment":[{"href":"https:\/\/antcube.shop\/lt\/wp-json\/wp\/v2\/media?parent=2744"}],"wp:term":[{"taxonomy":"product_brand","embeddable":true,"href":"https:\/\/antcube.shop\/lt\/wp-json\/wp\/v2\/product_brand?post=2744"},{"taxonomy":"product_cat","embeddable":true,"href":"https:\/\/antcube.shop\/lt\/wp-json\/wp\/v2\/product_cat?post=2744"},{"taxonomy":"product_tag","embeddable":true,"href":"https:\/\/antcube.shop\/lt\/wp-json\/wp\/v2\/product_tag?post=2744"}],"curies":[{"name":"wp","href":"https:\/\/api.w.org\/{rel}","templated":true}]}}