{"id":2739,"date":"2021-10-08T12:05:05","date_gmt":"2021-10-08T10:05:05","guid":{"rendered":"https:\/\/antcube.shop\/produkt\/antcube-starter-set-l-20x20-kork\/"},"modified":"2026-04-08T08:47:25","modified_gmt":"2026-04-08T06:47:25","slug":"antcube-starter-set-l-20x20-kork","status":"publish","type":"product","link":"https:\/\/antcube.shop\/lt\/produktas\/antcube-starter-set-l-20x20-kork\/","title":{"rendered":"ANTCUBE pradinis rinkinys L - 20\u00d720 - kam\u0161tinis"},"content":{"rendered":"<p><strong>Turinys:<\/strong><br \/>\n1x ANTCUBE - Arena 20x20x10 - plok\u0161\u010dias<br \/>\n1x skruzd\u0117lyno r\u0117mas 20\u00d720<br \/>\n1x skruzd\u0117lyno dangtis 20\u00d720<br \/>\n4x arenos dang\u010dio tvirtinimo vieta<br \/>\n1x ANTCUBE - skruzd\u0117lynas - M - 20\u00d720 - vertikalus<\/p>\n<p>1x ANTCUBE - kam\u0161tinis lizdas 20\u00d720 - vertikalus<br \/>\n1x 0,5 m skaidri 20\/16 mm \u017earna<br \/>\n2x ANTCUBE - Raudona folija 20\u00d720 - filtras<br \/>\n1x lipn\u016bs spaustukai - skaidr\u016bs 2 vnt.<br \/>\n1x substratas - sm\u0117lio molis sm\u0117lio spalvos - 1000g<\/p>\n<p>2x Grid insert acrylic &#8211; 50 mm with sealing ring<br \/>\n1x Grid insert acrylic &#8211; 27 mm with sealing ring<br \/>\n1x Tinklelio dangtelis - 16 mm - ner\u016bdijantis plienas<\/p>\n<p>1x bako \u017earnos jungtis 27-14,16,20 mm - skaidri<br \/>\n1x Apsauginis aliejus nuo skruzd\u017ei\u0173 10ml<br \/>\n1x Pincetas spyruoklinis plienas - platus - mink\u0161tas<br \/>\n1x Pincetas plastikinis skaidrus<br \/>\n1x Plastikin\u0117 3 ml pipet\u0117<br \/>\n1x rankinis didinamasis stiklas - 2x - 30 mm<br \/>\n1x put\u0173 valytuvas 150x18x2,5 mm<\/p>\n<p>1x drinking clear 5ml &#8211; sponge<br \/>\n1x Feeding dish white rectangle &#8211; 3 compartments<br \/>\n1x Drinking trough 2ml &#8211; 360 Degrees<\/p>\n<p>1x Foil thermometer &#8211; farm<br \/>\n1x Foil thermometer display<\/p>\n<p><strong>Apra\u0161ymas:<\/strong><br \/>\nThis starter set made of cork, with pre-built tunnels and chambers, is suitable for various ant species, especially those that nest in dead wood.<\/p>\n<p>The &#8220;ANTCUBE &#8211; Cork Nest&#8221; can be inserted into the fully transparent farm. Alternatively, however, the &#8220;Sand-clay beige&#8221; substrate can also be used to fill the farm or to close off some of the chambers of the cork nest. Additional modules can be connected via the 50 mm holes in the cover if required, e.g. the separately available foggers, fans or lights. Alternatively, suitable grid inserts and formicarium plugs to close the openings are included in the scope of delivery. If desired, the formicarium can also be operated open by simply placing the removable frame on top and applying the ant escape protection oil to the edge. The &#8220;Drinking trough 2ml &#8211; 360 degrees&#8221; is intended for honey\/sugar solution, the &#8220;Drinking trough clear 5ml &#8211; sponge&#8221; for water. The &#8220;Foil thermometer display&#8221; can be attached to the frame or the cover and displays the climate values.<\/p>\n<p><strong>Svarbu:<\/strong> Prie\u0161 naudodami sudr\u0117kinkite substrat\u0105, kad mi\u0161inys gal\u0117t\u0173 susijungti ir tvirtai \u012fsitvirtinti skruzd\u0117lyne. Be to, jei substratas bus per sausas ir dulk\u0117tas, skruzd\u017ei\u0173 kv\u0117pavimo takai gali u\u017esikim\u0161ti, o blogiausiu atveju gyv\u016bnai gali u\u017edusti.<\/p>\n<p><strong>Rekomendacija:<\/strong> Rekomenduojame 2 mm auk\u0161\u010dio substrato sluoksn\u012f, kad gyv\u016bnai negal\u0117t\u0173 \u012fl\u012fsti \u012f aren\u0105, o naudot\u0173si tam skirta ferma.<\/p>\n<p><strong>Pastabos apie gamyb\u0105<\/strong><br \/>\nStiklas pjaustomas pagal DIN 1249, leistina paklaida +\/- 1 mm. Itin ma\u017eoms skruzd\u0117li\u0173 r\u016b\u0161ims b\u016btina papildoma apsauga nuo i\u0161tr\u016bkimo.<\/p>\n<p><strong>Pastabos apie \u016bk\u012f<\/strong><br \/>\nLizd\u0105 galima naudoti tik sausame formikariume. Jei lizdas laikomas nuolat dr\u0117gnas, med\u017eiaga gali supelyti.<\/p>\n<p><strong>Prijungdami arba nuimdami \u017earnas, atkreipkite d\u0117mes\u012f \u012f \u0161iuos dalykus:<\/strong><br \/>\nJei vamzdel\u012f labai sunku pritvirtinti prie jungties lizdo, lizd\u0105 reikia lengvai patepti la\u0161eliu m\u016bs\u0173 apsaugin\u0117s alyvos arba milteli\u0173. Tuomet \u017earn\u0105 \u012f lizd\u0105 reikia \u012fstumti sukamaisiais arba prisukamaisiais judesiais, ne\u012ftempiant lizdo judesiais auk\u0161tyn ir \u017eemyn. Tas pats galioja ir nuimant \u017earnas nuo \u016bkio jungiamojo lizdo. Negalima jos tiesiog i\u0161traukti!<\/p>\n<p><strong>Instrukcijos:<\/strong><br \/>\n<a href=\"https:\/\/www.antstore.net\/shop\/images\/info\/en\/Instructions%20for%20use%20-%20Starter%20Set%20Cork.pdf\" data-cke-saved-href=\"https:\/\/www.antstore.net\/shop\/images\/info\/en\/Instructions%20for%20use%20-%20Starter%20Set%20Cork.pdf\">- LT Naudojimo instrukcija - pradinis rinkinys \"Cork\" (PDF 3,79 MB)<\/a><br \/>\n<a href=\"https:\/\/www.antstore.net\/shop\/images\/info\/es\/Manual%20de%20instrucciones%20-%20Set%20de%20inicio%20de%20corcho.pdf\" data-cke-saved-href=\"https:\/\/www.antstore.net\/shop\/images\/info\/es\/Manual%20de%20instrucciones%20-%20Set%20de%20inicio%20de%20corcho.pdf\">- ES Instrukcij\u0173 vadovas - pradinis rinkinys (PDF 3,79 MB)<\/a><br \/>\n<a href=\"https:\/\/www.antstore.net\/shop\/images\/info\/fr\/Manuel%20d'instruction%20-%20Kit%20de%20d%C3%A9marrage%20en%20li%C3%A8ge.pdf\" data-cke-saved-href=\"https:\/\/www.antstore.net\/shop\/images\/info\/fr\/Manuel%20d'instruction%20-%20Kit%20de%20d%C3%A9marrage%20en%20li%C3%A8ge.pdf\">- FR Instrukcijos instrukcija - \u012erengimo rinkinys (PDF 3,79 MB)<\/a><\/p>","protected":false},"excerpt":{"rendered":"<p>The set consists of 25 parts and is suited for many ant species, especially those that nest in dead wood.<br \/>\nDydis: <span style=\"color: #0000ff;\"><strong>L<\/strong><\/span><\/p>","protected":false},"featured_media":5448,"comment_status":"open","ping_status":"closed","template":"","meta":{"_acf_changed":false,"content-type":"","_monsterinsights_skip_tracking":false,"_monsterinsights_sitenote_active":false,"_monsterinsights_sitenote_note":"","_monsterinsights_sitenote_category":0},"product_brand":[],"product_cat":[73,76],"product_tag":[],"class_list":{"0":"post-2739","1":"product","2":"type-product","3":"status-publish","4":"has-post-thumbnail","6":"product_cat-starter-sets","7":"product_cat-starter-sets-cork","9":"first","10":"instock","11":"taxable","12":"shipping-taxable","13":"purchasable","14":"product-type-simple"},"acf":[],"aioseo_notices":[],"jetpack_sharing_enabled":true,"_links":{"self":[{"href":"https:\/\/antcube.shop\/lt\/wp-json\/wp\/v2\/product\/2739","targetHints":{"allow":["GET"]}}],"collection":[{"href":"https:\/\/antcube.shop\/lt\/wp-json\/wp\/v2\/product"}],"about":[{"href":"https:\/\/antcube.shop\/lt\/wp-json\/wp\/v2\/types\/product"}],"replies":[{"embeddable":true,"href":"https:\/\/antcube.shop\/lt\/wp-json\/wp\/v2\/comments?post=2739"}],"wp:featuredmedia":[{"embeddable":true,"href":"https:\/\/antcube.shop\/lt\/wp-json\/wp\/v2\/media\/5448"}],"wp:attachment":[{"href":"https:\/\/antcube.shop\/lt\/wp-json\/wp\/v2\/media?parent=2739"}],"wp:term":[{"taxonomy":"product_brand","embeddable":true,"href":"https:\/\/antcube.shop\/lt\/wp-json\/wp\/v2\/product_brand?post=2739"},{"taxonomy":"product_cat","embeddable":true,"href":"https:\/\/antcube.shop\/lt\/wp-json\/wp\/v2\/product_cat?post=2739"},{"taxonomy":"product_tag","embeddable":true,"href":"https:\/\/antcube.shop\/lt\/wp-json\/wp\/v2\/product_tag?post=2739"}],"curies":[{"name":"wp","href":"https:\/\/api.w.org\/{rel}","templated":true}]}}