{"id":2737,"date":"2021-10-08T12:04:45","date_gmt":"2021-10-08T10:04:45","guid":{"rendered":"https:\/\/antcube.shop\/produkt\/antcube-starter-set-fur-blattschneiderarten-gros\/"},"modified":"2026-04-01T13:28:05","modified_gmt":"2026-04-01T11:28:05","slug":"antcube-starter-set-fur-blattschneiderarten-gros-2","status":"publish","type":"product","link":"https:\/\/antcube.shop\/lt\/produktas\/antcube-starter-set-fur-blattschneiderarten-gros-2\/","title":{"rendered":"ANTCUBE - Pradinis rinkinys lap\u0173 pjovimo skruzd\u0117l\u0117ms - didelis"},"content":{"rendered":"<p><span data-text-color=\"alert\"><strong>Siuntimas galimas tik persiun\u010diant ant palet\u0117s.<\/strong><\/span><\/p>\n<p><strong>\u012e komplekt\u0105 \u012feina:<\/strong><\/p>\n<p>1x ANTCUBE Arena 30x30x60 su stumdomomis durimis<br \/>\n1x stumdom\u0173j\u0173 dur\u0173 r\u0117mas<br \/>\n2x ANTCUBE Arena 30x30x30cm<br \/>\n3x skruzd\u0117lyno r\u0117mas 30x30cm<br \/>\n3x skruzd\u0117lyno dangtis 30x30cm<br \/>\n12x arenos dang\u010dio tvirtinimo ta\u0161k\u0173<\/p>\n<p>1x skruzd\u0117lyno vamzdelis - skaidrus 50 mm - 1 m (perpus ma\u017eesnis)<br \/>\n1x substratas - atogr\u0105\u017e\u0173 mi\u0161kas - 1 kg<br \/>\n1x Formicarium granul\u0117s 200ml - sm\u0117lio spalvos<br \/>\n3x Formicarium pagrindas 30\u00d730<\/p>\n<p>3x Formicarium plug for 50mm hole<br \/>\n8x Grid insert acrylic &#8211; 50 mm with sealing ring<br \/>\n4x bako jungtis nuo 1 1\/2\u2033 iki 50 mm - kri\u0161tolo skaidrumo<br \/>\n4x Formikariumo ver\u017el\u0117 1 1\/2 colio - kri\u0161tolo skaidrumo<\/p>\n<p>1x Foil thermometer Display<br \/>\n1x drinking clear 5ml &#8211; sponge<br \/>\n1x pincetas spyruoklinis plienas - platus - mink\u0161tas<br \/>\n1x Formicarium pincetas - plastikinis<br \/>\n1x rankinis didinamasis stiklas - 2x - 30 mm<br \/>\n1x apsaugos nuo skruzd\u0117li\u0173 aliejus 10ml<br \/>\n1x put\u0173 valytuvas 150x18x2,5 mm<br \/>\n0,5 litro talpos purk\u0161tuvas - \u017ealvarinis antgalis<br \/>\n1x Ro\u017ei\u0173 \u017eiedlapiai 100 g - d\u017eiovinti<br \/>\n2x foto sienel\u0117 - atogr\u0105\u017e\u0173 mi\u0161kas - 30\u00d730<br \/>\n1x foto sienel\u0117 - atogr\u0105\u017e\u0173 mi\u0161kas - 30\u00d760 - auk\u0161ta<\/p>\n<p><strong>Apra\u0161ymas:<\/strong><br \/>\nThis expandable starter set for all leafcutter ant species contains, in addition to the optimally adapted formicarium, the appropriate accessories for keeping these ants. The voluminous basins allow easy handling for feeding and cleaning. The large holes (50 mm) and tubes not only make it easy to observe the ants, they also allow the animals to remove large pieces of leaf. The stainless steel mesh inserts ensure good ventilation and are robust against mechanical impact. Even large colonies of leaf-cutter ants, which are very fond of cutting, are unable to penetrate them. The sturdy screw sockets are also absolutely bite-proof.. If necessary, the humidity can be increased using the spray bottle.<\/p>\n<p><strong>Svarbu:<\/strong> Prie\u0161 naudodami sudr\u0117kinkite substrat\u0105, kad mi\u0161inys gal\u0117t\u0173 susijungti ir tvirtai \u012fsitvirtinti skruzd\u0117lyne. Be to, jei substratas bus per sausas ir dulk\u0117tas, skruzd\u017ei\u0173 kv\u0117pavimo takai gali u\u017esikim\u0161ti, o blogiausiu atveju gyv\u016bnai gali u\u017edusti.<\/p>\n<p><strong>Pastabos apie gamyb\u0105<\/strong><br \/>\nStiklas pjaustomas pagal DIN 1249 reikalavimus, leistina paklaida +\/- 1 mm. Ypa\u010d ma\u017eoms skruzd\u0117li\u0173 r\u016b\u0161ims b\u016btina papildoma apsauga nuo i\u0161tr\u016bkimo.<\/p>\n<p><strong>Stumdom\u0173 dur\u0173 arenos apra\u0161ymas: <\/strong>M\u016bs\u0173 30x30x60 ANTCUBE arena su stumdomomis durimis buvo sukurta taip, kad b\u016bt\u0173 galima patogiai dirbti net ir esant pilnai formikarijai. Jos ypa\u010d naudingos kaip formikariumas aud\u0117j\u0173 skruzd\u0117l\u0117ms (Polyrhachis ir Oecophylla), nes jos m\u0117gsta statytis \u012f vir\u0161\u0173 ir joms reikia augalo \u0161eimininko. Kartais gali b\u016bti sud\u0117tinga i\u0161 formalikariumo dugne esan\u010di\u0173 gyv\u016bn\u0173 pa\u0161alinti atliekas, pvz. Tai n\u0117ra problema naudojant \u0161\u012f specialiai pritaikyt\u0105 akvarium\u0105. Stumdomos durel\u0117s taip pat labai prakti\u0161kos Acromyrmex arba Atta lapuot\u0173j\u0173 skruzd\u0117li\u0173 maitinimo baseinuose, nes augal\u0173 liekanas ir kitas atliekas galima lengvai pa\u0161alinti. Taip pat galite naudoti slankiojan\u010di\u0173 dureli\u0173 r\u0117m\u0105 (gaminio Nr. 1005648), kad gyv\u016bnai nei\u0161b\u0117gt\u0173, kol dirbate.<\/p>","protected":false},"excerpt":{"rendered":"<p>The set consists of 47 parts and is suitable for all leaf cutter ant species.<br \/>\nDydis: <span style=\"color: #ed1c24;\"><strong>XL<\/strong><\/span><\/p>","protected":false},"featured_media":7665,"comment_status":"open","ping_status":"closed","template":"","meta":{"_acf_changed":false,"content-type":"","_monsterinsights_skip_tracking":false,"_monsterinsights_sitenote_active":false,"_monsterinsights_sitenote_note":"","_monsterinsights_sitenote_category":0},"product_brand":[484],"product_cat":[73,79],"product_tag":[],"class_list":{"0":"post-2737","1":"product","2":"type-product","3":"status-publish","4":"has-post-thumbnail","6":"product_brand-antcube","7":"product_cat-starter-sets","8":"product_cat-starter-sets-for-leafcutter-ants","9":"product_shipping_class-forwarding-on-pallet","11":"first","12":"instock","13":"taxable","14":"shipping-taxable","15":"purchasable","16":"product-type-simple"},"acf":[],"aioseo_notices":[],"jetpack_sharing_enabled":true,"_links":{"self":[{"href":"https:\/\/antcube.shop\/lt\/wp-json\/wp\/v2\/product\/2737","targetHints":{"allow":["GET"]}}],"collection":[{"href":"https:\/\/antcube.shop\/lt\/wp-json\/wp\/v2\/product"}],"about":[{"href":"https:\/\/antcube.shop\/lt\/wp-json\/wp\/v2\/types\/product"}],"replies":[{"embeddable":true,"href":"https:\/\/antcube.shop\/lt\/wp-json\/wp\/v2\/comments?post=2737"}],"wp:featuredmedia":[{"embeddable":true,"href":"https:\/\/antcube.shop\/lt\/wp-json\/wp\/v2\/media\/7665"}],"wp:attachment":[{"href":"https:\/\/antcube.shop\/lt\/wp-json\/wp\/v2\/media?parent=2737"}],"wp:term":[{"taxonomy":"product_brand","embeddable":true,"href":"https:\/\/antcube.shop\/lt\/wp-json\/wp\/v2\/product_brand?post=2737"},{"taxonomy":"product_cat","embeddable":true,"href":"https:\/\/antcube.shop\/lt\/wp-json\/wp\/v2\/product_cat?post=2737"},{"taxonomy":"product_tag","embeddable":true,"href":"https:\/\/antcube.shop\/lt\/wp-json\/wp\/v2\/product_tag?post=2737"}],"curies":[{"name":"wp","href":"https:\/\/api.w.org\/{rel}","templated":true}]}}