{"id":2733,"date":"2021-10-08T12:04:06","date_gmt":"2021-10-08T10:04:06","guid":{"rendered":"https:\/\/antcube.shop\/produkt\/antcube-arena-20x20x20-combi-m\/"},"modified":"2026-04-02T17:07:17","modified_gmt":"2026-04-02T15:07:17","slug":"antcube-arena-20x20x20-combi-m","status":"publish","type":"product","link":"https:\/\/antcube.shop\/lt\/produktas\/antcube-arena-20x20x20-combi-m\/","title":{"rendered":"ANTCUBE - Arena 20x20x20 - Combi M"},"content":{"rendered":"<p><strong>Matmenys:<\/strong> 20x20x20 cm; 4 mm storio stiklas<\/p>\n<p><strong>Med\u017eiaga:<\/strong> silikonu klijuotas stiklas<\/p>\n<p><strong>Ry\u0161ys:<\/strong> 2x 27 mm skyl\u0117 (2x 10 mm skyl\u0117 lizdo srityje)<\/p>\n<p><strong>Atstumas tarp plok\u0161teli\u0173 lizdo zonoje:<\/strong> apie 10 mm<\/p>\n<p><strong>Apra\u0161ymas:<\/strong> Skruzd\u0117lynas \"Combi\" turi ferm\u0105 arba lizdaviet\u0119, kuri yra integruota \u012f formikarium\u0105. Skruzd\u0117l\u0117s \u012f lizd\u0105 gali patekti i\u0161 arenos per dvi vidines 10 mm angas.<\/p>\n<p><strong>Prane\u0161imas:<\/strong><br \/>\nNaudojant m\u016bs\u0173 lizd\u0173 \u012fd\u0117klus (pvz., kam\u0161tinius, gipsinius), atkreipkite d\u0117mes\u012f, kad jie yra 8 mm siauresni, nes i\u0161 prad\u017ei\u0173 buvo sukurti taip, kad tikt\u0173 m\u016bs\u0173 siauresniems skruzd\u0117lynams ir arenos \u012fd\u0117klams! \u0160iuo atveju tarp\u0105 tarp j\u0173 tekt\u0173 u\u017epildyti u\u017epildom\u0105ja med\u017eiaga, pavyzd\u017eiui, gipsu arba moliu.<\/p>\n<p>&nbsp;<\/p>","protected":false},"excerpt":{"rendered":"<p>Jungtis: 2x 27 mm skyl\u0117<br \/>\nDydis: <span style=\"color: #008000;\"><strong>M<\/strong><\/span><\/p>","protected":false},"featured_media":329,"comment_status":"open","ping_status":"closed","template":"","meta":{"_acf_changed":false,"content-type":"","_monsterinsights_skip_tracking":false,"_monsterinsights_sitenote_active":false,"_monsterinsights_sitenote_note":"","_monsterinsights_sitenote_category":0},"product_brand":[],"product_cat":[85,82,86],"product_tag":[],"class_list":{"0":"post-2733","1":"product","2":"type-product","3":"status-publish","4":"has-post-thumbnail","6":"product_cat-ant-arenas","7":"product_cat-antfarms-m","8":"product_cat-formicariums","10":"first","11":"instock","12":"taxable","13":"shipping-taxable","14":"purchasable","15":"product-type-simple"},"acf":[],"aioseo_notices":[],"jetpack_sharing_enabled":true,"_links":{"self":[{"href":"https:\/\/antcube.shop\/lt\/wp-json\/wp\/v2\/product\/2733","targetHints":{"allow":["GET"]}}],"collection":[{"href":"https:\/\/antcube.shop\/lt\/wp-json\/wp\/v2\/product"}],"about":[{"href":"https:\/\/antcube.shop\/lt\/wp-json\/wp\/v2\/types\/product"}],"replies":[{"embeddable":true,"href":"https:\/\/antcube.shop\/lt\/wp-json\/wp\/v2\/comments?post=2733"}],"wp:featuredmedia":[{"embeddable":true,"href":"https:\/\/antcube.shop\/lt\/wp-json\/wp\/v2\/media\/329"}],"wp:attachment":[{"href":"https:\/\/antcube.shop\/lt\/wp-json\/wp\/v2\/media?parent=2733"}],"wp:term":[{"taxonomy":"product_brand","embeddable":true,"href":"https:\/\/antcube.shop\/lt\/wp-json\/wp\/v2\/product_brand?post=2733"},{"taxonomy":"product_cat","embeddable":true,"href":"https:\/\/antcube.shop\/lt\/wp-json\/wp\/v2\/product_cat?post=2733"},{"taxonomy":"product_tag","embeddable":true,"href":"https:\/\/antcube.shop\/lt\/wp-json\/wp\/v2\/product_tag?post=2733"}],"curies":[{"name":"wp","href":"https:\/\/api.w.org\/{rel}","templated":true}]}}