{"id":2728,"date":"2021-10-08T12:02:35","date_gmt":"2021-10-08T10:02:35","guid":{"rendered":"https:\/\/antcube.shop\/produkt\/antcube-starter-set-fur-blattschneiderarten-klein\/"},"modified":"2026-04-01T13:27:59","modified_gmt":"2026-04-01T11:27:59","slug":"antcube-starter-set-fur-blattschneiderarten-klein-2","status":"publish","type":"product","link":"https:\/\/antcube.shop\/lt\/produktas\/antcube-starter-set-fur-blattschneiderarten-klein-2\/","title":{"rendered":"ANTCUBE - Pradinis rinkinys lapus pjaunan\u010dioms skruzd\u0117l\u0117ms - ma\u017eas"},"content":{"rendered":"<p><span data-text-color=\"alert\"><strong>NAUJIENA nuo 04\/2024 m:<\/strong><\/span><br \/>\n<strong>Dabar \u0161\u0117rimo baseinas tiekiamas kaip 20x20x40 cm auk\u0161\u010dio arena. Taip lieka daugiau vietos maistui.<\/strong><br \/>\n<strong>Sen\u0105sias jungtis pakeit\u0117me visi\u0161kai permatomomis naujomis jungtimis, \u012fskaitant visi\u0161kai permatomas ver\u017eles.<\/strong><br \/>\n<strong>Taip pat prid\u0117jome formikariumo pad\u0117kliukus visiems praustuvams (bald\u0173 ir praustuv\u0173 apsauga ir apsauga nuo vibracijos).<\/strong><\/p>\n<p>&nbsp;<\/p>\n<p><strong>\u012e komplekt\u0105 \u012feina:<\/strong><\/p>\n<p>2x ANTCUBE Arena 20x20x20cm<br \/>\n1x ANTCUBE Arena 20x20x40 cm auk\u0161\u010dio<br \/>\n3x skruzd\u0117lyno r\u0117mas 20x20cm<br \/>\n3x skruzd\u0117lyno dangtis 20x20cm<br \/>\n12x arenos dang\u010dio tvirtinimo ta\u0161k\u0173<\/p>\n<p>1x skruzd\u0117lyno vamzdelis - skaidrus, 32 mm - 1 m (perpjautas per pus\u0119)<br \/>\n1x substratas - atogr\u0105\u017e\u0173 mi\u0161kas - 1 kg<br \/>\n1x Formicarium granul\u0117s 200ml - sm\u0117lio spalvos<br \/>\n3x formikariumo pagrindas 20\u00d720<\/p>\n<p>2x formikariumo kam\u0161\u010diai 50 mm skylei<br \/>\n5x Grid insert acrylic &#8211; 50 mm with sealing ring<br \/>\n2x Grid insert acrylic &#8211; 27 mm with sealing ring<br \/>\n4x bako jungtis nuo 3\/4\u2033 iki 32 mm - kri\u0161tolo skaidrumo<br \/>\n4x Formikariumo ver\u017el\u0117 3\/4 colio - kri\u0161tolo skaidrumo<\/p>\n<p>1x Foil thermometer Display<br \/>\n1x drinking clear 5ml &#8211; sponge<br \/>\n1x Pincetas spyruoklinis plienas - platus - mink\u0161tas<br \/>\n1x Formicarium pincetas - plastikinis<br \/>\n1x rankinis didinamasis stiklas - 2x - 30 mm<br \/>\n1x apsaugos nuo skruzd\u017ei\u0173 protr\u016bki\u0173 aliejus 10ml<br \/>\n1x put\u0173 valytuvas 150x18x2,5 mm<br \/>\n0,5 litro talpos purk\u0161tuvas - \u017ealvarinis antgalis<br \/>\n1x Ro\u017ei\u0173 \u017eiedlapiai 100 g - d\u017eiovinti<br \/>\n2x foto sienel\u0117 - atogr\u0105\u017e\u0173 mi\u0161kas - 20\u00d720<br \/>\n1x foto sienel\u0117 - atogr\u0105\u017e\u0173 mi\u0161kas - 20\u00d740 auk\u0161tis<\/p>\n<p><strong>Apra\u0161ymas:<\/strong><br \/>\nThis expandable starter set for all leafcutter ant species contains, in addition to the optimally adapted formicarium, the appropriate accessories for keeping these ants. The basins are easy to use for feeding and cleaning. The large holes (27 mm) and tubes not only make it easy to observe the ants, they also allow the animals to remove large pieces of leaf. The stainless steel mesh inserts ensure good ventilation and are robust against mechanical impact. Even large colonies of leaf-cutter ants, which are very fond of cutting, are unable to penetrate them. The sturdy tube connectors are also absolutely bite-proof. The humidity can be increased using the spray bottle.<\/p>\n<p><strong>Svarbu:<\/strong> Prie\u0161 naudodami sudr\u0117kinkite substrat\u0105, kad mi\u0161inys gal\u0117t\u0173 susijungti ir tvirtai \u012fsitvirtinti skruzd\u0117lyne. Be to, jei substratas bus per sausas ir dulk\u0117tas, skruzd\u017ei\u0173 kv\u0117pavimo takai gali u\u017esikim\u0161ti, o blogiausiu atveju gyv\u016bnai gali u\u017edusti.<\/p>\n<p><strong>Pastabos apie gamyb\u0105<\/strong><br \/>\nStiklas pjaustomas pagal DIN 1249 reikalavimus, leistina paklaida +\/- 1 mm. Ypa\u010d ma\u017eoms skruzd\u0117li\u0173 r\u016b\u0161ims b\u016btina papildoma apsauga nuo i\u0161tr\u016bkimo.<\/p>","protected":false},"excerpt":{"rendered":"<p>Rinkin\u012f sudaro 43 dalys<br \/>\nDydis: <span style=\"color: #ed1c24;\"><strong>XL<\/strong><\/span><\/p>","protected":false},"featured_media":7666,"comment_status":"open","ping_status":"closed","template":"","meta":{"_acf_changed":false,"content-type":"","_monsterinsights_skip_tracking":false,"_monsterinsights_sitenote_active":false,"_monsterinsights_sitenote_note":"","_monsterinsights_sitenote_category":0},"product_brand":[],"product_cat":[73,79],"product_tag":[],"class_list":{"0":"post-2728","1":"product","2":"type-product","3":"status-publish","4":"has-post-thumbnail","6":"product_cat-starter-sets","7":"product_cat-starter-sets-for-leafcutter-ants","9":"first","10":"instock","11":"taxable","12":"shipping-taxable","13":"purchasable","14":"product-type-simple"},"acf":[],"aioseo_notices":[],"jetpack_sharing_enabled":true,"_links":{"self":[{"href":"https:\/\/antcube.shop\/lt\/wp-json\/wp\/v2\/product\/2728","targetHints":{"allow":["GET"]}}],"collection":[{"href":"https:\/\/antcube.shop\/lt\/wp-json\/wp\/v2\/product"}],"about":[{"href":"https:\/\/antcube.shop\/lt\/wp-json\/wp\/v2\/types\/product"}],"replies":[{"embeddable":true,"href":"https:\/\/antcube.shop\/lt\/wp-json\/wp\/v2\/comments?post=2728"}],"wp:featuredmedia":[{"embeddable":true,"href":"https:\/\/antcube.shop\/lt\/wp-json\/wp\/v2\/media\/7666"}],"wp:attachment":[{"href":"https:\/\/antcube.shop\/lt\/wp-json\/wp\/v2\/media?parent=2728"}],"wp:term":[{"taxonomy":"product_brand","embeddable":true,"href":"https:\/\/antcube.shop\/lt\/wp-json\/wp\/v2\/product_brand?post=2728"},{"taxonomy":"product_cat","embeddable":true,"href":"https:\/\/antcube.shop\/lt\/wp-json\/wp\/v2\/product_cat?post=2728"},{"taxonomy":"product_tag","embeddable":true,"href":"https:\/\/antcube.shop\/lt\/wp-json\/wp\/v2\/product_tag?post=2728"}],"curies":[{"name":"wp","href":"https:\/\/api.w.org\/{rel}","templated":true}]}}