{"id":2722,"date":"2021-10-08T12:01:36","date_gmt":"2021-10-08T10:01:36","guid":{"rendered":"https:\/\/antcube.shop\/produkt\/lasius-emarginatus\/"},"modified":"2023-12-21T17:24:18","modified_gmt":"2023-12-21T16:24:18","slug":"lasius-emarginatus","status":"publish","type":"product","link":"https:\/\/antcube.shop\/lt\/produktas\/lasius-emarginatus\/","title":{"rendered":"Lasius emarginatus"},"content":{"rendered":"<p>&nbsp;<\/p>\n<table border=\"1\" cellspacing=\"1\" cellpadding=\"1\">\n<tbody>\n<tr>\n<td><strong>Lotyni\u0161kas pavadinimas:<\/strong><\/td>\n<td><strong><img data-recalc-dims=\"1\" loading=\"lazy\" decoding=\"async\" src=\"https:\/\/i0.wp.com\/www.antstore.net\/shop\/images\/icons\/ants\/lateinname.jpg?resize=30%2C30&#038;ssl=1\" alt=\"\" width=\"30\" height=\"30\" \/><\/strong><\/td>\n<td><em>Lasius (Lasius s. str.) emarginatus<\/em><\/td>\n<\/tr>\n<tr>\n<td><strong>Trivialus pavadinimas:<\/strong><\/td>\n<td><strong><img data-recalc-dims=\"1\" loading=\"lazy\" decoding=\"async\" src=\"https:\/\/i0.wp.com\/www.antstore.net\/shop\/images\/icons\/ants\/trivialname.jpg?resize=30%2C30&#038;ssl=1\" alt=\"\" width=\"30\" height=\"30\" \/><\/strong><\/td>\n<td>&#8211;<\/td>\n<\/tr>\n<tr>\n<td><strong>Taksonomija:<\/strong><\/td>\n<td><strong><img data-recalc-dims=\"1\" loading=\"lazy\" decoding=\"async\" src=\"https:\/\/i0.wp.com\/www.antstore.net\/shop\/images\/icons\/ants\/taxonomie.jpg?resize=30%2C30&#038;ssl=1\" alt=\"\" width=\"30\" height=\"30\" \/><\/strong><\/td>\n<td><strong>Po\u0161eimis:<\/strong> Formicinae <strong>gentis:<\/strong> Lasiini<\/td>\n<\/tr>\n<tr>\n<td><strong>I\u0161laikymo lygis:<\/strong><\/td>\n<td><strong><img data-recalc-dims=\"1\" loading=\"lazy\" decoding=\"async\" src=\"https:\/\/i0.wp.com\/www.antstore.net\/shop\/images\/icons\/ants\/haltungsklasse.jpg?resize=30%2C30&#038;ssl=1\" alt=\"\" width=\"30\" height=\"30\" \/><\/strong><\/td>\n<td><strong>(2)<\/strong> da\u017enai aptinkami kaip naminiai gali prasiskverbti \u012f med\u017eio konstrukcijas ir \u0161ilumos izoliacij\u0105<\/td>\n<\/tr>\n<tr>\n<td><strong>Distribucija:<\/strong><\/td>\n<td><strong><img data-recalc-dims=\"1\" loading=\"lazy\" decoding=\"async\" src=\"https:\/\/i0.wp.com\/www.antstore.net\/shop\/images\/icons\/ants\/verbreitung.jpg?resize=30%2C30&#038;ssl=1\" alt=\"\" width=\"30\" height=\"30\" \/><\/strong><\/td>\n<td>visoje Europoje, Kaukaze<\/td>\n<\/tr>\n<tr>\n<td><strong>Apsigyventi:<\/strong><\/td>\n<td><strong><img data-recalc-dims=\"1\" loading=\"lazy\" decoding=\"async\" src=\"https:\/\/i0.wp.com\/www.antstore.net\/shop\/images\/icons\/ants\/habitat.jpg?resize=30%2C30&#038;ssl=1\" alt=\"\" width=\"30\" height=\"30\" \/><\/strong><\/td>\n<td>gyvena atvirose erdv\u0117se su akmenimis ir uolomis, taip pat gali b\u016bti aptinkami miestuose.<\/td>\n<\/tr>\n<tr>\n<td><strong>Kolonijos forma:<\/strong><\/td>\n<td><strong><img data-recalc-dims=\"1\" loading=\"lazy\" decoding=\"async\" src=\"https:\/\/i0.wp.com\/www.antstore.net\/shop\/images\/icons\/ants\/Kolonieform.jpg?resize=30%2C30&#038;ssl=1\" alt=\"\" width=\"30\" height=\"30\" \/><\/strong><\/td>\n<td>monogyn<\/td>\n<\/tr>\n<tr>\n<td><strong>Karalien\u0117:<\/strong><\/td>\n<td><strong><img data-recalc-dims=\"1\" loading=\"lazy\" decoding=\"async\" src=\"https:\/\/i0.wp.com\/www.antstore.net\/shop\/images\/icons\/ants\/koenigin.jpg?resize=30%2C30&#038;ssl=1\" alt=\"\" width=\"30\" height=\"30\" \/><\/strong><\/td>\n<td><strong>Dydis: <\/strong>7,5-9 mm <strong>Spalva:<\/strong> Galva tamsiai rausva, kr\u016btin\u0117s l\u0105sta ir pilvelis rudi<\/td>\n<\/tr>\n<tr>\n<td><strong>Darbuotojas:<\/strong><\/td>\n<td><img data-recalc-dims=\"1\" loading=\"lazy\" decoding=\"async\" src=\"https:\/\/i0.wp.com\/www.antstore.net\/shop\/images\/icons\/ants\/arbeiterin.jpg?resize=30%2C30&#038;ssl=1\" alt=\"\" width=\"30\" height=\"30\" \/><\/td>\n<td><strong>Dydis:<\/strong> 2,5 - 4 mm <strong>Spalva: <\/strong>Galva ir gasteris tams\u016bs, kr\u016btin\u0117 gelsvai ruda<\/td>\n<\/tr>\n<tr>\n<td><strong>Kareivis:<\/strong><\/td>\n<td><img data-recalc-dims=\"1\" loading=\"lazy\" decoding=\"async\" src=\"https:\/\/i0.wp.com\/www.antstore.net\/shop\/images\/icons\/ants\/soldaten.jpg?resize=30%2C30&#038;ssl=1\" alt=\"\" width=\"30\" height=\"30\" \/><\/td>\n<td>n\u0117ra<\/td>\n<\/tr>\n<tr>\n<td><strong>Vyrai:<\/strong><\/td>\n<td><img data-recalc-dims=\"1\" loading=\"lazy\" decoding=\"async\" src=\"https:\/\/i0.wp.com\/www.antstore.net\/shop\/images\/icons\/ants\/maennchen.jpg?resize=30%2C30&#038;ssl=1\" alt=\"\" width=\"30\" height=\"30\" \/><\/td>\n<td><strong>Dydis:<\/strong> 4 mm<strong> Spalva:<\/strong> juoda , plonas<\/td>\n<\/tr>\n<tr>\n<td><strong>Nutrion:<\/strong><\/td>\n<td><img data-recalc-dims=\"1\" loading=\"lazy\" decoding=\"async\" src=\"https:\/\/i0.wp.com\/www.antstore.net\/shop\/images\/icons\/ants\/nahrung.jpg?resize=30%2C30&#038;ssl=1\" alt=\"\" width=\"30\" height=\"30\" \/><\/td>\n<td>medaus vanduo ir vabzd\u017eiai, pvz., dvisparniai, pavyzd\u017eiui, mus\u0117s ar uodai.<\/td>\n<\/tr>\n<tr>\n<td><strong>Oro dr\u0117gm\u0117:<\/strong><\/td>\n<td><strong><img data-recalc-dims=\"1\" loading=\"lazy\" decoding=\"async\" src=\"https:\/\/i0.wp.com\/www.antstore.net\/shop\/images\/icons\/ants\/feuchtigkeit.jpg?resize=30%2C30&#038;ssl=1\" alt=\"\" width=\"30\" height=\"30\" \/><\/strong><\/td>\n<td><strong>Arena:<\/strong> 30 &#8211; 50% <strong>Nestpart:<\/strong> 50 &#8211; 60%<\/td>\n<\/tr>\n<tr>\n<td><strong>Temperat\u016bra:<\/strong><\/td>\n<td><strong><img data-recalc-dims=\"1\" loading=\"lazy\" decoding=\"async\" src=\"https:\/\/i0.wp.com\/www.antstore.net\/shop\/images\/icons\/ants\/temperatur.jpg?resize=30%2C30&#038;ssl=1\" alt=\"\" width=\"30\" height=\"30\" \/><\/strong><\/td>\n<td><strong>Arena:<\/strong> 18 - 28\u00b0C <strong>Nestpart:<\/strong> 21 - 24\u00b0C<\/td>\n<\/tr>\n<tr>\n<td><strong>Hibernacija:<\/strong><\/td>\n<td><img data-recalc-dims=\"1\" loading=\"lazy\" decoding=\"async\" src=\"https:\/\/i0.wp.com\/www.antstore.net\/shop\/images\/icons\/ants\/winterruhe.jpg?resize=30%2C30&#038;ssl=1\" alt=\"\" width=\"30\" height=\"30\" \/><\/td>\n<td>taip, nuo spalio pabaigos iki kovo pabaigos 15 \u00b0C<\/td>\n<\/tr>\n<tr>\n<td><strong>Nestform:<\/strong><\/td>\n<td><img data-recalc-dims=\"1\" loading=\"lazy\" decoding=\"async\" src=\"https:\/\/i0.wp.com\/www.antstore.net\/shop\/images\/icons\/ants\/nestform.jpg?resize=30%2C30&#038;ssl=1\" alt=\"\" width=\"30\" height=\"30\" \/><\/td>\n<td>Lizdus statosi po akmenimis, da\u017enai jie b\u016bna popieriniai, sutvirtinti medune\u0161iu ir grybeliu.<\/td>\n<\/tr>\n<tr>\n<td><strong>Formicaria r\u016b\u0161is:<\/strong><\/td>\n<td><img data-recalc-dims=\"1\" loading=\"lazy\" decoding=\"async\" src=\"https:\/\/i0.wp.com\/www.antstore.net\/shop\/images\/icons\/ants\/formicarienart.jpg?resize=30%2C30&#038;ssl=1\" alt=\"\" width=\"30\" height=\"30\" \/><\/td>\n<td>\u016akis, Farmbasinas, Baseinas, R\u0117minis baseinas, Sala, Akrilo cilindras, Digfix<\/td>\n<\/tr>\n<tr>\n<td><strong>Formicaria dydis:<\/strong><\/td>\n<td><strong><img data-recalc-dims=\"1\" loading=\"lazy\" decoding=\"async\" src=\"https:\/\/i0.wp.com\/www.antstore.net\/shop\/images\/icons\/ants\/formicariengroesse.jpg?resize=30%2C30&#038;ssl=1\" alt=\"\" width=\"30\" height=\"30\" \/><\/strong><\/td>\n<td><strong>Dydis:<\/strong> <strong>S<\/strong> &#8211; <strong>M<\/strong><\/td>\n<\/tr>\n<tr>\n<td><strong>Substratas:<\/strong><\/td>\n<td><strong><img data-recalc-dims=\"1\" loading=\"lazy\" decoding=\"async\" src=\"https:\/\/i0.wp.com\/www.antstore.net\/shop\/images\/icons\/ants\/substrat.jpg?resize=30%2C30&#038;ssl=1\" alt=\"\" width=\"30\" height=\"30\" \/><\/strong><\/td>\n<td><strong>\u016akis:<\/strong> Sm\u0117lio ir put\u0173<strong> Arena:<\/strong> Sm\u0117lio ir put\u0173<\/td>\n<\/tr>\n<tr>\n<td><strong>Sodinimas:<\/strong><\/td>\n<td><img data-recalc-dims=\"1\" loading=\"lazy\" decoding=\"async\" src=\"https:\/\/i0.wp.com\/www.antstore.net\/shop\/images\/icons\/ants\/bepflanzung.jpg?resize=30%2C30&#038;ssl=1\" alt=\"\" width=\"30\" height=\"30\" \/><\/td>\n<td>pana\u0161\u016bs \u012f mi\u0161ko ir sm\u0117lyn\u0173 augalus, samanas, \u017eol\u0119 ir kitus augalus<\/td>\n<\/tr>\n<tr>\n<td><strong>Apdaila:<\/strong><\/td>\n<td><img data-recalc-dims=\"1\" loading=\"lazy\" decoding=\"async\" src=\"https:\/\/i0.wp.com\/www.antstore.net\/shop\/images\/icons\/ants\/dekoration.jpg?resize=30%2C30&#038;ssl=1\" alt=\"\" width=\"30\" height=\"30\" \/><\/td>\n<td>\u0160akos, \u0161aknys, med\u017ei\u0173 s\u0117klos, akmenys<\/td>\n<\/tr>\n<tr>\n<td><strong>Apra\u0161ymas:<\/strong><\/td>\n<td><img data-recalc-dims=\"1\" loading=\"lazy\" decoding=\"async\" src=\"https:\/\/i0.wp.com\/www.antstore.net\/shop\/images\/icons\/ants\/beschreibung.jpg?resize=30%2C30&#038;ssl=1\" alt=\"\" width=\"30\" height=\"30\" \/><\/td>\n<td>Lasius emarginatus yra labai agresyvi skruzd\u0117l\u0117, kuri gina maitinimosi vietas nuo kit\u0173 skruzd\u0117li\u0173.<\/td>\n<\/tr>\n<tr>\n<td><strong>Pl\u0117tra:<\/strong><\/td>\n<td><strong><img data-recalc-dims=\"1\" loading=\"lazy\" decoding=\"async\" src=\"https:\/\/i0.wp.com\/www.antstore.net\/shop\/images\/icons\/ants\/entwicklung.jpg?resize=30%2C30&#038;ssl=1\" alt=\"\" width=\"30\" height=\"30\" \/><\/strong><\/td>\n<td><strong>poravimosi skrydis:<\/strong> \u0161iltomis dienomis liepos pabaigoje ` iki rugpj\u016b\u010dio pabaigos<br \/>\n<strong>\u012fk\u016brimas:<\/strong>\u00a0 klaustralinis (be maitinimo)<br \/>\n<strong>dvita\u0161kis:<\/strong> keli 1000 darbuotoj\u0173<\/td>\n<\/tr>\n<tr>\n<td><strong>Kiekis:<\/strong><\/td>\n<td><img data-recalc-dims=\"1\" loading=\"lazy\" decoding=\"async\" src=\"https:\/\/i0.wp.com\/www.antstore.net\/shop\/images\/icons\/ants\/menge.jpg?resize=30%2C30&#038;ssl=1\" alt=\"\" width=\"30\" height=\"30\" \/><\/td>\n<td>viena apvaisinta motin\u0117l\u0117 su darbinink\u0117mis (\u017er. atrank\u0105); jaunikliai (priklausomai nuo sezono ir i\u0161sivystymo)<\/td>\n<\/tr>\n<tr>\n<td><strong>Interneto nuorodos:<\/strong><\/td>\n<td><a href=\"http:\/\/www.antstore.net\/viewforum.php?f=9\"><span style=\"color: #0000ff;\"><img data-recalc-dims=\"1\" loading=\"lazy\" decoding=\"async\" src=\"https:\/\/i0.wp.com\/www.antstore.net\/shop\/images\/icons\/ants\/weblinks.jpg?resize=30%2C30&#038;ssl=1\" alt=\"\" width=\"30\" height=\"30\" \/><\/span><\/a><\/td>\n<td><a href=\"http:\/\/www.antstore.net\/viewforum.php?f=26\"><span style=\"color: #0000ff;\">- Forumas<\/span><\/a><\/p>\n<p><span style=\"color: #0000ff;\"><a href=\"http:\/\/www.antweb.org\/description.do?genus=lasius&amp;name=emarginatus&amp;rank=species&amp;project=allantwebants\">- Nuoroda<\/a><\/span><\/td>\n<\/tr>\n<\/tbody>\n<\/table>","protected":false},"excerpt":{"rendered":"<p>1 lygio i\u0161laikymas<br \/>\n<span style=\"color: #000000;\">Dydis: <\/span><strong>S<\/strong> &#8211; <strong>M<\/strong><\/p>","protected":false},"featured_media":3333,"comment_status":"open","ping_status":"closed","template":"","meta":{"_acf_changed":false,"content-type":"","_monsterinsights_skip_tracking":false,"_monsterinsights_sitenote_active":false,"_monsterinsights_sitenote_note":"","_monsterinsights_sitenote_category":0},"product_brand":[],"product_cat":[107,112,108,109],"product_tag":[],"class_list":{"0":"post-2722","1":"product","2":"type-product","3":"status-publish","4":"has-post-thumbnail","6":"product_cat-ants","7":"product_cat-asia","8":"product_cat-northern-europe","9":"product_cat-southern-europe","11":"first","12":"instock","13":"product-type-external"},"acf":[],"aioseo_notices":[],"jetpack_sharing_enabled":true,"_links":{"self":[{"href":"https:\/\/antcube.shop\/lt\/wp-json\/wp\/v2\/product\/2722","targetHints":{"allow":["GET"]}}],"collection":[{"href":"https:\/\/antcube.shop\/lt\/wp-json\/wp\/v2\/product"}],"about":[{"href":"https:\/\/antcube.shop\/lt\/wp-json\/wp\/v2\/types\/product"}],"replies":[{"embeddable":true,"href":"https:\/\/antcube.shop\/lt\/wp-json\/wp\/v2\/comments?post=2722"}],"wp:featuredmedia":[{"embeddable":true,"href":"https:\/\/antcube.shop\/lt\/wp-json\/wp\/v2\/media\/3333"}],"wp:attachment":[{"href":"https:\/\/antcube.shop\/lt\/wp-json\/wp\/v2\/media?parent=2722"}],"wp:term":[{"taxonomy":"product_brand","embeddable":true,"href":"https:\/\/antcube.shop\/lt\/wp-json\/wp\/v2\/product_brand?post=2722"},{"taxonomy":"product_cat","embeddable":true,"href":"https:\/\/antcube.shop\/lt\/wp-json\/wp\/v2\/product_cat?post=2722"},{"taxonomy":"product_tag","embeddable":true,"href":"https:\/\/antcube.shop\/lt\/wp-json\/wp\/v2\/product_tag?post=2722"}],"curies":[{"name":"wp","href":"https:\/\/api.w.org\/{rel}","templated":true}]}}