{"id":2672,"date":"2021-10-04T15:33:44","date_gmt":"2021-10-04T13:33:44","guid":{"rendered":"https:\/\/antcube.shop\/produkt\/antcube-starter-set-m-20x20-combi\/"},"modified":"2026-04-16T13:40:07","modified_gmt":"2026-04-16T11:40:07","slug":"antcube-starter-set-m-20x20-combi","status":"publish","type":"product","link":"https:\/\/antcube.shop\/lt\/produktas\/antcube-starter-set-m-20x20-combi\/","title":{"rendered":"ANTCUBE pradinis rinkinys M - 20\u00d720 - Combi"},"content":{"rendered":"<p>Turinys:<br \/>\n1x ANTCUBE - Arena 20x20x20 - Combi M<br \/>\n1x skruzd\u0117lyno dangtis 20\u00d720<br \/>\n4x arenos dang\u010dio tvirtinimo vieta<br \/>\n2x Formicarium kam\u0161\u010diai 27 mm skylei<br \/>\n2x Formicarium kam\u0161tis 50 mm skylei<br \/>\n1x substratas - sm\u0117lio-plau\u0161o sm\u0117lio spalvos - 1000g<br \/>\n1x gertuv\u0117 2ml - 360 laipsni\u0173<br \/>\n1x dish clear 1&#215;20 &#8211; sponge<br \/>\n1x rankinis didinamasis stiklas - 2x - 30 mm<br \/>\n1x pincetas plastikinis skaidrus<br \/>\n1x plastikin\u0117 3 ml pipet\u0117<br \/>\n1x aliejus nuo skruzd\u017ei\u0173 10ml<br \/>\n1x put\u0173 valytuvas 150x18x2,5 mm<\/p>\n<p><strong>Apra\u0161ymas:<\/strong><br \/>\n\u0160is \"Combi\" pradinis rinkinys tinka daugumai skruzd\u0117li\u0173 r\u016b\u0161i\u0173, kurios lizdus krauna \u017eem\u0117je.<br \/>\nRinkinys yra labai kompakti\u0161kas, o \u012f j\u012f \u012ftraukti priedai yra tik patys svarbiausi.<br \/>\nTod\u0117l tai nebrangus rinkinys, pagamintas i\u0161 auk\u0161tos kokyb\u0117s med\u017eiag\u0173, kuris idealiai tinka pradedantiesiems skruzd\u0117lyno augintojams.<br \/>\n\u012etraukt\u0105 sm\u0117lio - molio sm\u0117lio spalvos substrat\u0105 gerai priima dauguma skruzd\u0117li\u0173 r\u016b\u0161i\u0173.<\/p>\n<p>Pasirinktinai \u012f arenos lizdaviet\u0119 galima d\u0117ti kit\u0173 dirvo\u017eemio substrat\u0173 arba lizd\u0173 \u012fd\u0117kl\u0173.<br \/>\nPasi\u016blymuose (\u017er. toliau) rasite kit\u0173 nauding\u0173 pried\u0173.<\/p>\n<p><strong>Rekomendacija:<\/strong> Rekomenduojame 2 mm auk\u0161\u010dio substrato sluoksn\u012f, kad gyv\u016bnai negal\u0117t\u0173 \u012fl\u012fsti \u012f aren\u0105, o naudot\u0173si tam skirta ferma. Taip pat rekomenduojame fermoje esan\u010di\u0105 lizdin\u0119 med\u017eiag\u0105 (sm\u0117l\u012f\/sm\u0117l\u012f, Digfix ir kt.) vienoje vietoje lengvai pabadyti, kad gyv\u016bnams b\u016bt\u0173 lengviau kasti.<\/p>\n<p><strong>Svarbu:<\/strong> Prie\u0161 naudodami sudr\u0117kinkite substrat\u0105, kad mi\u0161inys gal\u0117t\u0173 susijungti ir tvirtai \u012fsitvirtinti skruzd\u0117lyne. Be to, per sausas ir dulk\u0117tas substratas gali u\u017ekim\u0161ti skruzd\u017ei\u0173 kv\u0117pavimo takus, o blogiausiu atveju gyv\u016bnai gali u\u017edusti.<\/p>\n<p><strong>Prane\u0161imas:<\/strong><br \/>\nKai naudojate m\u016bs\u0173 lizd\u0173 \u012fd\u0117klus, atkreipkite d\u0117mes\u012f, kad jie yra 8 mm siauresni, nes i\u0161 prad\u017ei\u0173 buvo sukurti taip, kad tikt\u0173 m\u016bs\u0173 siauresniems skruzd\u0117lynams, taip pat arenos \u012fd\u0117klams! \u0160iuo atveju tarp\u0105 tarp j\u0173 reik\u0117t\u0173 u\u017epildyti u\u017epildom\u0105ja med\u017eiaga, pavyzd\u017eiui, tinku arba moliu.<\/p>\n<p><strong>Pastabos apie gamyb\u0105<\/strong><br \/>\nStiklas pjaustomas pagal DIN 1249, leistina paklaida +\/- 1 mm. Itin ma\u017eoms skruzd\u0117li\u0173 r\u016b\u0161ims b\u016btina papildoma apsauga nuo i\u0161tr\u016bkimo.<\/p>\n<p><strong>Instrukcijos:<\/strong><br \/>\n- DE instrukcija \"Starter Set Combi\" (PDF 7,98 MB)<br \/>\n- LT Naudojimo instrukcija - \"Starter Set Combi\" (PDF 7,94 MB)<br \/>\n- ES Instrukcij\u0173 vadovas - Combi prad\u017eios rinkinys (PDF 7,94 MB)<br \/>\n- FR Instrukcijos instrukcija - Combi remonto rinkinys (PDF 7,95 MB)<\/p>","protected":false},"excerpt":{"rendered":"<p>Rinkin\u012f sudaro 18 dali\u0173 ir jis tinka visoms skruzd\u0117li\u0173 r\u016b\u0161ims.<br \/>\nDydis: <strong>M<\/strong><\/p>","protected":false},"featured_media":5445,"comment_status":"open","ping_status":"closed","template":"","meta":{"_acf_changed":false,"content-type":"","_monsterinsights_skip_tracking":false,"_monsterinsights_sitenote_active":false,"_monsterinsights_sitenote_note":"","_monsterinsights_sitenote_category":0},"product_brand":[],"product_cat":[73,78],"product_tag":[],"class_list":{"0":"post-2672","1":"product","2":"type-product","3":"status-publish","4":"has-post-thumbnail","6":"product_cat-starter-sets","7":"product_cat-starter-sets-combi","9":"first","10":"instock","11":"taxable","12":"shipping-taxable","13":"purchasable","14":"product-type-simple"},"acf":[],"aioseo_notices":[],"jetpack_sharing_enabled":true,"_links":{"self":[{"href":"https:\/\/antcube.shop\/lt\/wp-json\/wp\/v2\/product\/2672","targetHints":{"allow":["GET"]}}],"collection":[{"href":"https:\/\/antcube.shop\/lt\/wp-json\/wp\/v2\/product"}],"about":[{"href":"https:\/\/antcube.shop\/lt\/wp-json\/wp\/v2\/types\/product"}],"replies":[{"embeddable":true,"href":"https:\/\/antcube.shop\/lt\/wp-json\/wp\/v2\/comments?post=2672"}],"wp:featuredmedia":[{"embeddable":true,"href":"https:\/\/antcube.shop\/lt\/wp-json\/wp\/v2\/media\/5445"}],"wp:attachment":[{"href":"https:\/\/antcube.shop\/lt\/wp-json\/wp\/v2\/media?parent=2672"}],"wp:term":[{"taxonomy":"product_brand","embeddable":true,"href":"https:\/\/antcube.shop\/lt\/wp-json\/wp\/v2\/product_brand?post=2672"},{"taxonomy":"product_cat","embeddable":true,"href":"https:\/\/antcube.shop\/lt\/wp-json\/wp\/v2\/product_cat?post=2672"},{"taxonomy":"product_tag","embeddable":true,"href":"https:\/\/antcube.shop\/lt\/wp-json\/wp\/v2\/product_tag?post=2672"}],"curies":[{"name":"wp","href":"https:\/\/api.w.org\/{rel}","templated":true}]}}