{"id":12445,"date":"2025-09-30T10:08:52","date_gmt":"2025-09-30T08:08:52","guid":{"rendered":"https:\/\/antcube.shop\/en\/product\/ameisen-lebenszyklus-praparat-metamorphose-einer-ameise\/"},"modified":"2026-04-13T10:49:05","modified_gmt":"2026-04-13T08:49:05","slug":"skruzdes-gyvenimo-ciklo-pavyzdys-skruzdes-metamorfoze","status":"publish","type":"product","link":"https:\/\/antcube.shop\/lt\/produktas\/skruzdes-gyvenimo-ciklo-pavyzdys-skruzdes-metamorfoze\/","title":{"rendered":"Skruzd\u017ei\u0173 gyvenimo ciklo pavyzdys: Skruzd\u0117l\u0117s metamorfoz\u0117"},"content":{"rendered":"<p><strong>Matmenys:<\/strong> 30x30x10 mm<\/p>\n<p><strong>Med\u017eiaga:<\/strong> Sintetin\u0117 derva<\/p>\n<p><strong>Apra\u0161ymas:<\/strong> \u0160is egzempliorius kruop\u0161\u010diai i\u0161lietas i\u0161 skaidrios sintetin\u0117s dervos ir puikiai tinka naudoti mokyklose, universitetuose ir kolekcininkams. Jame pavaizduotos skruzd\u0117l\u0117s vystymosi stadijos - nuo lervos, l\u0117liuk\u0117s iki visi\u0161kai i\u0161sivys\u010diusios skruzd\u0117l\u0117s darbinink\u0117s.<\/p>","protected":false},"excerpt":{"rendered":"<p>Matmenys: 30x30x10 mm Med\u017eiaga: Sintetin\u0117 derva Apra\u0161ymas: \u0160is pavyzdys kruop\u0161\u010diai i\u0161lietas i\u0161 skaidrios sintetin\u0117s dervos ir puikiai tinka naudoti mokyklose, universitetuose ir kolekcininkams. Jame pavaizduotos skruzd\u0117l\u0117s vystymosi stadijos - nuo lervos, l\u0117liuk\u0117s iki visi\u0161kai i\u0161sivys\u010diusios skruzd\u0117l\u0117s darbinink\u0117s.<\/p>","protected":false},"featured_media":12562,"comment_status":"open","ping_status":"closed","template":"","meta":{"_acf_changed":false,"content-type":"","_monsterinsights_skip_tracking":false,"_monsterinsights_sitenote_active":false,"_monsterinsights_sitenote_note":"","_monsterinsights_sitenote_category":0},"product_brand":[484],"product_cat":[547,257,245],"product_tag":[],"class_list":{"0":"post-12445","1":"product","2":"type-product","3":"status-publish","4":"has-post-thumbnail","6":"product_brand-antcube","7":"product_cat-all-products","8":"product_cat-new-innovatve-products","9":"product_cat-merchandise","11":"first","12":"instock","13":"taxable","14":"shipping-taxable","15":"purchasable","16":"product-type-simple"},"acf":[],"aioseo_notices":[],"jetpack_sharing_enabled":true,"_links":{"self":[{"href":"https:\/\/antcube.shop\/lt\/wp-json\/wp\/v2\/product\/12445","targetHints":{"allow":["GET"]}}],"collection":[{"href":"https:\/\/antcube.shop\/lt\/wp-json\/wp\/v2\/product"}],"about":[{"href":"https:\/\/antcube.shop\/lt\/wp-json\/wp\/v2\/types\/product"}],"replies":[{"embeddable":true,"href":"https:\/\/antcube.shop\/lt\/wp-json\/wp\/v2\/comments?post=12445"}],"wp:featuredmedia":[{"embeddable":true,"href":"https:\/\/antcube.shop\/lt\/wp-json\/wp\/v2\/media\/12562"}],"wp:attachment":[{"href":"https:\/\/antcube.shop\/lt\/wp-json\/wp\/v2\/media?parent=12445"}],"wp:term":[{"taxonomy":"product_brand","embeddable":true,"href":"https:\/\/antcube.shop\/lt\/wp-json\/wp\/v2\/product_brand?post=12445"},{"taxonomy":"product_cat","embeddable":true,"href":"https:\/\/antcube.shop\/lt\/wp-json\/wp\/v2\/product_cat?post=12445"},{"taxonomy":"product_tag","embeddable":true,"href":"https:\/\/antcube.shop\/lt\/wp-json\/wp\/v2\/product_tag?post=12445"}],"curies":[{"name":"wp","href":"https:\/\/api.w.org\/{rel}","templated":true}]}}