{"id":12444,"date":"2025-09-30T10:08:25","date_gmt":"2025-09-30T08:08:25","guid":{"rendered":"https:\/\/antcube.shop\/en\/product\/poster-lasius-niger-lebensweise-70x50\/"},"modified":"2026-04-15T09:42:33","modified_gmt":"2026-04-15T07:42:33","slug":"plakatas-lasius-niger-gyvenimo-budas-70x50","status":"publish","type":"product","link":"https:\/\/antcube.shop\/lt\/produktas\/plakatas-lasius-niger-gyvenimo-budas-70x50\/","title":{"rendered":"Plakatas - Lasius niger gyvenimo b\u016bdas - 70\u00d750"},"content":{"rendered":"<p><strong>Matmenys:<\/strong> 70\u00d750 cm<\/p>\n<p><strong>Med\u017eiaga:<\/strong> Lateksinis popierius<br \/>\n\u0160is popierius yra atsparus vandeniui, nuvalomas, sunkiai d\u0117visi, nekenkia aplinkai, nes jame n\u0117ra aplinkai kenksming\u0173 tirpikli\u0173, o spausdinimas yra puikios kokyb\u0117s.<\/p>\n<p><strong>Apra\u0161ymas:<\/strong> \u0160iame plakate ai\u0161kiai ap\u017evelgiamas Lasius niger - juodosios skruzd\u0117s - gyvenimo b\u016bdas. Tai viena labiausiai paplitusi\u0173 ir \u017einomiausi\u0173 skruzd\u017ei\u0173 r\u016b\u0161i\u0173 Europoje ir galb\u016bt net viena populiariausi\u0173 savo genties atstovi\u0173 visame pasaulyje.<\/p>\n<p><strong>Svarbu - papildoma informacija:<\/strong> <a href=\"https:\/\/www.ants.de\/link\/1006\">\u010cia<\/a> plakate rasite i\u0161sam\u0173 atskir\u0173 scen\u0173 apra\u0161ym\u0105. Jie n\u0117ra \u012ftraukti \u012f program\u0105, ta\u010diau juos galima rasti ir atsispausdinti atskirai per \u0161i\u0105 nuorod\u0105. <a href=\"https:\/\/www.ants.de\/link\/1006\">https:\/\/www.ants.de\/link\/1006<\/a><\/p>","protected":false},"excerpt":{"rendered":"<p>Dydis: 70\u00d750 cm<\/p>","protected":false},"featured_media":12453,"comment_status":"open","ping_status":"closed","template":"","meta":{"_acf_changed":false,"content-type":"","_monsterinsights_skip_tracking":false,"_monsterinsights_sitenote_active":false,"_monsterinsights_sitenote_note":"","_monsterinsights_sitenote_category":0},"product_brand":[484],"product_cat":[547,500,245],"product_tag":[],"class_list":{"0":"post-12444","1":"product","2":"type-product","3":"status-publish","4":"has-post-thumbnail","6":"product_brand-antcube","7":"product_cat-all-products","8":"product_cat-ant-posters-and-teaching-aids","9":"product_cat-merchandise","11":"first","12":"instock","13":"taxable","14":"shipping-taxable","15":"purchasable","16":"product-type-simple"},"acf":[],"aioseo_notices":[],"jetpack_sharing_enabled":true,"_links":{"self":[{"href":"https:\/\/antcube.shop\/lt\/wp-json\/wp\/v2\/product\/12444","targetHints":{"allow":["GET"]}}],"collection":[{"href":"https:\/\/antcube.shop\/lt\/wp-json\/wp\/v2\/product"}],"about":[{"href":"https:\/\/antcube.shop\/lt\/wp-json\/wp\/v2\/types\/product"}],"replies":[{"embeddable":true,"href":"https:\/\/antcube.shop\/lt\/wp-json\/wp\/v2\/comments?post=12444"}],"wp:featuredmedia":[{"embeddable":true,"href":"https:\/\/antcube.shop\/lt\/wp-json\/wp\/v2\/media\/12453"}],"wp:attachment":[{"href":"https:\/\/antcube.shop\/lt\/wp-json\/wp\/v2\/media?parent=12444"}],"wp:term":[{"taxonomy":"product_brand","embeddable":true,"href":"https:\/\/antcube.shop\/lt\/wp-json\/wp\/v2\/product_brand?post=12444"},{"taxonomy":"product_cat","embeddable":true,"href":"https:\/\/antcube.shop\/lt\/wp-json\/wp\/v2\/product_cat?post=12444"},{"taxonomy":"product_tag","embeddable":true,"href":"https:\/\/antcube.shop\/lt\/wp-json\/wp\/v2\/product_tag?post=12444"}],"curies":[{"name":"wp","href":"https:\/\/api.w.org\/{rel}","templated":true}]}}