{"id":12442,"date":"2025-09-30T10:07:24","date_gmt":"2025-09-30T08:07:24","guid":{"rendered":"https:\/\/antcube.shop\/en\/product\/poster-anatomie-der-ameisen-lasius-niger-50x70\/"},"modified":"2026-03-20T11:30:21","modified_gmt":"2026-03-20T10:30:21","slug":"plakatas-skruzdziu-anatomija-lasius-niger-50x70","status":"publish","type":"product","link":"https:\/\/antcube.shop\/lt\/produktas\/plakatas-skruzdziu-anatomija-lasius-niger-50x70\/","title":{"rendered":"Plakatas - Skruzd\u0117li\u0173 anatomija - Lasius niger - 50\u00d770"},"content":{"rendered":"<p><strong>Matmenys:<\/strong> 50\u00d770 cm<\/p>\n<p><strong>Med\u017eiaga:<\/strong> Lateksinis popierius<br \/>\n\u0160is popierius yra atsparus vandeniui, nuvalomas, sunkiai d\u0117visi, nekenkia aplinkai, nes jame n\u0117ra aplinkai kenksming\u0173 tirpikli\u0173, o spausdinimas yra puikios kokyb\u0117s.<\/p>\n<p><strong>Apra\u0161ymas:<\/strong> \u0160iame plakate pavaizduota juodosios skruzd\u0117s (Lasius niger) anatomija. I\u0161samiose iliustracijose pavaizduoti svarbiausi vidiniai ir i\u0161oriniai k\u016bno po\u017eymiai ir organai, tod\u0117l lengva suprasti \u0161ios pla\u010diai paplitusios skruzd\u017ei\u0173 r\u016b\u0161ies sandar\u0105. Puikiai tinka kaip mokomoji med\u017eiaga mokykloms ir universitetams arba kaip dekoratyvinis kolekcinis daiktas.<\/p>\n<p><strong>Svarbu - papildoma informacija:<\/strong> \u010cia rasite i\u0161sam\u0173 atskir\u0173 plakate pavaizduot\u0173 scen\u0173 apra\u0161ym\u0105. Jie nepateikiami kartu su plakatu, bet juos galima rasti ir atsispausdinti atskirai per \u0161i\u0105 nuorod\u0105. https:\/\/www.ants.de\/link\/1101.<\/p>","protected":false},"excerpt":{"rendered":"<p>Dydis: 50\u00d770 cm<\/p>","protected":false},"featured_media":12454,"comment_status":"open","ping_status":"closed","template":"","meta":{"_acf_changed":false,"content-type":"","_monsterinsights_skip_tracking":false,"_monsterinsights_sitenote_active":false,"_monsterinsights_sitenote_note":"","_monsterinsights_sitenote_category":0},"product_brand":[484],"product_cat":[547,500,245],"product_tag":[],"class_list":{"0":"post-12442","1":"product","2":"type-product","3":"status-publish","4":"has-post-thumbnail","6":"product_brand-antcube","7":"product_cat-all-products","8":"product_cat-ant-posters-and-teaching-aids","9":"product_cat-merchandise","11":"first","12":"instock","13":"taxable","14":"shipping-taxable","15":"purchasable","16":"product-type-simple"},"acf":[],"aioseo_notices":[],"jetpack_sharing_enabled":true,"_links":{"self":[{"href":"https:\/\/antcube.shop\/lt\/wp-json\/wp\/v2\/product\/12442","targetHints":{"allow":["GET"]}}],"collection":[{"href":"https:\/\/antcube.shop\/lt\/wp-json\/wp\/v2\/product"}],"about":[{"href":"https:\/\/antcube.shop\/lt\/wp-json\/wp\/v2\/types\/product"}],"replies":[{"embeddable":true,"href":"https:\/\/antcube.shop\/lt\/wp-json\/wp\/v2\/comments?post=12442"}],"wp:featuredmedia":[{"embeddable":true,"href":"https:\/\/antcube.shop\/lt\/wp-json\/wp\/v2\/media\/12454"}],"wp:attachment":[{"href":"https:\/\/antcube.shop\/lt\/wp-json\/wp\/v2\/media?parent=12442"}],"wp:term":[{"taxonomy":"product_brand","embeddable":true,"href":"https:\/\/antcube.shop\/lt\/wp-json\/wp\/v2\/product_brand?post=12442"},{"taxonomy":"product_cat","embeddable":true,"href":"https:\/\/antcube.shop\/lt\/wp-json\/wp\/v2\/product_cat?post=12442"},{"taxonomy":"product_tag","embeddable":true,"href":"https:\/\/antcube.shop\/lt\/wp-json\/wp\/v2\/product_tag?post=12442"}],"curies":[{"name":"wp","href":"https:\/\/api.w.org\/{rel}","templated":true}]}}