{"id":12435,"date":"2025-09-30T10:01:28","date_gmt":"2025-09-30T08:01:28","guid":{"rendered":"https:\/\/antcube.shop\/en\/product\/antcube-digfix-30x30-liegend\/"},"modified":"2026-04-14T09:35:10","modified_gmt":"2026-04-14T07:35:10","slug":"antcube-digfix-30x30-lying","status":"publish","type":"product","link":"https:\/\/antcube.shop\/lt\/produktas\/antcube-digfix-30x30-lying\/","title":{"rendered":"ANTCUBE - Digfix 30\u00d730 - gulimas"},"content":{"rendered":"<p><strong>Matmenys:<\/strong> 280x280x28 mm<\/p>\n<p><strong>Med\u017eiaga:<\/strong> Digfix<\/p>\n<p><strong>Taikymas:<\/strong><br \/>\nTinka tik m\u016bs\u0173 ANTCUBE - Lizdas 30\u00d730 - horizontalus<\/p>\n<p><strong>Apra\u0161ymas:<\/strong><br \/>\n\u0160is \"Digfix\" lizdas, pagamintas i\u0161 specialios med\u017eiagos, \u012f kuri\u0105 galima \u012fkasti, puikiai tinka m\u016bs\u0173 30\u00d730 ANTCUBE horizontaliems lizdams. Plok\u0161tel\u0119 galima naudoti saus\u0105 arba sudr\u0117kint\u0105 ir ji tinka daugeliui skruzd\u0117li\u0173 r\u016b\u0161i\u0173, ypa\u010d toms, kurios lizdus suka sm\u0117lyje arba (negyvoje) medienoje. Tai prakti\u0161ka alternatyva sm\u0117lio ir molio mi\u0161iniams arba kam\u0161tiniams lizd\u0173 \u012fd\u0117klams.<\/p>\n<p>Ypatingas privalumas yra tai, kad dr\u0117gm\u0117s lyg\u012f galima lengvai kontroliuoti: plok\u0161tel\u0117 pastebimai kei\u010dia spalv\u0105, tod\u0117l galima optimaliai \u012fvertinti dr\u0117gm\u0117s lyg\u012f. Skirtingai nuo sm\u0117lio ir molio mi\u0161ini\u0173, vidin\u0117s skruzd\u0117lyno plok\u0161tel\u0117s i\u0161lieka \u0161varios, nes prie j\u0173 nelimpa birios med\u017eiagos.<\/p>\n<p>D\u0117l tvirtos strukt\u016bros med\u017eiaga visam laikui i\u0161laiko skruzd\u017ei\u0173 sukurtus tunelius ir kameras, nesugri\u016bdama - saugus ir nat\u016bralus kasin\u0117jimas.<\/p>","protected":false},"excerpt":{"rendered":"<p>Dydis: 280x280x28 mm<\/p>","protected":false},"featured_media":0,"comment_status":"open","ping_status":"closed","template":"","meta":{"_acf_changed":false,"content-type":"","_monsterinsights_skip_tracking":false,"_monsterinsights_sitenote_active":false,"_monsterinsights_sitenote_note":"","_monsterinsights_sitenote_category":0},"product_brand":[484],"product_cat":[547,257,87,88],"product_tag":[],"class_list":{"0":"post-12435","1":"product","2":"type-product","3":"status-publish","5":"product_brand-antcube","6":"product_cat-all-products","7":"product_cat-new-innovatve-products","8":"product_cat-nest-insets","9":"product_cat-digfix","11":"first","12":"instock","13":"taxable","14":"shipping-taxable","15":"purchasable","16":"product-type-simple"},"acf":[],"aioseo_notices":[],"jetpack_sharing_enabled":true,"_links":{"self":[{"href":"https:\/\/antcube.shop\/lt\/wp-json\/wp\/v2\/product\/12435","targetHints":{"allow":["GET"]}}],"collection":[{"href":"https:\/\/antcube.shop\/lt\/wp-json\/wp\/v2\/product"}],"about":[{"href":"https:\/\/antcube.shop\/lt\/wp-json\/wp\/v2\/types\/product"}],"replies":[{"embeddable":true,"href":"https:\/\/antcube.shop\/lt\/wp-json\/wp\/v2\/comments?post=12435"}],"wp:attachment":[{"href":"https:\/\/antcube.shop\/lt\/wp-json\/wp\/v2\/media?parent=12435"}],"wp:term":[{"taxonomy":"product_brand","embeddable":true,"href":"https:\/\/antcube.shop\/lt\/wp-json\/wp\/v2\/product_brand?post=12435"},{"taxonomy":"product_cat","embeddable":true,"href":"https:\/\/antcube.shop\/lt\/wp-json\/wp\/v2\/product_cat?post=12435"},{"taxonomy":"product_tag","embeddable":true,"href":"https:\/\/antcube.shop\/lt\/wp-json\/wp\/v2\/product_tag?post=12435"}],"curies":[{"name":"wp","href":"https:\/\/api.w.org\/{rel}","templated":true}]}}