{"id":12287,"date":"2025-09-02T09:53:14","date_gmt":"2025-09-02T07:53:14","guid":{"rendered":"https:\/\/antcube.shop\/en\/product\/antcube-nest-20x20-liegend\/"},"modified":"2026-04-14T09:35:08","modified_gmt":"2026-04-14T07:35:08","slug":"skruzdelyno-lizdas-20x20-guli","status":"publish","type":"product","link":"https:\/\/antcube.shop\/lt\/produktas\/skruzdelyno-lizdas-20x20-guli\/","title":{"rendered":"ANTCUBE - Lizdas 20\u00d720 - gulimas"},"content":{"rendered":"<p><strong>Matmenys:<\/strong><br \/>\nLizdas: 190 x 190 x 28 mm<br \/>\nStiklo dangtelis: 190 x 190 x 4 mm.<\/p>\n<p><strong>Med\u017eiaga:<\/strong><br \/>\nPl\u016bdinis stiklas, plastikas<\/p>\n<p><strong>Spalva:<\/strong><br \/>\nKri\u0161tolo skaidrumo<\/p>\n<p><strong>Turinys:<\/strong><br \/>\n1x ANTCUBE - lizdas 20\u00d720 - horizontalus su dviem prijungimo lizdais L 20\/16<br \/>\n1x stiklinis dangtelis su 27 mm skyle<\/p>\n<p><strong>Ry\u0161ys:<\/strong> 2x 14\/16\/18\/20 x 20 mm lizdas<\/p>\n<p>14\/10 \u017earna tvirtai \u012fki\u0161ta \u012f 14 mm lizd\u0105<br \/>\n20\/16 \u017earna yra tvirtai pritvirtinta prie pirmojo 16 mm laiptelio<br \/>\n22\/18 \u017earna sandariai priglunda prie antrojo 20 mm laiptelio<\/p>\n<p><strong>Apra\u0161ymas: <\/strong>M\u016bs\u0173 horizontalusis lizdas turi dvi jungiam\u0105sias lizdas, prie kuri\u0173 galima prijungti \u017earnas arba vamzd\u017eius. Juos galima saugiai u\u017edaryti atitinkamais plastikiniais arba tinkliniais dangteliais.<\/p>\n<p>Didesni\u0173 r\u016b\u0161i\u0173 skruzd\u0117l\u0117ms, pavyzd\u017eiui, \u012fvairioms Camponotus r\u016b\u0161ims, rekomenduojame j\u012f derinti su vienu i\u0161 m\u016bs\u0173 atskirai si\u016blom\u0173 kam\u0161tini\u0173 lizd\u0173. Ta\u010diau lizd\u0105 taip pat galima u\u017epildyti dirvo\u017eemio substratu.<\/p>\n<p>Dangt\u012f galima nuimti, o d\u0117l gumuoto kra\u0161to jis tvirtai ir saugiai laikosi ant skruzd\u0117lyno. Viduryje yra 27 mm skylut\u0117, kuria dr\u0117kinamas lizdo vidus. Priklausomai nuo pageidaujamos dr\u0117gm\u0117s, \u0161i\u0105 ang\u0105 galima u\u017edaryti tinkliniu \u012fd\u0117klu arba formikariumo kam\u0161\u010diu.<\/p>\n<p>Galima pasirinkti raudon\u0105 dangt\u012f, kuris patamsina lizd\u0105 ir, priklausomai nuo laikomos r\u016b\u0161ies, gali tur\u0117ti teigiamos \u012ftakos kolonijos vystymuisi.<\/p>\n<p><strong>Gamybos informacija<\/strong><br \/>\nStiklas pjaunamas pagal DIN 1249, leistina paklaida +\/- 1 mm. Papildoma apsauga nuo i\u0161dau\u017eimo b\u016btina itin ma\u017eoms skruzd\u0117li\u0173 r\u016b\u0161ims.<\/p>\n<p><strong>Pastaba apie ry\u0161io lizdus<\/strong><br \/>\nPrijungdami arba nuimdami \u017earnas, atkreipkite d\u0117mes\u012f \u012f \u0161iuos dalykus:<br \/>\nJei \u017earn\u0105 labai sunku pritvirtinti prie jungties lizdo, lizd\u0105 reikia lengvai patepti la\u0161eliu m\u016bs\u0173 apsaugin\u0117s alyvos arba milteli\u0173. Tada \u017earn\u0105 reikia u\u017emauti ant jungties sukant arba u\u017esukant, nespaud\u017eiant jungties \u012f vir\u0161\u0173 ar \u012f apa\u010di\u0105. Tas pats galioja ir nuimant \u017earnas nuo jungties. J\u0173 papras\u010diausiai netraukite!<\/p>","protected":false},"excerpt":{"rendered":"<p>Jungtis: 2x 14\/16\/18\/20 mm lizdas<br \/>\nDydis: L<\/p>","protected":false},"featured_media":12292,"comment_status":"open","ping_status":"closed","template":"","meta":{"_acf_changed":false,"content-type":"","_monsterinsights_skip_tracking":false,"_monsterinsights_sitenote_active":false,"_monsterinsights_sitenote_note":"","_monsterinsights_sitenote_category":0},"product_brand":[484],"product_cat":[257,80,83,86],"product_tag":[],"class_list":{"0":"post-12287","1":"product","2":"type-product","3":"status-publish","4":"has-post-thumbnail","6":"product_brand-antcube","7":"product_cat-new-innovatve-products","8":"product_cat-antfarms","9":"product_cat-antfarms-l","10":"product_cat-formicariums","12":"first","13":"instock","14":"taxable","15":"shipping-taxable","16":"purchasable","17":"product-type-simple"},"acf":[],"aioseo_notices":[],"jetpack_sharing_enabled":true,"_links":{"self":[{"href":"https:\/\/antcube.shop\/lt\/wp-json\/wp\/v2\/product\/12287","targetHints":{"allow":["GET"]}}],"collection":[{"href":"https:\/\/antcube.shop\/lt\/wp-json\/wp\/v2\/product"}],"about":[{"href":"https:\/\/antcube.shop\/lt\/wp-json\/wp\/v2\/types\/product"}],"replies":[{"embeddable":true,"href":"https:\/\/antcube.shop\/lt\/wp-json\/wp\/v2\/comments?post=12287"}],"wp:featuredmedia":[{"embeddable":true,"href":"https:\/\/antcube.shop\/lt\/wp-json\/wp\/v2\/media\/12292"}],"wp:attachment":[{"href":"https:\/\/antcube.shop\/lt\/wp-json\/wp\/v2\/media?parent=12287"}],"wp:term":[{"taxonomy":"product_brand","embeddable":true,"href":"https:\/\/antcube.shop\/lt\/wp-json\/wp\/v2\/product_brand?post=12287"},{"taxonomy":"product_cat","embeddable":true,"href":"https:\/\/antcube.shop\/lt\/wp-json\/wp\/v2\/product_cat?post=12287"},{"taxonomy":"product_tag","embeddable":true,"href":"https:\/\/antcube.shop\/lt\/wp-json\/wp\/v2\/product_tag?post=12287"}],"curies":[{"name":"wp","href":"https:\/\/api.w.org\/{rel}","templated":true}]}}