{"id":12285,"date":"2025-09-02T09:52:58","date_gmt":"2025-09-02T07:52:58","guid":{"rendered":"https:\/\/antcube.shop\/en\/product\/antcube-korknest-20x20-liegend\/"},"modified":"2026-04-17T10:11:08","modified_gmt":"2026-04-17T08:11:08","slug":"antcube-kamstinis-lizdas-20x20-gulintis","status":"publish","type":"product","link":"https:\/\/antcube.shop\/lt\/produktas\/antcube-kamstinis-lizdas-20x20-gulintis\/","title":{"rendered":"ANTCUBE - Corknest 20\u00d720 - gulintis"},"content":{"rendered":"<p><strong>Matmenys:<\/strong> 180x180x28 mm<\/p>\n<p><strong>Med\u017eiaga: <\/strong>Kam\u0161tiena (plona)<\/p>\n<p><strong>Taikymas:<\/strong><br \/>\nTinka tik m\u016bs\u0173 ANTCUBE - Nest 20\u00d720 - horizontalus<\/p>\n<p><strong>Apra\u0161ymas:\u00a0<\/strong><br \/>\n\u0160is kam\u0161tinis lizdas su i\u0161 anksto paruo\u0161tais tuneliais ir kameromis tinka daugeliui skruzd\u0117li\u0173 r\u016b\u0161i\u0173, ypa\u010d toms, kurios lizdus suka (negyvoje) medienoje. Jame yra dvi skylut\u0117s, kurios tarnauja kaip \u012f\u0117jimai \u012f lizd\u0105.<\/p>\n<p>Kam\u0161tiena yra nat\u016brali, chemi\u0161kai neutrali med\u017eiaga. Jos strukt\u016bra nepralaidi skys\u010diams, nereaguoja chemi\u0161kai, tod\u0117l ilgai i\u0161lieka nepakitusi. Ta\u010diau nuolatinis didelis dr\u0117gm\u0117s kiekis gali skatinti puvim\u0105 ir sutrumpinti lizdo tarnavimo laik\u0105. Apskritai kam\u0161tiena yra labai atspari puvimui ir grybeli\u0173 bei pel\u0117si\u0173 \u012fsiveisimui. Jo ypatingas pavir\u0161ius ir strukt\u016bra sudaro ma\u017eai tinkamos terp\u0117s grybeliams veistis. Vis d\u0117lto maisto liku\u010diai, ekskrementai ar kitos organin\u0117s med\u017eiagos gali skatinti pel\u0117si\u0173 augim\u0105.<\/p>\n<p>Tod\u0117l rekomenduojame kam\u0161tiniuose lizduose laikyti skruzd\u0117li\u0173 r\u016b\u0161is i\u0161 sausesni\u0173 region\u0173. Ta\u010diau juose galima laikyti ir r\u016b\u0161is i\u0161 dr\u0117gnesni\u0173 buveini\u0173 - daugumai j\u0173 puvimas n\u0117ra problema. Daugelis \u0160iaur\u0117s Europoje aptinkam\u0173 skruzd\u0117li\u0173 r\u016b\u0161i\u0173, pavyzd\u017eiui, Camponotus herculeanus arba Formica fusca, yra nat\u016braliai prisitaikiusios prie supuvusios arba i\u0161 dalies supuvusios medienos.<\/p>","protected":false},"excerpt":{"rendered":"<p>Dydis: 180x180x28 mm<\/p>","protected":false},"featured_media":12290,"comment_status":"open","ping_status":"closed","template":"","meta":{"_acf_changed":false,"content-type":"","_monsterinsights_skip_tracking":false,"_monsterinsights_sitenote_active":false,"_monsterinsights_sitenote_note":"","_monsterinsights_sitenote_category":0},"product_brand":[484],"product_cat":[257,87,89],"product_tag":[],"class_list":{"0":"post-12285","1":"product","2":"type-product","3":"status-publish","4":"has-post-thumbnail","6":"product_brand-antcube","7":"product_cat-new-innovatve-products","8":"product_cat-nest-insets","9":"product_cat-cork","11":"first","12":"instock","13":"taxable","14":"shipping-taxable","15":"purchasable","16":"product-type-simple"},"acf":[],"aioseo_notices":[],"jetpack_sharing_enabled":true,"_links":{"self":[{"href":"https:\/\/antcube.shop\/lt\/wp-json\/wp\/v2\/product\/12285","targetHints":{"allow":["GET"]}}],"collection":[{"href":"https:\/\/antcube.shop\/lt\/wp-json\/wp\/v2\/product"}],"about":[{"href":"https:\/\/antcube.shop\/lt\/wp-json\/wp\/v2\/types\/product"}],"replies":[{"embeddable":true,"href":"https:\/\/antcube.shop\/lt\/wp-json\/wp\/v2\/comments?post=12285"}],"wp:featuredmedia":[{"embeddable":true,"href":"https:\/\/antcube.shop\/lt\/wp-json\/wp\/v2\/media\/12290"}],"wp:attachment":[{"href":"https:\/\/antcube.shop\/lt\/wp-json\/wp\/v2\/media?parent=12285"}],"wp:term":[{"taxonomy":"product_brand","embeddable":true,"href":"https:\/\/antcube.shop\/lt\/wp-json\/wp\/v2\/product_brand?post=12285"},{"taxonomy":"product_cat","embeddable":true,"href":"https:\/\/antcube.shop\/lt\/wp-json\/wp\/v2\/product_cat?post=12285"},{"taxonomy":"product_tag","embeddable":true,"href":"https:\/\/antcube.shop\/lt\/wp-json\/wp\/v2\/product_tag?post=12285"}],"curies":[{"name":"wp","href":"https:\/\/api.w.org\/{rel}","templated":true}]}}