{"id":11857,"date":"2025-06-20T14:40:22","date_gmt":"2025-06-20T12:40:22","guid":{"rendered":"https:\/\/antcube.shop\/en\/product\/bundle-offer-tetraponera-rufonigra\/"},"modified":"2026-04-16T09:54:43","modified_gmt":"2026-04-16T07:54:43","slug":"paketo-pasiulymas-tetraponera-rufonigra","status":"publish","type":"product","link":"https:\/\/antcube.shop\/lt\/produktas\/paketo-pasiulymas-tetraponera-rufonigra\/","title":{"rendered":"Paketo pasi\u016blymas - Tetraponera rufonigra"},"content":{"rendered":"<p><strong><span data-text-color=\"secondary\">Komplektas su Tetraponera rufonigra skruzd\u017ei\u0173 kolonija (karalien\u0117 + 5\u201310 darbininki\u0173 + palikuonys), kam\u0161tinio prad\u017eios rinkiniu, 2 formikariumo pagalv\u0117l\u0117mis, 10 ml medaus mi\u0161inio pildymo pakuote ir stiklainiu m\u016bs\u0173 speciali\u0173 blan\u0161iruot\u0173 kriket\u0173 (dr\u0117gn\u0173 baltym\u0173).<\/span><\/strong><\/p>\n<p><span data-text-color=\"alert\"><strong>Tik kol yra atsarg\u0173.<\/strong><\/span><\/p>\n<p><strong>Viskas, ko reikia Tetraponera rufonigra skruzd\u0117li\u0173 kolonijai<\/strong><br \/>\n\u0160iame rinkinyje rasite visus svarbiausius dalykus, reikalingus s\u0117kmingai Tetraponera rufonigra kolonijai \u012fkurti ir pri\u017ei\u016br\u0117ti ankstyvuoju jos vystymosi laikotarpiu. Jis patogus pradedantiesiems ir lengvai ple\u010diamas, kai j\u016bs\u0173 kolonija auga.<\/p>\n<p><strong>Skruzd\u017ei\u0173 r\u016b\u0161ys: Tetraponera rufonigra<\/strong><br \/>\nTetraponera rufonigra yra liekna, med\u017ei\u0173 skruzd\u0117lyt\u0117, gars\u0117janti ry\u0161kia rausva ir juoda spalva. Ji kilusi i\u0161 Piet\u0173 ir Pietry\u010di\u0173 Azijos, paprastai lizdus krauna negyvose \u0161akose arba tu\u0161\u010diaviduriuose augal\u0173 stiebuose ir yra prisitaikiusi prie \u0161iltos ir dr\u0117gnos tropin\u0117s aplinkos. Nors ji n\u0117ra taip da\u017enai auginama kaip kai kurios ant \u017eem\u0117s lizdus kelian\u010dios r\u016b\u0161ys, tai puikus pasirinkimas augintojams, ie\u0161kantiems aktyvesn\u0117s ir vizualiai \u012fdomesn\u0117s kolonijos. <span data-text-color=\"alert\"><strong>Pastaba: \u0161i r\u016b\u0161is turi \u012fg\u0117lim\u0105 ir pasi\u017eymi didesniu gynybiniu elgesiu, tod\u0117l su ja reikia elgtis atsargiai.<\/strong><\/span><\/p>\n<p><strong>Tetraponera rufonigra maistas<\/strong><br \/>\n\u0160ioms skruzd\u0117l\u0117ms reikia daug cukraus ir baltym\u0173 turin\u010dio maisto. Si\u016blykite medaus rasos mi\u0161inio arba medaus tirpalo angliavandeni\u0173 mi\u0161inio ir ma\u017e\u0173 vabzd\u017ei\u0173 (gyv\u0173 arba negyv\u0173) baltym\u0173. Joms ypa\u010d naudingas mink\u0161to k\u016bno grobis, pavyzd\u017eiui, vaisin\u0117s musel\u0117s, miltiniai sliekai arba m\u016bs\u0173 blan\u0161iruoti vik\u0161rai. Retkar\u010diais galima pasi\u016blyti vaisi\u0173, pavyzd\u017eiui, banan\u0173 ar obuoli\u0173. Visada pasir\u016bpinkite, kad b\u016bt\u0173 \u0161vie\u017eio vandens.<\/p>\n<p><strong>Tetraponera rufonigra formikariumas<\/strong><br \/>\nGamtoje Tetraponera rufonigra lizdus suka siaurose ertm\u0117se medienoje arba tu\u0161\u010diaviduriuose stiebuose. Pri\u017ei\u016brint nelaisv\u0117je, rekomenduojame m\u016bs\u0173 pradin\u012f rinkin\u012f L su kam\u0161tiniais arba bambukiniais lizd\u0173 \u012fd\u0117klais, kurie gerai atkartoja nat\u016brali\u0105 lizd\u0173 aplink\u0105. Vertikalios arba pusiau vertikalios lizdaviet\u0117s idealiai tinka imituoti j\u0173 med\u017ei\u0173 gyvenimo b\u016bd\u0105. U\u017etikrinkite, kad formikariume b\u016bt\u0173 tinkama ventiliacija ir palaikoma vidutin\u0117 arba auk\u0161ta dr\u0117gm\u0117, ypa\u010d lizdo zonoje.<\/p>\n<p><strong>Turinys:<\/strong><br \/>\n1x Tetraponera rufonigra (karalien\u0117 + 5\u201310 darbininki\u0173 + perai)<br \/>\n1x \"Cricket Jam\" 25g<br \/>\n1x \"Honeydew Mix\" (HT) - papildoma pakuot\u0117 10ml<br \/>\n1x Formikariumo pagrindas - 20x20 cm<br \/>\n1x Formikariumo pagrindas - 20x6cm<\/p>\n<p>1x ANTCUBE - Arena 20x20x10 - plok\u0161\u010dias<br \/>\n1x skruzd\u0117lyno r\u0117mas 20\u00d720<br \/>\n1x skruzd\u0117lyno dangtis 20\u00d720<br \/>\n4x arenos dang\u010dio tvirtinimo vieta<br \/>\n1x ANTCUBE - skruzd\u0117lynas - M - 20\u00d720 - vertikalus<\/p>\n<p>1x ANTCUBE - kam\u0161tinis lizdas 20\u00d720 - vertikalus<br \/>\n1x 0,5 m skaidri 20\/16 mm \u017earna<br \/>\n2x ANTCUBE - Raudona folija 20\u00d720 - filtras<br \/>\n1x lipn\u016bs spaustukai - skaidr\u016bs 2 vnt.<br \/>\n1x substratas - sm\u0117lio molis sm\u0117lio spalvos - 1000g<\/p>\n<p>2x Grid insert acrylic &#8211; 50 mm with sealing ring<br \/>\n1x Grid insert acrylic &#8211; 27 mm with sealing ring<br \/>\n1x Tinklelio dangtelis - 16 mm - ner\u016bdijantis plienas<\/p>\n<p>1x bako \u017earnos jungtis 27-14,16,20 mm - skaidri<br \/>\n1x Foil thermometer &#8211; farm<br \/>\n1x Foil thermometer Display<br \/>\n1x drinking clear 5ml &#8211; sponge<br \/>\n1x Feeding dish white rectangle &#8211; 3 compartments<br \/>\n1x Drinking trough 2ml &#8211; 360 Degrees<br \/>\n1x Apsauginis aliejus nuo skruzd\u017ei\u0173 10ml<br \/>\n1x Pincetas spyruoklinis plienas - platus - mink\u0161tas<br \/>\n1x Pincetas plastikinis skaidrus<br \/>\n1x plastikin\u0117 3 ml pipet\u0117<br \/>\n1x rankinis didinamasis stiklas - 2x - 30 mm<br \/>\n1x put\u0173 valytuvas 150x18x2,5 mm<\/p>\n<p><strong>Apra\u0161ymas Pradinis rinkinys:<\/strong><br \/>\n\u0160is kam\u0161tinis pradinis rinkinys su surenkamais koridoriais ir kameromis tinka \u012fvairioms skruzd\u0117li\u0173 r\u016b\u0161ims, ypa\u010d toms, kurios lizdus suka (negyvoje) medienoje.<\/p>\n<p>\"ANTCUBE - kam\u0161tinis lizdas\" gali b\u016bti \u012fd\u0117tas \u012f visi\u0161kai skaidri\u0105 ferm\u0105. Taip pat galite naudoti \"Sm\u0117lio - molio sm\u0117lio\" substrat\u0105, kad u\u017epildytum\u0117te ferm\u0105 arba u\u017edarytum\u0117te kai kurias kam\u0161tinio lizdo kameras. Jei reikia, per dangtelyje esan\u010dias 50 mm skylutes galima prijungti papildomus modulius, pavyzd\u017eiui, atskirai parduodamus r\u016bkiklius, ventiliatorius arba \u0161viestuvus. Arba \u012f tiekimo komplekt\u0105 \u012feina tinkami tinkleli\u0173 \u012fd\u0117klai ir formikariumo kam\u0161\u010diai angoms u\u017edaryti. Jei pageidaujama, formikarium\u0105 taip pat galima eksploatuoti atvir\u0105, tiesiog u\u017ed\u0117jus nuimam\u0105 r\u0117mel\u012f ant vir\u0161aus ir u\u017etepus ant kra\u0161to apsaugos nuo skruzd\u0117li\u0173 alyvos.<\/p>\n<p><strong>Svarbu:<\/strong> Prie\u0161 naudodami sudr\u0117kinkite substrat\u0105, kad mi\u0161inys gal\u0117t\u0173 sukibti ir tvirtai \u012fsitvirtinti skruzd\u0117lyne. Be to, jei substratas bus per sausas ir dulk\u0117tas, skruzd\u017ei\u0173 kv\u0117pavimo takai gali u\u017esikim\u0161ti, o blogiausiu atveju gyv\u016bnai gali u\u017edusti.<\/p>\n<p><strong>Rekomendacija: <\/strong>Rekomenduojame 2 mm auk\u0161\u010dio substrato sluoksn\u012f, kad gyv\u016bnai negal\u0117t\u0173 \u012fl\u012fsti \u012f aren\u0105, o naudot\u0173si tam skirta ferma.<\/p>\n<p><strong>Pastabos apie stiklo gamyb\u0105<\/strong><br \/>\nStiklas pjaustomas pagal DIN 1249 reikalavimus, leistina paklaida +\/- 1 mm. Ypa\u010d ma\u017eoms skruzd\u0117li\u0173 r\u016b\u0161ims b\u016btina papildoma apsauga nuo i\u0161lau\u017eimo.<\/p>\n<p><strong>Pastabos apie \u016bk\u012f<\/strong><br \/>\nLizd\u0105 galima naudoti tik sausame formikariume. Jei lizdas laikomas nuolat dr\u0117gnas, med\u017eiaga gali supelyti.<\/p>\n<p><strong>Prijungdami arba nuimdami \u017earnas, atkreipkite d\u0117mes\u012f \u012f \u0161iuos dalykus:<\/strong><br \/>\nJei vamzdel\u012f labai sunku pritvirtinti prie jungties lizdo, lizd\u0105 reikia lengvai patepti la\u0161eliu m\u016bs\u0173 apsaugin\u0117s alyvos arba milteli\u0173. Tuomet \u017earn\u0105 \u012f lizd\u0105 reikia \u012fstumti sukamaisiais arba prisukamaisiais judesiais, ne\u012ftempiant lizdo judesiais auk\u0161tyn ir \u017eemyn. Tas pats galioja ir nuimant \u017earnas nuo \u016bkio jungiamojo lizdo. Negalima jos tiesiog i\u0161traukti!<\/p>\n<p><strong>Instrukcijos:<\/strong><br \/>\n&#8211; <a href=\"https:\/\/www.antstore.net\/shop\/images\/info\/en\/Instructions%20for%20use%20-%20Starter%20Set%20Cork.pdf\" data-cke-saved-href=\"https:\/\/www.antstore.net\/shop\/images\/info\/en\/Instructions%20for%20use%20-%20Starter%20Set%20Cork.pdf\">LT Naudojimo instrukcija - pradinis rinkinys \"Cork\" (PDF 3,79 MB)<\/a><br \/>\n&#8211; <a href=\"https:\/\/www.antstore.net\/shop\/images\/info\/es\/Manual%20de%20instrucciones%20-%20Set%20de%20inicio%20de%20corcho.pdf\" data-cke-saved-href=\"https:\/\/www.antstore.net\/shop\/images\/info\/es\/Manual%20de%20instrucciones%20-%20Set%20de%20inicio%20de%20corcho.pdf\">ES Instrukcij\u0173 vadovas - pradinis rinkinys (PDF 3,79 MB)<\/a><br \/>\n&#8211; <a href=\"https:\/\/www.antstore.net\/shop\/images\/info\/fr\/Manuel%20d'instruction%20-%20Kit%20de%20d%C3%A9marrage%20en%20li%C3%A8ge.pdf\" data-cke-saved-href=\"https:\/\/www.antstore.net\/shop\/images\/info\/fr\/Manuel%20d'instruction%20-%20Kit%20de%20d%C3%A9marrage%20en%20li%C3%A8ge.pdf\">FR Instrukcijos instrukcija - \u012erengimo rinkinys (PDF 3,79 MB)<\/a><\/p>\n<p><strong>Pastabos apie kriketo uogien\u0119:<\/strong><br \/>\nM\u016bs\u0173 \"Cricket Jam\" - tai paprastas b\u016bdas apr\u016bpinti skruzd\u0117les \u0161vie\u017eiai konservuotu baltyminiu maistu, nemaitinant j\u0173 gyvais vabzd\u017eiais. Sud\u0117tyje esantys vik\u0161rai (Acheta domesticus) buvo \u0161velniai i\u0161virti, kad b\u016bt\u0173 i\u0161saugotos maistin\u0117s vert\u0117s, skonis ir aromatas. Be to, taip sumink\u0161tinamas chitininis vabzd\u017ei\u0173 apvalkalas, kad jis b\u016bt\u0173 lengviau vir\u0161kinamas. Kolageno baltym\u0173 jungtys suardomos, kad skruzd\u0117s gal\u0117t\u0173 juos geriau panaudoti. Konservuoti Acheta domesticus turi toki\u0105 pa\u010di\u0105 maistin\u0119 vert\u0119 kaip ir gyvi vik\u0161rai, ta\u010diau yra lengviau vir\u0161kinami.<\/p>\n<p>\"Cricket Jam\" netinka med\u017eioti skruzd\u017ei\u0173 r\u016b\u0161ims, kurioms reikia gyvo maisto (pvz., did\u017eiosioms skruzd\u0117l\u0117ms, tokioms kaip Harpegnathos arba Odontomachus).<\/p>\n<p><strong>Kiti privalumai:<\/strong><br \/>\nGarantuotai be erki\u0173<br \/>\nGalima dalyti porcijomis ir skiesti vandeniu<br \/>\nSterilizuota ir supakuota vakuume<br \/>\nBe pried\u0173<br \/>\nVik\u0161rai i\u0161 tvaraus ekologinio veisimo, maitinami organin\u0117mis atliekomis<\/p>\n<p><strong>Pastaba:<\/strong><br \/>\nAtidarius galima laikyti \u0161aldytuve apie keturias dienas. Ilgiau galioja u\u017e\u0161ald\u017eius.<br \/>\nD\u0117mesio: Pirmiausia suvalgykite porcij\u0105, tada u\u017e\u0161aldykite.<\/p>\n<p><strong>Pastaba apie medaus rie\u0161utus:<\/strong><br \/>\nTurinys: 10 ml<br \/>\nTai nat\u016bralus produktas, kur\u012f po ilg\u0173 bandym\u0173 laboratorijoje patobulinome ir suk\u016br\u0117me skruzd\u0117l\u0117ms puikiai priimtin\u0105 maist\u0105. Prie\u017eastis ta, kad neapdorotas medune\u0161io medus savo koncentruota pradine forma n\u0117ra gerai priimamas skruzd\u017ei\u0173 ir j\u0173 med\u017eiag\u0173 apykaitos.<br \/>\nM\u016bs\u0173 medune\u0161is surinktas neu\u017eter\u0161tuose laukiniuose Bulgarijos kaln\u0173 mi\u0161kuose. Medune\u0161is u\u017eauga labai trumpam, ma\u017edaug dviem m\u0117nesiams vasar\u0105. Tod\u0117l jis yra labai retas. D\u0117l specifini\u0173 mi\u0161k\u0173 dirvo\u017eemio savybi\u0173 ir klimato med\u017ei\u0173 lapuose kaupiasi b\u016btinos maistin\u0117s med\u017eiagos, kurias pasisavina amarai. B\u016btent d\u0117l to \u0161is medune\u0161io mi\u0161inys yra toks geid\u017eiamas skruzd\u0117l\u0117ms.<\/p>\n<p><strong>Taikymas:<\/strong><br \/>\nMaisto kiek\u012f reikia suvartoti ma\u017edaug per 3 dienas.<\/p>\n<p><strong>Apra\u0161ymas:<\/strong><br \/>\nMedune\u0161is, kitaip nei g\u0117li\u0173 medus, gaunamas i\u0161 vabzd\u017ei\u0173, kurie \u010diulpia augalus, pavyzd\u017eiui, amar\u0173, i\u0161skyr\u0173. Medune\u0161is yra populiarus daugelio vabzd\u017ei\u0173, pavyzd\u017eiui, skruzd\u0117li\u0173, bi\u010di\u0173 ir kamani\u0173, maisto \u0161altinis. Bit\u0117s ir kaman\u0117s j\u012f lai\u017eo nuo \u012fvairi\u0173 med\u017ei\u0173 lap\u0173 ar spygli\u0173. Skruzd\u0117l\u0117s, pavyzd\u017eiui, Lasius niger, tiesiog saugo amarus. Jos net gina juos nuo pl\u0117\u0161r\u016bn\u0173 ir perne\u0161a \u012f \u0161vie\u017eius \u016bglius.<\/p>\n<p>Medaus ras\u0105 skruzd\u0117s ypa\u010d m\u0117gsta d\u0117l kiek kitoki\u0173 sudedam\u0173j\u0173 dali\u0173. Pagrindiniai medune\u0161io cukr\u016bs yra sacharoz\u0117 ir fruktoz\u0117, ta\u010diau ma\u017eesniais kiekiais yra ir maltoz\u0117s, trehaloz\u0117s, melezitoz\u0117s, rafinoz\u0117s bei kit\u0173 oligosacharid\u0173. Be cukraus ir vandens, meduje taip pat yra nepakei\u010diam\u0173j\u0173 aminor\u016bg\u0161\u010di\u0173, mineral\u0173, mikroelement\u0173, adenozin\u0173, fosfat\u0173 ir kit\u0173 sudedam\u0173j\u0173 dali\u0173, pavyzd\u017eiui, vitamin\u0173.<\/p>\n<p><strong>Naudojimas:<\/strong><br \/>\nMedumi mintan\u010di\u0173 skruzd\u0117li\u0173 (Meliphagidae) r\u016b\u0161ims<br \/>\nTai papildomas pa\u0161aras<br \/>\nJis gali b\u016bti tiekiamas gyv\u016bnams. Kadangi d\u0117l dr\u0117gm\u0117s suma\u017e\u0117ja cukraus koncentracija ir prasideda fermentacijos procesas, pa\u0161ar\u0105 reikia keisti kas 3 dienas. Prie\u0161 pakartotinai naudodami kruop\u0161\u010diai i\u0161valykite \u0161\u0117rimo duben\u0117l\u012f ir (arba) m\u0117gintuv\u0117l\u012f.<br \/>\nAtidaryt\u0105 pakuot\u0119 reikia laikyti sandariai u\u017edaryt\u0105 iki tinkamumo vartoti termino pabaigos.<\/p>\n<p><strong>Maistingumo informacija 100 g:<\/strong><br \/>\napie 2,7 % riebal\u0173<br \/>\ni\u0161 kuri\u0173 prisotinta apie 0,45 %<br \/>\napie 95 % angliavandeni\u0173<br \/>\ni\u0161 kuri\u0173 apie 71 proc. sudaro cukrus<br \/>\napie 2,85% baltym\u0173<br \/>\nMineralin\u0117s med\u017eiagos (kalis, kalcis, varis, gele\u017eis, natris, magnis, fosforas, cinkas ir kiti mikroelementai) Aminor\u016bg\u0161tys (prolinas, leucinas, fenilalaninas, alaninas, histidinas, izoleucinas, glutamo r\u016bg\u0161tis, argininas, asparagino r\u016bg\u0161tis ir kt.) Organin\u0117s r\u016bg\u0161tys Fermentai (fermentai) Aromatai Inhibitoriai (antibakterin\u0117s med\u017eiagos) G\u0117l\u0117s \u017diedadulk\u0117s<\/p>\n<p><strong>Saugojimas:<\/strong><br \/>\nKad pa\u0161arai b\u016bt\u0173 kokybi\u0161ki, juos reikia laikyti tamsioje ir sausoje vietoje.<\/p>\n<p><strong>Pastaba:<\/strong><br \/>\nPapildomas medumi mintan\u010di\u0173 skruzd\u0117li\u0173 pa\u0161aras.<br \/>\nSud\u0117t\u012f, analitines sudedam\u0105sias dalis, tinkamumo vartoti termin\u0105 ir partijos numer\u012f rasite pakuot\u0117s lapelyje.<\/p>\n<p>Informacijos telefono linija +49 30 439703870<\/p>\n<p><strong>Atsakinga veterinarijos ir maisto inspekcija:<\/strong><br \/>\nSteglitzo veterinarijos biuras<br \/>\nK\u00f6nigin-Luise-Str. 92<br \/>\n14195 Berlynas<\/p>","protected":false},"excerpt":{"rendered":"<p>Rinkin\u012f sudaro 33 dalys<br \/>\nDydis: L<\/p>","protected":false},"featured_media":11858,"comment_status":"open","ping_status":"closed","template":"","meta":{"_acf_changed":false,"content-type":"","_monsterinsights_skip_tracking":false,"_monsterinsights_sitenote_active":false,"_monsterinsights_sitenote_note":"","_monsterinsights_sitenote_category":0},"product_brand":[484],"product_cat":[355,73],"product_tag":[],"class_list":{"0":"post-11857","1":"product","2":"type-product","3":"status-publish","4":"has-post-thumbnail","6":"product_brand-antcube","7":"product_cat-bundle-offers","8":"product_cat-starter-sets","10":"first","11":"instock","12":"taxable","13":"shipping-taxable","14":"purchasable","15":"product-type-simple"},"acf":[],"aioseo_notices":[],"jetpack_sharing_enabled":true,"_links":{"self":[{"href":"https:\/\/antcube.shop\/lt\/wp-json\/wp\/v2\/product\/11857","targetHints":{"allow":["GET"]}}],"collection":[{"href":"https:\/\/antcube.shop\/lt\/wp-json\/wp\/v2\/product"}],"about":[{"href":"https:\/\/antcube.shop\/lt\/wp-json\/wp\/v2\/types\/product"}],"replies":[{"embeddable":true,"href":"https:\/\/antcube.shop\/lt\/wp-json\/wp\/v2\/comments?post=11857"}],"wp:featuredmedia":[{"embeddable":true,"href":"https:\/\/antcube.shop\/lt\/wp-json\/wp\/v2\/media\/11858"}],"wp:attachment":[{"href":"https:\/\/antcube.shop\/lt\/wp-json\/wp\/v2\/media?parent=11857"}],"wp:term":[{"taxonomy":"product_brand","embeddable":true,"href":"https:\/\/antcube.shop\/lt\/wp-json\/wp\/v2\/product_brand?post=11857"},{"taxonomy":"product_cat","embeddable":true,"href":"https:\/\/antcube.shop\/lt\/wp-json\/wp\/v2\/product_cat?post=11857"},{"taxonomy":"product_tag","embeddable":true,"href":"https:\/\/antcube.shop\/lt\/wp-json\/wp\/v2\/product_tag?post=11857"}],"curies":[{"name":"wp","href":"https:\/\/api.w.org\/{rel}","templated":true}]}}