{"id":11506,"date":"2025-04-25T15:18:54","date_gmt":"2025-04-25T13:18:54","guid":{"rendered":"https:\/\/antcube.shop\/en\/product\/poster-die-rote-waldameise-formica-rufa-lebensweise-70x50\/"},"modified":"2026-02-03T16:28:08","modified_gmt":"2026-02-03T15:28:08","slug":"plakatas-raudona-medine-skruzdelyte-formica-rufa-gyvenimo-budas-70x50","status":"publish","type":"product","link":"https:\/\/antcube.shop\/lt\/produktas\/plakatas-raudona-medine-skruzdelyte-formica-rufa-gyvenimo-budas-70x50\/","title":{"rendered":"Plakatas - Raudonoji skruzd\u0117lyt\u0117 - Formica rufa gyvenimo b\u016bdas - 70\u00d750"},"content":{"rendered":"<p>Raudonoji skruzd\u0117lyt\u0117 - Formica rufa gyvenimo b\u016bdas - Skruzd\u0117lyt\u0117 Plakatas ir mokymo priemon\u0117 mokykloms ir dar\u017eeliams.<\/p>\n<p><strong>Apra\u0161ymas pateikiamas vokie\u010di\u0173, angl\u0173, ispan\u0173 ir pranc\u016bz\u0173 kalbomis<\/strong><\/p>\n<p><strong>Matmenys:<\/strong> 70\u00d750 cm<\/p>\n<p><strong>Med\u017eiaga:<\/strong> Lateksinis popierius<br \/>\n\u0160is popierius yra atsparus vandeniui, nuvalomas, sunkiai d\u0117visi, nekenkia aplinkai, nes jame n\u0117ra aplinkai kenksming\u0173 tirpikli\u0173, o spausdinimas yra puikios kokyb\u0117s.<\/p>\n<p><strong>Apra\u0161ymas:<\/strong> \u0160iame plakate ap\u017evelgiamas Formica rufa - piliakalnius statan\u010dios raudonosios medin\u0117s skruzd\u0117l\u0117s i\u0161 \u0160iaur\u0117s ir Vidurio Europos - gyvenimo b\u016bdas ir lizd\u0173 statymas. \u0160i r\u016b\u0161is yra saugoma.<\/p>\n<p><strong>Svarbu - papildoma informacija:<\/strong> <a href=\"https:\/\/www.ants.de\/link\/1001\">\u010cia<\/a> plakate rasite i\u0161sam\u0173 atskir\u0173 scen\u0173 apra\u0161ym\u0105. Jie nepateikiami kartu su plakatu, bet juos galima rasti ir atsispausdinti atskirai, pasinaudojus \u0161ia nuoroda. https:\/\/www.ants.de\/link\/1005.<\/p>","protected":false},"excerpt":{"rendered":"<p>Raudonoji skruzd\u0117lyt\u0117 - Formica rufa gyvenimo b\u016bdas - Skruzd\u0117lyt\u0117 Plakatas ir mokymo priemon\u0117 mokykloms ir dar\u017eeliams. Apra\u0161ymas vokie\u010di\u0173, angl\u0173, ispan\u0173 ir pranc\u016bz\u0173 kalbomis Matmenys: 70x50 cm Med\u017eiaga: \u0160is popierius yra atsparus vandeniui, nuvalomas, tvirtas, nekenksmingas aplinkai, nes jame n\u0117ra aplinkai kenksming\u0173 tirpikli\u0173, o spausdinimo kokyb\u0117 yra puiki. Apra\u0161ymas:","protected":false},"featured_media":11399,"comment_status":"open","ping_status":"closed","template":"","meta":{"_acf_changed":false,"content-type":"","_monsterinsights_skip_tracking":false,"_monsterinsights_sitenote_active":false,"_monsterinsights_sitenote_note":"","_monsterinsights_sitenote_category":0},"product_brand":[484],"product_cat":[500],"product_tag":[],"class_list":{"0":"post-11506","1":"product","2":"type-product","3":"status-publish","4":"has-post-thumbnail","6":"product_brand-antcube","7":"product_cat-ant-posters-and-teaching-aids","9":"first","10":"instock","11":"taxable","12":"shipping-taxable","13":"purchasable","14":"product-type-simple"},"acf":[],"aioseo_notices":[],"jetpack_sharing_enabled":true,"_links":{"self":[{"href":"https:\/\/antcube.shop\/lt\/wp-json\/wp\/v2\/product\/11506","targetHints":{"allow":["GET"]}}],"collection":[{"href":"https:\/\/antcube.shop\/lt\/wp-json\/wp\/v2\/product"}],"about":[{"href":"https:\/\/antcube.shop\/lt\/wp-json\/wp\/v2\/types\/product"}],"replies":[{"embeddable":true,"href":"https:\/\/antcube.shop\/lt\/wp-json\/wp\/v2\/comments?post=11506"}],"wp:featuredmedia":[{"embeddable":true,"href":"https:\/\/antcube.shop\/lt\/wp-json\/wp\/v2\/media\/11399"}],"wp:attachment":[{"href":"https:\/\/antcube.shop\/lt\/wp-json\/wp\/v2\/media?parent=11506"}],"wp:term":[{"taxonomy":"product_brand","embeddable":true,"href":"https:\/\/antcube.shop\/lt\/wp-json\/wp\/v2\/product_brand?post=11506"},{"taxonomy":"product_cat","embeddable":true,"href":"https:\/\/antcube.shop\/lt\/wp-json\/wp\/v2\/product_cat?post=11506"},{"taxonomy":"product_tag","embeddable":true,"href":"https:\/\/antcube.shop\/lt\/wp-json\/wp\/v2\/product_tag?post=11506"}],"curies":[{"name":"wp","href":"https:\/\/api.w.org\/{rel}","templated":true}]}}