{"id":11502,"date":"2025-04-25T15:15:16","date_gmt":"2025-04-25T13:15:16","guid":{"rendered":"https:\/\/antcube.shop\/en\/product\/poster-blattschneiderameisen-atta-lebensweise-70x50\/"},"modified":"2026-02-03T16:28:54","modified_gmt":"2026-02-03T15:28:54","slug":"plakatas-lapuotosios-skruzdeles-ata-gyvenimo-budas-70x50","status":"publish","type":"product","link":"https:\/\/antcube.shop\/lt\/produktas\/plakatas-lapuotosios-skruzdeles-ata-gyvenimo-budas-70x50\/","title":{"rendered":"Plakatas - Skruzd\u0117l\u0117s lapuotojos - Atta gyvenimo b\u016bdas - 70\u00d750"},"content":{"rendered":"<p>Skruzd\u0117l\u0117s lapuotojos - Atta gyvenimo b\u016bdas - Skruzd\u0117l\u0117s Plakatas ir mokymo priemon\u0117 mokykloms ir dar\u017eeliams.<\/p>\n<p><strong>Apra\u0161ymas pateikiamas vokie\u010di\u0173, angl\u0173, ispan\u0173 ir pranc\u016bz\u0173 kalbomis<\/strong><\/p>\n<p><strong>Matmenys:<\/strong> 70\u00d750 cm<\/p>\n<p><strong>Med\u017eiaga:<\/strong> Lateksinis popierius<br \/>\n\u0160is popierius yra atsparus vandeniui, nuvalomas, sunkiai d\u0117visi, nekenkia aplinkai, nes jame n\u0117ra aplinkai kenksming\u0173 tirpikli\u0173, o spausdinimas yra puikios kokyb\u0117s.<\/p>\n<p><strong>Apra\u0161ymas:<\/strong> \u0160iame plakate ap\u017evelgiamas lapini\u0173 skruzd\u0117li\u0173 r\u016b\u0161ies Atta, gyvenan\u010dios Piet\u0173 ir Centrin\u0117je Amerikoje, gyvenimo b\u016bdas ir lizd\u0173 statymas.<\/p>\n<p><strong>Svarbu - papildoma informacija:<\/strong> <a href=\"https:\/\/www.ants.de\/link\/1002\">\u010cia<\/a> plakate rasite i\u0161sam\u0173 atskir\u0173 scen\u0173 apra\u0161ym\u0105. Jie nepateikiami kartu su plakatu, bet juos galima rasti ir atsispausdinti atskirai per \u0161i\u0105 nuorod\u0105. <a href=\"https:\/\/www.ants.de\/link\/1002\">https:\/\/www.ants.de\/link\/1002<\/a><\/p>","protected":false},"excerpt":{"rendered":"<p>Skruzd\u0117l\u0117s lapuotojos - Atta gyvenimo b\u016bdas - Skruzd\u0117l\u0117s Plakatas ir mokymo priemon\u0117 mokykloms ir dar\u017eeliams. Apra\u0161ymas vokie\u010di\u0173, angl\u0173, ispan\u0173 ir pranc\u016bz\u0173 kalbomis I\u0161matavimai: 70x50 cm Med\u017eiaga: \u0160is popierius yra atsparus vandeniui, nuvalomas, tvirtas, nekenksmingas aplinkai, nes jame n\u0117ra aplinkai kenksming\u0173 tirpikli\u0173, ir pasi\u017eymi puikia spausdinimo kokybe. Apra\u0161ymas: \u0160is plakatas suteikia","protected":false},"featured_media":11401,"comment_status":"open","ping_status":"closed","template":"","meta":{"_acf_changed":false,"content-type":"","_monsterinsights_skip_tracking":false,"_monsterinsights_sitenote_active":false,"_monsterinsights_sitenote_note":"","_monsterinsights_sitenote_category":0},"product_brand":[484],"product_cat":[500],"product_tag":[],"class_list":{"0":"post-11502","1":"product","2":"type-product","3":"status-publish","4":"has-post-thumbnail","6":"product_brand-antcube","7":"product_cat-ant-posters-and-teaching-aids","9":"first","10":"instock","11":"taxable","12":"shipping-taxable","13":"purchasable","14":"product-type-simple"},"acf":[],"aioseo_notices":[],"jetpack_sharing_enabled":true,"_links":{"self":[{"href":"https:\/\/antcube.shop\/lt\/wp-json\/wp\/v2\/product\/11502","targetHints":{"allow":["GET"]}}],"collection":[{"href":"https:\/\/antcube.shop\/lt\/wp-json\/wp\/v2\/product"}],"about":[{"href":"https:\/\/antcube.shop\/lt\/wp-json\/wp\/v2\/types\/product"}],"replies":[{"embeddable":true,"href":"https:\/\/antcube.shop\/lt\/wp-json\/wp\/v2\/comments?post=11502"}],"wp:featuredmedia":[{"embeddable":true,"href":"https:\/\/antcube.shop\/lt\/wp-json\/wp\/v2\/media\/11401"}],"wp:attachment":[{"href":"https:\/\/antcube.shop\/lt\/wp-json\/wp\/v2\/media?parent=11502"}],"wp:term":[{"taxonomy":"product_brand","embeddable":true,"href":"https:\/\/antcube.shop\/lt\/wp-json\/wp\/v2\/product_brand?post=11502"},{"taxonomy":"product_cat","embeddable":true,"href":"https:\/\/antcube.shop\/lt\/wp-json\/wp\/v2\/product_cat?post=11502"},{"taxonomy":"product_tag","embeddable":true,"href":"https:\/\/antcube.shop\/lt\/wp-json\/wp\/v2\/product_tag?post=11502"}],"curies":[{"name":"wp","href":"https:\/\/api.w.org\/{rel}","templated":true}]}}