{"id":11494,"date":"2025-04-25T14:47:21","date_gmt":"2025-04-25T12:47:21","guid":{"rendered":"https:\/\/antcube.shop\/en\/product\/poster-ameisen-lebenszyklus-lasius-niger-50x70\/"},"modified":"2026-03-13T15:03:48","modified_gmt":"2026-03-13T14:03:48","slug":"plakatas-skruzdeles-gyvenimo-ciklas-lasius-niger-50x70","status":"publish","type":"product","link":"https:\/\/antcube.shop\/lt\/produktas\/plakatas-skruzdeles-gyvenimo-ciklas-lasius-niger-50x70\/","title":{"rendered":"Plakatas - Skruzd\u0117li\u0173 gyvenimo ciklas - Lasius niger - 50\u00d770"},"content":{"rendered":"<p>Skruzd\u0117li\u0173 gyvenimo ciklas - Lasius niger - Skruzd\u0117l\u0117s Plakatas ir mokymo priemon\u0117 mokykloms ir dar\u017eeliams.<\/p>\n<p><strong>Apra\u0161ymas pateikiamas vokie\u010di\u0173, angl\u0173, ispan\u0173 ir pranc\u016bz\u0173 kalbomis<\/strong><\/p>\n<p><strong>Matmenys:<\/strong> 50\u00d770 cm<\/p>\n<p><strong>Med\u017eiaga:<\/strong> Lateksinis popierius<br \/>\n\u0160is popierius yra atsparus vandeniui, nuvalomas, sunkiai d\u0117visi, nekenkia aplinkai, nes jame n\u0117ra aplinkai kenksming\u0173 tirpikli\u0173, o spausdinimas yra puikios kokyb\u0117s.<\/p>\n<p><strong>Apra\u0161ymas:<\/strong> \u0160iame plakate ap\u017evelgiamos skruzd\u017ei\u0173 vystymosi stadijos nuo kiau\u0161in\u0117lio iki darbinink\u0117s, remiantis Lasius niger r\u016b\u0161ies skruzd\u0117s pavyzd\u017eiu.<\/p>\n<p><strong>Svarbu - papildoma informacija:<\/strong> <a href=\"https:\/\/www.ants.de\/link\/1100\">\u010cia<\/a> plakate rasite i\u0161sam\u0173 atskir\u0173 scen\u0173 apra\u0161ym\u0105. Jie nepateikiami kartu su plakatu, bet juos galima rasti ir atsispausdinti atskirai per \u0161i\u0105 nuorod\u0105. <a href=\"https:\/\/www.ants.de\/link\/1100\">https:\/\/www.ants.de\/link\/1100<\/a><\/p>","protected":false},"excerpt":{"rendered":"<p>Skruzd\u0117li\u0173 gyvenimo ciklas - Lasius niger - Skruzd\u0117l\u0117s Plakatas ir mokymo priemon\u0117 mokykloms ir dar\u017eeliams. Apra\u0161ymas vokie\u010di\u0173, angl\u0173, ispan\u0173 ir pranc\u016bz\u0173 kalbomis: 70x100 cm Med\u017eiaga: \u0160is popierius yra atsparus vandeniui, nuvalomas, tvirtas, nekenksmingas aplinkai, nes jame n\u0117ra joki\u0173 aplinkai kenksming\u0173 tirpikli\u0173, o spausdinimo kokyb\u0117 yra puiki. Apra\u0161ymas: \u0160is plakatas","protected":false},"featured_media":11403,"comment_status":"open","ping_status":"closed","template":"","meta":{"_acf_changed":false,"content-type":"","_monsterinsights_skip_tracking":false,"_monsterinsights_sitenote_active":false,"_monsterinsights_sitenote_note":"","_monsterinsights_sitenote_category":0},"product_brand":[484],"product_cat":[500],"product_tag":[],"class_list":{"0":"post-11494","1":"product","2":"type-product","3":"status-publish","4":"has-post-thumbnail","6":"product_brand-antcube","7":"product_cat-ant-posters-and-teaching-aids","9":"first","10":"instock","11":"taxable","12":"shipping-taxable","13":"purchasable","14":"product-type-simple"},"acf":[],"aioseo_notices":[],"jetpack_sharing_enabled":true,"_links":{"self":[{"href":"https:\/\/antcube.shop\/lt\/wp-json\/wp\/v2\/product\/11494","targetHints":{"allow":["GET"]}}],"collection":[{"href":"https:\/\/antcube.shop\/lt\/wp-json\/wp\/v2\/product"}],"about":[{"href":"https:\/\/antcube.shop\/lt\/wp-json\/wp\/v2\/types\/product"}],"replies":[{"embeddable":true,"href":"https:\/\/antcube.shop\/lt\/wp-json\/wp\/v2\/comments?post=11494"}],"wp:featuredmedia":[{"embeddable":true,"href":"https:\/\/antcube.shop\/lt\/wp-json\/wp\/v2\/media\/11403"}],"wp:attachment":[{"href":"https:\/\/antcube.shop\/lt\/wp-json\/wp\/v2\/media?parent=11494"}],"wp:term":[{"taxonomy":"product_brand","embeddable":true,"href":"https:\/\/antcube.shop\/lt\/wp-json\/wp\/v2\/product_brand?post=11494"},{"taxonomy":"product_cat","embeddable":true,"href":"https:\/\/antcube.shop\/lt\/wp-json\/wp\/v2\/product_cat?post=11494"},{"taxonomy":"product_tag","embeddable":true,"href":"https:\/\/antcube.shop\/lt\/wp-json\/wp\/v2\/product_tag?post=11494"}],"curies":[{"name":"wp","href":"https:\/\/api.w.org\/{rel}","templated":true}]}}