{"id":11413,"date":"2025-04-11T16:43:25","date_gmt":"2025-04-11T14:43:25","guid":{"rendered":"https:\/\/antcube.shop\/en\/product\/light-strip-pro-40cm\/"},"modified":"2026-03-27T13:58:51","modified_gmt":"2026-03-27T12:58:51","slug":"sviesos-juosta-pro-40cm","status":"publish","type":"product","link":"https:\/\/antcube.shop\/lt\/produktas\/sviesos-juosta-pro-40cm\/","title":{"rendered":"\u0160viesos juosta \"Pro 40cm"},"content":{"rendered":"<p><strong>Turinys:<\/strong><br \/>\n1x LED \u0161viesos juosta \"Pro<br \/>\n1x laikiklis montavimui prie lub\u0173 su var\u017etais<br \/>\n1x tinklo ki\u0161tukas su jungikliu<\/p>\n<p><strong>Techniniai duomenys:<\/strong><br \/>\nMatmenys: 400x124x42 mm<br \/>\nAp\u0161vietimas: LED<br \/>\nEnergijos suvartojimas: 16 W<br \/>\n\u0160viesos srautas: 2200 lm (140 lm\/W)<br \/>\n\u0160viesos spalva: 6000K<br \/>\nTarnavimo laikas: ~ 25 000 val.<br \/>\nKabelio ilgis: 145 cm<\/p>\n<p><strong>Med\u017eiaga:<\/strong> plastikinis<\/p>\n<p><strong>Spalva:<\/strong> juoda<\/p>\n<p><strong>Apra\u0161ymas:<\/strong><br \/>\nLED ap\u0161vietimas formikariumams, vivariumams ir terariumams, kuri\u0173 matmenys 60x30x60.<br \/>\nApsaugotos nuo vandens pursl\u0173 pagal IP65, tod\u0117l \u0161viesos juostel\u0117s puikiai tinka tropiniams terariumams. D\u0117l ma\u017eo \u0161ilumos i\u0161siskyrimo \"Light Strip\" lempos taip pat labai tinka r\u016b\u0161ims, kurioms reikia ma\u017eiau \u0161ilumos.<\/p>","protected":false},"excerpt":{"rendered":"<p><span style=\"font-weight: 400;\">Energijos suvartojimas: 16 W<\/span><\/p>","protected":false},"featured_media":11368,"comment_status":"open","ping_status":"closed","template":"","meta":{"_acf_changed":false,"content-type":"","_monsterinsights_skip_tracking":false,"_monsterinsights_sitenote_active":false,"_monsterinsights_sitenote_note":"","_monsterinsights_sitenote_category":0},"product_brand":[],"product_cat":[359,257,119],"product_tag":[],"class_list":{"0":"post-11413","1":"product","2":"type-product","3":"status-publish","4":"has-post-thumbnail","6":"product_cat-light-heat-humidity","7":"product_cat-new-innovatve-products","8":"product_cat-formicarium-components","10":"first","11":"instock","12":"taxable","13":"shipping-taxable","14":"purchasable","15":"product-type-simple"},"acf":[],"aioseo_notices":[],"jetpack_sharing_enabled":true,"_links":{"self":[{"href":"https:\/\/antcube.shop\/lt\/wp-json\/wp\/v2\/product\/11413","targetHints":{"allow":["GET"]}}],"collection":[{"href":"https:\/\/antcube.shop\/lt\/wp-json\/wp\/v2\/product"}],"about":[{"href":"https:\/\/antcube.shop\/lt\/wp-json\/wp\/v2\/types\/product"}],"replies":[{"embeddable":true,"href":"https:\/\/antcube.shop\/lt\/wp-json\/wp\/v2\/comments?post=11413"}],"wp:featuredmedia":[{"embeddable":true,"href":"https:\/\/antcube.shop\/lt\/wp-json\/wp\/v2\/media\/11368"}],"wp:attachment":[{"href":"https:\/\/antcube.shop\/lt\/wp-json\/wp\/v2\/media?parent=11413"}],"wp:term":[{"taxonomy":"product_brand","embeddable":true,"href":"https:\/\/antcube.shop\/lt\/wp-json\/wp\/v2\/product_brand?post=11413"},{"taxonomy":"product_cat","embeddable":true,"href":"https:\/\/antcube.shop\/lt\/wp-json\/wp\/v2\/product_cat?post=11413"},{"taxonomy":"product_tag","embeddable":true,"href":"https:\/\/antcube.shop\/lt\/wp-json\/wp\/v2\/product_tag?post=11413"}],"curies":[{"name":"wp","href":"https:\/\/api.w.org\/{rel}","templated":true}]}}