{"id":11410,"date":"2025-04-11T16:40:32","date_gmt":"2025-04-11T14:40:32","guid":{"rendered":"https:\/\/antcube.shop\/en\/product\/light-strip-30\/"},"modified":"2026-02-26T10:38:57","modified_gmt":"2026-02-26T09:38:57","slug":"sviesos-juosta-30","status":"publish","type":"product","link":"https:\/\/antcube.shop\/lt\/produktas\/sviesos-juosta-30\/","title":{"rendered":"\u0160viesos juosta 30"},"content":{"rendered":"<p><strong>Turinys:<\/strong><br \/>\n1x \u0160viesos juosta LED mini 28cm<br \/>\n1x laikiklis montavimui prie lub\u0173 su var\u017etais<br \/>\n1x tinklo ki\u0161tukas su jungikliu<\/p>\n<p><strong>Techniniai duomenys:<\/strong><br \/>\nMatmenys: 280x60x9 mm<br \/>\nAp\u0161vietimas: LED<br \/>\nEnergijos suvartojimas: 4W<br \/>\n\u0160viesos srautas: 490 lm (123 lm\/W)<br \/>\n\u0160viesos spalva: 3000K \/ 4000K \/ 6500K<br \/>\nTarnavimo laikas: ~ 25 000 val.<br \/>\nKabelio ilgis: 156 cm<br \/>\nPritemdomas<\/p>\n<p><strong>Med\u017eiaga:<\/strong> Plastikinis<\/p>\n<p><strong>Spalva:<\/strong> balta<\/p>\n<p><strong>Apra\u0161ymas:<\/strong><br \/>\nIdealiai tinka visoms skruzd\u017ei\u0173 r\u016b\u0161ims. Spektras pana\u0161us \u012f dienos \u0161viesos spektr\u0105, gerai ap\u0161vie\u010diantis formikarium\u0105. Nei\u0161skiria nepageidaujamos \u0161ilumos, itin taupo energij\u0105.<br \/>\n\u0160i LED lempa tinka 20x20x20, 20x20x10 ir 20x10x10 dyd\u017eio formikarijoms ir vivarijoms. J\u0105 galima tiesiog u\u017ed\u0117ti ant dang\u010dio. Ry\u0161kum\u0105 galima reguliuoti 10 lygi\u0173 ir nustatyti 3 skirtingas \u0161viesos spalvas: nuo \"\u0161altos baltos\" iki \"nat\u016bralios\" ir \"\u0161iltos\" \u0161viesos. Galima u\u017esisakyti 40 cm plo\u010dio formikarui skirt\u0105 prailginim\u0105. Nuoroda \u012f j\u012f pateikiama toliau straipsnyje. I\u0161 didesnio nei 30 cm auk\u0161\u010dio apa\u010di\u0105 pasiekia tik nedaug \u0161viesos.<\/p>","protected":false},"excerpt":{"rendered":"<p><span style=\"font-weight: 400;\">Energijos suvartojimas: 4W<\/span><\/p>","protected":false},"featured_media":11376,"comment_status":"open","ping_status":"closed","template":"","meta":{"_acf_changed":false,"content-type":"","_monsterinsights_skip_tracking":false,"_monsterinsights_sitenote_active":false,"_monsterinsights_sitenote_note":"","_monsterinsights_sitenote_category":0},"product_brand":[],"product_cat":[359,257,119],"product_tag":[],"class_list":{"0":"post-11410","1":"product","2":"type-product","3":"status-publish","4":"has-post-thumbnail","6":"product_cat-light-heat-humidity","7":"product_cat-new-innovatve-products","8":"product_cat-formicarium-components","10":"first","11":"outofstock","12":"taxable","13":"shipping-taxable","14":"purchasable","15":"product-type-simple"},"acf":[],"aioseo_notices":[],"jetpack_sharing_enabled":true,"_links":{"self":[{"href":"https:\/\/antcube.shop\/lt\/wp-json\/wp\/v2\/product\/11410","targetHints":{"allow":["GET"]}}],"collection":[{"href":"https:\/\/antcube.shop\/lt\/wp-json\/wp\/v2\/product"}],"about":[{"href":"https:\/\/antcube.shop\/lt\/wp-json\/wp\/v2\/types\/product"}],"replies":[{"embeddable":true,"href":"https:\/\/antcube.shop\/lt\/wp-json\/wp\/v2\/comments?post=11410"}],"wp:featuredmedia":[{"embeddable":true,"href":"https:\/\/antcube.shop\/lt\/wp-json\/wp\/v2\/media\/11376"}],"wp:attachment":[{"href":"https:\/\/antcube.shop\/lt\/wp-json\/wp\/v2\/media?parent=11410"}],"wp:term":[{"taxonomy":"product_brand","embeddable":true,"href":"https:\/\/antcube.shop\/lt\/wp-json\/wp\/v2\/product_brand?post=11410"},{"taxonomy":"product_cat","embeddable":true,"href":"https:\/\/antcube.shop\/lt\/wp-json\/wp\/v2\/product_cat?post=11410"},{"taxonomy":"product_tag","embeddable":true,"href":"https:\/\/antcube.shop\/lt\/wp-json\/wp\/v2\/product_tag?post=11410"}],"curies":[{"name":"wp","href":"https:\/\/api.w.org\/{rel}","templated":true}]}}