{"id":11408,"date":"2025-04-11T16:39:04","date_gmt":"2025-04-11T14:39:04","guid":{"rendered":"https:\/\/antcube.shop\/en\/product\/fotoruckwand-regenwald-60x60\/"},"modified":"2026-03-26T10:55:56","modified_gmt":"2026-03-26T09:55:56","slug":"foto-galine-sienele-60x60-rainforest","status":"publish","type":"product","link":"https:\/\/antcube.shop\/lt\/produktas\/foto-galine-sienele-60x60-rainforest\/","title":{"rendered":"Nuotrauk\u0173 galin\u0117 sienel\u0117 60\u00d760 atogr\u0105\u017e\u0173 mi\u0161kas"},"content":{"rendered":"<p><strong>Matmenys:<\/strong> 60x60 cm<\/p>\n<p><strong>Med\u017eiaga:<\/strong> Blizgus folijos popierius<\/p>\n<p><strong>Turinys:<\/strong> 1x nuotrauk\u0173 galin\u0117 sienel\u0117<\/p>\n<p><strong>Apra\u0161ymas:<\/strong> \u0160\u012f nuotrauk\u0173 fon\u0105 reikia pritvirtinti prie formikariumo galin\u0117s dalies i\u0161 i\u0161or\u0117s, kad susidaryt\u0173 nat\u016bralios skruzd\u0117li\u0173 gyvenamosios aplinkos \u012fsp\u016bdis.<\/p>","protected":false},"excerpt":{"rendered":"<p>Matmenys: Med\u017eiaga: Med\u017eiaga: blizgus folijos popierius: Sud\u0117tis: 1x foto nugar\u0117l\u0117 Apra\u0161ymas: \u0160\u012f foto fon\u0105 reikia pritvirtinti prie formikariumo galin\u0117s sienel\u0117s i\u0161 i\u0161or\u0117s, kad susidaryt\u0173 nat\u016brali\u0105 skruzd\u0117li\u0173 buvein\u0119 atitinkan\u010dios aplinkos \u012fsp\u016bdis.<\/p>","protected":false},"featured_media":5530,"comment_status":"open","ping_status":"closed","template":"","meta":{"_acf_changed":false,"content-type":"","_monsterinsights_skip_tracking":false,"_monsterinsights_sitenote_active":false,"_monsterinsights_sitenote_note":"","_monsterinsights_sitenote_category":0},"product_brand":[484],"product_cat":[97,106],"product_tag":[],"class_list":{"0":"post-11408","1":"product","2":"type-product","3":"status-publish","4":"has-post-thumbnail","6":"product_brand-antcube","7":"product_cat-photo-backwalls","8":"product_cat-rainforest-photo-backwall","10":"first","11":"instock","12":"taxable","13":"shipping-taxable","14":"purchasable","15":"product-type-simple"},"acf":[],"aioseo_notices":[],"jetpack_sharing_enabled":true,"_links":{"self":[{"href":"https:\/\/antcube.shop\/lt\/wp-json\/wp\/v2\/product\/11408","targetHints":{"allow":["GET"]}}],"collection":[{"href":"https:\/\/antcube.shop\/lt\/wp-json\/wp\/v2\/product"}],"about":[{"href":"https:\/\/antcube.shop\/lt\/wp-json\/wp\/v2\/types\/product"}],"replies":[{"embeddable":true,"href":"https:\/\/antcube.shop\/lt\/wp-json\/wp\/v2\/comments?post=11408"}],"wp:featuredmedia":[{"embeddable":true,"href":"https:\/\/antcube.shop\/lt\/wp-json\/wp\/v2\/media\/5530"}],"wp:attachment":[{"href":"https:\/\/antcube.shop\/lt\/wp-json\/wp\/v2\/media?parent=11408"}],"wp:term":[{"taxonomy":"product_brand","embeddable":true,"href":"https:\/\/antcube.shop\/lt\/wp-json\/wp\/v2\/product_brand?post=11408"},{"taxonomy":"product_cat","embeddable":true,"href":"https:\/\/antcube.shop\/lt\/wp-json\/wp\/v2\/product_cat?post=11408"},{"taxonomy":"product_tag","embeddable":true,"href":"https:\/\/antcube.shop\/lt\/wp-json\/wp\/v2\/product_tag?post=11408"}],"curies":[{"name":"wp","href":"https:\/\/api.w.org\/{rel}","templated":true}]}}