{"id":11407,"date":"2025-04-11T16:38:16","date_gmt":"2025-04-11T14:38:16","guid":{"rendered":"https:\/\/antcube.shop\/en\/product\/terracube-60x30x60-terrarium-mit-schiebetur\/"},"modified":"2026-04-02T12:12:14","modified_gmt":"2026-04-02T10:12:14","slug":"terracube-60x30x60-terariumas-su-stumdomomis-durimis","status":"publish","type":"product","link":"https:\/\/antcube.shop\/lt\/produktas\/terracube-60x30x60-terariumas-su-stumdomomis-durimis\/","title":{"rendered":"TERRACUBE 60x30x60 Terariumas su stumdomomis durimis"},"content":{"rendered":"<p><strong>TERRACUBE Terariumas 60x30x60 su stumdomomis durimis ir 2x 50 mm angomis.<\/strong><\/p>\n<p><strong>Matmenys:<\/strong> 600 x 300 x 600 mm; 4 mm storio stiklas<br \/>\n<strong>Med\u017eiaga:<\/strong> floatinis stiklas<br \/>\n<strong>Ry\u0161ys:<\/strong> 2x 50 mm skyl\u0117 (2x \u0161one)<\/p>\n<p><strong>Priekinis atidarymas (stumdomos durys):<\/strong> 300\u00d7300 mm<br \/>\nStrypo auk\u0161tis: 12,5 cm<br \/>\nJuostos plotis: 4 cm<\/p>\n<p><strong>Apra\u0161ymas:<\/strong><br \/>\n<strong>TERRACUBE - Visi\u0161kai skaidri modulin\u0117 terarium\u0173 sistema su \u012fmantriomis detal\u0117mis<\/strong><br \/>\nTERRACUBE terariumai pasi\u017eymi did\u017eiausiu skaidrumu (360\u00b0) ir eleganti\u0161ku, ai\u0161kiu dizainu. Visi kra\u0161tai tiksliai suklijuoti, tod\u0117l nematyti erzinan\u010di\u0173 silikonini\u0173 si\u016bli\u0173. Naudojamas silikonas taip pat yra visi\u0161kai skaidrus - kad b\u016bt\u0173 galima matyti vis\u0105 vid\u0173.<\/p>\n<p><strong>Sud\u0117tinga ventiliacija ir technin\u0117s prieigos ta\u0161kai<\/strong><br \/>\n<strong>Dvi \u0161onin\u0117s angos (\u00d8 50 mm kiekviena) suteikia lanks\u010dias naudojimo galimybes:<\/strong><br \/>\nJie gali b\u016bti naudojami kaip papildoma ventiliacija arba kaip prieigos prie technologij\u0173, pavyzd\u017eiui, termometr\u0173 ir higrometr\u0173, r\u016bko aparat\u0173, \u0161ildymo akmen\u0173 ir kt.<\/p>\n<p>Dangtis parduodamas atskirai ir gali b\u016bti \u012fvairi\u0173 versij\u0173 - su skirtingomis v\u0117dinimo zonomis ir skyl\u0117mis papildomam v\u0117dinimui arba techniniais priedais, pavyzd\u017eiui, lietaus sistemomis ar ventiliatoriais, priklausomai nuo buvein\u0117s.<\/p>\n<p><strong>Saugus tinklelis - tinka ir ma\u017eiems gyv\u016bnams<\/strong><br \/>\nAnt baro esan\u010dios ner\u016bdijan\u010diojo plieno ventiliacijos grotel\u0117s yra tokios sandarios, kad pro jas negali prasiskverbti net tokios smulkios r\u016b\u0161ys kaip vaisin\u0117s musel\u0117s (Drosophila) ar skruzd\u0117l\u0117s. J\u0105 laiko tvirta perforuota aliuminio plok\u0161t\u0117. D\u0117l to koncepcija yra ner\u016bdijanti (nereikalaujanti daug prie\u017ei\u016bros ir ilgaam\u017e\u0117) ir stabili net ir nuo mechaninio didesni\u0173 ropli\u0173 poveikio.<\/p>\n<p><strong>Stumdomos durys - prakti\u0161kos ir beveik nematomos<\/strong><br \/>\nPrakti\u0161kos stumdomos durys turi skaidri\u0105 ranken\u0105 ant taip pat visi\u0161kai skaidraus laikiklio. Tai rei\u0161kia, kad d\u0117mesys visada sutelkiamas \u012f meiliai suprojektuot\u0105 interjer\u0105 arba viduje laikomus gyv\u016bnus.<\/p>\n<p><strong>Modulin\u0117 sistema - sujungti terariumus<\/strong><br \/>\nKelet\u0105 TERRACUBE terarium\u0173 galima sujungti tarpusavyje, nes \u0161onuose yra skyl\u0117s, o prie j\u0173 priderintos skaidrios akrilo jungtys arba vamzdeliai.<br \/>\nPavyzd\u017eiui, skruzd\u0117li\u0173 kolonij\u0105 galima laikyti gretimame rezervuare kaip maisto \u0161altin\u012f ropliams, o jei roplys negali praeiti pro vamzdel\u012f, jis gali saugiai pasitraukti. Taip pat galima lanks\u010diai i\u0161pl\u0117sti visas sistemas, pavyzd\u017eiui, skirtas varl\u0117ms ar salamandroms.<\/p>\n<p><strong>Pastaba:<\/strong> Stiklas pjaustomas pagal DIN 1249 reikalavimus, leistina paklaida +\/- 1 mm. Ypa\u010d ma\u017eoms skruzd\u0117li\u0173 r\u016b\u0161ims b\u016btina papildoma apsauga nuo i\u0161tr\u016bkimo.<\/p>","protected":false},"excerpt":{"rendered":"<p>TERRACUBE Terariumas 60x30x60 su stumdomomis durimis ir 2x 50 mm angomis. Matmenys: 600 x 300 x 600 mm; 4 mm stiklo storis Med\u017eiaga: flotacinis stiklas Sujungimas: 2x 50 mm anga (2x \u0161one) Priekin\u0117 anga (stumdomos durys): 300x300 mm Strypo auk\u0161tis: 12,5 cm Strypo plotis: 4 cm Apra\u0161ymas: TERRACUBE - visi\u0161kai skaidri modulin\u0117 terariumo sistema","protected":false},"featured_media":11397,"comment_status":"open","ping_status":"closed","template":"","meta":{"_acf_changed":false,"content-type":"","_monsterinsights_skip_tracking":false,"_monsterinsights_sitenote_active":false,"_monsterinsights_sitenote_note":"","_monsterinsights_sitenote_category":0},"product_brand":[499],"product_cat":[257],"product_tag":[],"class_list":{"0":"post-11407","1":"product","2":"type-product","3":"status-publish","4":"has-post-thumbnail","6":"product_brand-terracube","7":"product_cat-new-innovatve-products","8":"product_shipping_class-forwarding-on-pallet","10":"first","11":"instock","12":"taxable","13":"shipping-taxable","14":"purchasable","15":"product-type-simple"},"acf":[],"aioseo_notices":[],"jetpack_sharing_enabled":true,"_links":{"self":[{"href":"https:\/\/antcube.shop\/lt\/wp-json\/wp\/v2\/product\/11407","targetHints":{"allow":["GET"]}}],"collection":[{"href":"https:\/\/antcube.shop\/lt\/wp-json\/wp\/v2\/product"}],"about":[{"href":"https:\/\/antcube.shop\/lt\/wp-json\/wp\/v2\/types\/product"}],"replies":[{"embeddable":true,"href":"https:\/\/antcube.shop\/lt\/wp-json\/wp\/v2\/comments?post=11407"}],"wp:featuredmedia":[{"embeddable":true,"href":"https:\/\/antcube.shop\/lt\/wp-json\/wp\/v2\/media\/11397"}],"wp:attachment":[{"href":"https:\/\/antcube.shop\/lt\/wp-json\/wp\/v2\/media?parent=11407"}],"wp:term":[{"taxonomy":"product_brand","embeddable":true,"href":"https:\/\/antcube.shop\/lt\/wp-json\/wp\/v2\/product_brand?post=11407"},{"taxonomy":"product_cat","embeddable":true,"href":"https:\/\/antcube.shop\/lt\/wp-json\/wp\/v2\/product_cat?post=11407"},{"taxonomy":"product_tag","embeddable":true,"href":"https:\/\/antcube.shop\/lt\/wp-json\/wp\/v2\/product_tag?post=11407"}],"curies":[{"name":"wp","href":"https:\/\/api.w.org\/{rel}","templated":true}]}}