{"id":11406,"date":"2025-04-11T16:37:03","date_gmt":"2025-04-11T14:37:03","guid":{"rendered":"https:\/\/antcube.shop\/en\/product\/plantcube-60x30x60-schiebetur\/"},"modified":"2026-03-30T17:42:10","modified_gmt":"2026-03-30T15:42:10","slug":"plantcube-vivariumas-60x30x60-su-stumdomomis-durimis","status":"publish","type":"product","link":"https:\/\/antcube.shop\/lt\/produktas\/plantcube-vivariumas-60x30x60-su-stumdomomis-durimis\/","title":{"rendered":"PLANTCUBE Vivariumas 60x30x60 su stumdomomis durimis"},"content":{"rendered":"<p><strong>\u012eSIGYKITE GAMTOS K\u016aRIN\u012e SAVO NAMAMS<\/strong><\/p>\n<p><strong>Turinys:<\/strong><br \/>\n1x PLANTCUBE Vivariumas 60x30x60 su stumdomomis durimis<br \/>\n2x ki\u0161tukai 10 mm skylei<\/p>\n<p>Stiklo kubas 60x30x60 cm su 2x \u0161onine 50 mm skyle ir 2x \u0161onine 10 mm skyle<br \/>\n50 mm skyl\u0117 (centre) yra 15 cm auk\u0161tyje. Apatinis skyl\u0117s kra\u0161tas ~12,5 cm.<\/p>\n<p><strong>Matmenys:<\/strong> 600 x 300 x 600 mm; 4 mm storio stiklas<br \/>\n<strong>Med\u017eiaga:<\/strong> Pl\u016bdusis stiklas<br \/>\n<strong>\u0160onin\u0117s angos:<\/strong><br \/>\n2x skyl\u0117 50 mm<br \/>\n2x skyl\u0117 10 mm<\/p>\n<p><strong>Priekinis atidarymas (stumdomos durys):<\/strong> 300 x 300 mm<\/p>\n<p><strong>Apra\u0161ymas:<\/strong> Su m\u016bs\u0173 PLANTCUBE vivariumais galite susikurti savo gyvenam\u0105j\u012f meno k\u016brin\u012f savo kambariui. PLANTCUBE taip pat galite laikyti smulkius gyv\u016bnus, tod\u0117l j\u016bs\u0173 k\u016brybi\u0161kumas neribojamas.<\/p>\n<p>Jei norite daugiau su\u017einoti apie PLANTCUBE arba perskaityti m\u016bs\u0173 i\u0161sami\u0105 vivariumo \u012frengimo instrukcij\u0105, apsilankykite \u0161ioje nuorodoje: <a href=\"https:\/\/antcube.shop\/plantcube\/\">antcube.shop\/PLANTCUBE<\/a><\/p>\n<p><strong>Pritaikykite PLANTCUBE pagal savo arba savo augal\u0173 ir gyv\u016bn\u0173 poreikius:<\/strong><br \/>\nDvi 10 mm skyl\u0117s \u0161one, esan\u010dios 2 cm auk\u0161tyje (centre) nuo dugno, skirtos vandens pertekliui nuleisti. Pavyzd\u017eiui, vandeniui i\u0161leisti galite naudoti m\u016bs\u0173 skaidri\u0105 10\/06 mm \u017earn\u0105. Dvi 50 mm skyl\u0117s gali b\u016bti u\u017edaromos naudojant pridedamus kam\u0161\u010dius arba naudojamos kaip papildoma ventiliacija, kai \u012frengti groteli\u0173 \u012fd\u0117klai. Per akrilin\u012f vamzdel\u012f \u010dia netgi galite sujungti du \u012frenginius. Tokiu b\u016bdu, jei vivariume laikote gyv\u016bnus, jie gali laisvai jud\u0117ti i\u0161 vieno \u012frenginio \u012f kit\u0105.<\/p>\n<p><strong>Kaip paversti savo PLANTCUBE biologi\u0161kai aktyvia ekosistema?:<\/strong><br \/>\n<strong>Sukurkite drena\u017eo sluoksn\u012f:<\/strong><br \/>\nNor\u0117dami palaikyti augalus, pirmiausia vivariumo viduje tur\u0117tum\u0117te \u012frengti drena\u017eo sluoksn\u012f. Rekomenduojame naudoti 2-3 cm storio molio granules (4-8 mm), nes jos yra lengvos. Prie\u0161 d\u0117dami jas b\u016btinai nuplaukite po tekan\u010diu vandeniu, kad pa\u0161alintum\u0117te dulkes.<\/p>\n<p>Ant molio granuli\u0173 galite u\u017ed\u0117ti drena\u017ein\u012f audin\u012f, kad drena\u017eas b\u016bt\u0173 atskirtas nuo substrato.<\/p>\n<p><strong>Kokius augalus ir dirvo\u017eem\u012f naudoti:<\/strong><br \/>\nVisa tai priklauso nuo to, koki\u0105 ekosistem\u0105 norite sukurti. Jei norite sukurti dykumos ar gana saus\u0105 vivarium\u0105, jums reik\u0117s augal\u0173, kurie gerai auga tokiame klimate, ir atitinkamo dirvo\u017eemio, kuriame jie m\u0117gsta augti. \u017dinoma, tas pats pasakytina ir apie tropinius vivariumus. Stenkit\u0117s naudoti augalus i\u0161 pana\u0161i\u0173 region\u0173 ir (arba) pana\u0161aus klimato, kad jie visi gerai augt\u0173 to paties tipo dirvo\u017eemyje ir klimate. Gera augal\u0173 parduotuv\u0117 visada tur\u0117t\u0173 tur\u0117ti informacijos apie parduodam\u0173 augal\u0173 tinkam\u0105 klimat\u0105 ir dirvo\u017eem\u012f.<\/p>\n<p><strong>Svarbu:<\/strong> Jei norite augalus ir gyv\u016bnus laikyti kartu, niekada nenaudokite augal\u0173, jei ne\u017einote, ar jie netur\u0117jo s\u0105ly\u010dio su tr\u0105\u0161omis ar pesticidais. Augalus naudokite tik i\u0161 terarium\u0173 parduotuvi\u0173 ar pana\u0161i\u0173 parduotuvi\u0173, kuriose garantuotai n\u0117ra pesticid\u0173 ir tr\u0105\u0161\u0173. Prie\u0161ingu atveju gyv\u016bnai gali \u017e\u016bti.<\/p>\n<p><strong>\u012eveskite \"valymo komand\u0105\", kad j\u016bs\u0173 vivariumas tapt\u0173 biologi\u0161kai aktyvus<\/strong><br \/>\nKas yra biologi\u0161kai aktyvus? Tai yra artimiausia savaiminio palaikymo sistema. Tai rei\u0161kia, kad reikia prid\u0117ti tinkamo dirvo\u017eemio mi\u0161inio ir organini\u0173 med\u017eiag\u0173, kad susiformuot\u0173 mikroflora, taip pat mikrofaunos, reikalingos maistini\u0173 med\u017eiag\u0173 ciklui j\u016bs\u0173 vivariume sukurti.<\/p>\n<p><strong>M\u016bs\u0173 patarimas:<\/strong> M\u016bs\u0173 patarimas: visada prid\u0117kite smulki\u0173 gyvi\u0173, pavyzd\u017eiui, springtail\u0173 ir izopod\u0173. Jie ne tik patys yra geras \"nesibaigiantis\" maisto \u0161altinis, bet ir jei norite savo vivariume laikyti kit\u0173 gyv\u016bn\u0173. Jie ypa\u010d minta pel\u0117siais, kurie gali susidaryti d\u0117l didel\u0117s dr\u0117gm\u0117s, ir praturtina dirvo\u017eem\u012f maistingomis med\u017eiagomis, kurios savo ruo\u017etu leid\u017eia augalams sveikai augti.<\/p>\n<p>\u012e dirvo\u017eem\u012f \u012fberkite \u0161iek tiek med\u017eio anglies, kuri padeda mikroorganizmams kolonizuoti dirvo\u017eem\u012f. Samanos ir kam\u0161tienos \u017eiev\u0117 arba balta supuvusi mediena bei lap\u0173 paklot\u0117 ne tik nat\u016braliai atrodo j\u016bs\u0173 \u012frenginyje, bet ir maitina j\u016bs\u0173 \"valymo komand\u0105\", suteikia jiems sl\u0117ptuvi\u0173 ir veisimosi viet\u0173, be to, jas lengva suskaidyti \u012f maisting\u0105sias med\u017eiagas j\u016bs\u0173 augalams.<\/p>\n<p><strong>Gamtoje viskas susij\u0119 su pusiausvyra<\/strong><br \/>\nTa\u010diau nepatartina naudoti tam tikr\u0173 r\u016b\u0161i\u0173 izopod\u0173, nepridedant nieko, kas juos med\u017eioja, nes izopod\u0173 populiacija be pl\u0117\u0161r\u016bn\u0173, pavyzd\u017eiui, skruzd\u0117li\u0173, m\u0117gsta i\u0161sikeroti, o augalai j\u016bs\u0173 vivariume greitai tampa nepageidaujamu maisto \u0161altiniu. Gamtoje viskas priklauso nuo pusiausvyros.<\/p>\n<p><strong>Daugiau informacijos:<\/strong><br \/>\nStiklas pjaustomas pagal DIN 1249, leistina paklaida +\/- 1 mm. Ypa\u010d ma\u017eoms skruzd\u0117li\u0173 r\u016b\u0161ims b\u016btina papildoma apsauga nuo i\u0161lau\u017eimo.<\/p>","protected":false},"excerpt":{"rendered":"<p><strong>Ry\u0161ys:<\/strong> 2x \u0161onin\u0117 50 mm skyl\u0117 ir 2x \u0161onin\u0117 10 mm skyl\u0117<\/p>","protected":false},"featured_media":11362,"comment_status":"open","ping_status":"closed","template":"","meta":{"_acf_changed":false,"content-type":"","_monsterinsights_skip_tracking":false,"_monsterinsights_sitenote_active":false,"_monsterinsights_sitenote_note":"","_monsterinsights_sitenote_category":0},"product_brand":[483],"product_cat":[257,341],"product_tag":[],"class_list":{"0":"post-11406","1":"product","2":"type-product","3":"status-publish","4":"has-post-thumbnail","6":"product_brand-plantcube","7":"product_cat-new-innovatve-products","8":"product_cat-vivariums","9":"product_shipping_class-forwarding-on-pallet","11":"first","12":"instock","13":"taxable","14":"shipping-taxable","15":"purchasable","16":"product-type-simple"},"acf":[],"aioseo_notices":[],"jetpack_sharing_enabled":true,"_links":{"self":[{"href":"https:\/\/antcube.shop\/lt\/wp-json\/wp\/v2\/product\/11406","targetHints":{"allow":["GET"]}}],"collection":[{"href":"https:\/\/antcube.shop\/lt\/wp-json\/wp\/v2\/product"}],"about":[{"href":"https:\/\/antcube.shop\/lt\/wp-json\/wp\/v2\/types\/product"}],"replies":[{"embeddable":true,"href":"https:\/\/antcube.shop\/lt\/wp-json\/wp\/v2\/comments?post=11406"}],"wp:featuredmedia":[{"embeddable":true,"href":"https:\/\/antcube.shop\/lt\/wp-json\/wp\/v2\/media\/11362"}],"wp:attachment":[{"href":"https:\/\/antcube.shop\/lt\/wp-json\/wp\/v2\/media?parent=11406"}],"wp:term":[{"taxonomy":"product_brand","embeddable":true,"href":"https:\/\/antcube.shop\/lt\/wp-json\/wp\/v2\/product_brand?post=11406"},{"taxonomy":"product_cat","embeddable":true,"href":"https:\/\/antcube.shop\/lt\/wp-json\/wp\/v2\/product_cat?post=11406"},{"taxonomy":"product_tag","embeddable":true,"href":"https:\/\/antcube.shop\/lt\/wp-json\/wp\/v2\/product_tag?post=11406"}],"curies":[{"name":"wp","href":"https:\/\/api.w.org\/{rel}","templated":true}]}}