{"id":11137,"date":"2025-03-06T15:59:48","date_gmt":"2025-03-06T14:59:48","guid":{"rendered":"https:\/\/antcube.shop\/en\/product\/antcube-arena-60x30x60-mit-schiebetur\/"},"modified":"2026-01-12T12:41:14","modified_gmt":"2026-01-12T11:41:14","slug":"antcube-arena-60x30x60-su-stumdomomis-durimis","status":"publish","type":"product","link":"https:\/\/antcube.shop\/lt\/produktas\/antcube-arena-60x30x60-su-stumdomomis-durimis\/","title":{"rendered":"ANTCUBE Arena 60x30x60 su stumdomomis durimis"},"content":{"rendered":"<p><strong>ANTCUBE Arena 60x30x60 su stumdomomis durimis ir 4x 50 mm angomis.<\/strong><\/p>\n<p><strong>Matmenys:<\/strong> 600 x 300 x 600 mm; 4 mm storio stiklas<br \/>\n<strong>Med\u017eiaga:<\/strong> floatinis stiklas<br \/>\n<strong>Ry\u0161ys:<\/strong> 4x 50 mm skyl\u0117s (2x \u0161one ir 2x priekyje)<\/p>\n<p><strong>Priekinis atidarymas (stumdomos durys):<\/strong> 300\u00d7300 mm<\/p>\n<p><strong>Apra\u0161ymas:<\/strong> M\u016bs\u0173 ANTCUBE arena 60x30x60 su stumdomomis durimis buvo sukurta taip, kad b\u016bt\u0173 galima patogiai dirbti net ir esant pilnai formikarijai. Ji taip pat tinka kaip m\u016bs\u0173 60x30x30 arenos su stumdomomis durimis prat\u0119simas. Skirtumas - naujos skyl\u0117s priekyje, kad b\u016bt\u0173 galima sukurti papildom\u0105 ventiliacij\u0105 arba, jei \u0161onuose n\u0117ra vietos, per priekines jungtis prijungti papildomas arenas su akriliniais vamzd\u017eiais. \u0160ios arenos ypa\u010d naudingos kaip formikariumas aud\u0117j\u0173 skruzd\u0117l\u0117ms (Polyrhachis ir Oecophylla), nes jos m\u0117gsta statytis \u012f vir\u0161\u0173 ir joms reikia augalo \u0161eimininko. Med\u017eiuose gyvenan\u010dios r\u016b\u0161ys, pavyzd\u017eiui, Tetraponera, taip pat d\u017eiaugiasi galimybe laipioti. Kartais gali b\u016bti sud\u0117tinga i\u0161 formalikariumo dugne esan\u010di\u0173 gyv\u016bn\u0173 pa\u0161alinti atliekas, pvz. \u0160iame specialiai pritaikytame akvariume tai n\u0117ra problema. Stumdomos durel\u0117s taip pat labai prakti\u0161kos Acromyrmex arba Atta lapuot\u0173j\u0173 skruzd\u0117li\u0173 \u0161\u0117rimo talpyklose, nes augal\u0173 liekanas ir kitas atliekas galima lengvai pa\u0161alinti. Vir\u0161utinei angai atskirai taip pat galima \u012fsigyti 60\u00d730 i\u0161lau\u017eimo apsaugin\u012f r\u0117m\u0105 ir 60\u00d730 arenos dangt\u012f su didesne ventiliacijos zona arba be jos.<\/p>\n<p><strong>Pastaba:<\/strong> Stiklas pjaustomas pagal DIN 1249 reikalavimus, leistina paklaida +\/- 1 mm. Ypa\u010d ma\u017eoms skruzd\u0117li\u0173 r\u016b\u0161ims b\u016btina papildoma apsauga nuo i\u0161tr\u016bkimo.<\/p>","protected":false},"excerpt":{"rendered":"<p>Ry\u0161ys: 4x skyl\u0117 50 mm<\/p>","protected":false},"featured_media":11138,"comment_status":"open","ping_status":"closed","template":"","meta":{"_acf_changed":false,"content-type":"","_monsterinsights_skip_tracking":false,"_monsterinsights_sitenote_active":false,"_monsterinsights_sitenote_note":"","_monsterinsights_sitenote_category":0},"product_brand":[484],"product_cat":[257,85,86],"product_tag":[],"class_list":{"0":"post-11137","1":"product","2":"type-product","3":"status-publish","4":"has-post-thumbnail","6":"product_brand-antcube","7":"product_cat-new-innovatve-products","8":"product_cat-ant-arenas","9":"product_cat-formicariums","10":"product_shipping_class-forwarding-on-pallet","12":"first","13":"instock","14":"taxable","15":"shipping-taxable","16":"purchasable","17":"product-type-simple"},"acf":[],"aioseo_notices":[],"jetpack_sharing_enabled":true,"_links":{"self":[{"href":"https:\/\/antcube.shop\/lt\/wp-json\/wp\/v2\/product\/11137","targetHints":{"allow":["GET"]}}],"collection":[{"href":"https:\/\/antcube.shop\/lt\/wp-json\/wp\/v2\/product"}],"about":[{"href":"https:\/\/antcube.shop\/lt\/wp-json\/wp\/v2\/types\/product"}],"replies":[{"embeddable":true,"href":"https:\/\/antcube.shop\/lt\/wp-json\/wp\/v2\/comments?post=11137"}],"wp:featuredmedia":[{"embeddable":true,"href":"https:\/\/antcube.shop\/lt\/wp-json\/wp\/v2\/media\/11138"}],"wp:attachment":[{"href":"https:\/\/antcube.shop\/lt\/wp-json\/wp\/v2\/media?parent=11137"}],"wp:term":[{"taxonomy":"product_brand","embeddable":true,"href":"https:\/\/antcube.shop\/lt\/wp-json\/wp\/v2\/product_brand?post=11137"},{"taxonomy":"product_cat","embeddable":true,"href":"https:\/\/antcube.shop\/lt\/wp-json\/wp\/v2\/product_cat?post=11137"},{"taxonomy":"product_tag","embeddable":true,"href":"https:\/\/antcube.shop\/lt\/wp-json\/wp\/v2\/product_tag?post=11137"}],"curies":[{"name":"wp","href":"https:\/\/api.w.org\/{rel}","templated":true}]}}