{"id":10988,"date":"2025-01-29T13:27:22","date_gmt":"2025-01-29T12:27:22","guid":{"rendered":"https:\/\/antcube.shop\/en\/product\/bundle-offer-pheidole-pallidula\/"},"modified":"2026-04-06T12:17:12","modified_gmt":"2026-04-06T10:17:12","slug":"pluosto-pasiulymas-pheidole-pallidula","status":"publish","type":"product","link":"https:\/\/antcube.shop\/lt\/produktas\/pluosto-pasiulymas-pheidole-pallidula\/","title":{"rendered":"Paketo pasi\u016blymas - Crematogaster scutellaris"},"content":{"rendered":"<p id=\"docs-internal-guid-f360e18f-7fff-1fa7-2486-66b6ea8170c9\" dir=\"ltr\"><span data-text-color=\"secondary\"><strong>Si\u016blomas paketas, kur\u012f sudaro skruzd\u0117li\u0173 kolonija Crematogaster scutellaris (motin\u0117l\u0117 su 5-10 darbininki\u0173 ir jaunikliais), pradinis rinkinys Digfix S, 2x formikariumo pagalv\u0117l\u0117s ir dykumos nuotrauk\u0173 fonas.<\/strong><\/span><\/p>\n<p dir=\"ltr\"><span data-text-color=\"alert\"><strong>Tik kol yra atsarg\u0173.<\/strong><\/span><\/p>\n<h2 dir=\"ltr\"><strong>Viskas, ko reikia Crematogaster scutellaris skruzd\u0117li\u0173 kolonijai<\/strong><\/h2>\n<p dir=\"ltr\">\u0160iame rinkinyje yra viskas, ko reikia norint s\u0117kmingai i\u0161laikyti Crematogaster scutellaris kolonij\u0105 per pirmuosius kelis m\u0117nesius. Jis idealiai tinka pradedantiesiems ir gali b\u016bti lengvai ple\u010diamas.<\/p>\n<h3 dir=\"ltr\"><strong>Skruzd\u0117li\u0173 r\u016b\u0161is Crematogaster scutellaris<\/strong><\/h3>\n<p>Crematogaster scutellaris yra daugiausia visa\u0117d\u017ei\u0173 skruzd\u0117li\u0173 r\u016b\u0161is, kuri vartoja ir augalin\u012f, ir gyv\u016bnin\u012f maist\u0105. Ji paplitusi visame Vidur\u017eemio j\u016bros regione, taip pat aptinkama pietin\u0117je Vidurio Europos dalyje. \u0160iai r\u016b\u0161iai b\u016bdingas b\u016bdingas kriau\u0161\u0117s formos pilvas, kur\u012f, kilus pavojui, ji pakelia - tai \u012fsp\u016bdingas elgesys, atbaidantis prie\u0161us.<\/p>\n<p>Paprastai kolonijose b\u016bna viena motin\u0117l\u0117 (monoginin\u0117s), bet gali b\u016bti ir kelios motin\u0117l\u0117s. Darbinink\u0117s yra aktyvios ir smalsios, jos energingai gina savo lizdus. Crematogaster scutellaris ypa\u010d gerai \u017einomas d\u0117l geb\u0117jimo sukti lizdus negyvoje medienoje ar med\u017ei\u0173 drev\u0117se.<\/p>\n<h3 dir=\"ltr\"><strong>Crematogaster scutellaris lizdas<\/strong><\/h3>\n<p dir=\"ltr\">Kadangi \u0161i r\u016b\u0161is m\u0117gsta lizdus sukti sausoje negyvoje medienoje arba ply\u0161iuose ir \u012ftr\u016bkimuose, \u0161iame rinkinyje yra \"Digfix\" lizdo \u012fd\u0117klas. Tai leid\u017eia gerai matyti lizdo vid\u0173 ir imituoja nat\u016bralias s\u0105lygas. Taip pat juos galima laikyti kam\u0161tiniuose arba mediniuose lizduose, kurie labai pana\u0161\u016bs \u012f j\u0173 nat\u016brali\u0105 buvein\u0119.<\/p>\n<h3 dir=\"ltr\"><strong>Crematogaster scutellaris maistas<\/strong><\/h3>\n<p dir=\"ltr\">Crematogaster scutellaris yra visa\u0117dis, ypa\u010d m\u0117gstantis sald\u017eius skys\u010dius, pavyzd\u017eiui, med\u0173 ar cukraus tirpalus. Jam taip pat reikia daug baltym\u0173 turin\u010dio maisto, pvz., smulki\u0173 vabzd\u017ei\u0173, ypa\u010d jaunikliams auginti. Gamtoje jis taip pat minta med\u017ei\u0173 sultimis ir smulkiais nariuotakojais.<\/p>\n<h3 dir=\"ltr\"><strong>Crematogaster scutellaris klimato s\u0105lygos<\/strong><\/h3>\n<p dir=\"ltr\">Dr\u0117gm\u0117:<br \/>\nArena: 30 - 50%<br \/>\nLizdo plotas: 50 - 60%<br \/>\nTemperat\u016bra:<br \/>\nArena: 24-30 \u00b0C<br \/>\nLizdo plotas: 22 - 28\u00b0C<\/p>\n<p dir=\"ltr\">Crematogaster scutellaris idealiai tinka ir pradedantiesiems, ir patyrusiems skruzd\u0117li\u0173 augintojams. D\u0117l aktyvaus elgesio, \u012fsp\u016bdingos k\u016bno formos ir spalvos bei lizd\u0173 statymo b\u016bdo ji suteikia \u012fdomi\u0173 \u017eini\u0173 apie skruzd\u0117li\u0173 kolonijos gyvenim\u0105.<\/p>\n<p dir=\"ltr\"><strong>Turinys:<\/strong><br \/>\n1x skruzd\u0117li\u0173 kolonija Crematogaster scutellaris (motin\u0117l\u0117 + 5-10 darbinink\u0173 + jaunikliai)<br \/>\n1x cukraus ir medaus tirpalas (ZH) - papildoma pakuot\u0117 10ml<br \/>\n1x sveiki blan\u0161iruoti vik\u0161rai 10g<br \/>\n1x 20x20 cm formikariumo pagalv\u0117l\u0117<br \/>\n1x Formikariumo pagalv\u0117l\u0117 - 20x6cm<br \/>\n1x dykumos nuotrauk\u0173 fonas 20\u00d710<br \/>\n1x ANTCUBE - Arena 20x20x10 - plok\u0161\u010dias<br \/>\n1x Arenos r\u0117mas 20\u00d720<br \/>\n1x arenos dangtis 20\u00d720<br \/>\n4x arenos dang\u010dio tvirtinimo ta\u0161kas<br \/>\n1x ANTCUBE - skruzd\u0117lynas - S - 20\u00d720 - stovintis<br \/>\n1x ANTCUBE - Digfix plok\u0161tel\u0117 20\u00d720 - S<br \/>\n1x 0,5 m permatomas vamzdelis 10\/06 mm<br \/>\nANTCUBE - Raudona pl\u0117vel\u0117 20\u00d720 - Filtras<br \/>\n1x lipn\u016bs spaustukai - skaidr\u016bs - 2 vnt.<br \/>\n1x substratas - sm\u0117lio molis sm\u0117lio spalvos - 200g<br \/>\n1x tinklinis \u012fd\u0117klas - 50 mm - ner\u016bdijantis plienas<br \/>\n1x formikarijos kam\u0161tis 50 mm skylei<br \/>\n1x formikarijos kam\u0161tis 27 mm skylei<br \/>\n1x 6 mm lizdo formicarijaus dangtelis<br \/>\n1x baseino jungtis B-27 ir S-10-16 mm M25 - rinkinys<br \/>\n1x 2 ml padavimo \u012ftaisas - 360\u00b0<br \/>\n1x skaidrus gertuv\u0117 20ml - kempin\u0117l\u0117<br \/>\n1x skaidrus maisto puodelis 1\u00d720 - kempin\u0117l\u0117<br \/>\n1x analoginis mini termohiprometras - pakabinamas ekranas<br \/>\n1x apsaugos nuo skruzd\u0117li\u0173 milteliai 10ml<br \/>\n1x pincetas spyruoklinis plienas - platus - mink\u0161tas<br \/>\n1x pincetas plastikinis skaidrus<br \/>\n1x plastikin\u0117 3 ml pipet\u0117<br \/>\n1x rankinis didinamasis stiklas - 2x - 30 mm<br \/>\n1x put\u0173 valytuvas 150x18x2,5 mm<\/p>\n<p dir=\"ltr\"><strong>Apra\u0161ymas:<\/strong><br \/>\n\"Digfix\" pradinis rinkinys tinka \u012fvairioms skruzd\u0117li\u0173 r\u016b\u0161ims, ypa\u010d toms, kurios lizdus suka sm\u0117lyje ir (negyvoje) medienoje. J\u012f galima laikyti saus\u0105 arba \u0161iek tiek dr\u0117gn\u0105.<br \/>\nSkaidri\u0105 ferm\u0105 galima naudoti su \"ANTCUBE Digfix\" plok\u0161tele. Skruzd\u0117l\u0117s pa\u010dios kasa tunelius ir kameras med\u017eiagoje. Jei reikia, per dangtelyje esan\u010dias 50 mm skyles galima prijungti kitus modulius, pavyzd\u017eiui, atskirai parduodamus migdomuosius, ventiliatorius arba \u0161viestuvus. Taip pat pridedami atitinkami formikarij\u0173 kam\u0161\u010diai angoms u\u017edaryti. Jei pageidaujate, formikarium\u0105 galite naudoti ir atvirai - tiesiog pastatykite nuimam\u0105 r\u0117m\u0105 ant \u017eem\u0117s ir jo kra\u0161t\u0105 patepkite nuo skruzd\u0117li\u0173 apsaugan\u010dia alyva. Laistykl\u0117 \"2 ml - 360 laipsni\u0173\" skirta medaus ir (arba) cukraus tirpalui, o laistykl\u0117 \"skaidri 20 ml - kempin\u0117\" - vandeniui. Prie r\u0117mo arba dang\u010dio galima pritvirtinti \"Mini termohigrometr\u0105\", kuris rodo klimato rodiklius.<\/p>\n<p dir=\"ltr\"><span data-text-color=\"alert\"><strong>Svarbu:<\/strong><\/span> Prie\u0161 naudodami sudr\u0117kinkite \u017eem\u0119, kad mi\u0161inys gal\u0117t\u0173 susijungti ir tvirtai \u012fsitvirtinti skruzd\u0117lyne. Be to, per sausas ir dulk\u0117tas gruntas gali u\u017ekim\u0161ti skruzd\u017ei\u0173 kv\u0117pavimo takus, tod\u0117l blogiausiu atveju jos gali u\u017edusti.<\/p>\n<p dir=\"ltr\"><strong>Rekomendacija:<\/strong> Rekomenduojame d\u0117ti 2 mm auk\u0161\u010dio substrato sluoksn\u012f, kad gyv\u016bnai negal\u0117t\u0173 patys \u012fsikasti \u012f aren\u0105, o naudot\u0173si tam tikslui skirta ferma. Taip pat rekomenduojame lengvai pradurti fermoje esan\u010di\u0105 lizdin\u0119 med\u017eiag\u0105 (sm\u0117l\u012f \/ mol\u012f, \"Digfix\" ir kt.) vienoje vietoje, kad gyv\u016bnams b\u016bt\u0173 lengviau kasti.<br \/>\n<strong>Pastaba:<\/strong> Lizd\u0105 galima naudoti sausame arba dr\u0117gname formikariume. Jei lizdas laikomas nuolat dr\u0117gnas (per dr\u0117gnas), maisto liku\u010diai gali sukelti pel\u0117s\u012f.<br \/>\n<strong>Pastaba d\u0117l \"Digfix\":<\/strong> Nat\u016brali spalva gali b\u016bti nuo \u017ealios, pilkai rudos iki \u017eem\u0117s rudumo. Spalva neturi \u012ftakos kokybei.<\/p>\n<p dir=\"ltr\"><strong>Pastabos apie gamyb\u0105<\/strong><br \/>\nStiklas pjaustomas pagal DIN 1249, leistina paklaida +\/- 1 mm. Ypa\u010d ma\u017eoms skruzd\u0117li\u0173 r\u016b\u0161ims b\u016btina papildoma apsauga nuo i\u0161lau\u017eimo.<\/p>\n<p dir=\"ltr\"><strong>Pastabos apie \u016bk\u012f<\/strong><br \/>\nPrijungiant arba atjungiant vamzd\u017eius, reikia atkreipti d\u0117mes\u012f \u012f \u0161iuos dalykus:<br \/>\nJei vamzdel\u012f sunku pritvirtinti prie jungties, ant jungties reikia u\u017ela\u0161inti la\u0161el\u012f m\u016bs\u0173 alyvos arba milteli\u0173, apsaugan\u010di\u0173 nuo i\u0161b\u0117gimo. Tuomet vamzdel\u012f reikia \u012fstumti \u012f jungt\u012f sukant arba u\u017esukant, nespaud\u017eiant jungties auk\u0161tyn ir \u017eemyn. Tas pats galioja ir nuimant vamzdelius nuo fermos jungties. Nei\u0161imkite j\u0173 tiesiog i\u0161traukdami!<\/p>\n<p dir=\"ltr\"><strong>Pastabos apie \"Cricket Jam\":<\/strong><br \/>\nM\u016bs\u0173 \"Cricket Jam\" - tai paprastas b\u016bdas apr\u016bpinti skruzd\u0117les \u0161vie\u017eiai konservuotu baltyminiu maistu, nemaitinant j\u0173 gyvais vabzd\u017eiais. Vik\u0161rai (Acheta domesticus) yra \u0161velniai virti, kad i\u0161likt\u0173 maistin\u0117 vert\u0117, skonis ir aromatas. Be to, taip sumink\u0161tinamas chitininis vabzd\u017ei\u0173 egzoskeletas, kad jis b\u016bt\u0173 lengviau vir\u0161kinamas. Kolageno baltym\u0173 junginiai suskaidomi, kad skruzd\u0117s gal\u0117t\u0173 juos geriau panaudoti. Skruzd\u0117l\u0117s Acheta domesticus i\u0161 skardin\u0117s turi toki\u0105 pa\u010di\u0105 maistin\u0119 vert\u0119 kaip ir gyvi vik\u0161rai, ta\u010diau yra lengviau vir\u0161kinamos.<br \/>\n\"Cricket Jam\" netinka med\u017eioti skruzd\u017ei\u0173 r\u016b\u0161ims, kurioms reikia gyvo maisto (pvz., did\u017eiosioms skruzd\u0117l\u0117ms, tokioms kaip Harpegnathos arba Odontomachus).<\/p>\n<p dir=\"ltr\"><strong>Kiti privalumai:<\/strong><br \/>\nGarantuotai be erku\u010di\u0173<br \/>\nGalima dalyti porcijomis ir skiesti vandeniu<br \/>\nSterilizuota ir supakuota vakuume<br \/>\nBe pried\u0173<br \/>\nVik\u0161rai i\u0161 tvaraus ekologinio veisimo, maitinami organin\u0117mis atliekomis<\/p>\n<p dir=\"ltr\"><strong>Pastaba:<\/strong><br \/>\nAtidarius galima laikyti \u0161aldytuve apie keturias dienas. Ilgiau galioja u\u017e\u0161ald\u017eius.<\/p>\n<p dir=\"ltr\"><strong>D\u0117mesio<\/strong>: Pirmiausia supjaustykite porcijomis, tada u\u017e\u0161aldykite.<\/p>\n<p dir=\"ltr\"><strong>Pastabos d\u0117l cukraus ir medaus tirpalo (ZH) - papildoma pakuot\u0117 10 ml<\/strong><br \/>\nTurinys: 10 ml<\/p>\n<p dir=\"ltr\"><strong>Apra\u0161ymas:<\/strong> Tai produktas, sudarytas i\u0161 \u012fvairi\u0173 angliavandeni\u0173 (pvz., medaus ir cukraus).<\/p>\n<p dir=\"ltr\"><strong>Taikymas:<\/strong> \u012e formikarium\u0105 galima \u012fd\u0117ti vis\u0105 maisto vamzdel\u012f arba, atsi\u017evelgiant \u012f kolonijos poreikius ir dyd\u012f, ma\u017eesnius maisto kiekius galima \u012fd\u0117ti \u012f maisto duben\u0117l\u012f. Maist\u0105 reikia suvartoti per ma\u017edaug 3 dienas, kitaip kyla pel\u0117sio pavojus. D\u0117l tos pa\u010dios prie\u017easties, prie\u0161 pripildami maisto duben\u0117l\u012f, j\u012f i\u0161valykite.<\/p>\n<p dir=\"ltr\"><strong>Naudojimas:<\/strong><br \/>\nCukraus ir medaus tirpalas = cukrumi ir medumi mintan\u010dioms skruzd\u017ei\u0173 r\u016b\u0161ims<br \/>\nTai papildomas maistas<br \/>\nJis gali b\u016bti tiekiamas gyv\u016bnams. Kadangi d\u0117l dr\u0117gm\u0117s ma\u017e\u0117ja cukraus koncentracija ir prasideda fermentacijos procesas, pa\u0161ar\u0105 reikia keisti kas 3 dienas. Prie\u0161 pakartotinai naudodami kruop\u0161\u010diai i\u0161valykite \u0161\u0117rimo duben\u0117l\u012f ir (arba) m\u0117gintuv\u0117l\u012f.<br \/>\nAtidaryt\u0105 pakuot\u0119 reikia laikyti sandariai u\u017edaryt\u0105 (jei ji laikoma sausoje vietoje) ir sunaudoti iki nurodytos datos (tinkamumo vartoti terminas).<\/p>\n<p dir=\"ltr\"><strong>Sud\u0117tyje yra:<\/strong><br \/>\nFruktoz\u0117 nuo 27 iki 44%,<br \/>\ngliukoz\u0117s 22 iki 41%,<br \/>\nsacharoz\u0117s iki 5%,<br \/>\nmaltoz\u0117s nuo 4 iki 14%,<br \/>\nkiti sud\u0117tingi cukr\u016bs nuo 1 iki 14%.<br \/>\nRiebalai: 0 g<br \/>\nAngliavandeniai: 92g<br \/>\nBaltymai: 0 g<br \/>\nDruska: 0 g<\/p>\n<p dir=\"ltr\"><strong>Saugojimas:<\/strong> Kad pa\u0161aras b\u016bt\u0173 kokybi\u0161kas, jis turi b\u016bti laikomas tamsioje ir sausoje vietoje.<\/p>\n<p dir=\"ltr\"><strong>Pastaba:<\/strong><br \/>\nSud\u0117t\u012f, analitines sudedam\u0105sias dalis, tinkamumo vartoti termin\u0105 ir partijos numer\u012f rasite pakuot\u0117s lapelyje.<br \/>\nInformacijos kar\u0161toji linija +49 30 439703870<\/p>\n<p dir=\"ltr\"><strong>Kompetentinga veterinarijos ir maisto prie\u017ei\u016bros institucija:<\/strong><br \/>\nVeterinarijos biuras Steglitz<br \/>\nK\u00f6nigin-Luise-Str. 92<br \/>\n14195 Berlynas<\/p>","protected":false},"excerpt":{"rendered":"<p>Rinkin\u012f sudaro 34 dalys<\/p>","protected":false},"featured_media":10983,"comment_status":"open","ping_status":"closed","template":"","meta":{"_acf_changed":false,"content-type":"","_monsterinsights_skip_tracking":false,"_monsterinsights_sitenote_active":false,"_monsterinsights_sitenote_note":"","_monsterinsights_sitenote_category":0},"product_brand":[484],"product_cat":[355,73],"product_tag":[],"class_list":{"0":"post-10988","1":"product","2":"type-product","3":"status-publish","4":"has-post-thumbnail","6":"product_brand-antcube","7":"product_cat-bundle-offers","8":"product_cat-starter-sets","10":"first","11":"instock","12":"taxable","13":"shipping-taxable","14":"purchasable","15":"product-type-simple"},"acf":[],"aioseo_notices":[],"jetpack_sharing_enabled":true,"_links":{"self":[{"href":"https:\/\/antcube.shop\/lt\/wp-json\/wp\/v2\/product\/10988","targetHints":{"allow":["GET"]}}],"collection":[{"href":"https:\/\/antcube.shop\/lt\/wp-json\/wp\/v2\/product"}],"about":[{"href":"https:\/\/antcube.shop\/lt\/wp-json\/wp\/v2\/types\/product"}],"replies":[{"embeddable":true,"href":"https:\/\/antcube.shop\/lt\/wp-json\/wp\/v2\/comments?post=10988"}],"wp:featuredmedia":[{"embeddable":true,"href":"https:\/\/antcube.shop\/lt\/wp-json\/wp\/v2\/media\/10983"}],"wp:attachment":[{"href":"https:\/\/antcube.shop\/lt\/wp-json\/wp\/v2\/media?parent=10988"}],"wp:term":[{"taxonomy":"product_brand","embeddable":true,"href":"https:\/\/antcube.shop\/lt\/wp-json\/wp\/v2\/product_brand?post=10988"},{"taxonomy":"product_cat","embeddable":true,"href":"https:\/\/antcube.shop\/lt\/wp-json\/wp\/v2\/product_cat?post=10988"},{"taxonomy":"product_tag","embeddable":true,"href":"https:\/\/antcube.shop\/lt\/wp-json\/wp\/v2\/product_tag?post=10988"}],"curies":[{"name":"wp","href":"https:\/\/api.w.org\/{rel}","templated":true}]}}