{"id":700,"date":"2021-08-17T10:57:40","date_gmt":"2021-08-17T08:57:40","guid":{"rendered":"https:\/\/antcube.shop\/?page_id=700"},"modified":"2026-02-09T11:09:28","modified_gmt":"2026-02-09T10:09:28","slug":"skruzdelynas","status":"publish","type":"page","link":"https:\/\/antcube.shop\/lt\/skruzdelynas\/","title":{"rendered":"Apie skruzd\u017ei\u0173 laikym\u0105"},"content":{"rendered":"<div id=\"page-header-1339997158\" class=\"page-header-wrapper\">\n  <div class=\"page-title dark featured-title\">\n\n        <div class=\"page-title-bg\">\n      <div class=\"title-bg fill bg-fill\"\n        data-parallax-container=\".page-title\"\n        data-parallax-background\n data-parallax=\"-\">\n      <\/div>\n      <div class=\"title-overlay fill\"><\/div>\n    <\/div>\n    \n    <div class=\"page-title-inner container align-center flex-row medium-flex-wrap\" >\n              <div class=\"title-wrapper flex-col text-left medium-text-center\">\n          <h1 class=\"entry-title mb-0\">\n            Apie skruzd\u017ei\u0173 laikym\u0105          <\/h1>\n        <\/div>\n                    <div class=\"title-content flex-col flex-right text-right medium-text-center\">\n        <div class=\"title-share pt-half pb-half\"><div class=\"social-icons share-icons share-row relative icon-style-outline\" ><a href=\"whatsapp:\/\/send?text=About%20ant%20keeping - https:\/\/antcube.shop\/lt\/skruzdelynas\/\" data-action=\"share\/whatsapp\/share\" class=\"icon button circle is-outline tooltip whatsapp show-for-medium\" title=\"Dalytis &quot;WhatsApp\" aria-label=\"Dalytis &quot;WhatsApp\"><i class=\"icon-whatsapp\" aria-hidden=\"true\"><\/i><\/a><a href=\"https:\/\/www.facebook.com\/sharer.php?u=https:\/\/antcube.shop\/lt\/skruzdelynas\/\" data-label=\"Facebook\" onclick=\"window.open(this.href,this.title,'width=500,height=500,top=300px,left=300px'); return false;\" target=\"_blank\" class=\"icon button circle is-outline tooltip facebook\" title=\"Dalytis &quot;Facebook\" aria-label=\"Dalytis &quot;Facebook\" rel=\"noopener nofollow\"><i class=\"icon-facebook\" aria-hidden=\"true\"><\/i><\/a><a href=\"https:\/\/twitter.com\/share?url=https:\/\/antcube.shop\/lt\/skruzdelynas\/\" onclick=\"window.open(this.href,this.title,'width=500,height=500,top=300px,left=300px'); return false;\" target=\"_blank\" class=\"icon button circle is-outline tooltip twitter\" title=\"Dalytis &quot;Twitter\" aria-label=\"Dalytis &quot;Twitter\" rel=\"noopener nofollow\"><i class=\"icon-twitter\" aria-hidden=\"true\"><\/i><\/a><a href=\"mailto:?subject=About%20ant%20keeping&body=Check%20this%20out%3A%20https%3A%2F%2Fantcube.shop%2Flt%2Fskruzdelynas%2F\" class=\"icon button circle is-outline tooltip email\" title=\"El. pa\u0161tas draugui\" aria-label=\"El. pa\u0161tas draugui\" rel=\"nofollow\"><i class=\"icon-envelop\" aria-hidden=\"true\"><\/i><\/a><a href=\"https:\/\/pinterest.com\/pin\/create\/button?url=https:\/\/antcube.shop\/lt\/skruzdelynas\/&media&description=About%20ant%20keeping\" onclick=\"window.open(this.href,this.title,'width=500,height=500,top=300px,left=300px'); return false;\" target=\"_blank\" class=\"icon button circle is-outline tooltip pinterest\" title=\"Prisegti prie &quot;Pinterest\" aria-label=\"Prisegti prie &quot;Pinterest\" rel=\"noopener nofollow\"><i class=\"icon-pinterest\" aria-hidden=\"true\"><\/i><\/a><\/div><\/div>      <\/div>\n    <\/div>\n\n     \n<style>\n#page-header-1339997158 .page-title-inner {\n  min-height: 500px;\n}\n#page-header-1339997158 {\n  margin-bottom: 0px;\n}\n#page-header-1339997158 .title-bg {\n  background-image: url(https:\/\/antcube.shop\/wp-content\/uploads\/2021\/08\/ant-5094995_1920.jpg);\n  background-position: 65% 56%;\n}\n#page-header-1339997158 .title-overlay {\n  background-color: rgba(255, 255, 255, 0);\n}\n@media (min-width:550px) {\n  #page-header-1339997158 .page-title-inner {\n    min-height: 500px;\n  }\n}\n<\/style>\n  <\/div>\n    <\/div>\n  \n\n\t<div id=\"gap-508800538\" class=\"gap-element clearfix\" style=\"display:block; height:auto;\">\n\t\t\n<style>\n#gap-508800538 {\n  padding-top: 15px;\n}\n<\/style>\n\t<\/div>\n\t\n\n<div class=\"row\"  id=\"row-1314020858\">\n\n\n\t<div id=\"col-1667397530\" class=\"col medium-6 small-12 large-6\"  >\n\t\t\t\t<div class=\"col-inner\"  >\n\t\t\t\n\t\t\t\n\n<h3>Kas yra skruzd\u0117lynas?<\/h3>\n<p>Skruzd\u017ei\u0173 auginimas - tai skruzd\u017ei\u0173 ir skruzd\u0117li\u0173 kolonij\u0173 prie\u017ei\u016bra ir steb\u0117jimas. Pastaraisiais metais skruzd\u0117li\u0173 auginimas tapo labai populiariu hobiu. Nors pirmasis \u017einomas formikariumas (terariumas skruzd\u0117l\u0117ms) jau buvo parodytas pasaulin\u0117je parodoje Pary\u017eiuje apie 1900 m., pirmuosius formikariumus buvo galima laisvai \u012fsigyti tik 1956 m., kai pasirod\u0117 \"D\u0117d\u0117s Miltono skruzd\u0117lynas\".<\/p>\n<p>Jau kelerius metus yra daug \u012fvairi\u0173 formikarium\u0173 tiek\u0117j\u0173, kuri\u0173 dauguma pagaminti i\u0161 plastiko. Paprastai formikarium\u0105 sudaro ferma, kurioje gyv\u016bnai krauna lizdus, ir arena, kurioje gyv\u016bnai \u0161eriami ir kurioje jie mank\u0161tinasi.<\/p>\n\n\t\t<\/div>\n\t\t\t\t\t<\/div>\n\n\t\n\n\t<div id=\"col-1060120155\" class=\"col medium-6 small-12 large-6\"  >\n\t\t\t\t<div class=\"col-inner\"  >\n\t\t\t\n\t\t\t\n\n\t<div class=\"img has-hover x md-x lg-x y md-y lg-y\" id=\"image_154772583\">\n\t\t<a class=\"image-lightbox lightbox-gallery\" title=\"\" href=\"https:\/\/i0.wp.com\/antcube.shop\/wp-content\/uploads\/2021\/07\/Meranoplus-Bicolor-scaled.jpg?fit=900%2C600&#038;ssl=1\">\t\t\t\t\t\t<div class=\"img-inner image-zoom-long dark\" >\n\t\t\t<img data-recalc-dims=\"1\" loading=\"lazy\" decoding=\"async\" width=\"1020\" height=\"680\" src=\"https:\/\/i0.wp.com\/antcube.shop\/wp-content\/uploads\/2021\/07\/Meranoplus-Bicolor-scaled.jpg?resize=1020%2C680&#038;ssl=1\" class=\"attachment-original size-original\" alt=\"Meranoplus bicolor skruzd\u0117li\u0173 r\u016b\u0161is ant papar\u010dio lapo makro ANTSTORE ANTCUBE\" srcset=\"https:\/\/i0.wp.com\/antcube.shop\/wp-content\/uploads\/2021\/07\/Meranoplus-Bicolor-scaled.jpg?w=2560&amp;ssl=1 2560w, https:\/\/i0.wp.com\/antcube.shop\/wp-content\/uploads\/2021\/07\/Meranoplus-Bicolor-scaled.jpg?resize=510%2C340&amp;ssl=1 510w, https:\/\/i0.wp.com\/antcube.shop\/wp-content\/uploads\/2021\/07\/Meranoplus-Bicolor-scaled.jpg?resize=600%2C400&amp;ssl=1 600w, https:\/\/i0.wp.com\/antcube.shop\/wp-content\/uploads\/2021\/07\/Meranoplus-Bicolor-scaled.jpg?resize=1200%2C800&amp;ssl=1 1200w, https:\/\/i0.wp.com\/antcube.shop\/wp-content\/uploads\/2021\/07\/Meranoplus-Bicolor-scaled.jpg?resize=768%2C512&amp;ssl=1 768w, https:\/\/i0.wp.com\/antcube.shop\/wp-content\/uploads\/2021\/07\/Meranoplus-Bicolor-scaled.jpg?resize=1536%2C1024&amp;ssl=1 1536w, https:\/\/i0.wp.com\/antcube.shop\/wp-content\/uploads\/2021\/07\/Meranoplus-Bicolor-scaled.jpg?resize=2048%2C1365&amp;ssl=1 2048w\" sizes=\"auto, (max-width: 1020px) 100vw, 1020px\" \/>\t\t\t\t\t\t\n\t\t\t\t\t<\/div>\n\t\t\t\t\t\t<\/a>\t\t\n<style>\n#image_154772583 {\n  width: 100%;\n}\n<\/style>\n\t<\/div>\n\t\n\n\t<div id=\"text-1391578522\" class=\"text\">\n\t\t\n\n<p>Meranoplus bicolor<\/p>\n\t\t\n<style>\n#text-1391578522 {\n  text-align: center;\n}\n<\/style>\n\t<\/div>\n\t\n\n\t\t<\/div>\n\t\t\t\t\t<\/div>\n\n\t\n\n<\/div>\n<div class=\"row\"  id=\"row-134433371\">\n\n\n\t<div id=\"col-1983377516\" class=\"col medium-6 small-12 large-6\"  >\n\t\t\t\t<div class=\"col-inner\"  >\n\t\t\t\n\t\t\t\n\n<h3>Kokia yra skruzd\u0117li\u0173 laikymo fasonin\u0117 prie\u017eastis?<\/h3>\n<p>Skruzd\u0117l\u0117s yra ne\u012ftik\u0117tinai \u012fdomios. Steb\u0117ti, kaip viena motin\u0117l\u0117 per kelerius metus u\u017eaugina pirmuosius darbininkus, o paskui steb\u0117ti, kaip jos kolonija, tobulai bendradarbiaudama ir naudodama i\u0161teklius, per daugel\u012f met\u0173 i\u0161auga iki t\u016bkstan\u010di\u0173 nari\u0173, yra nepakartojama patirtis. Skruzd\u0117s yra itin social\u016bs gyv\u016bnai, o kai kurios r\u016b\u0161ys sudaro skirtingas kastas, pavyzd\u017eiui, darbinink\u0173, kareivi\u0173, \u016bkinink\u0173 ar net slaugytoj\u0173. Ir sp\u0117kite k\u0105, visos jos yra patel\u0117s.<\/p>\n<p>Skruzd\u0117l\u0117s yra nepaprastai svarbios m\u016bs\u0173 aplinkai. Jos ne tik gyvena visose gyvenamose pasaulio ekosistemose, bet ir yra labiau specializuotos ir universalios nei bet kuri kita r\u016b\u0161is. Skruzd\u0117l\u0117s taip pat pana\u0161ios \u012f mus savo gyvenimo b\u016bdu. Darbo pasidalijimas, gyvenimas kartu didel\u0117mis kolonijomis u\u017edaroje erdv\u0117je ir naudojimasis skirtingais maisto grandin\u0117s lygiais visose ekosistemose lemia j\u0173, kaip ir m\u016bs\u0173, \u017emoni\u0173, s\u0117km\u0119. Skirtumas tik tas, kad mes n\u0117 i\u0161 tolo nesame tokie efektyv\u016bs, o skruzd\u0117s gyvuoja jau daugiau kaip 130 mln. met\u0173, o \u017emon\u0117s - tik apie 300 000 met\u0173.<\/p>\n<p>\u00a0<\/p>\n<p>Nor\u0117dami pad\u0117ti nuspr\u0119sti, kurias skruzd\u0117li\u0173 r\u016b\u0161is norite pasilikti, galite pasinaudoti m\u016bs\u0173 <a href=\"https:\/\/antcube.shop\/ant-finder\/\">&#8220;<strong>Skruzd\u017ei\u0173 ie\u0161kiklis<\/strong>&#8220;<\/a><\/p>\n\n\t\t<\/div>\n\t\t\t\t\t<\/div>\n\n\t\n\n\t<div id=\"col-45420543\" class=\"col medium-6 small-12 large-6\"  >\n\t\t\t\t<div class=\"col-inner\"  >\n\t\t\t\n\t\t\t\n\n\t<div class=\"img has-hover x md-x lg-x y md-y lg-y\" id=\"image_1583809754\">\n\t\t<a class=\"image-lightbox lightbox-gallery\" title=\"\" href=\"https:\/\/i0.wp.com\/antcube.shop\/wp-content\/uploads\/2021\/07\/Camponotus-micans-Startbild.jpg?fit=800%2C600&#038;ssl=1\">\t\t\t\t\t\t<div class=\"img-inner image-zoom-long dark\" >\n\t\t\t<img data-recalc-dims=\"1\" loading=\"lazy\" decoding=\"async\" width=\"1020\" height=\"765\" src=\"https:\/\/i0.wp.com\/antcube.shop\/wp-content\/uploads\/2021\/07\/Camponotus-micans-Startbild.jpg?resize=1020%2C765&#038;ssl=1\" class=\"attachment-original size-original\" alt=\"Camponotus micans skruzd\u0117lyno motin\u0117l\u0117 su jaunikliais ir darbinink\u0117mis makro baltame fone\" srcset=\"https:\/\/i0.wp.com\/antcube.shop\/wp-content\/uploads\/2021\/07\/Camponotus-micans-Startbild.jpg?w=2048&amp;ssl=1 2048w, https:\/\/i0.wp.com\/antcube.shop\/wp-content\/uploads\/2021\/07\/Camponotus-micans-Startbild.jpg?resize=510%2C383&amp;ssl=1 510w, https:\/\/i0.wp.com\/antcube.shop\/wp-content\/uploads\/2021\/07\/Camponotus-micans-Startbild.jpg?resize=533%2C400&amp;ssl=1 533w, https:\/\/i0.wp.com\/antcube.shop\/wp-content\/uploads\/2021\/07\/Camponotus-micans-Startbild.jpg?resize=1067%2C800&amp;ssl=1 1067w, https:\/\/i0.wp.com\/antcube.shop\/wp-content\/uploads\/2021\/07\/Camponotus-micans-Startbild.jpg?resize=768%2C576&amp;ssl=1 768w, https:\/\/i0.wp.com\/antcube.shop\/wp-content\/uploads\/2021\/07\/Camponotus-micans-Startbild.jpg?resize=1536%2C1152&amp;ssl=1 1536w\" sizes=\"auto, (max-width: 1020px) 100vw, 1020px\" \/>\t\t\t\t\t\t\n\t\t\t\t\t<\/div>\n\t\t\t\t\t\t<\/a>\t\t\n<style>\n#image_1583809754 {\n  width: 100%;\n}\n<\/style>\n\t<\/div>\n\t\n\n\t<div id=\"text-1951134120\" class=\"text\">\n\t\t\n\n<p>Camponotus micans<\/p>\n\t\t\n<style>\n#text-1951134120 {\n  text-align: center;\n}\n<\/style>\n\t<\/div>\n\t\n\n\t\t<\/div>\n\t\t\t\t\t<\/div>\n\n\t\n\n<\/div>\n<div class=\"row\"  id=\"row-1262770942\">\n\n\n\t<div id=\"col-1821032166\" class=\"col medium-6 small-12 large-6\"  >\n\t\t\t\t<div class=\"col-inner\"  >\n\t\t\t\n\t\t\t\n\n<h3>Kokio formikariumo man reikia?<\/h3>\n<p>Kadangi skruzd\u0117l\u0117s gyvena beveik visose skirtingose ekosistemose, j\u0173 laikymo poreikiai taip pat skiriasi. Skruzd\u0117li\u0173 yra m\u016bs\u0173 miestuose, mi\u0161kuose, dykumose, kalnuose, atogr\u0105\u017e\u0173 regionuose ir net mangrov\u0117se bei subarktiniuose regionuose.<\/p>\n<p>Kaip skiriasi gyvenamosios buvein\u0117s, taip skiriasi ir lizd\u0173 tipai. Labiausiai paplit\u0119s lizdas yra ant \u017eem\u0117s. Kitos r\u016b\u0161ys gyvena, pavyzd\u017eiui, negyvoje medienoje, med\u017ei\u0173 ertm\u0117se ir tarp akmen\u0173, piliakalni\u0173 lizduose arba vadinamuosiuose skruzd\u0117lynuose. Kiti re\u010diau pasitaikantys lizd\u0173 tipai - tai maitvanagi\u0173 skruzd\u0117li\u0173 bivakiniai lizdai, aud\u0117j\u0173 skruzd\u0117li\u0173 \u0161ilkiniai lizdai arba Lasisus fuliginosus kartoniniai lizdai.<\/p>\n<p>\u012erodyta, kad norint s\u0117kmingai laikyti skruzd\u0117les, reikia kuo tiksliau imituoti nat\u016bralias s\u0105lygas. Tod\u0117l ilg\u0105 laik\u0105 eksperimentavome su \u012fvairiomis med\u017eiagomis ir lizd\u0173 bei aren\u0173 plot\u0173 deriniais ir suk\u016br\u0117me pradin\u012f rinkin\u012f visoms komerci\u0161kai prieinamoms skruzd\u0117li\u0173 r\u016b\u0161ims.<\/p>\n<p>\u00a0<\/p>\n<p>Nor\u0117dami rasti pradin\u012f rinkin\u012f, geriausiai tinkant\u012f norimai laikyti skruzd\u017ei\u0173 r\u016b\u0161iai, naudokite, pvz., m\u016bs\u0173 \"<strong><a href=\"https:\/\/antcube.shop\/formicarium-finder\/\">Pradinio rinkinio ie\u0161kiklis<\/a><\/strong>&#8221;\u00a0<\/p>\n\n\t\t<\/div>\n\t\t\t\t\t<\/div>\n\n\t\n\n\t<div id=\"col-1854880952\" class=\"col medium-6 small-12 large-6\"  >\n\t\t\t\t<div class=\"col-inner\"  >\n\t\t\t\n\t\t\t\n\n\t<div class=\"img has-hover x md-x lg-x y md-y lg-y\" id=\"image_1785835854\">\n\t\t\t\t\t\t<div data-animate=\"fadeInUp\">\t\t<div class=\"img-inner image-zoom-long dark\" >\n\t\t\t<img data-recalc-dims=\"1\" loading=\"lazy\" decoding=\"async\" width=\"1020\" height=\"1020\" src=\"https:\/\/i0.wp.com\/antcube.shop\/wp-content\/uploads\/2021\/07\/Starter-Set-Combi.jpg?resize=1020%2C1020&#038;ssl=1\" class=\"attachment-original size-original\" alt=\"ANTCUBE Starter Set Combi - nebrangi skruzd\u017ei\u0173 auginimo prad\u017eia. \u012e \u0161\u012f rinkin\u012f \u012feina arena su integruotu lizdu skruzd\u0117li\u0173 kolonijai.\" srcset=\"https:\/\/i0.wp.com\/antcube.shop\/wp-content\/uploads\/2021\/07\/Starter-Set-Combi.jpg?w=2000&amp;ssl=1 2000w, https:\/\/i0.wp.com\/antcube.shop\/wp-content\/uploads\/2021\/07\/Starter-Set-Combi.jpg?resize=247%2C247&amp;ssl=1 247w, https:\/\/i0.wp.com\/antcube.shop\/wp-content\/uploads\/2021\/07\/Starter-Set-Combi.jpg?resize=100%2C100&amp;ssl=1 100w, https:\/\/i0.wp.com\/antcube.shop\/wp-content\/uploads\/2021\/07\/Starter-Set-Combi.jpg?resize=510%2C510&amp;ssl=1 510w, https:\/\/i0.wp.com\/antcube.shop\/wp-content\/uploads\/2021\/07\/Starter-Set-Combi.jpg?resize=400%2C400&amp;ssl=1 400w, https:\/\/i0.wp.com\/antcube.shop\/wp-content\/uploads\/2021\/07\/Starter-Set-Combi.jpg?resize=800%2C800&amp;ssl=1 800w, https:\/\/i0.wp.com\/antcube.shop\/wp-content\/uploads\/2021\/07\/Starter-Set-Combi.jpg?resize=280%2C280&amp;ssl=1 280w, https:\/\/i0.wp.com\/antcube.shop\/wp-content\/uploads\/2021\/07\/Starter-Set-Combi.jpg?resize=768%2C768&amp;ssl=1 768w, https:\/\/i0.wp.com\/antcube.shop\/wp-content\/uploads\/2021\/07\/Starter-Set-Combi.jpg?resize=1536%2C1536&amp;ssl=1 1536w\" sizes=\"auto, (max-width: 1020px) 100vw, 1020px\" \/>\t\t\t\t\t\t\n\t\t\t\t\t<\/div>\n\t\t<\/div>\t\t\t\t\t\t\n<style>\n#image_1785835854 {\n  width: 100%;\n}\n<\/style>\n\t<\/div>\n\t\n\n\n\t\t<\/div>\n\t\t\t\t\t<\/div>\n\n\t\n\n<\/div>","protected":false},"excerpt":{"rendered":"","protected":false},"author":1,"featured_media":0,"parent":0,"menu_order":0,"comment_status":"closed","ping_status":"closed","template":"","meta":{"_acf_changed":false,"content-type":"","_monsterinsights_skip_tracking":false,"_monsterinsights_sitenote_active":false,"_monsterinsights_sitenote_note":"","_monsterinsights_sitenote_category":0,"footnotes":""},"class_list":["post-700","page","type-page","status-publish","hentry"],"acf":[],"aioseo_notices":[],"jetpack_sharing_enabled":true,"_links":{"self":[{"href":"https:\/\/antcube.shop\/lt\/wp-json\/wp\/v2\/pages\/700","targetHints":{"allow":["GET"]}}],"collection":[{"href":"https:\/\/antcube.shop\/lt\/wp-json\/wp\/v2\/pages"}],"about":[{"href":"https:\/\/antcube.shop\/lt\/wp-json\/wp\/v2\/types\/page"}],"author":[{"embeddable":true,"href":"https:\/\/antcube.shop\/lt\/wp-json\/wp\/v2\/users\/1"}],"replies":[{"embeddable":true,"href":"https:\/\/antcube.shop\/lt\/wp-json\/wp\/v2\/comments?post=700"}],"version-history":[{"count":10,"href":"https:\/\/antcube.shop\/lt\/wp-json\/wp\/v2\/pages\/700\/revisions"}],"predecessor-version":[{"id":7096,"href":"https:\/\/antcube.shop\/lt\/wp-json\/wp\/v2\/pages\/700\/revisions\/7096"}],"wp:attachment":[{"href":"https:\/\/antcube.shop\/lt\/wp-json\/wp\/v2\/media?parent=700"}],"curies":[{"name":"wp","href":"https:\/\/api.w.org\/{rel}","templated":true}]}}