{"id":645,"date":"2021-07-30T13:36:43","date_gmt":"2021-07-30T11:36:43","guid":{"rendered":"https:\/\/antcube.shop\/?page_id=645"},"modified":"2024-11-29T15:29:21","modified_gmt":"2024-11-29T14:29:21","slug":"pasiekiamumo-reguliavimas","status":"publish","type":"page","link":"https:\/\/antcube.shop\/lt\/pasiekiamumo-reguliavimas\/","title":{"rendered":"REACH reglamentas"},"content":{"rendered":"<div id=\"gap-74894293\" class=\"gap-element clearfix\" style=\"display:block; height:auto;\">\n\t\t\n<style>\n#gap-74894293 {\n  padding-top: 198px;\n}\n@media (min-width:850px) {\n  #gap-74894293 {\n    padding-top: 190px;\n  }\n}\n<\/style>\n\t<\/div>\n\t\n\n<div class=\"row\"  id=\"row-529535461\">\n\n\n\t<div id=\"col-232996246\" class=\"col small-12 large-12\"  >\n\t\t\t\t<div class=\"col-inner\"  >\n\t\t\t\n\t\t\t\n\n<h3><b>M\u016bs\u0173 gamini\u0173 atitiktis REACH<\/b><\/h3>\n<ol>\n<li><b> m\u016bs\u0173 gamini\u0173 statusas pagal REACH reglament\u0105 <\/b><b><br \/><\/b><span style=\"font-weight: 400;\">ANTSTORE produktai apibr\u0117\u017eiami kaip <\/span><b>straipsniai <\/b><span style=\"font-weight: 400;\">pagal REACH reglament\u0105.<\/span><\/li>\n<\/ol>\n<ul>\n<li style=\"font-weight: 400;\" aria-level=\"1\"><span style=\"font-weight: 400;\">J\u0173 funkcij\u0105 pirmiausia lemia <\/span><b>j\u0173 form\u0105, pavidal\u0105 ir pavir\u0161i\u0173.<\/b><span style=\"font-weight: 400;\">, o ne pagal j\u0173 chemin\u0119 sud\u0117t\u012f.<\/span><\/li>\n<li style=\"font-weight: 400;\" aria-level=\"1\"><b>Registruotis neprivaloma <\/b><span style=\"font-weight: 400;\">\u0161iuos gaminius pagal REACH reglament\u0105.<\/span><\/li>\n<\/ul>\n<ol start=\"2\">\n<li><b> SVHC med\u017eiagos (labai didel\u012f susir\u016bpinim\u0105 kelian\u010dios med\u017eiagos)<\/b><\/li>\n<\/ol>\n<ul>\n<li style=\"font-weight: 400;\" aria-level=\"1\"><span style=\"font-weight: 400;\">M\u016bs\u0173 produktai <\/span><b>sud\u0117tyje n\u0117ra joki\u0173 med\u017eiag\u0173 <\/b><span style=\"font-weight: 400;\">kuri\u0173 sud\u0117tyje yra daugiau kaip 0,1 proc. mas\u0117s ir kurie apibr\u0117\u017eiami kaip <\/span><b>SVHC <\/b><span style=\"font-weight: 400;\">(labai didel\u012f susir\u016bpinim\u0105 kelian\u010dios chemin\u0117s med\u017eiagos) pagal REACH reglamento 57 straipsn\u012f ir \u012ftrauktos \u012f reglamento XIV pried\u0105 (vadinam\u0105j\u012f \"kandidatin\u012f s\u0105ra\u0161\u0105\").<\/span><\/li>\n<\/ul>\n<p><b>3 Tolesnio naudotojo vaidmuo <\/b><b><br \/><\/b><span style=\"font-weight: 400;\">Pagal REACH reglament\u0105 m\u016bs\u0173 \u012fmon\u0117 laikoma <\/span><b>tolesnis naudotojas<\/b><span style=\"font-weight: 400;\">.<\/span><\/p>\n<ul>\n<li style=\"font-weight: 400;\" aria-level=\"1\"><span style=\"font-weight: 400;\">Visoms gamybos procese naudojamoms med\u017eiagoms ir preparatams (pvz., klijams, da\u017eams, tepalams):<\/span>\n<ul>\n<li style=\"font-weight: 400;\" aria-level=\"2\"><span style=\"font-weight: 400;\">Ar i\u0161 savo tiek\u0117j\u0173 gavome patvirtinimus ir deklaracijas d\u0117l numatomo naudojimo ir (dabartinio) <\/span><b>i\u0161ankstin\u0117 registracija<\/b><span style=\"font-weight: 400;\">?<\/span><\/li>\n<li style=\"font-weight: 400;\" aria-level=\"2\"><span style=\"font-weight: 400;\">Glaud\u017eiai bendraujame su savo tiek\u0117jais, kad u\u017etikrintume atitikt\u012f REACH reikalavimams.<\/span><\/li>\n<\/ul>\n<\/li>\n<li style=\"font-weight: 400;\" aria-level=\"1\"><span style=\"font-weight: 400;\">Nenaudojame joki\u0173 med\u017eiag\u0173 ar preparat\u0173, kuriuos m\u016bs\u0173 \u012fmonei reik\u0117t\u0173 (i\u0161 anksto) \u012fregistruoti.<\/span><\/li>\n<\/ul>\n<p><span style=\"font-weight: 400;\">Jei turite daugiau klausim\u0173 apie m\u016bs\u0173 gamini\u0173 atitikt\u012f REACH, nedvejodami kreipkit\u0117s \u012f mus.<\/span><\/p>\n<p>\u00a0<\/p>\n<p>\u00a0<\/p>\n<p><a href=\"https:\/\/www.antstore.net\/shop\/images\/documents\/ant%20escape%20protection%20lacquer%20EN.pdf\" target=\"_blank\" rel=\"noopener\"><span style=\"font-family: verdana,arial,helvetica,sans-serif;\"><img data-recalc-dims=\"1\" decoding=\"async\" src=\"https:\/\/i0.wp.com\/www.antstore.net\/shop\/images\/pdf_logo.gif?w=1020&#038;ssl=1\" alt=\"\" border=\"0\" \/>\u00a0Apsaugos nuo skruzd\u0117li\u0173 pab\u0117gimo lako saugos duomen\u0173 lapas<\/span><\/a>\u00a0(angl\u0173 kalba) , (PDF 0,2 MB)<br \/><span style=\"color: #666666; font-family: arial,helvetica,sans-serif; font-size: xx-small;\">(turinys: saugos instrukcijos)<\/span><\/p>\n<p><a href=\"https:\/\/www.antstore.net\/shop\/images\/documents\/ant_escape_protection_oil_en.pdf\" target=\"_blank\" rel=\"noopener\"><span style=\"font-family: verdana,arial,helvetica,sans-serif;\"><img data-recalc-dims=\"1\" decoding=\"async\" src=\"https:\/\/i0.wp.com\/www.antstore.net\/shop\/images\/pdf_logo.gif?w=1020&#038;ssl=1\" alt=\"\" border=\"0\" \/>\u00a0Apsaugos nuo skruzd\u0117li\u0173 alyvos saugos duomen\u0173 lapas<\/span><\/a>\u00a0(angl\u0173 kalba) , (PDF 0,1 MB)<br \/><span style=\"color: #666666; font-family: arial,helvetica,sans-serif; font-size: xx-small;\">(turinys: saugos instrukcijos)<\/span>\u00a0<\/p>\n\n\t\t<\/div>\n\t\t\t\t\t<\/div>\n\n\t\n\n<\/div>","protected":false},"excerpt":{"rendered":"","protected":false},"author":1,"featured_media":0,"parent":0,"menu_order":0,"comment_status":"closed","ping_status":"closed","template":"","meta":{"_acf_changed":false,"content-type":"","_monsterinsights_skip_tracking":false,"_monsterinsights_sitenote_active":false,"_monsterinsights_sitenote_note":"","_monsterinsights_sitenote_category":0,"footnotes":""},"class_list":["post-645","page","type-page","status-publish","hentry"],"acf":[],"aioseo_notices":[],"jetpack_sharing_enabled":true,"_links":{"self":[{"href":"https:\/\/antcube.shop\/lt\/wp-json\/wp\/v2\/pages\/645","targetHints":{"allow":["GET"]}}],"collection":[{"href":"https:\/\/antcube.shop\/lt\/wp-json\/wp\/v2\/pages"}],"about":[{"href":"https:\/\/antcube.shop\/lt\/wp-json\/wp\/v2\/types\/page"}],"author":[{"embeddable":true,"href":"https:\/\/antcube.shop\/lt\/wp-json\/wp\/v2\/users\/1"}],"replies":[{"embeddable":true,"href":"https:\/\/antcube.shop\/lt\/wp-json\/wp\/v2\/comments?post=645"}],"version-history":[{"count":10,"href":"https:\/\/antcube.shop\/lt\/wp-json\/wp\/v2\/pages\/645\/revisions"}],"predecessor-version":[{"id":10640,"href":"https:\/\/antcube.shop\/lt\/wp-json\/wp\/v2\/pages\/645\/revisions\/10640"}],"wp:attachment":[{"href":"https:\/\/antcube.shop\/lt\/wp-json\/wp\/v2\/media?parent=645"}],"curies":[{"name":"wp","href":"https:\/\/api.w.org\/{rel}","templated":true}]}}