{"id":643,"date":"2021-07-30T13:36:12","date_gmt":"2021-07-30T11:36:12","guid":{"rendered":"https:\/\/antcube.shop\/?page_id=643"},"modified":"2024-11-29T15:31:27","modified_gmt":"2024-11-29T14:31:27","slug":"elektros-prietaisu-istatymas","status":"publish","type":"page","link":"https:\/\/antcube.shop\/lt\/elektros-prietaisu-istatymas\/","title":{"rendered":"Elektros prietais\u0173 \u012fstatymas"},"content":{"rendered":"<div id=\"gap-670940207\" class=\"gap-element clearfix\" style=\"display:block; height:auto;\">\n\t\t\n<style>\n#gap-670940207 {\n  padding-top: 190px;\n}\n<\/style>\n\t<\/div>\n\t\n\n<div class=\"row\"  id=\"row-1216877150\">\n\n\n\t<div id=\"col-1338582563\" class=\"col small-12 large-12\"  >\n\t\t\t\t<div class=\"col-inner\"  >\n\t\t\t\n\t\t\t\n\n\t<div id=\"text-2292104203\" class=\"text\">\n\t\t\n\n<h3><b>Informacija pagal Vokietijos Elektros ir elektronin\u0117s \u012frangos \u012fstatym\u0105 (ElektroG)<\/b><\/h3>\n<p><span style=\"font-weight: 400;\">M\u016bs\u0173 EE\u012eA registracijos numeris: <\/span><b>DE 54590387<\/b><\/p>\n<p><b>1 \u012evadas <\/b><b><br \/><\/b><span style=\"font-weight: 400;\">\"ElektroG\" reguliuoja <\/span><b>pateikimas \u012f rink\u0105<\/b><span style=\"font-weight: 400;\">, <\/span><b>gr\u0105\u017einimo . <\/b><span style=\"font-weight: 400;\">ir <\/span><b>aplinkai nekenksmingas \u0161alinimas <\/b><span style=\"font-weight: 400;\">elektros ir elektronin\u0117s \u012frangos. Tikslas - skatinti aplinkos apsaug\u0105 ir u\u017etikrinti verting\u0173 \u017ealiav\u0173 perdirbim\u0105.<\/span><\/p>\n<ol start=\"2\">\n<li><b> teisin\u0117s prievol\u0117s vartotojams<\/b><\/li>\n<\/ol>\n<ul>\n<li style=\"font-weight: 400;\" aria-level=\"1\"><b>Draudimas \u0161alinti likutines atliekas<\/b><span style=\"font-weight: 400;\">: Sen\u0173 elektros prietais\u0173 negalima i\u0161mesti \u012f likutines atliekas.<\/span><\/li>\n<li style=\"font-weight: 400;\" aria-level=\"1\"><b>\u012esipareigojimas gr\u0105\u017einti<\/b><span style=\"font-weight: 400;\">: Vartotojai yra teisi\u0161kai \u012fpareigoti i\u0161mesti panaudotas elektros ir elektronin\u0117s \u012frangos atliekas savivaldybi\u0173 atliek\u0173 surinkimo centruose (\u00d6RE - vie\u0161osios atliek\u0173 \u0161alinimo institucijos) arba atitinkamose atgalinio surinkimo sistemose.<\/span><\/li>\n<li style=\"font-weight: 400;\" aria-level=\"1\"><b>Ter\u0161alai ir perdirbimas<\/b><span style=\"font-weight: 400;\">:<\/span>\n<ul>\n<li style=\"font-weight: 400;\" aria-level=\"2\"><span style=\"font-weight: 400;\">Senuose elektros prietaisuose gali b\u016bti kenksming\u0173 med\u017eiag\u0173, kurios gali pakenkti aplinkai ir sveikatai, jei jie netinkamai saugomi arba \u0161alinami.<\/span><\/li>\n<li style=\"font-weight: 400;\" aria-level=\"2\"><span style=\"font-weight: 400;\">Kartu juose yra verting\u0173 \u017ealiav\u0173, pavyzd\u017eiui, gele\u017eies, plastiko, sidabro ar stiklo, kurias galima perdirbti.<\/span><\/li>\n<\/ul>\n<\/li>\n<\/ul>\n<p><b>3 Kuriems prietaisams tai turi \u012ftakos? <\/b><b><br \/><\/b><span style=\"font-weight: 400;\">\"ElektroG\" taikoma daugumai elektrini\u0173 ir elektronini\u0173 prietais\u0173, kuriuos maitina elektra arba elektromagnetiniai laukai. Jiems, be kita ko, priklauso:<\/span><\/p>\n<ul>\n<li style=\"font-weight: 400;\" aria-level=\"1\"><span style=\"font-weight: 400;\">Klimato kompiuteris<\/span><\/li>\n<li style=\"font-weight: 400;\" aria-level=\"1\"><span style=\"font-weight: 400;\">\u0160ildymo kilim\u0117liai ir kabeliai<\/span><\/li>\n<li style=\"font-weight: 400;\" aria-level=\"1\"><span style=\"font-weight: 400;\">Skaitmeninis termometras ir higrometras<\/span><\/li>\n<li style=\"font-weight: 400;\" aria-level=\"1\"><span style=\"font-weight: 400;\">Oro dr\u0117kintuvai (miglos skleid\u0117jai)<\/span><\/li>\n<li style=\"font-weight: 400;\" aria-level=\"1\"><span style=\"font-weight: 400;\">Ventiliatorius<\/span><\/li>\n<\/ul>\n<p><span style=\"font-weight: 400;\">I\u0161samus atitinkam\u0173 kategorij\u0173 s\u0105ra\u0161as pateikiamas galiojan\u010dioje teisin\u0117je direktyvoje.<\/span><\/p>\n<p><b>4 Paveikt\u0173 prietais\u0173 \u017eenklinimas <\/b><b><br \/><\/b><span style=\"font-weight: 400;\">Gaminiai, kuriems taikoma ElektroG, yra pa\u017eym\u0117ti simboliu <\/span><b>perbraukta \u0161iuk\u0161liad\u0117\u017e\u0117<\/b><span style=\"font-weight: 400;\">. Tai rei\u0161kia, kad prietaiso negalima i\u0161mesti kartu su likutin\u0117mis atliekomis, bet jis turi b\u016bti \u0161alinamas per surinkimo centrus arba atgalinio surinkimo sistemas.<\/span><\/p>\n<p><b>5 ANTSTORE \u012fsipareigojimai pagal ElektroG <\/b><b><br \/><\/b><span style=\"font-weight: 400;\">ANTSTORE \u012fgyvendino visus ElektroG \u012fpareigojimus, kad u\u017etikrint\u0173 aplinkai saug\u0173 atliek\u0173 \u0161alinim\u0105:<\/span><\/p>\n<ul>\n<li style=\"font-weight: 400;\" aria-level=\"1\"><b>Registracija EAR<\/b><span style=\"font-weight: 400;\">:<\/span>\n<ul>\n<li style=\"font-weight: 400;\" aria-level=\"2\"><span style=\"font-weight: 400;\">ANTSTORE yra registruota EAR (Elektros ir elektronin\u0117s \u012frangos atliek\u0173 registro) fonde.<\/span><\/li>\n<li style=\"font-weight: 400;\" aria-level=\"2\"><span style=\"font-weight: 400;\">M\u016bs\u0173 EE\u012eA registracijos numeris: <\/span><b>DE <\/b><span style=\"font-weight: 400;\">54590387.<\/span><\/li>\n<\/ul>\n<\/li>\n<li style=\"font-weight: 400;\" aria-level=\"1\"><b>Tiek\u0117j\u0173 tikrinimas<\/b><span style=\"font-weight: 400;\">:<\/span>\n<ul>\n<li style=\"font-weight: 400;\" aria-level=\"2\"><span style=\"font-weight: 400;\">Visi tiek\u0117jai buvo ir yra nuolat tikrinami, ar laikosi registracijos \u012fsipareigojim\u0173.<\/span><\/li>\n<\/ul>\n<\/li>\n<li style=\"font-weight: 400;\" aria-level=\"1\"><b>\u017denklinimo prievol\u0117<\/b><span style=\"font-weight: 400;\">:<\/span>\n<ul>\n<li style=\"font-weight: 400;\" aria-level=\"2\"><span style=\"font-weight: 400;\">Visi ES pagaminti ir importuoti produktai yra tinkamai pa\u017eenklinti.<\/span><\/li>\n<\/ul>\n<\/li>\n<\/ul>\n<ol start=\"6\">\n<li><b> gr\u0105\u017einimo parinktys ANTSTORE \u0161akoje <\/b><b><br \/><\/b><span style=\"font-weight: 400;\">Be savivaldybi\u0173 surinkimo punkt\u0173, ANTSTORE savo klientams si\u016blo <\/span><b>savanori\u0161kas gr\u012f\u017eimas <\/b><span style=\"font-weight: 400;\">sen\u0173 prietais\u0173:<\/span><\/li>\n<\/ol>\n<ul>\n<li style=\"font-weight: 400;\" aria-level=\"1\"><span style=\"font-weight: 400;\">Klientai gali gr\u0105\u017einti senus prietaisus <\/span><b>nemokamai <\/b><span style=\"font-weight: 400;\">apsipirkdami m\u016bs\u0173 parduotuv\u0117je.<\/span><\/li>\n<li style=\"font-weight: 400;\" aria-level=\"1\"><span style=\"font-weight: 400;\">Tokiu b\u016bdu padedame patogiai ir ekologi\u0161kai \u0161alinti senus elektros prietaisus.<\/span><\/li>\n<\/ul>\n<p><b>Vartotojams skirta santrauka<\/b><\/p>\n<ul>\n<li style=\"font-weight: 400;\" aria-level=\"1\"><span style=\"font-weight: 400;\">Naudokit\u0117s savivaldybi\u0173 atliek\u0173 surinkimo centrais (\u00d6RE) arba parduotuv\u0117je esan\u010diomis atliek\u0173 surinkimo sistemomis.<\/span><\/li>\n<li style=\"font-weight: 400;\" aria-level=\"1\"><span style=\"font-weight: 400;\">Niekada nei\u0161meskite sen\u0173 elektros prietais\u0173 \u012f likutines atliekas.<\/span><\/li>\n<li style=\"font-weight: 400;\" aria-level=\"1\"><span style=\"font-weight: 400;\">Pad\u0117kite saugoti aplink\u0105 ir i\u0161teklius tinkamai \u0161alindami atliekas.<\/span><\/li>\n<\/ul>\n<p><span style=\"font-weight: 400;\">Jei turite daugiau klausim\u0173 apie m\u016bs\u0173 atliek\u0173 pri\u0117mimo ir \u0161alinimo paslaugas, nedvejodami susisiekite su mumis.<\/span><\/p>\n<p><b>Daugiau informacijos:<\/b><\/p>\n<p><a href=\"https:\/\/www.stiftung-ear.de\/de\/home\"><span style=\"font-weight: 400;\">www.stiftung-ear.de<\/span><\/a><\/p>\n<p><a href=\"https:\/\/www.bmuv.de\/themen\/kreislaufwirtschaft\/abfallarten-und-abfallstroeme\/uebersicht-abfallarten-und-abfallstroeme\"><span style=\"font-weight: 400;\">www.bmu.de<\/span><\/a><\/p>\n\n\t\t\n<style>\n#text-2292104203 {\n  text-align: left;\n}\n<\/style>\n\t<\/div>\n\t\n\n\t\t<\/div>\n\t\t\t\t\t<\/div>\n\n\t\n\n<\/div>","protected":false},"excerpt":{"rendered":"","protected":false},"author":1,"featured_media":0,"parent":0,"menu_order":0,"comment_status":"closed","ping_status":"closed","template":"","meta":{"_acf_changed":false,"content-type":"","_monsterinsights_skip_tracking":false,"_monsterinsights_sitenote_active":false,"_monsterinsights_sitenote_note":"","_monsterinsights_sitenote_category":0,"footnotes":""},"class_list":["post-643","page","type-page","status-publish","hentry"],"acf":[],"aioseo_notices":[],"jetpack_sharing_enabled":true,"_links":{"self":[{"href":"https:\/\/antcube.shop\/lt\/wp-json\/wp\/v2\/pages\/643","targetHints":{"allow":["GET"]}}],"collection":[{"href":"https:\/\/antcube.shop\/lt\/wp-json\/wp\/v2\/pages"}],"about":[{"href":"https:\/\/antcube.shop\/lt\/wp-json\/wp\/v2\/types\/page"}],"author":[{"embeddable":true,"href":"https:\/\/antcube.shop\/lt\/wp-json\/wp\/v2\/users\/1"}],"replies":[{"embeddable":true,"href":"https:\/\/antcube.shop\/lt\/wp-json\/wp\/v2\/comments?post=643"}],"version-history":[{"count":6,"href":"https:\/\/antcube.shop\/lt\/wp-json\/wp\/v2\/pages\/643\/revisions"}],"predecessor-version":[{"id":10641,"href":"https:\/\/antcube.shop\/lt\/wp-json\/wp\/v2\/pages\/643\/revisions\/10641"}],"wp:attachment":[{"href":"https:\/\/antcube.shop\/lt\/wp-json\/wp\/v2\/media?parent=643"}],"curies":[{"name":"wp","href":"https:\/\/api.w.org\/{rel}","templated":true}]}}