{"id":641,"date":"2021-07-30T13:35:42","date_gmt":"2021-07-30T11:35:42","guid":{"rendered":"https:\/\/antcube.shop\/?page_id=641"},"modified":"2024-11-29T15:44:57","modified_gmt":"2024-11-29T14:44:57","slug":"akumuliatoriu-teise","status":"publish","type":"page","link":"https:\/\/antcube.shop\/lt\/akumuliatoriu-teise\/","title":{"rendered":"Akumuliatori\u0173 teis\u0117"},"content":{"rendered":"<div id=\"gap-1733022760\" class=\"gap-element clearfix\" style=\"display:block; height:auto;\">\n\t\t\n<style>\n#gap-1733022760 {\n  padding-top: 190px;\n}\n<\/style>\n\t<\/div>\n\t\n\n<div class=\"row\"  id=\"row-118724386\">\n\n\n\t<div id=\"col-1416552888\" class=\"col small-12 large-12\"  >\n\t\t\t\t<div class=\"col-inner\"  >\n\t\t\t\n\t\t\t\n\n<h3><b>Pastabos d\u0117l Baterij\u0173 \u012fstatymo (BattG)<\/b><\/h3>\n<ol>\n<li><b> prietais\u0173 baterijos ir \u012fkraunamos baterijos. <\/b><b><br \/><\/b><span style=\"font-weight: 400;\">Daugelyje m\u016bs\u0173 gamini\u0173 yra baterij\u0173 arba \u012fkraunam\u0173 baterij\u0173, kurios naudojamos, pavyzd\u017eiui, nuotolinio valdymo pulteliams valdyti arba kaip nuolatiniai prietais\u0173 komponentai. Parduodami \u0161ias baterijas ar \u012fkraunamas baterijas, nor\u0117tume atkreipti j\u016bs\u0173 d\u0117mes\u012f \u012f tai, kas i\u0161d\u0117styta toliau:<\/span><\/li>\n<li><b> teisin\u0117 prievol\u0117 gr\u0105\u017einti<\/b><\/li>\n<\/ol>\n<ul>\n<li style=\"font-weight: 400;\" aria-level=\"1\"><b>Panaudot\u0173 baterij\u0173 \u0161alinimas<\/b><span style=\"font-weight: 400;\"><br \/><\/span><span style=\"font-weight: 400;\"> Pagal Baterij\u0173 \u012fstatym\u0105 panaudotos baterijos turi b\u016bti nemokamai atiduodamos \u012f savivaldyb\u0117s surinkimo centr\u0105, specialius panaudot\u0173 baterij\u0173 konteinerius arba vietiniam ma\u017emenininkui.<\/span><\/li>\n<li style=\"font-weight: 400;\" aria-level=\"1\"><b>Draudimas i\u0161mesti \u012f buitines atliekas<\/b><span style=\"font-weight: 400;\"><br \/><\/span><span style=\"font-weight: 400;\">Akumuliatorius draud\u017eiama i\u0161mesti \u012f buitines atliekas.<\/span><\/li>\n<\/ul>\n<ol start=\"3\">\n<li><b> gr\u0105\u017einimo parinktys ANTSTORE <\/b><b><br \/><\/b><span style=\"font-weight: 400;\">Jei nenorite naudotis savivaldybi\u0173 surinkimo punktais arba vietiniu ma\u017emenininku, si\u016blome jums \u0161ias m\u016bs\u0173 pateikt\u0173 baterij\u0173 gr\u0105\u017einimo galimybes:<\/span><\/li>\n<\/ol>\n<ul>\n<li style=\"font-weight: 400;\" aria-level=\"1\"><b>Nemokamas gr\u0105\u017einimas vietoje<\/b><span style=\"font-weight: 400;\"><br \/><\/span><span style=\"font-weight: 400;\">Akumuliatorius galite gr\u0105\u017einti tiesiai \u012f m\u016bs\u0173 parduotuv\u0119.<\/span><\/li>\n<li style=\"font-weight: 400;\" aria-level=\"1\"><b>Gr\u0105\u017einimas pa\u0161tu<\/b><span style=\"font-weight: 400;\"><br \/><\/span><span style=\"font-weight: 400;\">Baterijas si\u0173skite adresu:<\/span><span style=\"font-weight: 400;\"><br \/><\/span><b>ANTSTORE<\/b><b><br \/><\/b><b>Selerweg 41<\/b><b><br \/><\/b><b>D-12169 Berlynas<\/b><\/li>\n<\/ul>\n<ol start=\"4\">\n<li><b> baterij\u0173, kuriose yra kenksming\u0173 med\u017eiag\u0173, \u017eenklinimas. <\/b><b><br \/><\/b><span style=\"font-weight: 400;\">Baterijos, kuriose yra kenksming\u0173 med\u017eiag\u0173, yra pa\u017eym\u0117tos simboliu <\/span><b>perbraukta \u0161iuk\u0161liad\u0117\u017e\u0117<\/b><span style=\"font-weight: 400;\">. Po \u0161iuo simboliu pateikiamos chemin\u0117s santrumpos, \u017eymin\u010dios jame esan\u010dias kenksmingas med\u017eiagas:<\/span><\/li>\n<\/ol>\n<ul>\n<li style=\"font-weight: 400;\" aria-level=\"1\"><b>Pb <\/b><span style=\"font-weight: 400;\">= akumuliatoriuje yra \u0161vino<\/span><\/li>\n<li style=\"font-weight: 400;\" aria-level=\"1\"><b>Cd <\/b><span style=\"font-weight: 400;\">= baterijoje yra kadmio<\/span><\/li>\n<li style=\"font-weight: 400;\" aria-level=\"1\"><b>Hg <\/b><span style=\"font-weight: 400;\">= baterijoje yra gyvsidabrio<\/span><\/li>\n<\/ul>\n<ol start=\"5\">\n<li><b> papildoma informacija<\/b><\/li>\n<\/ol>\n<ul>\n<li style=\"font-weight: 400;\" aria-level=\"1\"><span style=\"font-weight: 400;\">Rasite i\u0161sami\u0105 informacij\u0105:<\/span>\n<ul>\n<li style=\"font-weight: 400;\" aria-level=\"2\"><span style=\"font-weight: 400;\">Prie preki\u0173 pristatymo pridedamuose dokumentuose.<\/span><\/li>\n<li style=\"font-weight: 400;\" aria-level=\"2\"><span style=\"font-weight: 400;\">Atitinkamo prietaiso gamintojo naudojimo instrukcijose.<\/span><\/li>\n<\/ul>\n<\/li>\n<li style=\"font-weight: 400;\" aria-level=\"1\"><span style=\"font-weight: 400;\">Daugiau informacijos galite rasti Akumuliatori\u0173 \u012fstatyme:<\/span>\n<ul>\n<li style=\"font-weight: 400;\" aria-level=\"2\"><span style=\"font-weight: 400;\">Federalin\u0117je aplinkos, gamtos apsaugos ir branduolin\u0117s saugos ministerijoje <\/span><a href=\"http:\/\/www.bmu.de\/abfallwirtschaft\"><span style=\"font-weight: 400;\">(<\/span><span style=\"font-weight: 400;\">www.bmu.de)<\/span><\/a><\/li>\n<li style=\"font-weight: 400;\" aria-level=\"2\"><span style=\"font-weight: 400;\">Federalin\u0117je aplinkos apsaugos agent\u016broje <\/span><a href=\"http:\/\/www.uba.de\"><span style=\"font-weight: 400;\">(<\/span><span style=\"font-weight: 400;\">www.uba.de)<\/span><\/a><\/li>\n<\/ul>\n<\/li>\n<\/ul>\n<p><b>Santrauka<\/b><\/p>\n<ul>\n<li style=\"font-weight: 400;\" aria-level=\"1\"><span style=\"font-weight: 400;\">Baterijos nepatenka \u012f buitines atliekas.<\/span><\/li>\n<li style=\"font-weight: 400;\" aria-level=\"1\"><span style=\"font-weight: 400;\">Naudokit\u0117s savivaldybi\u0173 surinkimo punktais, panaudot\u0173 baterij\u0173 konteineriais arba gr\u0105\u017einimo galimyb\u0117mis ANTSTORE.<\/span><\/li>\n<li style=\"font-weight: 400;\" aria-level=\"1\"><span style=\"font-weight: 400;\">Atkreipkite d\u0117mes\u012f \u012f perbraukt\u0105 \u0161iuk\u0161liad\u0117\u017e\u0117s simbol\u012f ir ter\u0161al\u0173 \u017eenklinim\u0105.<\/span><\/li>\n<\/ul>\n<p><span style=\"font-weight: 400;\">D\u0117kojame, kad aktyviai prisidedate prie aplinkos apsaugos ir teisingai i\u0161metate baterijas!<\/span><\/p>\n<h3><br \/><br \/><br \/><br \/><br \/><br \/><\/h3>\n\n\t\t<\/div>\n\t\t\t\t\t<\/div>\n\n\t\n\n<\/div>","protected":false},"excerpt":{"rendered":"","protected":false},"author":1,"featured_media":0,"parent":0,"menu_order":0,"comment_status":"closed","ping_status":"closed","template":"","meta":{"_acf_changed":false,"content-type":"","_monsterinsights_skip_tracking":false,"_monsterinsights_sitenote_active":false,"_monsterinsights_sitenote_note":"","_monsterinsights_sitenote_category":0,"footnotes":""},"class_list":["post-641","page","type-page","status-publish","hentry"],"acf":[],"aioseo_notices":[],"jetpack_sharing_enabled":true,"_links":{"self":[{"href":"https:\/\/antcube.shop\/lt\/wp-json\/wp\/v2\/pages\/641","targetHints":{"allow":["GET"]}}],"collection":[{"href":"https:\/\/antcube.shop\/lt\/wp-json\/wp\/v2\/pages"}],"about":[{"href":"https:\/\/antcube.shop\/lt\/wp-json\/wp\/v2\/types\/page"}],"author":[{"embeddable":true,"href":"https:\/\/antcube.shop\/lt\/wp-json\/wp\/v2\/users\/1"}],"replies":[{"embeddable":true,"href":"https:\/\/antcube.shop\/lt\/wp-json\/wp\/v2\/comments?post=641"}],"version-history":[{"count":3,"href":"https:\/\/antcube.shop\/lt\/wp-json\/wp\/v2\/pages\/641\/revisions"}],"predecessor-version":[{"id":10643,"href":"https:\/\/antcube.shop\/lt\/wp-json\/wp\/v2\/pages\/641\/revisions\/10643"}],"wp:attachment":[{"href":"https:\/\/antcube.shop\/lt\/wp-json\/wp\/v2\/media?parent=641"}],"curies":[{"name":"wp","href":"https:\/\/api.w.org\/{rel}","templated":true}]}}