{"id":639,"date":"2021-07-30T13:35:18","date_gmt":"2021-07-30T11:35:18","guid":{"rendered":"https:\/\/antcube.shop\/?page_id=639"},"modified":"2025-10-16T12:04:23","modified_gmt":"2025-10-16T10:04:23","slug":"mokejimo-budai","status":"publish","type":"page","link":"https:\/\/antcube.shop\/lt\/mokejimo-budai\/","title":{"rendered":"Mok\u0117jimo b\u016bdai"},"content":{"rendered":"<div id=\"gap-1622534769\" class=\"gap-element clearfix\" style=\"display:block; height:auto;\">\n\t\t\n<style>\n#gap-1622534769 {\n  padding-top: 202px;\n}\n@media (min-width:850px) {\n  #gap-1622534769 {\n    padding-top: 172px;\n  }\n}\n<\/style>\n\t<\/div>\n\t\n\n<div class=\"row\"  id=\"row-395740935\">\n\n\n\t<div id=\"col-257940812\" class=\"col small-12 large-12\"  >\n\t\t\t\t<div class=\"col-inner\"  >\n\t\t\t\n\t\t\t\n\n<h1>Mok\u0117jimo tipai<\/h1>\n<h3><strong>1. Mok\u0117jim\u0173 tipai<\/strong><\/h3>\n<h3><strong>- I\u0161ankstinis mok\u0117jimas<\/strong><\/h3>\n<p><img data-recalc-dims=\"1\" loading=\"lazy\" decoding=\"async\" class=\"\" src=\"https:\/\/i0.wp.com\/www.antstore.net\/shop\/images\/icons\/vorkasse.jpg?resize=301%2C97&#038;ssl=1\" alt=\"\" width=\"301\" height=\"97\" \/><\/p>\n<h3><strong>- Sofort\u00fcberweisung \/ Klarna<\/strong><\/h3>\n<p><img data-recalc-dims=\"1\" loading=\"lazy\" decoding=\"async\" class=\"\" src=\"https:\/\/i0.wp.com\/www.antstore.net\/shop\/images\/icons\/sofort.jpg?resize=309%2C99&#038;ssl=1\" alt=\"\" width=\"309\" height=\"99\" \/><\/p>\n<h3><strong>- \"PayPal<\/strong><\/h3>\n<p><img data-recalc-dims=\"1\" loading=\"lazy\" decoding=\"async\" class=\"\" src=\"https:\/\/i0.wp.com\/www.antstore.net\/shop\/images\/icons\/paypal.jpg?resize=294%2C95&#038;ssl=1\" alt=\"\" width=\"294\" height=\"95\" \/><\/p>\n<p><strong>&#8211;\u00a0<\/strong>- Neprivaloma kredito kortel\u0117 (Visa arba Mastercard) ir tiesioginis debetas (PayPal paslauga)<\/p>\n<p><img data-recalc-dims=\"1\" loading=\"lazy\" decoding=\"async\" class=\"\" src=\"https:\/\/i0.wp.com\/www.antstore.net\/shop\/images\/icons\/visa-master.JPG?resize=270%2C87&#038;ssl=1\" alt=\"\" width=\"270\" height=\"87\" \/><\/p>\n<p>- Kredito kortel\u0117 (Visa, MasterCard) ir tiesioginis debetas (PayPal paslauga)<\/p>\n<h3><strong>2. Mokes\u010diai u\u017e atitinkam\u0105 mok\u0117jimo b\u016bd\u0105:<\/strong><\/h3>\n<p>U\u017e si\u016blomus mok\u0117jimo b\u016bdus ES netaikomi jokie mokes\u010diai.<\/p>\n<h3><strong>3. Valiuta<\/strong><\/h3>\n<p>U\u017esakymai gali b\u016bti pateikiami ir mok\u0117jimai atliekami tik eurais (standartine valiuta). Visos kitos galimai rodomos valiutos skirtos tik apytikslei ap\u017evalgai.<br \/>Nesuteikiame joki\u0173 garantij\u0173 d\u0117l valiut\u0173 kurs\u0173 duomen\u0173 aktualumo!<\/p>\n<h3><strong>4. Kainos ir mokes\u010diai<\/strong><\/h3>\n<p>Vokietija: \u012e visas kainas \u012fskai\u010diuotas galiojantis PVM.<br \/>Europos S\u0105junga (ne Vokietija). Visos kainos yra su galiojan\u010diu PVM komerciniams klientams, turintiems PVM mok\u0117tojo kod\u0105. bus taikomos grynosios (be PVM) kainos.<\/p>\n\n\t\t<\/div>\n\t\t\t\t\t<\/div>\n\n\t\n\n<\/div>","protected":false},"excerpt":{"rendered":"","protected":false},"author":1,"featured_media":0,"parent":0,"menu_order":0,"comment_status":"closed","ping_status":"closed","template":"","meta":{"_acf_changed":false,"content-type":"","_monsterinsights_skip_tracking":false,"_monsterinsights_sitenote_active":false,"_monsterinsights_sitenote_note":"","_monsterinsights_sitenote_category":0,"footnotes":""},"class_list":["post-639","page","type-page","status-publish","hentry"],"acf":[],"aioseo_notices":[],"jetpack_sharing_enabled":true,"_links":{"self":[{"href":"https:\/\/antcube.shop\/lt\/wp-json\/wp\/v2\/pages\/639","targetHints":{"allow":["GET"]}}],"collection":[{"href":"https:\/\/antcube.shop\/lt\/wp-json\/wp\/v2\/pages"}],"about":[{"href":"https:\/\/antcube.shop\/lt\/wp-json\/wp\/v2\/types\/page"}],"author":[{"embeddable":true,"href":"https:\/\/antcube.shop\/lt\/wp-json\/wp\/v2\/users\/1"}],"replies":[{"embeddable":true,"href":"https:\/\/antcube.shop\/lt\/wp-json\/wp\/v2\/comments?post=639"}],"version-history":[{"count":9,"href":"https:\/\/antcube.shop\/lt\/wp-json\/wp\/v2\/pages\/639\/revisions"}],"predecessor-version":[{"id":6880,"href":"https:\/\/antcube.shop\/lt\/wp-json\/wp\/v2\/pages\/639\/revisions\/6880"}],"wp:attachment":[{"href":"https:\/\/antcube.shop\/lt\/wp-json\/wp\/v2\/media?parent=639"}],"curies":[{"name":"wp","href":"https:\/\/api.w.org\/{rel}","templated":true}]}}