{"id":632,"date":"2021-07-30T13:32:44","date_gmt":"2021-07-30T11:32:44","guid":{"rendered":"https:\/\/antcube.shop\/?page_id=632"},"modified":"2024-11-29T15:27:28","modified_gmt":"2024-11-29T14:27:28","slug":"grazinimo-politika","status":"publish","type":"page","link":"https:\/\/antcube.shop\/lt\/grazinimo-politika\/","title":{"rendered":"Skundai ir teis\u0117 atsisakyti sutarties"},"content":{"rendered":"<div id=\"gap-347040757\" class=\"gap-element clearfix\" style=\"display:block; height:auto;\">\n\t\t\n<style>\n#gap-347040757 {\n  padding-top: 200px;\n}\n@media (min-width:550px) {\n  #gap-347040757 {\n    padding-top: 197px;\n  }\n}\n@media (min-width:850px) {\n  #gap-347040757 {\n    padding-top: 190px;\n  }\n}\n<\/style>\n\t<\/div>\n\t\n\n<div class=\"row\"  id=\"row-1356722019\">\n\n\n\t<div id=\"col-1283078220\" class=\"col small-12 large-12\"  >\n\t\t\t\t<div class=\"col-inner\"  >\n\t\t\t\n\t\t\t\n\n<h3><b>Skund\u0173 nagrin\u0117jimas ir at\u0161aukimo teis\u0117<\/b><\/h3>\n<h4><b>1. skund\u0173 nagrin\u0117jimas<\/b><\/h4>\n<p><b>Bendra informacija:<\/b><\/p>\n<ul>\n<li style=\"font-weight: 400;\" aria-level=\"1\"><span style=\"font-weight: 400;\">Jei nesate patenkinti pristatytomis prek\u0117mis ar gyvais gyv\u016bnais, nedelsdami prane\u0161kite mums apie tai.<\/span><\/li>\n<li style=\"font-weight: 400;\" aria-level=\"1\"><span style=\"font-weight: 400;\">J\u016bs\u0173 teis\u0117s aktais nustatytas <\/span><b>garantin\u0117s teis\u0117s <\/b><span style=\"font-weight: 400;\">pagal \u00a7\u00a7 434 ir toliau. BGB (Vokietijos civilinis kodeksas) lieka nepakeisti.<\/span><\/li>\n<\/ul>\n<p><b>Prane\u0161kite apie skund\u0105:<\/b><\/p>\n<ul>\n<li style=\"font-weight: 400;\" aria-level=\"1\"><span style=\"font-weight: 400;\">Prane\u0161kite apie skundus per savo kliento paskyr\u0105: <\/span><span style=\"font-weight: 400;\"><br \/><\/span><b>J\u016bs\u0173 paskyra \u2192 J\u016bs\u0173 u\u017esakymai \u2192 Prane\u0161imai. <\/b><b><br \/><\/b><span style=\"font-weight: 400;\">\u010cia galima rasti parengt\u0105 form\u0105, kad gal\u0117tum\u0117te greitai i\u0161siai\u0161kinti problemas.<\/span><\/li>\n<\/ul>\n<p><b>Svarb\u016bs skund\u0173 teikimo veiksmai:<\/b><\/p>\n<ol>\n<li style=\"font-weight: 400;\" aria-level=\"1\"><b>Prie\u0161 gr\u0105\u017eindami prekes susisiekite su mumis:<\/b>\n<ul>\n<li style=\"font-weight: 400;\" aria-level=\"2\"><span style=\"font-weight: 400;\">Negr\u0105\u017einkite preki\u0173 be i\u0161ankstinio susitarimo. Pa\u017eeidimus da\u017enai galima u\u017efiksuoti nuotraukomis ir paai\u0161kinti el. pa\u0161tu.<\/span><\/li>\n<li style=\"font-weight: 400;\" aria-level=\"2\"><span style=\"font-weight: 400;\">Gr\u0105\u017einama tik m\u016bs\u0173 nurodymu.<\/span><\/li>\n<\/ul>\n<\/li>\n<li style=\"font-weight: 400;\" aria-level=\"1\"><b>Gyvi gyv\u016bnai:<\/b>\n<ul>\n<li style=\"font-weight: 400;\" aria-level=\"2\"><span style=\"font-weight: 400;\">Gav\u0119 avil\u012f, patikrinkite, ar avilys yra pilnas (motin\u0117l\u0117, perai, darbinink\u0117s) ir geros b\u016bkl\u0117s (pvz., ar n\u0117ra su\u017ealojim\u0173, erki\u0173 antpl\u016bd\u017eio).<\/span><\/li>\n<li style=\"font-weight: 400;\" aria-level=\"2\"><span style=\"font-weight: 400;\">Apie bet kokius neatitikimus ar gedimus nedelsdami prane\u0161kite el. pa\u0161tu verkauf@antstore.de, prid\u0117dami nuotraukas.<\/span><\/li>\n<\/ul>\n<\/li>\n<li style=\"font-weight: 400;\" aria-level=\"1\"><b>Transportavimo \u017eala:<\/b>\n<ul>\n<li style=\"font-weight: 400;\" aria-level=\"2\"><span style=\"font-weight: 400;\">kad i\u0161orinius pakuot\u0117s pa\u017eeidimus tiesiogiai pasteb\u0117t\u0173 pristatantis asmuo. Padaryt\u0105 \u017eal\u0105 u\u017efiksuokite nuotraukose ir informuokite mus el. pa\u0161tu verkauf@antstore.de.<\/span><\/li>\n<\/ul>\n<\/li>\n<li style=\"font-weight: 400;\" aria-level=\"1\"><b>Techniniai defektai:<\/b>\n<ul>\n<li style=\"font-weight: 400;\" aria-level=\"2\"><span style=\"font-weight: 400;\">Apie technines problemas prane\u0161kite mums arba tiesiogiai gamintojui. Kreipkit\u0117s \u012f gamintoj\u0105 nurodytu kar\u0161tuoju numeriu arba el. pa\u0161tu.<\/span><\/li>\n<li style=\"font-weight: 400;\" aria-level=\"2\"><span style=\"font-weight: 400;\">Defekt\u0173 atveju turite teis\u0119 \u012f <\/span><b>i\u0161taisymas<\/b><span style=\"font-weight: 400;\">, <\/span><b>pakaitinis pristatymas <\/b><span style=\"font-weight: 400;\">arba, jei i\u0161taisyti nepavyksta, nutraukti sutart\u012f arba suma\u017einti pirkimo kain\u0105 pagal BGB 439 straipsn\u012f.<\/span><\/li>\n<\/ul>\n<\/li>\n<li style=\"font-weight: 400;\" aria-level=\"1\"><b>Neteisingi arba tr\u016bkstami straipsniai:<\/b>\n<ul>\n<li style=\"font-weight: 400;\" aria-level=\"2\"><span style=\"font-weight: 400;\">Nedelsdami patikrinkite, ar siunta yra teisinga ir i\u0161sami.<\/span><\/li>\n<li style=\"font-weight: 400;\" aria-level=\"2\"><span style=\"font-weight: 400;\">Jei tr\u016bksta preki\u0173 arba jos supainiotos, prane\u0161kite mums, kad gal\u0117tume nedelsiant i\u0161taisyti klaid\u0105.<\/span><\/li>\n<\/ul>\n<\/li>\n<\/ol>\n<p><b>Keitimas ir (arba) at\u0161aukimas:<\/b><\/p>\n<ul>\n<li style=\"font-weight: 400;\" aria-level=\"1\"><span style=\"font-weight: 400;\">Jei prek\u0117 jums nepatinka, j\u0105 galima gr\u0105\u017einti laikantis <\/span><b>\u012fstatymin\u0117 teis\u0117 at\u0161aukti sutart\u012f <\/b><span style=\"font-weight: 400;\">(\u017er. toliau). B\u016btina s\u0105lyga - laikytis termin\u0173 ir s\u0105lyg\u0173.<\/span><\/li>\n<\/ul>\n<h4><b>2. at\u0161aukimo teis\u0117<\/b><\/h4>\n<ol>\n<li><b> Vartotojams taikoma at\u0161aukimo politika (pagal BGB 355 straipsn\u012f):<\/b><\/li>\n<li><b> bendroji teis\u0117 nutraukti nuotolin\u0117s prekybos sutartis:<\/b><\/li>\n<\/ol>\n<ul>\n<li style=\"font-weight: 400;\" aria-level=\"1\"><span style=\"font-weight: 400;\">Vartotojai (BGB 13 straipsnis), t. y. bet kuris fizinis asmuo, sudarantis teisin\u012f sandor\u012f, kurio tikslas i\u0161 esm\u0117s nesusij\u0119s nei su jo komercine, nei su jo savaranki\u0161ka profesine veikla, turi teis\u0119 atsisakyti preki\u0173 pirkimo sutarties per 14 dien\u0173, nenurodydamas prie\u017eas\u010di\u0173.<\/span><\/li>\n<\/ul>\n<ol start=\"2\">\n<li><b> informacij\u0105 apie at\u0161aukimo laikotarp\u012f:<\/b><\/li>\n<\/ol>\n<ul>\n<li style=\"font-weight: 400;\" aria-level=\"1\"><b>at\u0161aukimo laikotarpio prad\u017eia:<\/b>\n<ul>\n<li style=\"font-weight: 400;\" aria-level=\"2\"><span style=\"font-weight: 400;\">Prek\u0117ms, kurias galima si\u0173sti siuntini\u0173 pa\u0161tu: Nuo tos dienos, kai vartotojas arba jo nurodyta tre\u010dioji \u0161alis gauna paskutin\u0119 siuntos prek\u0119.<\/span><\/li>\n<li style=\"font-weight: 400;\" aria-level=\"2\"><span style=\"font-weight: 400;\">Ekspedijuojant prekes: Nuo tos dienos, kai ekspeditorius perduoda paskutines prekes.<\/span><\/li>\n<\/ul>\n<\/li>\n<\/ul>\n<ol start=\"3\">\n<li><b> parei\u0161kimas apie panaikinim\u0105: <\/b><b><br \/><\/b><span style=\"font-weight: 400;\">At\u0161aukimas atliekamas ai\u0161kiai ra\u0161tu (lai\u0161ku, el. pa\u0161tu) adresu:<\/span><\/li>\n<\/ol>\n<p><b>Susisiekite su: <\/b><b><br \/><\/b><span style=\"font-weight: 400;\">ANTSTORE, Martin Sebesta<\/span><span style=\"font-weight: 400;\"><br \/><\/span><span style=\"font-weight: 400;\">Selerweg 41, <\/span><span style=\"font-weight: 400;\">D-12169 Berlynas<\/span><span style=\"font-weight: 400;\"><br \/><\/span><span style=\"font-weight: 400;\">Telefonas: +49 30 439703870<\/span><span style=\"font-weight: 400;\"><br \/><\/span><span style=\"font-weight: 400;\">El. pa\u0161tas: verkauf (at) antstore.de<\/span><\/p>\n<p><span style=\"font-weight: 400;\">Toliau pateikiami \u0161ie duomenys <\/span><b>at\u0161aukimo formos pavyzdys<\/b><span style=\"font-weight: 400;\">galima naudoti (neprivaloma).<\/span><span style=\"font-weight: 400;\"><br \/><\/span><span style=\"font-weight: 400;\"> Kad b\u016bt\u0173 laikomasi termino, pakanka i\u0161si\u0173sti prane\u0161im\u0105 apie at\u0161aukim\u0105 iki termino pabaigos.<\/span><\/p>\n<ol start=\"4\">\n<li><b> at\u0161aukimo pasekmes:<\/b><\/li>\n<\/ol>\n<ul>\n<li style=\"font-weight: 400;\" aria-level=\"1\"><span style=\"font-weight: 400;\">Visi sumok\u0117ti mok\u0117jimai, \u012fskaitant standartines siuntimo i\u0161laidas (bet ne brangesnio pageidaujamo pristatymo i\u0161laidas), bus gr\u0105\u017einti ne v\u0117liau kaip per 14 dien\u0173 nuo at\u0161aukimo gavimo dienos.<\/span><\/li>\n<li style=\"font-weight: 400;\" aria-level=\"1\"><span style=\"font-weight: 400;\">Gr\u0105\u017einant pinigus bus naudojama pirmin\u0117 mok\u0117jimo priemon\u0117, nebent b\u016bt\u0173 susitarta kitaip. U\u017e pinig\u0173 gr\u0105\u017einim\u0105 mokes\u010diai netaikomi.<\/span><\/li>\n<li style=\"font-weight: 400;\" aria-level=\"1\"><span style=\"font-weight: 400;\">Gr\u0105\u017einti pinigus gali b\u016bti atsisakyta, kol prek\u0117s nebus gr\u0105\u017eintos arba kol nebus pateiktas gr\u0105\u017einimo \u012frodymas.<\/span><\/li>\n<\/ul>\n<p><b>Preki\u0173 gr\u0105\u017einimas:<\/b><\/p>\n<ul>\n<li style=\"font-weight: 400;\" aria-level=\"1\"><span style=\"font-weight: 400;\">Vartotojas padengia gr\u0105\u017einimo i\u0161laidas.<\/span><\/li>\n<li style=\"font-weight: 400;\" aria-level=\"1\"><span style=\"font-weight: 400;\">Prek\u0117s turi b\u016bti gr\u0105\u017eintos ne v\u0117liau kaip per 14 dien\u0173 nuo parei\u0161kimo apie atsisakym\u0105.<\/span><\/li>\n<li style=\"font-weight: 400;\" aria-level=\"1\"><span style=\"font-weight: 400;\">Vartotojas atsako u\u017e vert\u0117s suma\u017e\u0117jim\u0105 tik tuo atveju, jei jis atsirado d\u0117l netinkamo elgesio su preke, kuris vir\u0161ija b\u016btin\u0105 b\u016bkl\u0117s ir veikimo patikrinim\u0105.<\/span><\/li>\n<\/ul>\n<p><b>Pastaba:<\/b><\/p>\n<p><span style=\"font-weight: 400;\">Gr\u0105\u017eindami jautrias prekes, pavyzd\u017eiui, stikl\u0105, primygtinai rekomenduojame naudoti originali\u0105 pakuot\u0119. Tai papras\u010diausias b\u016bdas u\u017etikrinti, kad pakuot\u0117 yra tinkama \u0161i\u0173 med\u017eiag\u0173 apsaugai. Originali pakuot\u0117 da\u017enai b\u016bna specialiai sukurta jautrioms prek\u0117ms gabenti.<\/span><\/p>\n<p><span style=\"font-weight: 400;\">Jei nebeturite originalios pakuot\u0117s, svarbu, kad gaminys b\u016bt\u0173 gerai supakuotas ir pamink\u0161tintas. Be to, gamin\u012f d\u0117\u017eut\u0117je reik\u0117t\u0173 pad\u0117ti vertikaliai ir centruotai, o tu\u0161\u010dias vietas u\u017epildyti u\u017epildymo med\u017eiaga, kad gabenant gaminys nejud\u0117t\u0173 ir neb\u016bt\u0173 pa\u017eeistas.<\/span><\/p>\n<p><span style=\"font-weight: 400;\">Jei turite klausim\u0173, susisiekite su m\u016bs\u0173 klient\u0173 aptarnavimo komanda, kuri mielai pad\u0117s jums rasti tinkam\u0105 pakuot\u0119 saugiam preki\u0173 gr\u0105\u017einimui.<\/span><\/p>\n<ol>\n<li><b> Teis\u0117s at\u0161aukti sutart\u012f at\u0117mimas ir apribojimas (BGB 312g straipsnis): <\/b><b><br \/><\/b><span style=\"font-weight: 400;\">Teis\u0117 at\u0161aukti sutart\u012f netaikoma:<\/span><\/li>\n<\/ol>\n<ul>\n<li style=\"font-weight: 400;\" aria-level=\"1\"><span style=\"font-weight: 400;\">Prek\u0117s, pagamintos pagal kliento specifikacijas arba ai\u0161kiai individualizuotos.<\/span><\/li>\n<li style=\"font-weight: 400;\" aria-level=\"1\"><span style=\"font-weight: 400;\">Greitai gendan\u010dios prek\u0117s arba prek\u0117s, kuri\u0173 galiojimo laikas trumpas.<\/span><\/li>\n<li style=\"font-weight: 400;\" aria-level=\"1\"><span style=\"font-weight: 400;\">U\u017eplombuotos prek\u0117s, kuri\u0173 negalima gr\u0105\u017einti d\u0117l higienos ar sveikatos apsaugos sumetim\u0173, kai plomba nuimta.<\/span><\/li>\n<li style=\"font-weight: 400;\" aria-level=\"1\"><span style=\"font-weight: 400;\">Prek\u0117s, kurios d\u0117l savo pob\u016bd\u017eio yra neatskiriamai sumai\u0161ytos su kitomis prek\u0117mis.<\/span><\/li>\n<li style=\"font-weight: 400;\" aria-level=\"1\"><span style=\"font-weight: 400;\">Laikra\u0161\u010diai, \u017eurnalai ar periodiniai leidiniai (i\u0161skyrus prenumerat\u0105).<\/span><\/li>\n<\/ul>\n<ol>\n<li><b> Teis\u0117s nutraukti sutart\u012f pasibaigimas anks\u010diau laiko (BGB 356 straipsnis): <\/b><b><br \/><\/b><span style=\"font-weight: 400;\">Teis\u0117 nutraukti sutart\u012f anks\u010diau laiko nustoja galioti, jei:<\/span><\/li>\n<\/ol>\n<ul>\n<li style=\"font-weight: 400;\" aria-level=\"1\"><span style=\"font-weight: 400;\">U\u017eantspauduot\u0173 garso ir (arba) vaizdo \u012fra\u0161\u0173 arba programin\u0117s \u012frangos pristatymas, jei plomba buvo nuimta.<\/span><\/li>\n<li style=\"font-weight: 400;\" aria-level=\"1\"><span style=\"font-weight: 400;\">Paslaugos, kurios buvo suteiktos visi\u0161kai, jei vartotojas dav\u0117 ai\u0161k\u0173 i\u0161ankstin\u012f sutikim\u0105.<\/span><\/li>\n<\/ul>\n<h4><b>Pavyzdin\u0117 at\u0161aukimo forma<\/b><\/h4>\n<p><span style=\"font-weight: 400;\">Jei norite nutraukti sutart\u012f, naudokite \u0161i\u0105 form\u0105:<\/span><\/p>\n<p><b>Pavyzdin\u0117 at\u0161aukimo forma:<\/b><\/p>\n<p><b>Kam:<\/b><span style=\"font-weight: 400;\"><br \/><\/span><span style=\"font-weight: 400;\">ANTSTORE, Martin Sebesta<\/span><span style=\"font-weight: 400;\"><br \/><\/span><span style=\"font-weight: 400;\">Selerweg 41, D-12169 Berlynas<\/span><span style=\"font-weight: 400;\"><br \/><\/span><span style=\"font-weight: 400;\">Email:verkauf@antstore.de\u00a0<\/span><\/p>\n<p><b>Tema:<\/b><\/p>\n<p><span style=\"font-weight: 400;\">U\u017esakymo at\u0161aukimas [u\u017esakymo numeris]<\/span><\/p>\n<p>\u00a0<\/p>\n<p><b>Turinys:<\/b><\/p>\n<p><span style=\"font-weight: 400;\">\u0160iuo dokumentu atsisakau \u0161i\u0173 preki\u0173 pirkimo sutarties:<\/span><span style=\"font-weight: 400;\"><br \/><\/span><span style=\"font-weight: 400;\"> [\u012fra\u0161yti preki\u0173 apra\u0161ym\u0105]<\/span><\/p>\n<p><b>U\u017esakyta:<\/b><span style=\"font-weight: 400;\"> [data]<\/span><\/p>\n<p><b>Gauta: <\/b><span style=\"font-weight: 400;\">[data]<\/span><\/p>\n<p><b>Vartotojo pavadinimas: <\/b><span style=\"font-weight: 400;\">[Vardas]<\/span><\/p>\n<p><b>Vartotojo adresas: <\/b><span style=\"font-weight: 400;\">[adresas]<\/span><\/p>\n<p><span style=\"font-weight: 400;\">Data ir para\u0161as (tik jei at\u0161aukiama ra\u0161tu pa\u0161tu)<\/span><\/p>\n<p>\u00a0<\/p>\n<p><strong><span style=\"font-family: Verdana; font-size: small;\">Atsisi\u0173sti at\u0161aukimo form\u0105:<\/span><\/strong><br \/><a href=\"https:\/\/www.antstore.net\/shop\/images\/documents\/Information-Reklamation-de.pdf\" target=\"_blank\" rel=\"noopener\"><span style=\"font-family: verdana,arial,helvetica,sans-serif;\"><img data-recalc-dims=\"1\" decoding=\"async\" src=\"https:\/\/i0.wp.com\/www.antstore.net\/shop\/images\/pdf_logo.gif?w=1020&#038;ssl=1\" alt=\"\" border=\"0\" \/>Informacija ir gr\u0105\u017einimas<\/span><\/a> (vokie\u010di\u0173 kalba), (PDF 0,4 MB)<br \/><span style=\"color: #666666; font-family: arial,helvetica,sans-serif; font-size: xx-small;\">(Sudedama i\u0161: Informacija \/ Formuliaras)<\/span>\u00a0<\/p>\n<h2>Preki\u0173 gr\u0105\u017einimas ir (arba) at\u0161aukimas<\/h2>\n<p>Preki\u0173 kategorijos produkt\u0173 pristatym\u0105 ir gamyb\u0105 vykdo m\u016bs\u0173 partneris PRINTFUL. U\u017esisakydami vien\u0105 i\u0161 \u0161i\u0173 gamini\u0173 sutinkate su PRINTFUL s\u0105lygomis, privatumo politika ir gr\u0105\u017einimo politika.\u00a0<\/p>\n<p><a href=\"https:\/\/www.printful.com\/policies\/terms-of-service\">\u010cia rasite PRINTFUL taisykles ir s\u0105lygas.<\/a><\/p>\n<p><a href=\"https:\/\/www.printful.com\/policies\/returns\">PRINTFUL gr\u0105\u017einimo taisykles rasite \u010dia.<\/a><\/p>\n<p><a href=\"https:\/\/www.printful.com\/policies\/privacy\">PRINTFUL privatumo politik\u0105 rasite \u010dia.<\/a><\/p>\n\n\t\t<\/div>\n\t\t\t\t\t<\/div>\n\n\t\n\n<\/div>","protected":false},"excerpt":{"rendered":"","protected":false},"author":1,"featured_media":0,"parent":0,"menu_order":0,"comment_status":"closed","ping_status":"closed","template":"","meta":{"_acf_changed":false,"content-type":"","_monsterinsights_skip_tracking":false,"_monsterinsights_sitenote_active":false,"_monsterinsights_sitenote_note":"","_monsterinsights_sitenote_category":0,"footnotes":""},"class_list":["post-632","page","type-page","status-publish","hentry"],"acf":[],"aioseo_notices":[],"jetpack_sharing_enabled":true,"_links":{"self":[{"href":"https:\/\/antcube.shop\/lt\/wp-json\/wp\/v2\/pages\/632","targetHints":{"allow":["GET"]}}],"collection":[{"href":"https:\/\/antcube.shop\/lt\/wp-json\/wp\/v2\/pages"}],"about":[{"href":"https:\/\/antcube.shop\/lt\/wp-json\/wp\/v2\/types\/page"}],"author":[{"embeddable":true,"href":"https:\/\/antcube.shop\/lt\/wp-json\/wp\/v2\/users\/1"}],"replies":[{"embeddable":true,"href":"https:\/\/antcube.shop\/lt\/wp-json\/wp\/v2\/comments?post=632"}],"version-history":[{"count":10,"href":"https:\/\/antcube.shop\/lt\/wp-json\/wp\/v2\/pages\/632\/revisions"}],"predecessor-version":[{"id":10639,"href":"https:\/\/antcube.shop\/lt\/wp-json\/wp\/v2\/pages\/632\/revisions\/10639"}],"wp:attachment":[{"href":"https:\/\/antcube.shop\/lt\/wp-json\/wp\/v2\/media?parent=632"}],"curies":[{"name":"wp","href":"https:\/\/api.w.org\/{rel}","templated":true}]}}