{"id":630,"date":"2021-07-30T13:32:17","date_gmt":"2021-07-30T11:32:17","guid":{"rendered":"https:\/\/antcube.shop\/?page_id=630"},"modified":"2025-07-23T17:23:54","modified_gmt":"2025-07-23T15:23:54","slug":"teisinis-pranesimas","status":"publish","type":"page","link":"https:\/\/antcube.shop\/lt\/teisinis-pranesimas\/","title":{"rendered":"Teisinis prane\u0161imas"},"content":{"rendered":"<div id=\"gap-1196749431\" class=\"gap-element clearfix\" style=\"display:block; height:auto;\">\n\t\t\n<style>\n#gap-1196749431 {\n  padding-top: 199px;\n}\n@media (min-width:850px) {\n  #gap-1196749431 {\n    padding-top: 190px;\n  }\n}\n<\/style>\n\t<\/div>\n\t\n\n<div class=\"row\"  id=\"row-849613645\">\n\n\n\t<div id=\"col-2117595800\" class=\"col small-12 large-12\"  >\n\t\t\t\t<div class=\"col-inner\"  >\n\t\t\t\n\t\t\t\n\n<h1>Teisinis prane\u0161imas<\/h1>\n<p><strong>ANTCUBE i\u0161 <\/strong><b>ANTSTORE, Martin Sebesta<\/b><b><br \/><\/b><span style=\"font-weight: 400;\">Selerweg 41<\/span><span style=\"font-weight: 400;\"><br \/><\/span><span style=\"font-weight: 400;\">D-12169 Berlynas<\/span><\/p>\n<p><b>Susisiekite su<\/b><b><br \/><\/b><span style=\"font-weight: 400;\">Telefonas: +49 30 439703870<\/span><span style=\"font-weight: 400;\"><br \/><\/span><span style=\"font-weight: 400;\">E-mail:law@ants.de\u00a0<\/span><\/p>\n<p><b>Pardavimo mokes\u010dio identifikacinis numeris: <\/b><span style=\"font-weight: 400;\">DE215167549 <\/span><span style=\"font-weight: 400;\"><br \/><\/span><b>WEEE reg. Nr: <\/b><span style=\"font-weight: 400;\">DE54590387<\/span><\/p>\n<p><b>Atsakingas u\u017e turin\u012f pagal \u00a7 55 Abs. 2 RStV: <\/b><b><br \/><\/b><span style=\"font-weight: 400;\">Martin Sebesta (pirmiau nurodytas adresas)<\/span><\/p>\n<p><b>Informacija apie naudojim\u0105si svetaine<\/b><b><br \/><\/b><span style=\"font-weight: 400;\">Atsisi\u0173sti ar atsispausdinti atskirus m\u016bs\u0173 svetain\u0117s puslapius ar skyrius leid\u017eiama tik asmeniniam naudojimui.<\/span><span style=\"font-weight: 400;\"><br \/><\/span><span style=\"font-weight: 400;\"> Visi\u0161kai ar i\u0161 dalies atgaminti, platinti, perduoti (elektroniniu ar kitokiu b\u016bdu), keisti ar naudoti \u0161i\u0105 svetain\u0119 vie\u0161ais ar komerciniais tikslais be m\u016bs\u0173 i\u0161ankstinio ra\u0161ti\u0161ko sutikimo draud\u017eiama.<\/span><\/p>\n<p><b>Leid\u017eiama naudoti nekomerciniais tikslais: <\/b><b><br \/><\/b><span style=\"font-weight: 400;\">Naudoti m\u016bs\u0173 gamini\u0173 nuotraukas reklamai vietos parduotuv\u0117se leid\u017eiama laikantis \u0161i\u0173 s\u0105lyg\u0173:<\/span><\/p>\n<ul>\n<li style=\"font-weight: 400;\" aria-level=\"1\"><span style=\"font-weight: 400;\">Ant vis\u0173 nuotrauk\u0173 turi b\u016bti nurodytas \u0161altinis ir m\u016bs\u0173 logotipas (ANTSTORE\/ ANTCUBE\/ PLANTCUBE). <\/span><span style=\"font-weight: 400;\"><br \/><\/span><b>Spaudiniai: <\/b><span style=\"font-weight: 400;\">\u0160altinis: <\/span><a href=\"https:\/\/www.antstore.de\"><span style=\"font-weight: 400;\">www.antstore.de<\/span><span style=\"font-weight: 400;\"><br \/><\/span><\/a><b> Interneto svetain\u0117s: <\/b><span style=\"font-weight: 400;\">\u0160altinis: <\/span><a href=\"https:\/\/www.antstore.de\"><span style=\"font-weight: 400;\">www.antstore.de<\/span><\/a><span style=\"font-weight: 400;\"> (su nuoroda \u012f www.antstore.net\/shop\/) arba <\/span><a href=\"https:\/\/www.antcube.shop\"><span style=\"font-weight: 400;\">www.antcube.shop<\/span><\/a><\/li>\n<\/ul>\n<p><span style=\"font-weight: 400;\">Jei turite klausim\u0173 d\u0117l tinkamo logotipo i\u0161d\u0117stymo ir norite gauti j\u012f kaip skaitmenin\u012f fail\u0105, susisiekite su mumis el. pa\u0161tu marketing@antcube.de.<\/span><\/p>\n<p><b>Svarbi pastaba: <\/b><b><br \/><\/b><span style=\"font-weight: 400;\">Be ra\u0161ti\u0161ko leidimo draud\u017eiama naudoti m\u016bs\u0173 nuotraukas internetin\u0117se parduotuv\u0117se ar kitais komerciniais tikslais.<\/span><\/p>\n<p><b>Pastaba d\u0117l nuorod\u0173 svetain\u0117je <\/b><b><br \/><\/b><span style=\"font-weight: 400;\">M\u016bs\u0173 svetain\u0117je yra nuorod\u0173 \u012f i\u0161orines svetaines. Mes neprisiimame jokios atsakomyb\u0117s u\u017e \u0161i\u0173 svetaini\u0173 turin\u012f, nes neturime jokios \u012ftakos j\u0173 dizainui ir turiniui.<\/span><\/p>\n<p><span style=\"font-weight: 400;\">Mes ai\u0161kiai parei\u0161kiame, kad nepriimame i\u0161orini\u0173 svetaini\u0173 turinio kaip savo.<\/span><span style=\"font-weight: 400;\"><br \/><\/span><span style=\"font-weight: 400;\"> Nuorodos m\u016bs\u0173 svetain\u0117je turi b\u016bti suprantamos kaip \"gyvos\" (dinami\u0161kos) nuorodos.<\/span><span style=\"font-weight: 400;\"><br \/><\/span><span style=\"font-weight: 400;\"> Jei nustatysime, kad konkretus pasi\u016blymas, \u012f kur\u012f pateik\u0117me nuorod\u0105, u\u017etraukia civilin\u0119 ar baud\u017eiam\u0105j\u0105 atsakomyb\u0119, pa\u0161alinsime \u0161i\u0105 nuorod\u0105, jei tai techni\u0161kai \u012fmanoma ir pagr\u012fsta.<\/span><\/p>\n<p>Dizainas, turinys ir techninis \u012fgyvendinimas: Janik Wiedemann<\/p>\n\n\t\t<\/div>\n\t\t\t\t\t<\/div>\n\n\t\n\n<\/div>","protected":false},"excerpt":{"rendered":"","protected":false},"author":1,"featured_media":0,"parent":0,"menu_order":0,"comment_status":"closed","ping_status":"closed","template":"","meta":{"_acf_changed":false,"content-type":"","_monsterinsights_skip_tracking":false,"_monsterinsights_sitenote_active":false,"_monsterinsights_sitenote_note":"","_monsterinsights_sitenote_category":0,"footnotes":""},"class_list":["post-630","page","type-page","status-publish","hentry"],"acf":[],"aioseo_notices":[],"jetpack_sharing_enabled":true,"_links":{"self":[{"href":"https:\/\/antcube.shop\/lt\/wp-json\/wp\/v2\/pages\/630","targetHints":{"allow":["GET"]}}],"collection":[{"href":"https:\/\/antcube.shop\/lt\/wp-json\/wp\/v2\/pages"}],"about":[{"href":"https:\/\/antcube.shop\/lt\/wp-json\/wp\/v2\/types\/page"}],"author":[{"embeddable":true,"href":"https:\/\/antcube.shop\/lt\/wp-json\/wp\/v2\/users\/1"}],"replies":[{"embeddable":true,"href":"https:\/\/antcube.shop\/lt\/wp-json\/wp\/v2\/comments?post=630"}],"version-history":[{"count":10,"href":"https:\/\/antcube.shop\/lt\/wp-json\/wp\/v2\/pages\/630\/revisions"}],"predecessor-version":[{"id":12006,"href":"https:\/\/antcube.shop\/lt\/wp-json\/wp\/v2\/pages\/630\/revisions\/12006"}],"wp:attachment":[{"href":"https:\/\/antcube.shop\/lt\/wp-json\/wp\/v2\/media?parent=630"}],"curies":[{"name":"wp","href":"https:\/\/api.w.org\/{rel}","templated":true}]}}