{"id":628,"date":"2021-07-30T13:29:33","date_gmt":"2021-07-30T11:29:33","guid":{"rendered":"https:\/\/antcube.shop\/?page_id=628"},"modified":"2025-11-17T11:20:38","modified_gmt":"2025-11-17T10:20:38","slug":"perpardavejas","status":"publish","type":"page","link":"https:\/\/antcube.shop\/lt\/perpardavejas\/","title":{"rendered":"Tapkite perpardav\u0117ju"},"content":{"rendered":"<div id=\"gap-1911567321\" class=\"gap-element clearfix\" style=\"display:block; height:auto;\">\n\t\t\n<style>\n#gap-1911567321 {\n  padding-top: 181px;\n}\n@media (min-width:550px) {\n  #gap-1911567321 {\n    padding-top: 185px;\n  }\n}\n@media (min-width:850px) {\n  #gap-1911567321 {\n    padding-top: 137px;\n  }\n}\n<\/style>\n\t<\/div>\n\t\n\n\n  <div class=\"banner has-hover\" id=\"banner-956498609\">\n          <div class=\"banner-inner fill\">\n        <div class=\"banner-bg fill\" >\n            <img loading=\"lazy\" decoding=\"async\" width=\"900\" height=\"600\" src=\"https:\/\/i0.wp.com\/antcube.shop\/wp-content\/uploads\/2021\/09\/pexels-thirdman-5684382-scaled.jpg?fit=900%2C600&amp;ssl=1\" class=\"bg attachment-large size-large\" alt=\"\" \/>                        <div class=\"overlay\"><\/div>            \n                    <\/div>\n\t\t\n        <div class=\"banner-layers container\">\n            <div class=\"fill banner-link\"><\/div>            \n\n   <div id=\"text-box-1399944790\" class=\"text-box banner-layer x0 md-x50 lg-x50 y50 md-y85 lg-y35 res-text\">\n                                <div class=\"text-box-content text dark text-shadow-3\">\n              \n              <div class=\"text-inner text-center\">\n                  \n\n\t<div id=\"text-3361019609\" class=\"text\">\n\t\t\n\n<h1><strong>Ie\u0161kome perpardav\u0117j\u0173!<\/strong><\/h1>\n<p>Ie\u0161kome perpardav\u0117j\u0173 ir partneri\u0173, kurie parduot\u0173 m\u016bs\u0173 ANTCUBE gaminius skruzd\u017ei\u0173 augintojams visame pasaulyje. Jei norite prisijungti prie m\u016bs\u0173 ir dalyvauti kuriant pasaulin\u0119 skruzd\u0117li\u0173 ir gamtos myl\u0117toj\u0173 bendruomen\u0119<\/p>\n\t\t\n<style>\n#text-3361019609 {\n  font-size: 0.75rem;\n  line-height: 1;\n  text-align: center;\n}\n@media (min-width:550px) {\n  #text-3361019609 {\n    font-size: 0.95rem;\n  }\n}\n@media (min-width:850px) {\n  #text-3361019609 {\n    font-size: 1.25rem;\n  }\n}\n<\/style>\n\t<\/div>\n\t\n\t<div id=\"text-3176350861\" class=\"text\">\n\t\t\n\n<p>Susisiekite su mumis adresu\u00a0<\/p>\n\t\t\n<style>\n#text-3176350861 {\n  font-size: 1.05rem;\n  line-height: 0.75;\n}\n@media (min-width:550px) {\n  #text-3176350861 {\n    font-size: 2.25rem;\n  }\n}\n<\/style>\n\t<\/div>\n\t\n\t<div id=\"text-1132962053\" class=\"text\">\n\t\t\n\n<p>sales@antcube.de<\/p>\n\t\t\n<style>\n#text-1132962053 {\n  font-size: 0.75rem;\n  line-height: 0.75;\n}\n@media (min-width:550px) {\n  #text-1132962053 {\n    font-size: 2.25rem;\n  }\n}\n<\/style>\n\t<\/div>\n\t\n\n              <\/div>\n           <\/div>\n                            \n<style>\n#text-box-1399944790 {\n  width: 100%;\n}\n#text-box-1399944790 .text-box-content {\n  font-size: 100%;\n}\n@media (min-width:550px) {\n  #text-box-1399944790 {\n    width: 87%;\n  }\n}\n<\/style>\n    <\/div>\n \n\n        <\/div>\n      <\/div>\n\n              <div class=\"height-fix is-invisible\"><img loading=\"lazy\" decoding=\"async\" width=\"900\" height=\"600\" src=\"https:\/\/i0.wp.com\/antcube.shop\/wp-content\/uploads\/2021\/09\/pexels-thirdman-5684382-scaled.jpg?fit=900%2C600&amp;ssl=1\" class=\"attachment-large size-large\" alt=\"\" srcset=\"https:\/\/i0.wp.com\/antcube.shop\/wp-content\/uploads\/2021\/09\/pexels-thirdman-5684382-scaled.jpg?w=2560&amp;ssl=1 2560w, https:\/\/i0.wp.com\/antcube.shop\/wp-content\/uploads\/2021\/09\/pexels-thirdman-5684382-scaled.jpg?resize=510%2C340&amp;ssl=1 510w, https:\/\/i0.wp.com\/antcube.shop\/wp-content\/uploads\/2021\/09\/pexels-thirdman-5684382-scaled.jpg?resize=600%2C400&amp;ssl=1 600w, https:\/\/i0.wp.com\/antcube.shop\/wp-content\/uploads\/2021\/09\/pexels-thirdman-5684382-scaled.jpg?resize=1200%2C800&amp;ssl=1 1200w, https:\/\/i0.wp.com\/antcube.shop\/wp-content\/uploads\/2021\/09\/pexels-thirdman-5684382-scaled.jpg?resize=768%2C512&amp;ssl=1 768w, https:\/\/i0.wp.com\/antcube.shop\/wp-content\/uploads\/2021\/09\/pexels-thirdman-5684382-scaled.jpg?resize=1536%2C1024&amp;ssl=1 1536w, https:\/\/i0.wp.com\/antcube.shop\/wp-content\/uploads\/2021\/09\/pexels-thirdman-5684382-scaled.jpg?resize=2048%2C1365&amp;ssl=1 2048w\" sizes=\"auto, (max-width: 900px) 100vw, 900px\" \/><\/div>\n            \n<style>\n#banner-956498609 .overlay {\n  background-color: rgba(0, 0, 0, 0.174);\n}\n#banner-956498609 .banner-bg img {\n  object-position: 50% 45%;\n}\n<\/style>\n  <\/div>\n\n\n\t<div id=\"gap-28225008\" class=\"gap-element clearfix\" style=\"display:block; height:auto;\">\n\t\t\n<style>\n#gap-28225008 {\n  padding-top: 30px;\n}\n<\/style>\n\t<\/div>\n\t\n\n<div class=\"row\"  id=\"row-1562777100\">\n\n\n\t<div id=\"col-1352384135\" class=\"col small-12 large-12\"  >\n\t\t\t\t<div class=\"col-inner\"  >\n\t\t\t\n\t\t\t\n\n<div class=\"wp-block-cover alignfull has-nv-site-bg-background-color has-background-dim\">\n<div class=\"wp-block-cover__inner-container\">\n<h2 class=\"has-text-align-center has-neve-text-color-color has-text-color\">Ar jus domina m\u016bs\u0173 produkt\u0173 pardavimas?<\/h2>\n<\/div>\n<\/div>\n<h2 class=\"has-text-align-center has-medium-font-size\">M\u016bs\u0173 tikslas<\/h2>\n<p class=\"has-text-align-center\">Ie\u0161kome perpardav\u0117j\u0173 ir partneri\u0173, kurie parduot\u0173 m\u016bs\u0173 ANTCUBE gaminius skruzd\u017ei\u0173 augintojams visame pasaulyje. Norime sukurti tarptautin\u0119 parduotuvi\u0173 savinink\u0173 ir m\u0117g\u0117j\u0173 bendruomen\u0119, kad skruzd\u0117li\u0173 auginimas tapt\u0173 populiaresnis ir profesionalesnis. Jei jau turite parduotuv\u0119 arba ie\u0161kote nauj\u0173 verslo galimybi\u0173, nedvejodami susisiekite su mumis.<\/p>\n<h2 class=\"has-text-align-center has-medium-font-size\">Skruzd\u017ei\u0173 laikymas - augantis verslas<\/h2>\n<p class=\"has-text-align-center\">Per pastaruosius kelerius metus skruzd\u017ei\u0173 auginimas tapo labai populiarus. Auga aistring\u0173 skruzd\u0117li\u0173 myl\u0117toj\u0173 bendruomen\u0117 i\u0161 viso pasaulio. Be to, sulaukiame vis daugiau pra\u0161ym\u0173 i\u0161 \u012fmoni\u0173, zoologijos sod\u0173, muziej\u0173, universitet\u0173, mokslo \u012fstaig\u0173 ir kt.<\/p>\n<h2 class=\"has-text-align-center has-medium-font-size\" style=\"font-size: 23.04px;\">\u00a0<\/h2>\n<p><img data-recalc-dims=\"1\" loading=\"lazy\" decoding=\"async\" class=\"size-medium wp-image-3944 aligncenter\" src=\"https:\/\/i0.wp.com\/antcube.shop\/wp-content\/uploads\/2021\/11\/Palette-Beispiel-mit-Export-600x400.jpg?resize=600%2C400&#038;ssl=1\" alt=\"\" width=\"600\" height=\"400\" srcset=\"https:\/\/i0.wp.com\/antcube.shop\/wp-content\/uploads\/2021\/11\/Palette-Beispiel-mit-Export-scaled.jpg?resize=600%2C400&amp;ssl=1 600w, https:\/\/i0.wp.com\/antcube.shop\/wp-content\/uploads\/2021\/11\/Palette-Beispiel-mit-Export-scaled.jpg?resize=1200%2C800&amp;ssl=1 1200w, https:\/\/i0.wp.com\/antcube.shop\/wp-content\/uploads\/2021\/11\/Palette-Beispiel-mit-Export-scaled.jpg?resize=768%2C512&amp;ssl=1 768w, https:\/\/i0.wp.com\/antcube.shop\/wp-content\/uploads\/2021\/11\/Palette-Beispiel-mit-Export-scaled.jpg?resize=1536%2C1024&amp;ssl=1 1536w, https:\/\/i0.wp.com\/antcube.shop\/wp-content\/uploads\/2021\/11\/Palette-Beispiel-mit-Export-scaled.jpg?resize=2048%2C1365&amp;ssl=1 2048w, https:\/\/i0.wp.com\/antcube.shop\/wp-content\/uploads\/2021\/11\/Palette-Beispiel-mit-Export-scaled.jpg?resize=18%2C12&amp;ssl=1 18w, https:\/\/i0.wp.com\/antcube.shop\/wp-content\/uploads\/2021\/11\/Palette-Beispiel-mit-Export-scaled.jpg?resize=510%2C340&amp;ssl=1 510w\" sizes=\"auto, (max-width: 600px) 100vw, 600px\" \/><\/p>\n<h2 class=\"has-text-align-center has-medium-font-size\">Kod\u0117l ANTCUBE?<\/h2>\n<p class=\"has-text-align-center\">Esame viena did\u017eiausi\u0173 ir ilgiausiai veikian\u010di\u0173 skruzd\u0117lyn\u0173 parduotuvi\u0173 pasaulyje. Daugiau nei 20 met\u0173 skruzd\u0117li\u0173 laikymo ir formikarium\u0173 statymo patirtis pad\u0117jo mums tapti tuo, kuo esame \u0161iandien. Esame \u012fsitikin\u0119, kad kokyb\u0117, ilgaam\u017ei\u0161kumas ir tvarumas tampa vis svarbesni. Tod\u0117l daugiausia d\u0117mesio skiriame stiklui kaip m\u016bs\u0173 formikarium\u0173 med\u017eiagai. Skirtingai nuo akrilo ir plastiko, stiklas palieka daug ma\u017eesn\u012f ekologin\u012f p\u0117dsak\u0105. Be to, dirbame prie visi\u0161kai perdirbam\u0173 pakuo\u010di\u0173.<\/p>\n<p class=\"has-text-align-center\">Stiklo privalumas yra ir tas, kad jis nesugenda esant bet kokiai skruzd\u017ei\u0173 laikymui tinkamai temperat\u016brai ar dr\u0117gmei. Stiklo stiklai ne taip greitai susibrai\u017eo, nesideformuoja ir nekei\u010dia spalvos. Valyti ir eksploatuoti nesud\u0117tinga, i\u0161vaizda labai nat\u016brali ir pra\u0161matni. M\u016bs\u0173 evakuacin\u0117 apsauga yra labai veiksminga net ir ypa\u010d ma\u017eoms skruzd\u0117lyn\u0173 r\u016b\u0161ims, be to, yra begal\u0117 galimybi\u0173 j\u0105 pritaikyti ir i\u0161pl\u0117sti.<\/p>\n<h2 class=\"has-text-align-center has-medium-font-size\">Kod\u0117l reikia laikyti skruzd\u0117lyn\u0105?<\/h2>\n<p class=\"has-text-align-center\">Skruzd\u0117les, priklausomai nuo r\u016b\u0161ies, labai lengva laikyti. Joms reikia nedaug vietos ir jas galima maitinti beveik viskuo. Skruzd\u0117l\u0117s beveik neskleid\u017eia kvap\u0173, yra labai \u0161var\u016bs gyv\u016bnai, nekelia triuk\u0161mo ir, \u012fsigijus kolonij\u0105 ir formikarium\u0105, beveik nepatiria i\u0161laid\u0173. Be to, joms niekada nereikia lankytis pas veterinar\u0105.<\/p>\n<p class=\"has-text-align-center\">Skruzd\u0117l\u0117s yra ne\u012ftik\u0117tinai \u012fdomios. Steb\u0117ti, kaip viena motin\u0117l\u0117 per kelerius metus u\u017eaugina pirmuosius darbininkus, o paskui steb\u0117ti, kaip jos kolonija, tobulai bendradarbiaudama ir naudodama i\u0161teklius, per daugel\u012f met\u0173 i\u0161auga iki t\u016bkstan\u010di\u0173 nari\u0173, yra nepakartojama patirtis. Skruzd\u0117s yra itin social\u016bs gyv\u016bnai, o kai kurios r\u016b\u0161ys sudaro skirtingas kastas, pavyzd\u017eiui, darbinink\u0173, kareivi\u0173, \u016bkinink\u0173 ar net slaugytoj\u0173, ir sp\u0117kite k\u0105 - visos jos yra patel\u0117s. Skruzd\u0117l\u0117s taip pat nepaprastai svarbios m\u016bs\u0173 aplinkai. Jos ne tik gyvena visose gyvenamose pasaulio ekosistemose, bet ir yra labiau specializuotos ir universalios nei bet kuri kita r\u016b\u0161is. Skruzd\u0117l\u0117s \u012f mus pana\u0161ios ir savo gyvenimo b\u016bdu. Darbo pasidalijimas, gyvenimas kartu didel\u0117mis kolonijomis u\u017edaroje erdv\u0117je ir naudojimasis skirtingais maisto grandin\u0117s lygiais visose ekosistemose lemia j\u0173, kaip ir m\u016bs\u0173, \u017emoni\u0173, s\u0117km\u0119. Skirtumas tik tas, kad mes n\u0117 i\u0161 tolo nesame tokie efektyv\u016bs, be to, skruzd\u0117s gyvuoja jau daugiau kaip 130 mln. met\u0173, o \u017emon\u0117s - tik apie 300 000 met\u0173.<\/p>\n\n\t\t<\/div>\n\t\t\t\t\t<\/div>\n\n\t\n\n<\/div>\n<div class=\"row\"  id=\"row-1487109031\">\n\n\n\t<div id=\"col-1751294881\" class=\"col medium-6 large-6\"  >\n\t\t\t\t<div class=\"col-inner\" style=\"background-color:#61ca9f;\" >\n\t\t\t\n\t\t\t\n\n<div class=\"container section-title-container\" ><h3 class=\"section-title section-title-normal\"><b aria-hidden=\"true\"><\/b><span class=\"section-title-main\" ><i class=\"icon-envelop\" aria-hidden=\"true\"><\/i>Susisiekite su mumis<\/span><b aria-hidden=\"true\"><\/b><\/h3><\/div>\n\n\t<div id=\"text-574354241\" class=\"text\">\n\t\t\n\n<\/p>\n<ul>\n<li><strong>El. pa\u0161tas<\/strong>: sales@antcube.de<\/li>\n<li><strong>Telefonas<\/strong>: +49 30 439703870<\/li>\n<\/ul>\n<p><strong>Darbo valandos <\/strong>(UTC\/GMT +1):<\/p>\n<ul>\n<li>Nuo antradienio iki penktadienio 10:00 - 18:00 val.<\/li>\n<\/ul>\n\n\t\t\n<style>\n#text-574354241 {\n  font-size: 0.75rem;\n}\n@media (min-width:550px) {\n  #text-574354241 {\n    font-size: 1.5rem;\n  }\n}\n<\/style>\n\t<\/div>\n\t\n\t<div id=\"gap-718340281\" class=\"gap-element clearfix\" style=\"display:block; height:auto;\">\n\t\t\n<style>\n#gap-718340281 {\n  padding-top: 60px;\n}\n<\/style>\n\t<\/div>\n\t\n\n\t<div class=\"img has-hover x md-x lg-x y md-y lg-y\" id=\"image_1462074056\">\n\t\t\t\t\t\t\t\t<div class=\"img-inner dark\" >\n\t\t\t<img data-recalc-dims=\"1\" loading=\"lazy\" decoding=\"async\" width=\"900\" height=\"900\" src=\"https:\/\/i0.wp.com\/antcube.shop\/wp-content\/uploads\/2021\/09\/Firmeneingang.jpg?resize=900%2C900&#038;ssl=1\" class=\"attachment-original size-original\" alt=\"ANTSTORE \u012f\u0117jimas\" srcset=\"https:\/\/i0.wp.com\/antcube.shop\/wp-content\/uploads\/2021\/09\/Firmeneingang.jpg?w=900&amp;ssl=1 900w, https:\/\/i0.wp.com\/antcube.shop\/wp-content\/uploads\/2021\/09\/Firmeneingang.jpg?resize=247%2C247&amp;ssl=1 247w, https:\/\/i0.wp.com\/antcube.shop\/wp-content\/uploads\/2021\/09\/Firmeneingang.jpg?resize=100%2C100&amp;ssl=1 100w, https:\/\/i0.wp.com\/antcube.shop\/wp-content\/uploads\/2021\/09\/Firmeneingang.jpg?resize=510%2C510&amp;ssl=1 510w, https:\/\/i0.wp.com\/antcube.shop\/wp-content\/uploads\/2021\/09\/Firmeneingang.jpg?resize=400%2C400&amp;ssl=1 400w, https:\/\/i0.wp.com\/antcube.shop\/wp-content\/uploads\/2021\/09\/Firmeneingang.jpg?resize=800%2C800&amp;ssl=1 800w, https:\/\/i0.wp.com\/antcube.shop\/wp-content\/uploads\/2021\/09\/Firmeneingang.jpg?resize=280%2C280&amp;ssl=1 280w, https:\/\/i0.wp.com\/antcube.shop\/wp-content\/uploads\/2021\/09\/Firmeneingang.jpg?resize=768%2C768&amp;ssl=1 768w\" sizes=\"auto, (max-width: 900px) 100vw, 900px\" \/>\t\t\t\t\t\t\n\t\t\t\t\t<\/div>\n\t\t\t\t\t\t\t\t\n<style>\n#image_1462074056 {\n  width: 100%;\n}\n<\/style>\n\t<\/div>\n\t\n\n\n\t\t<\/div>\n\t\t\t\t\t<\/div>\n\n\t\n\n\t<div id=\"col-1895899901\" class=\"col medium-6 large-6\"  >\n\t\t\t\t<div class=\"col-inner\"  >\n\t\t\t\n\t\t\t\n\n<div class=\"container section-title-container\" ><h3 class=\"section-title section-title-normal\"><b aria-hidden=\"true\"><\/b><span class=\"section-title-main\" >Apsilankykite m\u016bs\u0173 parduotuv\u0117je<\/span><b aria-hidden=\"true\"><\/b><\/h3><\/div>\n\n\t<div id=\"text-2929898898\" class=\"text\">\n\t\t\n\n<p><strong>Adresas:<\/strong><\/p>\n<ul>\n<li>Gatv\u0117: Selerweg 41<\/li>\n<li>Pa\u0161to kodas: D - 12169<\/li>\n<li>Miestas: Berlynas<\/li>\n<li>\u0160alis: Vokietija<\/li>\n<li>Rajonas: Steglitz-Zehlendorf<\/li>\n<\/ul>\n<p><strong>Darbo laikas<\/strong> (UTC\/GMT +1)<\/p>\n<ul>\n<li>Nuo antradienio iki penktadienio 13:00 - 18:00<\/li>\n<\/ul>\n<p><strong>COVID-19 PASTABA:<\/strong> M\u016bs\u0173 ma\u017emenin\u0117 parduotuv\u0117 yra <strong>u\u017edarytas nuo 2020 m. kovo m\u0117n.<\/strong> arba dar neprieinami lankytojams. Ta\u010diau galite u\u017esisakyti ir sumok\u0117ti u\u017e m\u016bs\u0173 gaminius internetu, o tada visk\u0105 atsiimti prie m\u016bs\u0173 dur\u0173 arba i\u0161si\u0173sti gaminius \u012f namus siunt\u0173 tarnyba. M\u016bs\u0173 palaikymo komanda vis dar yra pasiekiama j\u016bs\u0173 u\u017eklausoms el. pa\u0161tu arba telefonu! Mes jus nuolat informuosime.<\/p>\n<p><iframe loading=\"lazy\" style=\"border: 0;\" src=\"https:\/\/www.google.com\/maps\/embed?pb=!1m18!1m12!1m3!1d2431.3708399886823!2d13.335121715997175!3d52.454311048847416!2m3!1f0!2f0!3f0!3m2!1i1024!2i768!4f13.1!3m3!1m2!1s0x47a85a9242e5bc07%3A0xc44ee1d5a0728440!2sANTSTORE!5e0!3m2!1sde!2sde!4v1632470583913!5m2!1sde!2sde\" width=\"600\" height=\"450\" allowfullscreen=\"allowfullscreen\"><\/iframe><\/p>\n\t\t\n<style>\n#text-2929898898 {\n  font-size: 0.75rem;\n}\n<\/style>\n\t<\/div>\n\t\n\n\t\t<\/div>\n\t\t\t\t\t<\/div>\n\n\t\n\n<\/div>","protected":false},"excerpt":{"rendered":"","protected":false},"author":1,"featured_media":0,"parent":0,"menu_order":0,"comment_status":"closed","ping_status":"closed","template":"","meta":{"_acf_changed":false,"content-type":"","_monsterinsights_skip_tracking":false,"_monsterinsights_sitenote_active":false,"_monsterinsights_sitenote_note":"","_monsterinsights_sitenote_category":0,"footnotes":""},"class_list":["post-628","page","type-page","status-publish","hentry"],"acf":[],"aioseo_notices":[],"jetpack_sharing_enabled":true,"_links":{"self":[{"href":"https:\/\/antcube.shop\/lt\/wp-json\/wp\/v2\/pages\/628","targetHints":{"allow":["GET"]}}],"collection":[{"href":"https:\/\/antcube.shop\/lt\/wp-json\/wp\/v2\/pages"}],"about":[{"href":"https:\/\/antcube.shop\/lt\/wp-json\/wp\/v2\/types\/page"}],"author":[{"embeddable":true,"href":"https:\/\/antcube.shop\/lt\/wp-json\/wp\/v2\/users\/1"}],"replies":[{"embeddable":true,"href":"https:\/\/antcube.shop\/lt\/wp-json\/wp\/v2\/comments?post=628"}],"version-history":[{"count":10,"href":"https:\/\/antcube.shop\/lt\/wp-json\/wp\/v2\/pages\/628\/revisions"}],"predecessor-version":[{"id":12738,"href":"https:\/\/antcube.shop\/lt\/wp-json\/wp\/v2\/pages\/628\/revisions\/12738"}],"wp:attachment":[{"href":"https:\/\/antcube.shop\/lt\/wp-json\/wp\/v2\/media?parent=628"}],"curies":[{"name":"wp","href":"https:\/\/api.w.org\/{rel}","templated":true}]}}