{"id":500,"date":"2021-07-21T10:22:03","date_gmt":"2021-07-21T08:22:03","guid":{"rendered":"https:\/\/antcube.shop\/?page_id=500"},"modified":"2024-12-03T12:41:56","modified_gmt":"2024-12-03T11:41:56","slug":"salygos","status":"publish","type":"page","link":"https:\/\/antcube.shop\/lt\/salygos\/","title":{"rendered":"Terminai ir s\u0105lygos"},"content":{"rendered":"<div id=\"gap-1296897808\" class=\"gap-element clearfix\" style=\"display:block; height:auto;\">\n\t\t\n<style>\n#gap-1296897808 {\n  padding-top: 196px;\n}\n@media (min-width:850px) {\n  #gap-1296897808 {\n    padding-top: 190px;\n  }\n}\n<\/style>\n\t<\/div>\n\t\n\n<div class=\"row\"  id=\"row-294036040\">\n\n\n\t<div id=\"col-569109138\" class=\"col small-12 large-12\"  >\n\t\t\t\t<div class=\"col-inner\"  >\n\t\t\t\n\t\t\t\n\n<h1><b>Bendrosios s\u0105lygos <\/b><\/h1>\n<p><b>svetain\u0117je <\/b><a href=\"http:\/\/www.antcube.shop\"><b>www.antcube.shop<\/b><\/a><span style=\"font-weight: 400;\"> ANTSTORE, Martin Sebesta, Selerweg 41, 12169 Berlynas, toliau - \"Pardav\u0117jas\".<\/span><\/p>\n<h2><b>\u00a7 1 Taikymo sritis, bendroji informacija, apibr\u0117\u017etys<\/b><\/h2>\n<p><span style=\"font-weight: 400;\">(1) \u0160ios Bendrosios s\u0105lygos (BTS) taikomos visiems preki\u0173 ir paslaug\u0173 u\u017esakymams per internetin\u0119 parduotuv\u0119 svetain\u0117je. <\/span><b>antcube.shop<\/b><span style=\"font-weight: 400;\">, kuri\u0105 valdo ANTSTORE, Martin Sebesta, Selerweg 41, 12169 Berlynas. El. pa\u0161tas: <\/span><a href=\"mailto:verkauf@antstore.de\"><span style=\"font-weight: 400;\">verkauf@antstore.de<\/span><\/a><span style=\"font-weight: 400;\"> \/ law@ants.de\u00a0<\/span><\/p>\n<p><span style=\"font-weight: 400;\">(2) Pardav\u0117jas savo internetin\u0117je parduotuv\u0117je si\u016blo antiseptikai skirtus produktus ir priedus. Pardav\u0117jo ir kliento verslo santykiams taikomos u\u017esakymo pateikimo metu galiojan\u010dios Bendr\u0173j\u0173 s\u0105lyg\u0173 nuostatos.<\/span><\/p>\n<p><span style=\"font-weight: 400;\">(3) Vartotojas, kaip apibr\u0117\u017eta \u0161iose Bendrosiose taisykl\u0117se, yra bet kuris fizinis asmuo, sudarantis teisin\u012f sandor\u012f tikslais, kurie daugiausia nesusij\u0119 su jo prekyba, verslu ar profesija. Verslininkai - tai fiziniai ar juridiniai asmenys arba \u016bkin\u0117s bendrijos, kurie, sudarydami teisin\u012f sandor\u012f, veikia vykdydami savo komercin\u0119 ar savaranki\u0161k\u0105 veikl\u0105.<\/span><\/p>\n<p><span style=\"font-weight: 400;\">(4) Individual\u016bs sutartiniai susitarimai turi vir\u0161enyb\u0119 prie\u0161 \u0161ias Bendr\u0105sias s\u0105lygas. Nukrypstan\u010dios kliento s\u0105lygos pripa\u017e\u012fstamos tik tuo atveju, jei pardav\u0117jas ai\u0161kiai su jomis sutiko.<\/span><\/p>\n<h2><b>\u00a7 2 Sutarties sudarymas<\/b><\/h2>\n<p><span style=\"font-weight: 400;\">(1) Jei atitinkamame gaminio puslapyje nenurodyta kitaip, pristatymo teritorija apima Europos S\u0105jung\u0105.<\/span><\/p>\n<p><span style=\"font-weight: 400;\">(2) Preki\u0173 pateikimas pardav\u0117jo interneto svetain\u0117je yra privalomas pasi\u016blymas. U\u017esakytos prek\u0117s d\u0117l technini\u0173 pateikimo galimybi\u0173 gali \u0161iek tiek skirtis nuo internete pateikt\u0173 preki\u0173 pagr\u012fstose ribose, vis\u0173 pirma gali b\u016bti spalv\u0173 nukrypim\u0173, jei tai pagr\u012fsta.<\/span><\/p>\n<p><span style=\"font-weight: 400;\">(3) Pa\u017eym\u0117dami m\u0117lyn\u0105 langel\u012f \"<\/span><span style=\"font-weight: 400;\">Pateikdami u\u017esakym\u0105 patvirtinate, kad perskait\u0117te ir supratote m\u016bs\u0173 pasi\u016blym\u0105.<\/span><b>&#8221; <\/b><span style=\"font-weight: 400;\">ir tada <\/span><span style=\"font-weight: 400;\">paspaud\u0119s mygtuk\u0105 \"Pirkti dabar\" arba nukreiptas \u012f \"PayPal\" per mygtuk\u0105 \"Mok\u0117ti per \"PayPal\" ir ten u\u017ebaig\u0119s mok\u0117jimo proces\u0105, klientas pateikia privalom\u0105 pasi\u016blym\u0105 pirkti prekes, esan\u010dias pirkini\u0173 krep\u0161elyje, ir sutinka su \u0161i\u0173 Bendr\u0173j\u0173 s\u0105lyg\u0173 galiojimu.<\/span><\/p>\n<p><span style=\"font-weight: 400;\">(4) Pardav\u0117jas el. pa\u0161tu patvirtina u\u017esakymo gavim\u0105 (u\u017esakymo patvirtinimas). Ta\u010diau \u0161is u\u017esakymo patvirtinimas nerei\u0161kia pasi\u016blymo pri\u0117mimo. Sutartis sudaroma tik tada, kai i\u0161siun\u010diamas u\u017esakymo patvirtinimas arba i\u0161siuntimo patvirtinimas.<\/span><\/p>\n<p><span style=\"font-weight: 400;\">(5) Pardav\u0117jas pasilieka teis\u0119 priimti arba atmesti u\u017esakymus per penkias darbo dienas. Jei u\u017esakymas nepriimamas, klientas apie tai informuojamas el. pa\u0161tu.<\/span><\/p>\n<p><span style=\"font-weight: 400;\">(6) Esant nenumatytoms pristatymo problemoms ar preki\u0173 neprieinamumui, u\u017e kur\u012f pardav\u0117jas n\u0117ra atsakingas, tiek pardav\u0117jas, tiek klientas gali atsisakyti sutarties. Klientas bus nedelsiant informuotas, o sumok\u0117ti mok\u0117jimai bus nedelsiant gr\u0105\u017einti.<\/span><\/p>\n<p><span style=\"font-weight: 400;\">(7) Jei klientas prekes u\u017esako elektroniniu b\u016bdu, pardav\u0117jas i\u0161saugo sutarties tekst\u0105 ir po sutarties sudarymo kartu su teisi\u0161kai galiojan\u010diomis Bendrosiomis s\u0105lygomis i\u0161siun\u010dia klientui elektroniniu pa\u0161tu.<\/span><\/p>\n<h2><b>\u00a7 3 Kliento s\u0105skaita<\/b><\/h2>\n<p><span style=\"font-weight: 400;\">(1) Pirkti m\u016bs\u0173 svetain\u0117je paprastai galima tik u\u017esiregistravus. Ta\u010diau norint naudotis tam tikromis funkcijomis, gali prireikti susikurti kliento paskyr\u0105.<\/span><\/p>\n<p><span style=\"font-weight: 400;\">(2) Teis\u0117s \u012f kliento s\u0105skait\u0105 n\u0117ra. Registruotis gali tik pilname\u010diai fiziniai asmenys, kurie s\u0105skait\u0105 naudoja asmeniniais tikslais, arba verslininkai ir juridiniai asmenys ar teisnum\u0105 turin\u010dios bendrijos, kurie sudarydami teisin\u012f sandor\u012f veikia vykdydami komercin\u0119 ar savaranki\u0161k\u0105 profesin\u0119 veikl\u0105. Prisijungimo duomenys turi b\u016bti laikomi konfidencialiai ir negali b\u016bti perduodami tre\u010diosioms \u0161alims.<\/span><\/p>\n<p><span style=\"font-weight: 400;\">(3) Daugkartin\u0117 registracija neleid\u017eiama. Klientai gali bet kada i\u0161trinti savo paskyr\u0105 naudodamiesi paskyros valdymu.<\/span><\/p>\n<h2><b>\u00a7 4 Nuosavyb\u0117s teis\u0117s i\u0161saugojimas<\/b><\/h2>\n<p><span style=\"font-weight: 400;\">(1) Vartotoj\u0173 atveju pardav\u0117jas i\u0161laiko nuosavyb\u0117s teis\u0119 \u012f prekes tol, kol sumokama visa pirkimo kaina. Verslinink\u0173 atveju \u0161i nuostata taikoma tol, kol bus patenkinti visi reikalavimai, kylantys i\u0161 esam\u0173 verslo santyki\u0173.<\/span><\/p>\n<p><span style=\"font-weight: 400;\">(2) Jei klientas pa\u017eeid\u017eia sutart\u012f, ypa\u010d jei klientas nevykdo mok\u0117jimo, pateikia klaiding\u0105 informacij\u0105 apie savo kreditingum\u0105 arba pateikia parei\u0161kim\u0105 d\u0117l bankroto bylos i\u0161k\u0117limo, pardav\u0117jas turi teis\u0119, jei reikia, nustat\u0119s termin\u0105, atsisakyti sutarties ir pareikalauti gr\u0105\u017einti prekes, jei klientas dar nesumok\u0117jo atlygio arba sumok\u0117jo ne vis\u0105 atlyg\u012f.<\/span><\/p>\n<p><span style=\"font-weight: 400;\">(3) Verslininkui leid\u017eiama perparduoti prekes vykdant \u012fprast\u0105 versl\u0105. \u0160iuo dokumentu jis perleid\u017eia Pardav\u0117jui visus s\u0105skaitos fakt\u016bros sumos dyd\u017eio reikalavimus, kurie jam atsiranda tre\u010diosios \u0161alies at\u017evilgiu d\u0117l perpardavimo. Pardav\u0117jas priima \u0161\u012f perleidim\u0105. Po perleidimo verslininkas yra \u012fgaliotas i\u0161ie\u0161koti reikalavim\u0105. Pardav\u0117jas pasilieka teis\u0119 pats i\u0161ie\u0161koti reikalavim\u0105, kai tik verslininkas netinkamai vykdo savo mok\u0117jimo \u012fsipareigojimus ir v\u0117luoja sumok\u0117ti.<\/span><\/p>\n<p><span style=\"font-weight: 400;\">(4) Pardav\u0117jas \u012fsipareigoja Pirk\u0117jo pra\u0161ymu gr\u0105\u017einti jam priklausan\u010dias u\u017etikrinimo priemones, jei j\u0173 realizavimo vert\u0117 vir\u0161ija u\u017etikrinam\u0105 reikalavim\u0105 daugiau nei 10%. Atlaisvinamus vertybinius popierius pasirenka Pardav\u0117jas.<\/span><\/p>\n<h2><b>\u00a7 5 Kainos ir mok\u0117jimo s\u0105lygos<\/b><\/h2>\n<p><span style=\"font-weight: 400;\">(1) Nurodytos kainos yra bendrosios kainos, jos yra privalomos, \u012f jas \u012fskai\u010diuotas teis\u0117s aktais nustatytas PVM ir \u012f jas ne\u012fskai\u010diuotas joks <a href=\"https:\/\/antcube.shop\/en\/shipping-costs-delivery-restrictions\/\">siuntimo i\u0161laidos<\/a> patirtos i\u0161laidos, \u012fskaitant PVM. Taikoma u\u017esakymo metu nurodyta suma. Kaina su PVM ir pristatymo i\u0161laidos taip pat bus nurodytos u\u017esakymo formoje prie\u0161 klientui pateikiant u\u017esakym\u0105. Siuntimo i\u0161laidas taip pat galite rasti m\u016bs\u0173 <\/span><a href=\"https:\/\/antcube.shop\/en\/shipping-costs-delivery-restrictions\/\"><b>siuntimo i\u0161laid\u0173 ap\u017evalga.<\/b><\/a><\/p>\n<p><span style=\"font-weight: 400;\">(2) Klientas \u012fsipareigoja sumok\u0117ti vis\u0105 kain\u0105 per 14 dien\u0173 nuo u\u017esakymo patvirtinimo el. pa\u0161tu arba s\u0105skaitos fakt\u016bros gavimo dienos. Pasibaigus \u0161iam terminui, klientas v\u0117luoja sumok\u0117ti. Per \u012fsipareigojim\u0173 nevykdymo laikotarp\u012f vartotojas moka 5 procentiniais punktais didesnes nei bazin\u0117 pal\u016bkan\u0173 norma pal\u016bkanas u\u017e skol\u0105. \u012esipareigojim\u0173 nevykdymo laikotarpiu verslininkas u\u017e skol\u0105 moka 9 procentiniais punktais didesnes nei bazin\u0117 pal\u016bkan\u0173 norma pal\u016bkanas. Mok\u0117jimo reikalavimo nevykdymo atveju verslininkas taip pat privalo sumok\u0117ti 40 eur\u0173 su PVM vienkartin\u0119 i\u0161mok\u0105. \u0160i nuostata taip pat taikoma, jei verslininkas v\u0117luoja sumok\u0117ti avansin\u012f mok\u0117jim\u0105 arba kit\u0105 dalin\u012f mok\u0117jim\u0105. Pardav\u0117jas pasilieka teis\u0119 reikalauti i\u0161 verslininko didesni\u0173 nuostoli\u0173 u\u017e \u012fsipareigojim\u0173 nevykdym\u0105. Vienkartin\u0117 suma pagal 5 sakin\u012f \u012fskaitoma \u012f reikalavim\u0105 atlyginti mok\u0117tin\u0105 \u017eal\u0105, jei \u017eala grind\u017eiama teisini\u0173 veiksm\u0173 i\u0161laidomis.<\/span><\/p>\n<p><span style=\"font-weight: 400;\">(3) Pirk\u0117jas turi teis\u0119 atlikti \u012fskaitym\u0105 tik tuo atveju, jei jo prie\u0161prie\u0161iniai reikalavimai yra teisi\u0161kai nustatyti, pripa\u017einti arba pardav\u0117jo negin\u010dijami. Tai neturi \u012ftakos kliento teisei \u012fskaityti sutartinius ir kitus reikalavimus, kylan\u010dius i\u0161 \u0161i\u0173 sutartini\u0173 santyki\u0173 inicijavimo ar vykdymo. Klientas gali pasinaudoti sulaikymo teise tik tuo atveju, jei jo prie\u0161prie\u0161inis reikalavimas grind\u017eiamas tais pa\u010diais sutartiniais santykiais.<\/span><\/p>\n<p><span style=\"font-weight: 400;\">(4) Pardav\u0117jas, kiek \u012fmanoma, atsi\u017evelgia \u012f u\u017esakymo pakeitimus, prat\u0119simus ir apribojimus po sutarties sudarymo. Pardav\u0117jas u\u017e juos ims 10,00 EUR su PVM tvarkymo mokest\u012f, i\u0161skyrus atvejus, kai tai yra at\u0161aukimo ar garantini\u0173 pretenzij\u0173 atvejai. U\u017e u\u017esakymus, kurie turi b\u016bti tvarkomi rankiniu b\u016bdu ir kurie n\u0117ra tvarkomi per internetin\u0119 parduotuv\u0119, imamas 20,00 \u20ac su PVM tvarkymo mokestis. \u0160is mokestis netaikomas u\u017esakymams su prek\u0117mis, kuri\u0173 negalima u\u017esakyti per internetin\u0119 parduotuv\u0119, pvz.<\/span><\/p>\n<p><span style=\"font-weight: 400;\">(5) U\u017e u\u017esakytus gyv\u016bnus, kurie kliento pra\u0161ymu turi b\u016bti i\u0161si\u0173sti v\u0117liau, nei sutartyje numatyta, bus taikomas 2,00 \u20ac su PVM mokestis u\u017e dien\u0105 ir gyvuli\u0173 prie\u017ei\u016br\u0105 nuo u\u017esakymo dienos iki i\u0161siuntimo dienos. Galimas ne ilgesnis kaip 30 dien\u0173 terminas.<\/span><\/p>\n<h2><b>\u00a7 6 <a href=\"https:\/\/antcube.shop\/en\/payment-methods-and-conditions\/\">Mok\u0117jimo b\u016bdai<\/a><\/b><\/h2>\n<p><span style=\"font-weight: 400;\">(1) Pirkimo kain\u0105 galima sumok\u0117ti i\u0161 anksto, banko pavedimu, kredito kortele arba \"PayPal\". Mokant per \"PayPal\", taikomos j\u0173 naudojimo s\u0105lygos. Daugiau informacijos rasite m\u016bs\u0173 <a href=\"https:\/\/antcube.shop\/en\/privacy-policy\/\">privatumo politika<\/a>.<\/span><\/p>\n<h2><b>\u00a7 7 Gabenimo ir pristatymo s\u0105lygos<\/b><\/h2>\n<p><span style=\"font-weight: 400;\">(1) Siun\u010diame tik \u012f Europos S\u0105jungos valstybes nares, i\u0161skyrus Europos u\u017ej\u016brio teritorijas arba eksklavus ir regionus, turin\u010dius fiskalin\u0119 autonomij\u0105 (Europos S\u0105jungos vadinamus \"atokiausiais regionais\"). Numatomas pristatymo \u012f Vokietij\u0105 ir kitas \u0161alis laikas nurodytas m\u016bs\u0173 <\/span><a href=\"https:\/\/antcube.shop\/en\/shipping-costs-delivery-restrictions\/\"><b>siuntimo i\u0161laid\u0173 ap\u017evalga.<\/b><\/a><\/p>\n<p><span style=\"font-weight: 400;\">(2) Pristatymo terminas prasideda pra\u0117jus vienai dienai po to, kai buvo patvirtintas mok\u0117jimas, jei mokama avansu \/ banko pavedimu arba \"PayPal\". Kit\u0173 mok\u0117jimo b\u016bd\u0173 atveju laikotarpis prasideda pra\u0117jus vienai dienai po u\u017esakymo pateikimo.<\/span><\/p>\n<p><span style=\"font-weight: 400;\">(3) Jei termino prad\u017eia arba pabaiga tenka \u0161e\u0161tadien\u012f, sekmadien\u012f arba valstybin\u0117s \u0161vent\u0117s dien\u0105, termino prad\u017eia arba pabaiga nukeliama \u012f kit\u0105 darbo dien\u0105.<\/span><\/p>\n<p><span style=\"font-weight: 400;\">(4) Pardav\u0117jas turi teis\u0119 atlikti dalinius pristatymus, jei tai yra pagr\u012fsta klientui. D\u0117l to klientas nepatiria joki\u0173 papildom\u0173 i\u0161laid\u0173.<\/span><\/p>\n<p><span style=\"font-weight: 400;\">(5) Jei klientas nusprend\u017eia atsiimti u\u017esakym\u0105 i\u0161 m\u016bs\u0173 parduotuv\u0117s, jis bus informuotas el. pa\u0161tu, kad u\u017esakymas paruo\u0161tas atsi\u0117mimui.<\/span><\/p>\n<h2><b>\u00a7 8 Rizikos perdavimas<\/b><\/h2>\n<p><span style=\"font-weight: 400;\">(1) Vartotoj\u0173 atveju preki\u0173 atsitiktinio praradimo ir sugedimo rizika pereina klientui nuo preki\u0173 perdavimo.<\/span><\/p>\n<p><span style=\"font-weight: 400;\">(2) Verslinink\u0173 atveju rizika pereina klientui, kai jis perduoda krovin\u012f transporto \u012fmonei.<\/span><\/p>\n<p><span style=\"font-weight: 400;\">(3) Jei klientas v\u0117luoja priimti prek\u0119, tai prilyginama jos perdavimui.<\/span><\/p>\n<h2><b>\u00a7 9 Garantija<\/b><\/h2>\n<p><span style=\"font-weight: 400;\">(1) Garantij\u0105 reglamentuoja \u012fstatym\u0173 nuostatos. Vartotojams taikomas 2 met\u0173 garantinis laikotarpis nuo preki\u0173 pristatymo. Nukrypstant nuo \u0161io reikalavimo, verslininkams taikomas 1 met\u0173 garantinis laikotarpis nuo prek\u0117s pristatymo. Naudot\u0173 preki\u0173 garantinis laikotarpis taip pat yra 1 metai nuo preki\u0173 pristatymo. Vieneri\u0173 met\u0173 garantinis laikotarpis netaikomas, jei pardav\u0117jas gali b\u016bti kaltinamas dideliu neatsargumu, taip pat pardav\u0117jui priskirtinos fizin\u0117s traumos ir \u017ealos sveikatai atveju ir kliento gyvyb\u0117s at\u0117mimo atveju, garantijos atveju ir pristatymo regreso tvarka pagal BGB 478 ir 479 straipsnius. Pardav\u0117jo atsakomybei pagal Produkt\u0173 atsakomyb\u0117s \u012fstatym\u0105 \u0161i nuostata neturi \u012ftakos.<\/span><\/p>\n<p><span style=\"font-weight: 400;\">(2) Nepaisant \u0161io straipsnio 2 dalies. 1, \u012fprastas senaties terminas taikomas, jei pardav\u0117jas nes\u0105\u017einingai nusl\u0117p\u0117 defekt\u0105.<\/span><\/p>\n<p><span style=\"font-weight: 400;\">(3) U\u017esakytos prek\u0117s gali \u0161iek tiek skirtis nuo internete pateikt\u0173 preki\u0173, nevir\u0161ijant pagr\u012fst\u0173 rib\u0173. Pateikiama nuoroda \u012f \u0161i\u0173 Bendr\u0173j\u0173 s\u0105lyg\u0173 2 straipsnio 2 dal\u012f.<\/span><\/p>\n<p><span style=\"font-weight: 400;\">(4) Vartotojai gali rinktis remont\u0105 arba pakeitim\u0105. Pardav\u0117jas gali atsisakyti pasirinkto v\u0117lesnio \u012fvykdymo b\u016bdo, jei tai \u012fmanoma tik neproporcingai didel\u0117mis s\u0105naudomis.<\/span><\/p>\n<p><span style=\"font-weight: 400;\">(5) Apie akivaizd\u017eius defektus verslininkai turi prane\u0161ti per dvi savaites nuo preki\u0173 gavimo. Prie\u0161ingu atveju garantinis reikalavimas negali b\u016bti pareik\u0161tas. Kad b\u016bt\u0173 laikomasi termino, pakanka laiku i\u0161si\u0173sti arba prane\u0161ti. Verslininkams taikomas HGB 377 straipsnis.<\/span><\/p>\n<p><span style=\"font-weight: 400;\">(6) Garantija netaikoma \u017ealai, atsiradusiai d\u0117l netinkamo naudojimo. Gamintojo garantijos lieka nepakeistos.<\/span><\/p>\n<h2><b>\u00a7 10 Atsakomyb\u0117s apribojimai<\/b><\/h2>\n<p><span style=\"font-weight: 400;\">(1) Nedidelio neatsargumo atveju Pardav\u0117jas atsako tik u\u017e numatom\u0105 \u017eal\u0105, b\u016bding\u0105 sutar\u010diai. \u0160is apribojimas taip pat taikomas Pardav\u0117jo \u012fgaliotiems atstovams.<\/span><\/p>\n<p><span style=\"font-weight: 400;\">(2) Atsakomyb\u0117s apribojimai netaikomi nes\u0105\u017eining\u0173 ketinim\u0173, esmini\u0173 sutartini\u0173 \u012fsipareigojim\u0173 nevykdymo arba \u017ealos gyvybei, sveikatai ar gyvybei padarymo atveju.<\/span><\/p>\n<p><span style=\"font-weight: 400;\">(3) Klientas privalo imtis tinkam\u0173 priemoni\u0173, kad b\u016bt\u0173 i\u0161vengta \u017ealos ir ji b\u016bt\u0173 kuo ma\u017eesn\u0117.<\/span><\/p>\n<p><span style=\"font-weight: 400;\">(4) Pardav\u0117jas atsako tik u\u017e savo internetin\u0117s parduotuv\u0117s svetain\u0117je esant\u012f turin\u012f. Jei nuorodos suteikia prieig\u0105 prie kit\u0173 interneto svetaini\u0173, pardav\u0117jas neatsako u\u017e jose esant\u012f tre\u010di\u0173j\u0173 \u0161ali\u0173 turin\u012f. Jis nepriima tre\u010di\u0173j\u0173 \u0161ali\u0173 turinio kaip savo. Jei pardav\u0117jas su\u017eino apie neteis\u0117t\u0105 turin\u012f i\u0161orin\u0117se svetain\u0117se, jis nedelsdamas u\u017eblokuoja prieig\u0105 prie \u0161i\u0173 puslapi\u0173.<\/span><\/p>\n<h2><b>\u00a7 11 Duomen\u0173 apsauga<\/b><\/h2>\n<p><span style=\"font-weight: 400;\">U\u017esakymo proceso metu surinkti duomenys tvarkomi siekiant \u012fvykdyti sutart\u012f. Daugiau informacijos, ypa\u010d apie duomen\u0173 perdavim\u0105 tre\u010diosioms \u0161alims, rasite <a href=\"https:\/\/antcube.shop\/en\/privacy-policy\/\">privatumo politika<\/a> m\u016bs\u0173 svetain\u0117je.<\/span><\/p>\n<h2><b>\u00a7 12 Baigiamosios nuostatos ir gin\u010d\u0173 sprendimas<\/b><\/h2>\n<p><span style=\"font-weight: 400;\">(1) Taikoma Vokietijos Federacin\u0117s Respublikos teis\u0117. Vartotojams ji taikoma tik tiek, kiek suteiktos apsaugos neriboja \u0161alies, kurioje yra vartotojo nuolatin\u0117 gyvenamoji vieta, imperatyvios nuostatos. JT konvencijos d\u0117l tarptautinio preki\u0173 pirkimo-pardavimo sutar\u010di\u0173 nuostatos netaikomos. \u00a7 16 straipsnio 1 dalis. 14 straipsnio 2 sakinio Nr. 6 TDSG nuostatos lieka nepakeistos.<\/span><\/p>\n<p><span style=\"font-weight: 400;\">(2) Europos Komisija teikia gin\u010d\u0173 sprendimo internetu platform\u0105 (OS), kuri\u0105 galima rasti adresu https:\/\/ec.europa.eu\/consumers\/odr. M\u016bs\u0173 el. pa\u0161to adresas: law@ants.de\u00a0<\/span><\/p>\n<p><a href=\"https:\/\/antcube.shop\/en\/shipping-costs-delivery-restrictions\/\"><b>Siuntimo i\u0161laidos \/ siuntimo s\u0105lygos<\/b><\/a><\/p>\n<p><a href=\"https:\/\/antcube.shop\/en\/privacy-policy\/\"><b>Privatumo politika<\/b><\/a><\/p>\n<p><a href=\"https:\/\/antcube.shop\/en\/payment-methods-and-conditions\/\"><b>Mok\u0117jimo galimyb\u0117s<\/b><\/a><\/p>\n<p><a href=\"https:\/\/antcube.shop\/en\/refund-policy\/\"><b>Teis\u0117 nutraukti sutart\u012f<\/b><\/a><\/p>\n\n\t\t<\/div>\n\t\t\t\t\t<\/div>\n\n\t\n\n<\/div>","protected":false},"excerpt":{"rendered":"","protected":false},"author":1,"featured_media":0,"parent":0,"menu_order":0,"comment_status":"closed","ping_status":"closed","template":"","meta":{"_acf_changed":false,"content-type":"","_monsterinsights_skip_tracking":false,"_monsterinsights_sitenote_active":false,"_monsterinsights_sitenote_note":"","_monsterinsights_sitenote_category":0,"footnotes":""},"class_list":["post-500","page","type-page","status-publish","hentry"],"acf":[],"aioseo_notices":[],"jetpack_sharing_enabled":true,"_links":{"self":[{"href":"https:\/\/antcube.shop\/lt\/wp-json\/wp\/v2\/pages\/500","targetHints":{"allow":["GET"]}}],"collection":[{"href":"https:\/\/antcube.shop\/lt\/wp-json\/wp\/v2\/pages"}],"about":[{"href":"https:\/\/antcube.shop\/lt\/wp-json\/wp\/v2\/types\/page"}],"author":[{"embeddable":true,"href":"https:\/\/antcube.shop\/lt\/wp-json\/wp\/v2\/users\/1"}],"replies":[{"embeddable":true,"href":"https:\/\/antcube.shop\/lt\/wp-json\/wp\/v2\/comments?post=500"}],"version-history":[{"count":10,"href":"https:\/\/antcube.shop\/lt\/wp-json\/wp\/v2\/pages\/500\/revisions"}],"predecessor-version":[{"id":10710,"href":"https:\/\/antcube.shop\/lt\/wp-json\/wp\/v2\/pages\/500\/revisions\/10710"}],"wp:attachment":[{"href":"https:\/\/antcube.shop\/lt\/wp-json\/wp\/v2\/media?parent=500"}],"curies":[{"name":"wp","href":"https:\/\/api.w.org\/{rel}","templated":true}]}}