{"id":4440,"date":"2022-07-21T17:15:31","date_gmt":"2022-07-21T15:15:31","guid":{"rendered":"https:\/\/antcube.shop\/?page_id=4440"},"modified":"2022-07-22T17:18:02","modified_gmt":"2022-07-22T15:18:02","slug":"ieskomas-influenceris","status":"publish","type":"page","link":"https:\/\/antcube.shop\/lt\/ieskomas-influenceris\/","title":{"rendered":"Ie\u0161komas \u012ftak\u0105 darantis asmuo"},"content":{"rendered":"<div class=\"banner has-hover\" id=\"banner-290403657\">\n          <div class=\"banner-inner fill\">\n        <div class=\"banner-bg fill\" >\n            <img loading=\"lazy\" decoding=\"async\" width=\"900\" height=\"600\" src=\"https:\/\/i0.wp.com\/antcube.shop\/wp-content\/uploads\/2022\/07\/kenny-eliason-nZJBt4gQlKI-unsplash-scaled.jpg?fit=900%2C600&amp;ssl=1\" class=\"bg attachment-large size-large\" alt=\"\" \/>                        <div class=\"overlay\"><\/div>            \n                    <\/div>\n\t\t\n        <div class=\"banner-layers container\">\n            <div class=\"fill banner-link\"><\/div>            \n\n   <div id=\"text-box-43778044\" class=\"text-box banner-layer x50 md-x50 lg-x50 y20 md-y20 lg-y20 res-text\">\n                                <div class=\"text-box-content text\">\n              \n              <div class=\"text-inner text-left\">\n                  \n\n\t<div id=\"text-1048904330\" class=\"text\">\n\t\t\n\n<h2 class=\"uppercase\"><strong>Ie\u0161komi tarptautiniai \u012ftak\u0105 darantys asmenys ir prek\u0117s \u017eenklo atstovai<\/strong><\/h2>\n<p>\u00a0<\/p>\n<p>\u00a0<\/p>\n\t\t\n<style>\n#text-1048904330 {\n  text-align: center;\n}\n<\/style>\n\t<\/div>\n\t\n\n              <\/div>\n           <\/div>\n                            \n<style>\n#text-box-43778044 {\n  width: 60%;\n}\n#text-box-43778044 .text-box-content {\n  font-size: 100%;\n}\n@media (min-width:550px) {\n  #text-box-43778044 {\n    width: 100%;\n  }\n}\n<\/style>\n    <\/div>\n \n   <div id=\"text-box-878121762\" class=\"text-box banner-layer x50 md-x50 lg-x50 y100 md-y100 lg-y100 res-text\">\n                                <div class=\"text-box-content text dark text-shadow-1\">\n              \n              <div class=\"text-inner text-center\">\n                  \n\n\t<div id=\"text-3820260055\" class=\"text\">\n\t\t\n\n<p>Nesvarbu, ar jau esate \u012fsitrauk\u0119 \u012f skruzd\u0117lyn\u0105, ar bandote rasti nauj\u0105 ni\u0161in\u012f projekt\u0105, kad padidintum\u0117te savo \"Instagram\", \"YouTube\" ar \"TikTok\" paskyr\u0105 - MES J\u016aS\u0172 NORIME!<\/p>\n<p>Ie\u0161kome aistring\u0173 ir profesionali\u0173 influenceri\u0173, kurie nor\u0117t\u0173 su mumis dirbti viename projekte arba reguliariai reklamuoti m\u016bs\u0173 produktus. Nesvarbu, i\u0161 kurios \u0161alies esate ir kokia kalba kalbate! Jei susidom\u0117jote, susisiekite su mumis el. pa\u0161tu <a href=\"mailto:sales@antcube.de\">sales@antcube.de\u00a0<\/a><\/p>\n\t\t\n<style>\n#text-3820260055 {\n  font-size: 1.3rem;\n  color: rgb(0,0,0);\n}\n#text-3820260055 > * {\n  color: rgb(0,0,0);\n}\n<\/style>\n\t<\/div>\n\t\n\n              <\/div>\n           <\/div>\n                            \n<style>\n#text-box-878121762 {\n  width: 94%;\n}\n#text-box-878121762 .text-box-content {\n  font-size: 100%;\n}\n<\/style>\n    <\/div>\n \n\n        <\/div>\n      <\/div>\n\n            \n<style>\n#banner-290403657 {\n  padding-top: 1000px;\n  background-color: rgb(255, 255, 255);\n}\n#banner-290403657 .overlay {\n  background-color: rgba(190, 190, 190, 0.2);\n}\n#banner-290403657 .banner-bg img {\n  object-position: 56% 97%;\n}\n<\/style>\n  <\/div>","protected":false},"excerpt":{"rendered":"","protected":false},"author":1,"featured_media":0,"parent":0,"menu_order":0,"comment_status":"closed","ping_status":"closed","template":"","meta":{"_acf_changed":false,"content-type":"","_monsterinsights_skip_tracking":false,"_monsterinsights_sitenote_active":false,"_monsterinsights_sitenote_note":"","_monsterinsights_sitenote_category":0,"footnotes":""},"class_list":["post-4440","page","type-page","status-publish","hentry"],"acf":[],"aioseo_notices":[],"jetpack_sharing_enabled":true,"_links":{"self":[{"href":"https:\/\/antcube.shop\/lt\/wp-json\/wp\/v2\/pages\/4440","targetHints":{"allow":["GET"]}}],"collection":[{"href":"https:\/\/antcube.shop\/lt\/wp-json\/wp\/v2\/pages"}],"about":[{"href":"https:\/\/antcube.shop\/lt\/wp-json\/wp\/v2\/types\/page"}],"author":[{"embeddable":true,"href":"https:\/\/antcube.shop\/lt\/wp-json\/wp\/v2\/users\/1"}],"replies":[{"embeddable":true,"href":"https:\/\/antcube.shop\/lt\/wp-json\/wp\/v2\/comments?post=4440"}],"version-history":[{"count":9,"href":"https:\/\/antcube.shop\/lt\/wp-json\/wp\/v2\/pages\/4440\/revisions"}],"predecessor-version":[{"id":4454,"href":"https:\/\/antcube.shop\/lt\/wp-json\/wp\/v2\/pages\/4440\/revisions\/4454"}],"wp:attachment":[{"href":"https:\/\/antcube.shop\/lt\/wp-json\/wp\/v2\/media?parent=4440"}],"curies":[{"name":"wp","href":"https:\/\/api.w.org\/{rel}","templated":true}]}}