{"id":2479,"date":"2021-09-30T10:43:05","date_gmt":"2021-09-30T08:43:05","guid":{"rendered":"https:\/\/antcube.shop\/?page_id=2479"},"modified":"2023-12-14T13:31:40","modified_gmt":"2023-12-14T12:31:40","slug":"zingsnis-4","status":"publish","type":"page","link":"https:\/\/antcube.shop\/lt\/skruzdeliu-ieskiklis\/tarpinis\/zingsnis-4\/","title":{"rendered":"4 \u017eingsnis"},"content":{"rendered":"<div id=\"gap-929334848\" class=\"gap-element clearfix\" style=\"display:block; height:auto;\">\n\t\t\n<style>\n#gap-929334848 {\n  padding-top: 200px;\n}\n@media (min-width:850px) {\n  #gap-929334848 {\n    padding-top: 175px;\n  }\n}\n<\/style>\n\t<\/div>\n\t\n\n<div class=\"row\"  id=\"row-364813543\">\n\n\n\t<div id=\"col-977866487\" class=\"col small-12 large-12\"  >\n\t\t\t\t<div class=\"col-inner\"  >\n\t\t\t\n\t\t\t\n\n\t<div id=\"text-3697867302\" class=\"text\">\n\t\t\n\n<h3>Skruzd\u0117l\u0117s patyrusiems skruzd\u017ei\u0173 augintojams<\/h3>\n<p>Kadangi skruzd\u0117l\u0117s gyvena labai skirtingose buvein\u0117se, kuriose klimato s\u0105lygos labai skiriasi, turite \u012fsitikinti, kad galite u\u017etikrinti tinkam\u0105 temperat\u016br\u0105 ir dr\u0117gm\u0119.<\/p>\n<p>Norint palaikyti tinkam\u0105 dr\u0117gm\u0119, reikia tiesiog sudr\u0117kinti skruzd\u0117lyn\u0105, pavyzd\u017eiui, purk\u0161tuvu. Ta\u010diau kai reikia palaikyti tinkam\u0105 temperat\u016br\u0105, tai \u0161iek tiek sud\u0117tingiau. Jums reikia \u0161ilumin\u0117s lempos, \u0161ildymo kilim\u0117lio arba kabelio, arba patalp\u0105, kurioje laikote skruzd\u0117les, pa\u0161ildyti iki reikiamos temperat\u016bros.<\/p>\n<p>Vis d\u0117lto yra daug r\u016b\u0161i\u0173, kurias galima laikyti kambario temperat\u016broje. Net jei ji yra 1-3 \u00b0C \u017eemesn\u0117 u\u017e rekomenduojam\u0105 temperat\u016br\u0105, paprastai tai nekelia problem\u0173.\u00a0<\/p>\n\t\t\n<style>\n#text-3697867302 {\n  text-align: center;\n}\n<\/style>\n\t<\/div>\n\t\n\n\t\t<\/div>\n\t\t\t\t\t<\/div>\n\n\t\n\n<\/div>\n\t<div id=\"text-2507763741\" class=\"text\">\n\t\t\n\n<p><strong>Klausimas: Ar ie\u0161kote skruzd\u017ei\u0173 r\u016b\u0161ies, kuri\u0105 gal\u0117tum\u0117te laikyti kambario temperat\u016broje?<\/strong><\/p>\n\t\t\n<style>\n#text-2507763741 {\n  font-size: 1.8rem;\n  text-align: center;\n}\n<\/style>\n\t<\/div>\n\t\n<div class=\"row\"  id=\"row-1800780042\">\n\n\n\t<div id=\"col-1194993646\" class=\"col medium-6 small-12 large-6\"  >\n\t\t\t\t<div class=\"col-inner\"  >\n\t\t\t\n\t\t\t\n\n<a href=\"https:\/\/antcube.shop\/ant-finder\/intermediate\/step-4\/step-7\/\" class=\"button secondary expand\" >\n\t\t<span>Taip, noriu juos laikyti kambario temperat\u016broje<\/span>\n\t<\/a>\n\n\n\n\t\t<\/div>\n\t\t\t\t\t<\/div>\n\n\t\n\n\t<div id=\"col-1529893834\" class=\"col medium-6 small-12 large-6\"  >\n\t\t\t\t<div class=\"col-inner\"  >\n\t\t\t\n\t\t\t\n\n<a href=\"https:\/\/antcube.shop\/ant-finder\/intermediate\/step-4\/step-8\/\" class=\"button secondary expand\" >\n\t\t<span>Ne, suteiksiu reikiam\u0105 temperat\u016br\u0105<\/span>\n\t<\/a>\n\n\n\n\t\t<\/div>\n\t\t\t\t\t<\/div>\n\n\t\n\n<\/div>","protected":false},"excerpt":{"rendered":"","protected":false},"author":1,"featured_media":0,"parent":2468,"menu_order":0,"comment_status":"closed","ping_status":"closed","template":"","meta":{"_acf_changed":false,"content-type":"","_monsterinsights_skip_tracking":false,"_monsterinsights_sitenote_active":false,"_monsterinsights_sitenote_note":"","_monsterinsights_sitenote_category":0,"footnotes":""},"class_list":["post-2479","page","type-page","status-publish","hentry"],"acf":[],"aioseo_notices":[],"jetpack_sharing_enabled":true,"_links":{"self":[{"href":"https:\/\/antcube.shop\/lt\/wp-json\/wp\/v2\/pages\/2479","targetHints":{"allow":["GET"]}}],"collection":[{"href":"https:\/\/antcube.shop\/lt\/wp-json\/wp\/v2\/pages"}],"about":[{"href":"https:\/\/antcube.shop\/lt\/wp-json\/wp\/v2\/types\/page"}],"author":[{"embeddable":true,"href":"https:\/\/antcube.shop\/lt\/wp-json\/wp\/v2\/users\/1"}],"replies":[{"embeddable":true,"href":"https:\/\/antcube.shop\/lt\/wp-json\/wp\/v2\/comments?post=2479"}],"version-history":[{"count":10,"href":"https:\/\/antcube.shop\/lt\/wp-json\/wp\/v2\/pages\/2479\/revisions"}],"predecessor-version":[{"id":6793,"href":"https:\/\/antcube.shop\/lt\/wp-json\/wp\/v2\/pages\/2479\/revisions\/6793"}],"up":[{"embeddable":true,"href":"https:\/\/antcube.shop\/lt\/wp-json\/wp\/v2\/pages\/2468"}],"wp:attachment":[{"href":"https:\/\/antcube.shop\/lt\/wp-json\/wp\/v2\/media?parent=2479"}],"curies":[{"name":"wp","href":"https:\/\/api.w.org\/{rel}","templated":true}]}}