{"id":2468,"date":"2021-09-30T10:04:30","date_gmt":"2021-09-30T08:04:30","guid":{"rendered":"https:\/\/antcube.shop\/?page_id=2468"},"modified":"2023-12-15T12:50:52","modified_gmt":"2023-12-15T11:50:52","slug":"tarpinis","status":"publish","type":"page","link":"https:\/\/antcube.shop\/lt\/skruzdeliu-ieskiklis\/tarpinis\/","title":{"rendered":"tarpinis"},"content":{"rendered":"<div id=\"gap-725372211\" class=\"gap-element clearfix\" style=\"display:block; height:auto;\">\n\t\t\n<style>\n#gap-725372211 {\n  padding-top: 200px;\n}\n@media (min-width:850px) {\n  #gap-725372211 {\n    padding-top: 175px;\n  }\n}\n<\/style>\n\t<\/div>\n\t\n\n<div class=\"row\"  id=\"row-233422032\">\n\n\n\t<div id=\"col-1160215458\" class=\"col small-12 large-12\"  >\n\t\t\t\t<div class=\"col-inner\"  >\n\t\t\t\n\t\t\t\n\n\t<div id=\"text-1519976999\" class=\"text\">\n\t\t\n\n<h3>Skruzd\u0117l\u0117s patyrusiems skruzd\u017ei\u0173 augintojams<\/h3>\n<p>Daugeliui \u0161altesni\u0173 region\u0173 skruzd\u0117li\u0173 r\u016b\u0161i\u0173 reikia miegoti \u017eiemos miegu. Tai priklauso nuo r\u016b\u0161ies kilm\u0117s. Skruzd\u0117l\u0117s, kurios \u017eiemoja laukin\u0117je gamtoje, tur\u0117t\u0173 taip pat \u017eiemoti ir j\u016bs\u0173 namuose. Jei nesuteiksite gyv\u016bnams nat\u016bralios pertraukos, kolonijos augimas gali sul\u0117t\u0117ti arba motin\u0117l\u0117 gali mirti labai anksti.\u00a0<\/p>\n<p>Kai kurios skruzd\u0117s \u017eiemoja tik tris m\u0117nesius, o kitoms reikia keturi\u0173-penki\u0173 m\u0117nesi\u0173 (paprastai nuo lapkri\u010dio iki kovo m\u0117n.). Taip pat skiriasi temperat\u016bra, kurios kai kurioms r\u016b\u0161ims reikia \u017eiemos miegui. Pavyzd\u017eiui, \u0160iaur\u0117s Europos r\u016b\u0161ims reikia 5-8 \u00b0C temperat\u016bros, o Piet\u0173 Europos r\u016b\u0161ims - apie 15 \u00b0C temperat\u016bros. \u0160iaur\u0117s Europos r\u016b\u0161ys \u017eiemos miego metu visi\u0161kai nutraukia veikl\u0105, o Piet\u0173 Europos r\u016b\u0161ys vis dar yra \u0161iek tiek aktyvios.<\/p>\n\t\t\n<style>\n#text-1519976999 {\n  text-align: center;\n}\n<\/style>\n\t<\/div>\n\t\n\n\t\t<\/div>\n\t\t\t\t\t<\/div>\n\n\t\n\n<\/div>\n\t<div id=\"text-3482537580\" class=\"text\">\n\t\t\n\n<p><strong>Klausimas: Ar ie\u0161kote skruzd\u017ei\u0173 r\u016b\u0161ies su \u017eiemos miegu ar be jo?<\/strong><\/p>\n\t\t\n<style>\n#text-3482537580 {\n  font-size: 1.8rem;\n  text-align: center;\n}\n<\/style>\n\t<\/div>\n\t\n<div class=\"row\" style=\"max-width:650px\" id=\"row-1653609264\">\n\n\n\t<div id=\"col-1295291175\" class=\"col medium-6 small-12 large-6\"  >\n\t\t\t\t<div class=\"col-inner\"  >\n\t\t\t\n\t\t\t\n\n<a href=\"https:\/\/antcube.shop\/ant-finder\/intermediate\/step-3\/\" class=\"button secondary expand\" >\n\t\t<span>Skruzd\u0117l\u0117s, kurioms reikia \u017eiemos miego<\/span>\n\t<\/a>\n\n\n\n\t\t<\/div>\n\t\t\t\t\t<\/div>\n\n\t\n\n\t<div id=\"col-1696368461\" class=\"col medium-6 small-12 large-6\"  >\n\t\t\t\t<div class=\"col-inner\"  >\n\t\t\t\n\t\t\t\n\n<a href=\"https:\/\/antcube.shop\/ant-finder\/intermediate\/step-4\/\" class=\"button secondary expand\" >\n\t\t<span>n\u0117ra \u017eiemos miego<\/span>\n\t<\/a>\n\n\n\n\t\t<\/div>\n\t\t\t\t\t<\/div>\n\n\t\n\n<\/div>","protected":false},"excerpt":{"rendered":"","protected":false},"author":1,"featured_media":0,"parent":721,"menu_order":0,"comment_status":"closed","ping_status":"closed","template":"","meta":{"_acf_changed":false,"content-type":"","_monsterinsights_skip_tracking":false,"_monsterinsights_sitenote_active":false,"_monsterinsights_sitenote_note":"","_monsterinsights_sitenote_category":0,"footnotes":""},"class_list":["post-2468","page","type-page","status-publish","hentry"],"acf":[],"aioseo_notices":[],"jetpack_sharing_enabled":true,"_links":{"self":[{"href":"https:\/\/antcube.shop\/lt\/wp-json\/wp\/v2\/pages\/2468","targetHints":{"allow":["GET"]}}],"collection":[{"href":"https:\/\/antcube.shop\/lt\/wp-json\/wp\/v2\/pages"}],"about":[{"href":"https:\/\/antcube.shop\/lt\/wp-json\/wp\/v2\/types\/page"}],"author":[{"embeddable":true,"href":"https:\/\/antcube.shop\/lt\/wp-json\/wp\/v2\/users\/1"}],"replies":[{"embeddable":true,"href":"https:\/\/antcube.shop\/lt\/wp-json\/wp\/v2\/comments?post=2468"}],"version-history":[{"count":10,"href":"https:\/\/antcube.shop\/lt\/wp-json\/wp\/v2\/pages\/2468\/revisions"}],"predecessor-version":[{"id":6870,"href":"https:\/\/antcube.shop\/lt\/wp-json\/wp\/v2\/pages\/2468\/revisions\/6870"}],"up":[{"embeddable":true,"href":"https:\/\/antcube.shop\/lt\/wp-json\/wp\/v2\/pages\/721"}],"wp:attachment":[{"href":"https:\/\/antcube.shop\/lt\/wp-json\/wp\/v2\/media?parent=2468"}],"curies":[{"name":"wp","href":"https:\/\/api.w.org\/{rel}","templated":true}]}}