{"id":1331,"date":"2021-09-10T10:39:13","date_gmt":"2021-09-10T08:39:13","guid":{"rendered":"https:\/\/antcube.shop\/?page_id=1331"},"modified":"2023-12-15T12:23:13","modified_gmt":"2023-12-15T11:23:13","slug":"dirvozemio-lizdas","status":"publish","type":"page","link":"https:\/\/antcube.shop\/lt\/formicarium-finder\/lizdo-tipo\/dirvozemio-lizdas\/","title":{"rendered":"Dirvo\u017eemio lizdas"},"content":{"rendered":"<div id=\"gap-1567140985\" class=\"gap-element clearfix\" style=\"display:block; height:auto;\">\n\t\t\n<style>\n#gap-1567140985 {\n  padding-top: 197px;\n}\n@media (min-width:550px) {\n  #gap-1567140985 {\n    padding-top: 200px;\n  }\n}\n@media (min-width:850px) {\n  #gap-1567140985 {\n    padding-top: 171px;\n  }\n}\n<\/style>\n\t<\/div>\n\t\n\n<div class=\"row\"  id=\"row-929505091\">\n\n\n\t<div id=\"col-1059746778\" class=\"col small-12 large-12\"  >\n\t\t\t\t<div class=\"col-inner\"  >\n\t\t\t\n\t\t\t\n\n\t<div id=\"text-2358153706\" class=\"text\">\n\t\t\n\n<p><strong>Klausimas: <\/strong><strong>I\u0161 kur yra kilusi j\u016bs\u0173 norima skruzd\u017ei\u0173 r\u016b\u0161is arba koki\u0105 buvein\u0119 ji renkasi?<\/strong><\/p>\n\t\t\n<style>\n#text-2358153706 {\n  font-size: 1.45rem;\n  text-align: center;\n}\n@media (min-width:550px) {\n  #text-2358153706 {\n    font-size: 1.95rem;\n  }\n}\n<\/style>\n\t<\/div>\n\t\n\t<div id=\"text-3320254074\" class=\"text\">\n\t\t\n\n<p style=\"text-align: center;\"><strong>\u0160iame m\u016bs\u0173 \"Formikariumo paie\u0161kos\" etape tur\u0117site nuspr\u0119sti, i\u0161 kokios buvein\u0117s ar nat\u016bralios aplinkos yra kilusi j\u016bs\u0173 skruzd\u017ei\u0173 r\u016b\u0161is. <\/strong>Jei nesate tikri, tiesiog patikrinkite norimos skruzd\u017ei\u0173 r\u016b\u0161ies produkto apra\u0161ym\u0105. Ten rasite reikiam\u0105 informacij\u0105.<\/p>\n\t\t\n<style>\n#text-3320254074 {\n  text-align: center;\n}\n<\/style>\n\t<\/div>\n\t\n\n\t\t<\/div>\n\t\t\t\t\t<\/div>\n\n\t\n\n<\/div>\n<div class=\"row\"  id=\"row-1359351090\">\n\n\n\t<div id=\"col-1615843056\" class=\"col medium-3 small-6 large-3\"  >\n\t\t\t\t<div class=\"col-inner\"  >\n\t\t\t\n\t\t\t\n\n\n  <div class=\"banner has-hover\" id=\"banner-902436853\">\n          <div class=\"banner-inner fill\">\n        <div class=\"banner-bg fill\" >\n            <img loading=\"lazy\" decoding=\"async\" width=\"906\" height=\"600\" src=\"https:\/\/i0.wp.com\/antcube.shop\/wp-content\/uploads\/2021\/08\/walter-sturn-HOCCH6oPVmw-unsplash-scaled.jpg?fit=906%2C600&amp;ssl=1\" class=\"bg attachment-large size-large\" alt=\"\" \/>                        <div class=\"overlay\"><\/div>            \n                    <\/div>\n\t\t\n        <div class=\"banner-layers container\">\n            <a class=\"fill\" href=\"https:\/\/antcube.shop\/formicarium-finder\/nest-type\/soil-nest\/habitat-meadow\/\"><div class=\"fill banner-link\"><\/div><\/a>            \n\n   <div id=\"text-box-1535624387\" class=\"text-box banner-layer x50 md-x50 lg-x50 y5 md-y5 lg-y20 res-text\">\n                                <div class=\"text-box-content text dark text-shadow-5\">\n              \n              <div class=\"text-inner text-center\">\n                  \n\n\t<div id=\"text-2109693233\" class=\"text\">\n\t\t\n\n<h3 class=\"uppercase\"><strong>Pieva<\/strong><\/h3>\n\t\t\n<style>\n#text-2109693233 {\n  font-size: 0.75rem;\n}\n@media (min-width:550px) {\n  #text-2109693233 {\n    font-size: 0.75rem;\n  }\n}\n@media (min-width:850px) {\n  #text-2109693233 {\n    font-size: 1.1rem;\n  }\n}\n<\/style>\n\t<\/div>\n\t\n\n              <\/div>\n           <\/div>\n                            \n<style>\n#text-box-1535624387 {\n  width: 100%;\n}\n#text-box-1535624387 .text-box-content {\n  font-size: 100%;\n}\n@media (min-width:550px) {\n  #text-box-1535624387 {\n    width: 100%;\n  }\n}\n@media (min-width:850px) {\n  #text-box-1535624387 {\n    width: 60%;\n  }\n}\n<\/style>\n    <\/div>\n \n\n        <\/div>\n      <\/div>\n\n            \n<style>\n#banner-902436853 {\n  padding-top: 99.99%;\n}\n#banner-902436853 .overlay {\n  background-color: rgba(0, 0, 0, 0);\n}\n<\/style>\n  <\/div>\n\n\n\n\t\t<\/div>\n\t\t\t\t\t<\/div>\n\n\t\n\n\t<div id=\"col-1933117372\" class=\"col medium-3 small-6 large-3\"  >\n\t\t\t\t<div class=\"col-inner\"  >\n\t\t\t\n\t\t\t\n\n\n  <div class=\"banner has-hover\" id=\"banner-1989297596\">\n          <div class=\"banner-inner fill\">\n        <div class=\"banner-bg fill\" >\n            <img loading=\"lazy\" decoding=\"async\" width=\"401\" height=\"600\" src=\"https:\/\/i0.wp.com\/antcube.shop\/wp-content\/uploads\/2021\/08\/daniel-sessler-78kaMQmUUq4-unsplash-scaled.jpg?fit=401%2C600&amp;ssl=1\" class=\"bg attachment-large size-large\" alt=\"\" \/>                        <div class=\"overlay\"><\/div>            \n                    <\/div>\n\t\t\n        <div class=\"banner-layers container\">\n            <a class=\"fill\" href=\"https:\/\/antcube.shop\/formicarium-finder\/nest-type\/soil-nest\/habitat-forest\/\"><div class=\"fill banner-link\"><\/div><\/a>            \n\n   <div id=\"text-box-483618221\" class=\"text-box banner-layer x50 md-x50 lg-x50 y5 md-y5 lg-y20 res-text\">\n                                <div class=\"text-box-content text dark text-shadow-5\">\n              \n              <div class=\"text-inner text-center\">\n                  \n\n\t<div id=\"text-174065454\" class=\"text\">\n\t\t\n\n<h3 class=\"uppercase\"><strong>Mi\u0161kas<\/strong><\/h3>\n\t\t\n<style>\n#text-174065454 {\n  font-size: 0.75rem;\n}\n@media (min-width:550px) {\n  #text-174065454 {\n    font-size: 0.75rem;\n  }\n}\n@media (min-width:850px) {\n  #text-174065454 {\n    font-size: 1.1rem;\n  }\n}\n<\/style>\n\t<\/div>\n\t\n\n              <\/div>\n           <\/div>\n                            \n<style>\n#text-box-483618221 {\n  width: 100%;\n}\n#text-box-483618221 .text-box-content {\n  font-size: 100%;\n}\n@media (min-width:550px) {\n  #text-box-483618221 {\n    width: 100%;\n  }\n}\n@media (min-width:850px) {\n  #text-box-483618221 {\n    width: 60%;\n  }\n}\n<\/style>\n    <\/div>\n \n\n        <\/div>\n      <\/div>\n\n            \n<style>\n#banner-1989297596 {\n  padding-top: 99.99%;\n}\n#banner-1989297596 .overlay {\n  background-color: rgba(0, 0, 0, 0);\n}\n#banner-1989297596 .banner-bg img {\n  object-position: 25% 69%;\n}\n<\/style>\n  <\/div>\n\n\n\n\t\t<\/div>\n\t\t\t\t\t<\/div>\n\n\t\n\n\t<div id=\"col-1785363832\" class=\"col medium-3 small-6 large-3\"  >\n\t\t\t\t<div class=\"col-inner\"  >\n\t\t\t\n\t\t\t\n\n\n  <div class=\"banner has-hover\" id=\"banner-757071898\">\n          <div class=\"banner-inner fill\">\n        <div class=\"banner-bg fill\" >\n            <img loading=\"lazy\" decoding=\"async\" width=\"400\" height=\"600\" src=\"https:\/\/i0.wp.com\/antcube.shop\/wp-content\/uploads\/2021\/08\/huper-by-joshua-earle-mErSbLOqSJk-unsplash-scaled.jpg?fit=400%2C600&amp;ssl=1\" class=\"bg attachment-large size-large\" alt=\"\" \/>                        <div class=\"overlay\"><\/div>            \n                    <\/div>\n\t\t\n        <div class=\"banner-layers container\">\n            <a class=\"fill\" href=\"https:\/\/antcube.shop\/formicarium-finder\/nest-type\/soil-nest\/habitat-desert\/\"><div class=\"fill banner-link\"><\/div><\/a>            \n\n   <div id=\"text-box-1765287617\" class=\"text-box banner-layer x0 md-x50 lg-x50 y0 md-y5 lg-y10 res-text\">\n                                <div class=\"text-box-content text dark text-shadow-5\">\n              \n              <div class=\"text-inner text-center\">\n                  \n\n\t<div id=\"text-2627493380\" class=\"text\">\n\t\t\n\n<h3 class=\"uppercase\"><strong>Dykumos arba step\u0117s<\/strong><\/h3>\n\t\t\n<style>\n#text-2627493380 {\n  font-size: 0.75rem;\n  text-align: center;\n}\n@media (min-width:550px) {\n  #text-2627493380 {\n    font-size: 0.75rem;\n  }\n}\n@media (min-width:850px) {\n  #text-2627493380 {\n    font-size: 1.1rem;\n  }\n}\n<\/style>\n\t<\/div>\n\t\n\n              <\/div>\n           <\/div>\n                            \n<style>\n#text-box-1765287617 {\n  width: 100%;\n}\n#text-box-1765287617 .text-box-content {\n  font-size: 100%;\n}\n@media (min-width:550px) {\n  #text-box-1765287617 {\n    width: 100%;\n  }\n}\n@media (min-width:850px) {\n  #text-box-1765287617 {\n    width: 60%;\n  }\n}\n<\/style>\n    <\/div>\n \n\n        <\/div>\n      <\/div>\n\n            \n<style>\n#banner-757071898 {\n  padding-top: 99.99%;\n}\n#banner-757071898 .overlay {\n  background-color: rgba(0, 0, 0, 0);\n}\n#banner-757071898 .banner-bg img {\n  object-position: 51% 61%;\n}\n<\/style>\n  <\/div>\n\n\n\n\t\t<\/div>\n\t\t\t\t\t<\/div>\n\n\t\n\n\t<div id=\"col-1532301761\" class=\"col medium-3 small-6 large-3\"  >\n\t\t\t\t<div class=\"col-inner\"  >\n\t\t\t\n\t\t\t\n\n\n  <div class=\"banner has-hover\" id=\"banner-986104919\">\n          <div class=\"banner-inner fill\">\n        <div class=\"banner-bg fill\" >\n            <img loading=\"lazy\" decoding=\"async\" width=\"402\" height=\"600\" src=\"https:\/\/i0.wp.com\/antcube.shop\/wp-content\/uploads\/2021\/08\/david-clode-SF4Gj1xvqk0-unsplash-scaled.jpg?fit=402%2C600&amp;ssl=1\" class=\"bg attachment-large size-large\" alt=\"\" \/>                        <div class=\"overlay\"><\/div>            \n                    <\/div>\n\t\t\n        <div class=\"banner-layers container\">\n            <a class=\"fill\" href=\"https:\/\/antcube.shop\/formicarium-finder\/nest-type\/soil-nest\/habitat-rainforest\/\"><div class=\"fill banner-link\"><\/div><\/a>            \n\n   <div id=\"text-box-2065164217\" class=\"text-box banner-layer x0 md-x0 lg-x50 y5 md-y5 lg-y20 res-text\">\n                                <div class=\"text-box-content text dark text-shadow-5\">\n              \n              <div class=\"text-inner text-center\">\n                  \n\n\t<div id=\"text-4205738845\" class=\"text\">\n\t\t\n\n<h3 class=\"uppercase\"><strong>Lietaus mi\u0161kas<\/strong><\/h3>\n\t\t\n<style>\n#text-4205738845 {\n  font-size: 0.75rem;\n  text-align: center;\n}\n@media (min-width:550px) {\n  #text-4205738845 {\n    font-size: 0.75rem;\n  }\n}\n@media (min-width:850px) {\n  #text-4205738845 {\n    font-size: 1.1rem;\n  }\n}\n<\/style>\n\t<\/div>\n\t\n\n              <\/div>\n           <\/div>\n                            \n<style>\n#text-box-2065164217 {\n  width: 100%;\n}\n#text-box-2065164217 .text-box-content {\n  font-size: 100%;\n}\n@media (min-width:550px) {\n  #text-box-2065164217 {\n    width: 100%;\n  }\n}\n@media (min-width:850px) {\n  #text-box-2065164217 {\n    width: 82%;\n  }\n}\n<\/style>\n    <\/div>\n \n\n        <\/div>\n      <\/div>\n\n            \n<style>\n#banner-986104919 {\n  padding-top: 99.99%;\n}\n#banner-986104919 .overlay {\n  background-color: rgba(0, 0, 0, 0);\n}\n#banner-986104919 .banner-bg img {\n  object-position: 65% 69%;\n}\n<\/style>\n  <\/div>\n\n\n\n\t\t<\/div>\n\t\t\t\t\t<\/div>\n\n\t\n\n<\/div>\n\t<div id=\"gap-2070473096\" class=\"gap-element clearfix\" style=\"display:block; height:auto;\">\n\t\t\n<style>\n#gap-2070473096 {\n  padding-top: 50px;\n}\n<\/style>\n\t<\/div>","protected":false},"excerpt":{"rendered":"","protected":false},"author":1,"featured_media":0,"parent":1264,"menu_order":0,"comment_status":"closed","ping_status":"closed","template":"","meta":{"_acf_changed":false,"content-type":"","_monsterinsights_skip_tracking":false,"_monsterinsights_sitenote_active":false,"_monsterinsights_sitenote_note":"","_monsterinsights_sitenote_category":0,"footnotes":""},"class_list":["post-1331","page","type-page","status-publish","hentry"],"acf":[],"aioseo_notices":[],"jetpack_sharing_enabled":true,"_links":{"self":[{"href":"https:\/\/antcube.shop\/lt\/wp-json\/wp\/v2\/pages\/1331","targetHints":{"allow":["GET"]}}],"collection":[{"href":"https:\/\/antcube.shop\/lt\/wp-json\/wp\/v2\/pages"}],"about":[{"href":"https:\/\/antcube.shop\/lt\/wp-json\/wp\/v2\/types\/page"}],"author":[{"embeddable":true,"href":"https:\/\/antcube.shop\/lt\/wp-json\/wp\/v2\/users\/1"}],"replies":[{"embeddable":true,"href":"https:\/\/antcube.shop\/lt\/wp-json\/wp\/v2\/comments?post=1331"}],"version-history":[{"count":10,"href":"https:\/\/antcube.shop\/lt\/wp-json\/wp\/v2\/pages\/1331\/revisions"}],"predecessor-version":[{"id":6850,"href":"https:\/\/antcube.shop\/lt\/wp-json\/wp\/v2\/pages\/1331\/revisions\/6850"}],"up":[{"embeddable":true,"href":"https:\/\/antcube.shop\/lt\/wp-json\/wp\/v2\/pages\/1264"}],"wp:attachment":[{"href":"https:\/\/antcube.shop\/lt\/wp-json\/wp\/v2\/media?parent=1331"}],"curies":[{"name":"wp","href":"https:\/\/api.w.org\/{rel}","templated":true}]}}