{"id":1135,"date":"2021-09-08T09:48:21","date_gmt":"2021-09-08T07:48:21","guid":{"rendered":"https:\/\/antcube.shop\/?page_id=1135"},"modified":"2024-10-24T14:32:46","modified_gmt":"2024-10-24T12:32:46","slug":"tvarumas","status":"publish","type":"page","link":"https:\/\/antcube.shop\/lt\/apie-mus\/tvarumas\/","title":{"rendered":"Tvarumas"},"content":{"rendered":"<div id=\"gap-1594738706\" class=\"gap-element clearfix\" style=\"display:block; height:auto;\">\n\t\t\n<style>\n#gap-1594738706 {\n  padding-top: 181px;\n}\n@media (min-width:850px) {\n  #gap-1594738706 {\n    padding-top: 75px;\n  }\n}\n<\/style>\n\t<\/div>\n\t\n\n\n  <div class=\"banner has-hover\" id=\"banner-1660789431\">\n          <div class=\"banner-inner fill\">\n        <div class=\"banner-bg fill\" >\n            <img data-recalc-dims=\"1\" loading=\"lazy\" decoding=\"async\" width=\"1020\" height=\"574\" src=\"https:\/\/i0.wp.com\/antcube.shop\/wp-content\/uploads\/2021\/08\/caspian-dahlstrom-xXbaTOP31M4-unsplash-scaled.jpg?resize=1020%2C574&#038;ssl=1\" class=\"bg attachment-original size-original\" alt=\"\" \/>                        <div class=\"overlay\"><\/div>            \n                    <\/div>\n\t\t\n        <div class=\"banner-layers container\">\n            <div class=\"fill banner-link\"><\/div>            \n\n   <div id=\"text-box-1712555060\" class=\"text-box banner-layer x50 md-x50 lg-x50 y50 md-y50 lg-y50 res-text\">\n                                <div class=\"text-box-content text dark\">\n              \n              <div class=\"text-inner text-center\">\n                  \n\n<h3 class=\"uppercase\"><strong>Tvarumas<\/strong><\/h3>\n<p>\u00a0<\/p>\n\n              <\/div>\n           <\/div>\n                            \n<style>\n#text-box-1712555060 {\n  width: 60%;\n}\n#text-box-1712555060 .text-box-content {\n  font-size: 100%;\n}\n<\/style>\n    <\/div>\n \n\n        <\/div>\n      <\/div>\n\n            \n<style>\n#banner-1660789431 {\n  padding-top: 60%;\n}\n#banner-1660789431 .overlay {\n  background-color: rgba(0, 0, 0, 0);\n}\n#banner-1660789431 .banner-bg img {\n  object-position: 51% 51%;\n}\n@media (min-width:550px) {\n  #banner-1660789431 {\n    padding-top: 500px;\n  }\n}\n<\/style>\n  <\/div>\n\n\n\t<div id=\"gap-962139519\" class=\"gap-element clearfix\" style=\"display:block; height:auto;\">\n\t\t\n<style>\n#gap-962139519 {\n  padding-top: 40px;\n}\n<\/style>\n\t<\/div>\n\t\n\n<div class=\"row\"  id=\"row-1423770835\">\n\n\n\t<div id=\"col-564737678\" class=\"col medium-7 small-12 large-6\"  >\n\t\t\t\t<div class=\"col-inner\"  >\n\t\t\t\n\t\t\t\n\n\t<div id=\"text-633713141\" class=\"text\">\n\t\t\n\n<h2>Kaip stengiam\u0117s tapti draugi\u0161kesni aplinkai<\/h2>\n<p align=\"CENTER\"><strong><span style=\"color: #ff0000;\">Mes visi esame atsakingi u\u017e \u0161i\u0105 planet\u0105!<\/span><\/strong><\/p>\n<p>Apie tai m\u016bs\u0173 \u012fk\u016br\u0117jas galvojo dar prie\u0161 20 met\u0173, kai \u012fk\u016br\u0117 ANTSTORE. I\u0161saugoti gamt\u0105, skruzd\u0117lynuose naudojant stikl\u0105, o ne akrilo rinkinius.<\/p>\n<p>Suprantame, kad \u017demei m\u016bs\u0173 nereikia, bet mums reikia \u0161ios nuostabios planetos. Tod\u0117l dirbkime kartu, kad i\u0161saugotume m\u016bs\u0173 gamt\u0105, ir esame d\u0117kingi u\u017e bet koki\u0105 pagalb\u0105 tiriant ir vystant aplinkai draugi\u0161kas ir perdirbamas pakuotes, kad m\u016bs\u0173 vandenyje nebelikt\u0173 daugiau polietileno daleli\u0173.<\/p>\n<p>Tod\u0117l dabar \u017eengiame pirmuosius \u017eingsnius, kad po 2022 m. naudotume tik ekologi\u0161kas pakuotes. \u017dinome, kad pakuo\u010di\u0173 keitimas yra tik ma\u017eas \u017eingsnis, kad \u012fmon\u0117 tapt\u0173 tvari, tod\u0117l taip pat dirbame skaitmeninimo, transporto mar\u0161rut\u0173 optimizavimo ir \u0161vietimo srityse.<\/p>\n<p>Galite mus paremti pirkdami m\u016bs\u0173 produktus. Pad\u0117kite mums atlikti savo pareig\u0105 i\u0161saugoti \u0161i\u0105 nuostabi\u0105 \u017eali\u0105j\u0105 planet\u0105 su visomis jos \u012fvairiomis gyvyb\u0117s formomis. Pirkdami skatinate m\u016bs\u0173 tyrim\u0173 ir pl\u0117tros skyri\u0173 kurti dar tvaresnius sprendimus m\u016bs\u0173 vis\u0173 labui.<\/p>\n<p>Be to, planuojame bendradarbiauti su \"Pasodink med\u012f\" fondu, kad m\u016bs\u0173 mi\u0161kai v\u0117l prad\u0117t\u0173 augti. Jie taip pat yra vienos svarbiausi\u0173 skruzd\u0117li\u0173 buveini\u0173! Netrukus informuosime jus apie naujienas.<\/p>\n\t\t\n<style>\n#text-633713141 {\n  text-align: center;\n}\n<\/style>\n\t<\/div>\n\t\n\n\t\t<\/div>\n\t\t\t\t\t<\/div>\n\n\t\n\n\t<div id=\"col-1571951212\" class=\"col medium-5 small-12 large-6\"  >\n\t\t\t\t<div class=\"col-inner\"  >\n\t\t\t\n\t\t\t\n\n\t<div class=\"img has-hover x md-x lg-x y md-y lg-y\" id=\"image_1351335475\">\n\t\t\t\t\t\t\t\t<div class=\"img-inner dark\" >\n\t\t\t<img data-recalc-dims=\"1\" loading=\"lazy\" decoding=\"async\" width=\"1020\" height=\"681\" src=\"https:\/\/i0.wp.com\/antcube.shop\/wp-content\/uploads\/2021\/08\/mark-AddyORqTyCg-unsplash-scaled.jpg?resize=1020%2C681&#038;ssl=1\" class=\"attachment-original size-original\" alt=\"\" srcset=\"https:\/\/i0.wp.com\/antcube.shop\/wp-content\/uploads\/2021\/08\/mark-AddyORqTyCg-unsplash-scaled.jpg?w=2560&amp;ssl=1 2560w, https:\/\/i0.wp.com\/antcube.shop\/wp-content\/uploads\/2021\/08\/mark-AddyORqTyCg-unsplash-scaled.jpg?resize=510%2C341&amp;ssl=1 510w, https:\/\/i0.wp.com\/antcube.shop\/wp-content\/uploads\/2021\/08\/mark-AddyORqTyCg-unsplash-scaled.jpg?resize=599%2C400&amp;ssl=1 599w, https:\/\/i0.wp.com\/antcube.shop\/wp-content\/uploads\/2021\/08\/mark-AddyORqTyCg-unsplash-scaled.jpg?resize=1198%2C800&amp;ssl=1 1198w, https:\/\/i0.wp.com\/antcube.shop\/wp-content\/uploads\/2021\/08\/mark-AddyORqTyCg-unsplash-scaled.jpg?resize=768%2C513&amp;ssl=1 768w, https:\/\/i0.wp.com\/antcube.shop\/wp-content\/uploads\/2021\/08\/mark-AddyORqTyCg-unsplash-scaled.jpg?resize=1536%2C1026&amp;ssl=1 1536w, https:\/\/i0.wp.com\/antcube.shop\/wp-content\/uploads\/2021\/08\/mark-AddyORqTyCg-unsplash-scaled.jpg?resize=2048%2C1368&amp;ssl=1 2048w\" sizes=\"auto, (max-width: 1020px) 100vw, 1020px\" \/>\t\t\t\t\t\t\n\t\t\t\t\t<\/div>\n\t\t\t\t\t\t\t\t\n<style>\n#image_1351335475 {\n  width: 100%;\n}\n<\/style>\n\t<\/div>\n\t\n\n\n\t\t<\/div>\n\t\t\t\t\t<\/div>\n\n\t\n\n<\/div>","protected":false},"excerpt":{"rendered":"","protected":false},"author":1,"featured_media":0,"parent":104,"menu_order":0,"comment_status":"closed","ping_status":"closed","template":"","meta":{"_acf_changed":false,"content-type":"","_monsterinsights_skip_tracking":false,"_monsterinsights_sitenote_active":false,"_monsterinsights_sitenote_note":"","_monsterinsights_sitenote_category":0,"footnotes":""},"class_list":["post-1135","page","type-page","status-publish","hentry"],"acf":[],"aioseo_notices":[],"jetpack_sharing_enabled":true,"_links":{"self":[{"href":"https:\/\/antcube.shop\/lt\/wp-json\/wp\/v2\/pages\/1135","targetHints":{"allow":["GET"]}}],"collection":[{"href":"https:\/\/antcube.shop\/lt\/wp-json\/wp\/v2\/pages"}],"about":[{"href":"https:\/\/antcube.shop\/lt\/wp-json\/wp\/v2\/types\/page"}],"author":[{"embeddable":true,"href":"https:\/\/antcube.shop\/lt\/wp-json\/wp\/v2\/users\/1"}],"replies":[{"embeddable":true,"href":"https:\/\/antcube.shop\/lt\/wp-json\/wp\/v2\/comments?post=1135"}],"version-history":[{"count":10,"href":"https:\/\/antcube.shop\/lt\/wp-json\/wp\/v2\/pages\/1135\/revisions"}],"predecessor-version":[{"id":10349,"href":"https:\/\/antcube.shop\/lt\/wp-json\/wp\/v2\/pages\/1135\/revisions\/10349"}],"up":[{"embeddable":true,"href":"https:\/\/antcube.shop\/lt\/wp-json\/wp\/v2\/pages\/104"}],"wp:attachment":[{"href":"https:\/\/antcube.shop\/lt\/wp-json\/wp\/v2\/media?parent=1135"}],"curies":[{"name":"wp","href":"https:\/\/api.w.org\/{rel}","templated":true}]}}