{"id":10607,"date":"2024-11-29T12:11:26","date_gmt":"2024-11-29T11:11:26","guid":{"rendered":"https:\/\/antcube.shop\/?page_id=10607"},"modified":"2024-12-03T12:53:14","modified_gmt":"2024-12-03T11:53:14","slug":"skruzdziu-laikymo-gaires","status":"publish","type":"page","link":"https:\/\/antcube.shop\/lt\/skruzdziu-laikymo-gaires\/","title":{"rendered":"Skruzd\u0117li\u0173 laikymo gair\u0117s"},"content":{"rendered":"<div id=\"gap-1708819591\" class=\"gap-element clearfix\" style=\"display:block; height:auto;\">\n\t\t\n<style>\n#gap-1708819591 {\n  padding-top: 190px;\n}\n<\/style>\n\t<\/div>\n\t\n\n<div class=\"row\"  id=\"row-284805286\">\n\n\n\t<div id=\"col-424437534\" class=\"col small-12 large-12\"  >\n\t\t\t\t<div class=\"col-inner\"  >\n\t\t\t\n\t\t\t\n\n<h1><b>Skruzd\u0117li\u0173 laikymo gair\u0117s<\/b><\/h1>\n<h2><b>Svarbi pastaba apie r\u016b\u0161is ir gamtos apsaug\u0105<\/b><\/h2>\n<ul>\n<li style=\"font-weight: 400;\" aria-level=\"1\"><b>Pa\u017eeidim\u0173 ir lig\u0173 rizika:<\/b><span style=\"font-weight: 400;\"> Gyvi gyv\u016bnai gali padaryti \u017ealos arba perne\u0161ti ligas. Ypa\u010d atsarg\u016bs tur\u0117t\u0173 b\u016bti alergi\u0161ki \u017emon\u0117s.<\/span><\/li>\n<li style=\"font-weight: 400;\" aria-level=\"1\"><b>I\u0161leisti draud\u017eiama:<\/b><span style=\"font-weight: 400;\"> Jokiomis aplinkyb\u0117mis negalima paleisti skruzd\u0117li\u0173 \u012f laisv\u0119, kad b\u016bt\u0173 apsaugota vietin\u0117 ir svetima flora ir fauna. Skruzd\u0117li\u0173 paleidimas be oficialaus leidimo yra baud\u017eiamas pagal gamtos apsaugos teis\u0117s aktus. Si\u016blome nemokamai atsiimti senas kolonijas.<\/span><\/li>\n<li style=\"font-weight: 400;\" aria-level=\"1\"><b>R\u016b\u0161ies identifikavimas: <\/b><span style=\"font-weight: 400;\">Skruzd\u017ei\u0173 r\u016b\u0161ys nustatytos, kiek mums \u017einoma. V\u0117liau pasikeitus r\u016b\u0161iai, turite teis\u0119 gr\u0105\u017einti kolonij\u0105.<\/span><\/li>\n<\/ul>\n<h2><b>Skruzd\u0117li\u0173 i\u0161siuntimas<\/b><\/h2>\n<ul>\n<li style=\"font-weight: 400;\" aria-level=\"1\"><b>Pristatymo sritis: <\/b><span style=\"font-weight: 400;\">Gyvi gyv\u016bnai ve\u017eami tik ES teritorijoje. Apie regionines importo taisykles reik\u0117t\u0173 su\u017einoti vietos veterinarijos tarnyboje.<\/span><\/li>\n<li style=\"font-weight: 400;\" aria-level=\"1\"><b>Temperat\u016bra i\u0161siuntimo metu:<\/b>\n<ul>\n<li style=\"font-weight: 400;\" aria-level=\"2\"><b>Nakties temperat\u016bra:<\/b>\n<ul>\n<li style=\"font-weight: 400;\" aria-level=\"3\"><span style=\"font-weight: 400;\">\u0160iaur\u0117s ir Vidurio Europos r\u016b\u0161ys: <span data-text-color=\"alert\">&gt;0\u00b0C<\/span> (Express: <span data-text-color=\"alert\">&gt;-5\u00b0C<\/span> su izoliacija)<\/span><\/li>\n<li style=\"font-weight: 400;\" aria-level=\"3\"><span style=\"font-weight: 400;\">Piet\u0173 Europos r\u016b\u0161ys: <span data-text-color=\"secondary\">&gt;+5\u00b0C<\/span> (Express: <span data-text-color=\"secondary\">&gt;0\u00b0C<\/span> su izoliacija)<\/span><\/li>\n<li style=\"font-weight: 400;\" aria-level=\"3\"><span style=\"font-weight: 400;\">Atogr\u0105\u017e\u0173 r\u016b\u0161ys: <span data-text-color=\"secondary\">&gt;+10\u00b0C<\/span> (Express: <span data-text-color=\"secondary\">&gt;+5\u00b0C<\/span> su \u0161ilumos paketu)<\/span><\/li>\n<\/ul>\n<\/li>\n<li style=\"font-weight: 400;\" aria-level=\"2\"><b>Dienos temperat\u016bra: <\/b><span style=\"font-weight: 400;\">Maksimalus <span data-text-color=\"alert\">+30\u00b0C<\/span> visoms r\u016b\u0161ims.<\/span><\/li>\n<\/ul>\n<\/li>\n<\/ul>\n<p><span style=\"font-weight: 400;\">U\u017esakytos skruzd\u0117l\u0117s nebus i\u0161si\u0173stos u\u017e nurodyt\u0173 temperat\u016bros rib\u0173. Jos bus i\u0161si\u0173stos anks\u010diausiai \u012fmanomu laiku.<\/span><\/p>\n<p><span style=\"font-weight: 400;\">Apie tai b\u016bsite informuoti atskirai el. pa\u0161tu.\u00a0<\/span><\/p>\n<h2><b>Skruzd\u017ei\u0173 laikymas<\/b><\/h2>\n<ul>\n<li style=\"font-weight: 400;\" aria-level=\"1\"><span style=\"font-weight: 400;\">I\u0161sami\u0105 auginimo informacij\u0105 rasite atitinkam\u0173 r\u016b\u0161i\u0173 produkt\u0173 apra\u0161ymuose.<\/span><\/li>\n<\/ul>\n<h3><b>Skruzd\u0117li\u0173 laikymo problemos<\/b><\/h3>\n<ol>\n<li><b> skruzd\u0117li\u0173 mirtingumas - galimos prie\u017eastys<\/b><\/li>\n<\/ol>\n<ul>\n<li style=\"font-weight: 400;\" aria-level=\"1\"><b>Vandens kokyb\u0117:<\/b>\n<ul>\n<li style=\"font-weight: 400;\" aria-level=\"2\"><span style=\"font-weight: 400;\">Vandentiekio vanduo gali b\u016bti toksi\u0161kas skruzd\u0117l\u0117ms d\u0117l chloro arba vario.<\/span><\/li>\n<li style=\"font-weight: 400;\" aria-level=\"2\"><b>Rekomendacija: <\/b><span style=\"font-weight: 400;\">Naudokite filtruot\u0105 arba lietaus, o ne distiliuot\u0105 vanden\u012f.<\/span><\/li>\n<\/ul>\n<\/li>\n<li style=\"font-weight: 400;\" aria-level=\"1\"><b>Substratas:<\/b>\n<ul>\n<li style=\"font-weight: 400;\" aria-level=\"2\"><span style=\"font-weight: 400;\">Pauk\u0161\u010di\u0173 sm\u0117lyje yra dezinfekcini\u0173 med\u017eiag\u0173, kurios gali pakenkti skruzd\u0117l\u0117ms.<\/span><\/li>\n<li style=\"font-weight: 400;\" aria-level=\"2\"><b>Rekomendacija: <\/b><span style=\"font-weight: 400;\">Naudokite m\u016bs\u0173 paruo\u0161t\u0105 naudoti <\/span><b>grind\u0173 pagrindai <\/b><span style=\"font-weight: 400;\">arba neapdorot\u0105 kvarcin\u012f sm\u0117l\u012f ir prie\u0161 tai nuplaukite arba i\u0161kepkite.<\/span><\/li>\n<\/ul>\n<\/li>\n<li style=\"font-weight: 400;\" aria-level=\"1\"><b>Augalai:<\/b>\n<ul>\n<li style=\"font-weight: 400;\" aria-level=\"2\"><span style=\"font-weight: 400;\">Gyvi augalai i\u0161 \"pasidaryk pats\" parduotuvi\u0173 ar sodo centr\u0173 da\u017enai apdorojami pesticidais.<\/span><\/li>\n<li style=\"font-weight: 400;\" aria-level=\"2\"><b>Rekomendacija: <\/b><span style=\"font-weight: 400;\">Naudokite ekologi\u0161kus augalus arba augalus i\u0161 specializuot\u0173 terarium\u0173 parduotuvi\u0173.<\/span><\/li>\n<li style=\"font-weight: 400;\" aria-level=\"2\"><span style=\"font-weight: 400;\">Taip pat galite naudoti augalus, kurie bent metus buvo laikomi namuose nenaudojant pesticid\u0173 ar tr\u0105\u0161\u0173.<\/span><\/li>\n<\/ul>\n<\/li>\n<li style=\"font-weight: 400;\" aria-level=\"1\"><b>Valymas:<\/b>\n<ul>\n<li style=\"font-weight: 400;\" aria-level=\"2\"><span style=\"font-weight: 400;\">Stiklo valikliai ir chemin\u0117s priemon\u0117s yra kenksmingos.<\/span><\/li>\n<li style=\"font-weight: 400;\" aria-level=\"2\"><b>Rekomendacija: <\/b><span style=\"font-weight: 400;\">Naudokite valym\u0105 \u0161variu vandeniu arba organin\u012f valikl\u012f.<\/span><\/li>\n<\/ul>\n<\/li>\n<li style=\"font-weight: 400;\" aria-level=\"1\"><b>Formikariumo konstrukcija:<\/b>\n<ul>\n<li style=\"font-weight: 400;\" aria-level=\"2\"><span style=\"font-weight: 400;\">Med\u017eiagos su tirpikliais arba antibakteriniu silikonu yra netinkamos.<\/span><\/li>\n<li style=\"font-weight: 400;\" aria-level=\"2\"><b>Rekomendacija: <\/b><span style=\"font-weight: 400;\">Naudokite med\u017eiagas be tirpikli\u0173 arba akvariumo silikon\u0105.<\/span><\/li>\n<\/ul>\n<\/li>\n<li style=\"font-weight: 400;\" aria-level=\"1\"><b>Maitinimas:<\/b>\n<ul>\n<li style=\"font-weight: 400;\" aria-level=\"2\"><span style=\"font-weight: 400;\">Konservantai ir parazitai maisto gyv\u016bnams gali b\u016bti kenksmingi. Be to, masi\u0161kai auginami maistiniai gyv\u016bnai da\u017enai b\u016bna u\u017ekr\u0117sti erk\u0117mis, kurios gali pakenkti skruzd\u0117l\u0117ms.\u00a0<\/span><\/li>\n<li style=\"font-weight: 400;\" aria-level=\"2\"><b>Rekomendacija: <\/b><span style=\"font-weight: 400;\">Naudokite ekologi\u0161k\u0105 maist\u0105 arba vabzd\u017eius i\u0161 gamtos, surinktus toliau nuo keli\u0173 ir lauk\u0173, kurie gali b\u016bti u\u017eter\u0161ti pesticidais.<\/span><\/li>\n<\/ul>\n<\/li>\n<li style=\"font-weight: 400;\" aria-level=\"1\"><b>Temperat\u016bra:<\/b>\n<ul>\n<li style=\"font-weight: 400;\" aria-level=\"2\"><span style=\"font-weight: 400;\">Formikarija gali labai \u012fkaisti d\u0117l tiesiogini\u0173 saul\u0117s spinduli\u0173.<\/span><\/li>\n<li style=\"font-weight: 400;\" aria-level=\"2\"><b>Rekomendacija: <\/b><span style=\"font-weight: 400;\">Naudokite termometr\u0105 su min\/max funkcija.<\/span><\/li>\n<\/ul>\n<\/li>\n<li style=\"font-weight: 400;\" aria-level=\"1\"><b>Hibernacija:<\/b>\n<ul>\n<li style=\"font-weight: 400;\" aria-level=\"2\"><span style=\"font-weight: 400;\">\u017diemos miego metu pasir\u016bpinkite, kad lizde b\u016bt\u0173 dr\u0117gna, kad jis nei\u0161d\u017ei\u016bt\u0173.<\/span><\/li>\n<\/ul>\n<\/li>\n<\/ul>\n<ol start=\"2\">\n<li><b> motin\u0117l\u0117 nededa kiau\u0161ini\u0173 - galimos prie\u017eastys<\/b><\/li>\n<\/ol>\n<ul>\n<li style=\"font-weight: 400;\" aria-level=\"1\"><b>Sezonas: <\/b><span style=\"font-weight: 400;\">Europos r\u016b\u0161ys nededa kiau\u0161ini\u0173 ruden\u012f\/\u017eiem\u0105<\/span><b>.<\/b><\/li>\n<li style=\"font-weight: 400;\" aria-level=\"1\"><b>Stresas: <\/b><span style=\"font-weight: 400;\">Perve\u017eimas arba lizdo sutrikdymas gali i\u0161bla\u0161kyti motin\u0117l\u0119.<\/span><\/li>\n<li style=\"font-weight: 400;\" aria-level=\"1\"><b>Baltym\u0173 tr\u016bkumas: <\/b><span style=\"font-weight: 400;\">Jaunikliams vystytis reikia daug baltym\u0173 turin\u010dio maisto.<\/span><\/li>\n<li style=\"font-weight: 400;\" aria-level=\"1\"><b>Pasl\u0117pti kiau\u0161iniai: <\/b><span style=\"font-weight: 400;\">Kiau\u0161ini\u0173 galima rasti transportavimo talpykloje arba vatoje.<\/span><\/li>\n<li style=\"font-weight: 400;\" aria-level=\"1\"><b>Klimatas: <\/b><span style=\"font-weight: 400;\">Labai svarbu u\u017etikrinti optimalias s\u0105lygas (substratas, tamsa, temperat\u016bra, dr\u0117gm\u0117).<\/span><\/li>\n<li style=\"font-weight: 400;\" aria-level=\"1\"><b>Rekomendacija: <\/b><span style=\"font-weight: 400;\">Pradedantieji tur\u0117t\u0173 rinktis r\u016b\u0161is, apie kurias yra daug patirties ataskait\u0173.<\/span><\/li>\n<\/ul>\n<p><span style=\"font-weight: 400;\">\u0160iose rekomendacijose pateikiama pagrindin\u0117 informacija, kaip s\u0117kmingai laikyti skruzd\u0117les. Jei kyla klausim\u0173 ar problem\u0173, rekomenduojama kreiptis \u012f patyrusius skruzd\u017ei\u0173 augintojus arba specializuotas parduotuves.<\/span><\/p>\n\n\t\t<\/div>\n\t\t\t\t\t<\/div>\n\n\t\n\n<\/div>","protected":false},"excerpt":{"rendered":"","protected":false},"author":1,"featured_media":0,"parent":0,"menu_order":0,"comment_status":"closed","ping_status":"closed","template":"","meta":{"_acf_changed":false,"content-type":"","_monsterinsights_skip_tracking":false,"_monsterinsights_sitenote_active":false,"_monsterinsights_sitenote_note":"","_monsterinsights_sitenote_category":0,"footnotes":""},"class_list":["post-10607","page","type-page","status-publish","hentry"],"acf":[],"aioseo_notices":[],"jetpack_sharing_enabled":true,"_links":{"self":[{"href":"https:\/\/antcube.shop\/lt\/wp-json\/wp\/v2\/pages\/10607","targetHints":{"allow":["GET"]}}],"collection":[{"href":"https:\/\/antcube.shop\/lt\/wp-json\/wp\/v2\/pages"}],"about":[{"href":"https:\/\/antcube.shop\/lt\/wp-json\/wp\/v2\/types\/page"}],"author":[{"embeddable":true,"href":"https:\/\/antcube.shop\/lt\/wp-json\/wp\/v2\/users\/1"}],"replies":[{"embeddable":true,"href":"https:\/\/antcube.shop\/lt\/wp-json\/wp\/v2\/comments?post=10607"}],"version-history":[{"count":5,"href":"https:\/\/antcube.shop\/lt\/wp-json\/wp\/v2\/pages\/10607\/revisions"}],"predecessor-version":[{"id":10717,"href":"https:\/\/antcube.shop\/lt\/wp-json\/wp\/v2\/pages\/10607\/revisions\/10717"}],"wp:attachment":[{"href":"https:\/\/antcube.shop\/lt\/wp-json\/wp\/v2\/media?parent=10607"}],"curies":[{"name":"wp","href":"https:\/\/api.w.org\/{rel}","templated":true}]}}