{"id":10604,"date":"2024-11-29T12:07:49","date_gmt":"2024-11-29T11:07:49","guid":{"rendered":"https:\/\/antcube.shop\/?page_id=10604"},"modified":"2025-10-16T12:04:26","modified_gmt":"2025-10-16T10:04:26","slug":"mokejimo-budai-ir-salygos","status":"publish","type":"page","link":"https:\/\/antcube.shop\/lt\/mokejimo-budai-ir-salygos\/","title":{"rendered":"Mok\u0117jimo b\u016bdai ir s\u0105lygos"},"content":{"rendered":"<div id=\"gap-933757451\" class=\"gap-element clearfix\" style=\"display:block; height:auto;\">\n\t\t\n<style>\n#gap-933757451 {\n  padding-top: 190px;\n}\n<\/style>\n\t<\/div>\n\t\n\n<div class=\"row\"  id=\"row-472422026\">\n\n\n\t<div id=\"col-1187838846\" class=\"col small-12 large-12\"  >\n\t\t\t\t<div class=\"col-inner\"  >\n\t\t\t\n\t\t\t\n\n<h1><b>Mok\u0117jimo b\u016bdai ir s\u0105lygos m\u016bs\u0173 parduotuv\u0117je<\/b><\/h1>\n<div class=\"row\"  id=\"row-1723465149\">\n\n\n\t<div id=\"col-1200262479\" class=\"col medium-4 small-6 large-4\"  >\n\t\t\t\t<div class=\"col-inner\"  >\n\t\t\t\n\t\t\t\n\n\t<div class=\"img has-hover x md-x lg-x y md-y lg-y\" id=\"image_149390026\">\n\t\t\t\t\t\t\t\t<div class=\"img-inner dark\" >\n\t\t\t<img data-recalc-dims=\"1\" loading=\"lazy\" decoding=\"async\" width=\"620\" height=\"200\" src=\"https:\/\/i0.wp.com\/antcube.shop\/wp-content\/uploads\/2024\/11\/paypal.jpg?resize=620%2C200&#038;ssl=1\" class=\"attachment-original size-original\" alt=\"\" srcset=\"https:\/\/i0.wp.com\/antcube.shop\/wp-content\/uploads\/2024\/11\/paypal.jpg?w=620&amp;ssl=1 620w, https:\/\/i0.wp.com\/antcube.shop\/wp-content\/uploads\/2024\/11\/paypal.jpg?resize=18%2C6&amp;ssl=1 18w, https:\/\/i0.wp.com\/antcube.shop\/wp-content\/uploads\/2024\/11\/paypal.jpg?resize=247%2C80&amp;ssl=1 247w, https:\/\/i0.wp.com\/antcube.shop\/wp-content\/uploads\/2024\/11\/paypal.jpg?resize=510%2C165&amp;ssl=1 510w\" sizes=\"auto, (max-width: 620px) 100vw, 620px\" \/>\t\t\t\t\t\t\n\t\t\t\t\t<\/div>\n\t\t\t\t\t\t\t\t\n<style>\n#image_149390026 {\n  width: 100%;\n}\n<\/style>\n\t<\/div>\n\t\n\n\n\t\t<\/div>\n\t\t\t\t\t<\/div>\n\n\t\n\n\t<div id=\"col-1804180069\" class=\"col medium-4 small-6 large-4\"  >\n\t\t\t\t<div class=\"col-inner\"  >\n\t\t\t\n\t\t\t\n\n\t<div class=\"img has-hover x md-x lg-x y md-y lg-y\" id=\"image_703852356\">\n\t\t\t\t\t\t\t\t<div class=\"img-inner dark\" >\n\t\t\t<img data-recalc-dims=\"1\" loading=\"lazy\" decoding=\"async\" width=\"620\" height=\"200\" src=\"https:\/\/i0.wp.com\/antcube.shop\/wp-content\/uploads\/2024\/11\/visa-master.jpg?resize=620%2C200&#038;ssl=1\" class=\"attachment-original size-original\" alt=\"\" srcset=\"https:\/\/i0.wp.com\/antcube.shop\/wp-content\/uploads\/2024\/11\/visa-master.jpg?w=620&amp;ssl=1 620w, https:\/\/i0.wp.com\/antcube.shop\/wp-content\/uploads\/2024\/11\/visa-master.jpg?resize=18%2C6&amp;ssl=1 18w, https:\/\/i0.wp.com\/antcube.shop\/wp-content\/uploads\/2024\/11\/visa-master.jpg?resize=247%2C80&amp;ssl=1 247w, https:\/\/i0.wp.com\/antcube.shop\/wp-content\/uploads\/2024\/11\/visa-master.jpg?resize=510%2C165&amp;ssl=1 510w\" sizes=\"auto, (max-width: 620px) 100vw, 620px\" \/>\t\t\t\t\t\t\n\t\t\t\t\t<\/div>\n\t\t\t\t\t\t\t\t\n<style>\n#image_703852356 {\n  width: 100%;\n}\n<\/style>\n\t<\/div>\n\t\n\n\n\t\t<\/div>\n\t\t\t\t\t<\/div>\n\n\t\n\n\t<div id=\"col-2075856965\" class=\"col medium-4 small-6 large-4\"  >\n\t\t\t\t<div class=\"col-inner\"  >\n\t\t\t\n\t\t\t\n\n\t<div class=\"img has-hover x md-x lg-x y md-y lg-y\" id=\"image_1896171080\">\n\t\t\t\t\t\t\t\t<div class=\"img-inner dark\" >\n\t\t\t<img data-recalc-dims=\"1\" loading=\"lazy\" decoding=\"async\" width=\"620\" height=\"200\" src=\"https:\/\/i0.wp.com\/antcube.shop\/wp-content\/uploads\/2024\/11\/vorkasse.jpg?resize=620%2C200&#038;ssl=1\" class=\"attachment-original size-original\" alt=\"\" srcset=\"https:\/\/i0.wp.com\/antcube.shop\/wp-content\/uploads\/2024\/11\/vorkasse.jpg?w=620&amp;ssl=1 620w, https:\/\/i0.wp.com\/antcube.shop\/wp-content\/uploads\/2024\/11\/vorkasse.jpg?resize=18%2C6&amp;ssl=1 18w, https:\/\/i0.wp.com\/antcube.shop\/wp-content\/uploads\/2024\/11\/vorkasse.jpg?resize=247%2C80&amp;ssl=1 247w, https:\/\/i0.wp.com\/antcube.shop\/wp-content\/uploads\/2024\/11\/vorkasse.jpg?resize=510%2C165&amp;ssl=1 510w\" sizes=\"auto, (max-width: 620px) 100vw, 620px\" \/>\t\t\t\t\t\t\n\t\t\t\t\t<\/div>\n\t\t\t\t\t\t\t\t\n<style>\n#image_1896171080 {\n  width: 100%;\n}\n<\/style>\n\t<\/div>\n\t\n\n\n\t\t<\/div>\n\t\t\t\t\t<\/div>\n\n\t\n\n<\/div>\n<ol>\n<li><b>mok\u0117jimo priemon\u0117s<\/b><\/li>\n<\/ol>\n<p><span style=\"font-weight: 400;\">Si\u016blome \u0161ias mok\u0117jimo parinktis m\u016bs\u0173 <\/span><b>internetin\u0117 parduotuv\u0117<\/b><span style=\"font-weight: 400;\">:<\/span><\/p>\n<ul>\n<li style=\"font-weight: 400;\" aria-level=\"1\"><b>I\u0161ankstinis mok\u0117jimas <\/b><span style=\"font-weight: 400;\">(mok\u0117jimas banko pavedimu)<\/span><\/li>\n<li style=\"font-weight: 400;\" aria-level=\"1\"><b>\"PayPal\"<\/b>\n<ul>\n<li style=\"font-weight: 400;\" aria-level=\"2\"><span style=\"font-weight: 400;\">Neprivaloma: kredito kortel\u0117 (Visa arba Mastercard) ir tiesioginis debetas (PayPal+ paslauga)<\/span><\/li>\n<\/ul>\n<\/li>\n<\/ul>\n<p><span style=\"font-weight: 400;\">Informacij\u0105 apie duomen\u0173 apsaug\u0105 ir s\u0105lygas rasite m\u016bs\u0173 <\/span><a href=\"https:\/\/antcube.shop\/en\/privacy-policy\/\"><b>privatumo politika <\/b><\/a><span style=\"font-weight: 400;\">arba m\u016bs\u0173 <\/span><a href=\"https:\/\/antcube.shop\/en\/terms-and-conditions\/\"><b>terminai ir s\u0105lygos<\/b><\/a><\/p>\n<p>\u00a0<\/p>\n<div class=\"row\"  id=\"row-2011187446\">\n\n\n\t<div id=\"col-317244630\" class=\"col medium-6 small-12 large-6\"  >\n\t\t\t\t<div class=\"col-inner\"  >\n\t\t\t\n\t\t\t\n\n<p><span style=\"font-weight: 400;\">Si\u016blome \u0161ias mok\u0117jimo parinktis m\u016bs\u0173 <\/span><b>parduotuv\u0117:<\/b><\/p>\n<ul>\n<li style=\"font-weight: 400;\" aria-level=\"1\"><b>Mok\u0117jimas kortele su \"PayPal\" per \"Zettle <\/b><span style=\"font-weight: 400;\">(tik parduotuv\u0117je)<\/span>\n<ul>\n<li style=\"font-weight: 400;\" aria-level=\"2\"><span style=\"font-weight: 400;\">Kredito kortel\u0117 (Visa arba Mastercard) arba debeto kortel\u0117<\/span><\/li>\n<\/ul>\n<\/li>\n<li aria-level=\"2\"><b>Mok\u0117jimas grynaisiais pinigais<\/b><\/li>\n<\/ul>\n\n\t\t<\/div>\n\t\t\t\t\t<\/div>\n\n\t\n\n\t<div id=\"col-1396920226\" class=\"col medium-6 small-12 large-6\"  >\n\t\t\t\t<div class=\"col-inner\"  >\n\t\t\t\n\t\t\t\n\n\t<div class=\"img has-hover x md-x lg-x y md-y lg-y\" id=\"image_1472437978\">\n\t\t\t\t\t\t\t\t<div class=\"img-inner dark\" >\n\t\t\t<img data-recalc-dims=\"1\" loading=\"lazy\" decoding=\"async\" width=\"946\" height=\"831\" src=\"https:\/\/i0.wp.com\/antcube.shop\/wp-content\/uploads\/2024\/11\/payment-option-local.jpg?resize=946%2C831&#038;ssl=1\" class=\"attachment-original size-original\" alt=\"\" srcset=\"https:\/\/i0.wp.com\/antcube.shop\/wp-content\/uploads\/2024\/11\/payment-option-local.jpg?w=946&amp;ssl=1 946w, https:\/\/i0.wp.com\/antcube.shop\/wp-content\/uploads\/2024\/11\/payment-option-local.jpg?resize=455%2C400&amp;ssl=1 455w, https:\/\/i0.wp.com\/antcube.shop\/wp-content\/uploads\/2024\/11\/payment-option-local.jpg?resize=683%2C600&amp;ssl=1 683w, https:\/\/i0.wp.com\/antcube.shop\/wp-content\/uploads\/2024\/11\/payment-option-local.jpg?resize=768%2C675&amp;ssl=1 768w, https:\/\/i0.wp.com\/antcube.shop\/wp-content\/uploads\/2024\/11\/payment-option-local.jpg?resize=14%2C12&amp;ssl=1 14w, https:\/\/i0.wp.com\/antcube.shop\/wp-content\/uploads\/2024\/11\/payment-option-local.jpg?resize=247%2C217&amp;ssl=1 247w, https:\/\/i0.wp.com\/antcube.shop\/wp-content\/uploads\/2024\/11\/payment-option-local.jpg?resize=510%2C448&amp;ssl=1 510w\" sizes=\"auto, (max-width: 946px) 100vw, 946px\" \/>\t\t\t\t\t\t\n\t\t\t\t\t<\/div>\n\t\t\t\t\t\t\t\t\n<style>\n#image_1472437978 {\n  width: 44%;\n}\n<\/style>\n\t<\/div>\n\t\n\n\n\t\t<\/div>\n\t\t\t\t\t<\/div>\n\n\t\n\n<\/div>\n<ol start=\"2\">\n<li><b> mokes\u010diai <\/b><b><br \/><\/b><span style=\"font-weight: 400;\">Europos S\u0105jungoje u\u017e si\u016blomus mok\u0117jimo b\u016bdus netaikomi jokie papildomi mokes\u010diai.<\/span><\/li>\n<li><b> valiuta<\/b><\/li>\n<\/ol>\n<ul>\n<li style=\"font-weight: 400;\" aria-level=\"1\"><span style=\"font-weight: 400;\">U\u017esakymai ir mok\u0117jimai gali b\u016bti atliekami tik eurais (standartine valiuta).<\/span><\/li>\n<li style=\"font-weight: 400;\" aria-level=\"1\"><span style=\"font-weight: 400;\">Kitos nurodytos valiutos yra tik bendro pob\u016bd\u017eio nurodymai. Negarantuojame, kad valiut\u0173 kurs\u0173 duomenys yra naujausi.<\/span><\/li>\n<\/ul>\n<ol start=\"4\">\n<li><b> kainos ir mokes\u010diai<\/b><\/li>\n<\/ol>\n<ul>\n<li style=\"font-weight: 400;\" aria-level=\"1\"><b>Vokietija<\/b><span style=\"font-weight: 400;\">:\u00a0<\/span>\n<ul>\n<li style=\"font-weight: 400;\" aria-level=\"2\"><span style=\"font-weight: 400;\">\u012e visas kainas \u012fskai\u010diuotas taikomas prid\u0117tin\u0117s vert\u0117s mokestis (PVM).<\/span><\/li>\n<li style=\"font-weight: 400;\" aria-level=\"2\"><span style=\"font-weight: 400;\">Komerciniai klientai, turintys galiojant\u012f PVM mok\u0117tojo kod\u0105: Kainos skai\u010diuojamos neto (be PVM).<\/span>\n<ul>\n<li style=\"font-weight: 400;\" aria-level=\"3\"><span style=\"font-weight: 400;\">Si\u0173skite el. lai\u0161k\u0105 m\u016bs\u0173 pardavim\u0173 komandai <\/span><span style=\"font-weight: 400;\">(<\/span><span style=\"font-weight: 400;\">verkauf@antstore.de) arba skambinkite telefonu +49 30 4397038 70<\/span><\/li>\n<\/ul>\n<\/li>\n<\/ul>\n<\/li>\n<li style=\"font-weight: 400;\" aria-level=\"1\"><b>Europos S\u0105junga (i\u0161skyrus Vokietij\u0105)<\/b><span style=\"font-weight: 400;\">:<\/span>\n<ul>\n<li style=\"font-weight: 400;\" aria-level=\"2\"><span style=\"font-weight: 400;\">Privat\u016bs klientai: \u012e visas kainas \u012fskai\u010diuotas taikomas prid\u0117tin\u0117s vert\u0117s mokestis (PVM).<\/span><\/li>\n<li style=\"font-weight: 400;\" aria-level=\"2\"><span style=\"font-weight: 400;\">Komerciniai klientai, turintys galiojant\u012f PVM mok\u0117tojo kod\u0105: Kainos skai\u010diuojamos neto (be PVM).<\/span>\n<ul>\n<li style=\"font-weight: 400;\" aria-level=\"3\"><span style=\"font-weight: 400;\">Si\u0173skite el. lai\u0161k\u0105 m\u016bs\u0173 pardavim\u0173 komandai <\/span><span style=\"font-weight: 400;\">(<\/span><span style=\"font-weight: 400;\">verkauf@antstore.de) arba skambinkite telefonu +49 30 4397038 70<\/span><\/li>\n<\/ul>\n<\/li>\n<\/ul>\n<\/li>\n<\/ul>\n<p><span style=\"font-weight: 400;\">Jei turite daugiau klausim\u0173 apie mok\u0117jimo galimybes ar s\u0105lygas, nedvejodami susisiekite su mumis!<\/span><\/p>\n\n\t\t<\/div>\n\t\t\t\t\t<\/div>\n\n\t\n\n<\/div>","protected":false},"excerpt":{"rendered":"","protected":false},"author":1,"featured_media":0,"parent":0,"menu_order":0,"comment_status":"closed","ping_status":"closed","template":"","meta":{"_acf_changed":false,"content-type":"","_monsterinsights_skip_tracking":false,"_monsterinsights_sitenote_active":false,"_monsterinsights_sitenote_note":"","_monsterinsights_sitenote_category":0,"footnotes":""},"class_list":["post-10604","page","type-page","status-publish","hentry"],"acf":[],"aioseo_notices":[],"jetpack_sharing_enabled":true,"_links":{"self":[{"href":"https:\/\/antcube.shop\/lt\/wp-json\/wp\/v2\/pages\/10604","targetHints":{"allow":["GET"]}}],"collection":[{"href":"https:\/\/antcube.shop\/lt\/wp-json\/wp\/v2\/pages"}],"about":[{"href":"https:\/\/antcube.shop\/lt\/wp-json\/wp\/v2\/types\/page"}],"author":[{"embeddable":true,"href":"https:\/\/antcube.shop\/lt\/wp-json\/wp\/v2\/users\/1"}],"replies":[{"embeddable":true,"href":"https:\/\/antcube.shop\/lt\/wp-json\/wp\/v2\/comments?post=10604"}],"version-history":[{"count":10,"href":"https:\/\/antcube.shop\/lt\/wp-json\/wp\/v2\/pages\/10604\/revisions"}],"predecessor-version":[{"id":10715,"href":"https:\/\/antcube.shop\/lt\/wp-json\/wp\/v2\/pages\/10604\/revisions\/10715"}],"wp:attachment":[{"href":"https:\/\/antcube.shop\/lt\/wp-json\/wp\/v2\/media?parent=10604"}],"curies":[{"name":"wp","href":"https:\/\/api.w.org\/{rel}","templated":true}]}}