{"id":102,"date":"2013-08-11T19:22:53","date_gmt":"2013-08-11T19:22:53","guid":{"rendered":"http:\/\/localhost:8888\/test\/?page_id=532"},"modified":"2026-04-17T10:49:38","modified_gmt":"2026-04-17T08:49:38","slug":"susisiekite-su","status":"publish","type":"page","link":"https:\/\/antcube.shop\/lt\/susisiekite-su\/","title":{"rendered":"Susisiekite su"},"content":{"rendered":"<div id=\"gap-89405597\" class=\"gap-element clearfix\" style=\"display:block; height:auto;\">\n\t\t\n<style>\n#gap-89405597 {\n  padding-top: 30px;\n}\n<\/style>\n\t<\/div>\n\t\n\n<div class=\"row\"  id=\"row-1173386381\">\n\n\n\t<div id=\"col-61395514\" class=\"col medium-6 large-6\"  >\n\t\t\t\t<div class=\"col-inner\"  >\n\t\t\t\n\t\t\t\n\n<div class=\"container section-title-container\" ><h3 class=\"section-title section-title-normal\"><b aria-hidden=\"true\"><\/b><span class=\"section-title-main\" >Da\u017enai u\u017eduodami klausimai<\/span><b aria-hidden=\"true\"><\/b><\/h3><\/div>\n\n<p class=\"lead\">Perskaitykite m\u016bs\u0173 <a href=\"https:\/\/antcube.shop\/faq-shop\/\">DUK<\/a> prie\u0161 si\u0173sdami mums \u017einut\u0119.<\/p>\n<div class=\"accordion\">\n\n\t<div id=\"accordion-1800760340\" class=\"accordion-item\">\n\t\t<a id=\"accordion-1800760340-label\" class=\"accordion-title plain\" href=\"#accordion-item-you-do-not-know-what-ant-species-to-keep-or-which-formicarium-you-should-use?\" aria-expanded=\"false\" aria-controls=\"accordion-1800760340-content\">\n\t\t\t<button class=\"toggle\" aria-label=\"Perjungti\"><i class=\"icon-angle-down\" aria-hidden=\"true\"><\/i><\/button>\n\t\t\t<span>Ne\u017einote, koki\u0105 skruzd\u0117li\u0173 r\u016b\u0161\u012f laikyti arba kok\u012f formikarium\u0105 naudoti?<\/span>\n\t\t<\/a>\n\t\t<div id=\"accordion-1800760340-content\" class=\"accordion-inner\" aria-labelledby=\"accordion-1800760340-label\">\n\t\t\t\n\n<p>I\u0161bandykite \"Skruzd\u0117li\u0173 ie\u0161kikl\u012f\" arba \"Formikariumo ie\u0161kikl\u012f\" - M\u016bs\u0173 internetin\u0117 klient\u0173 aptarnavimo tarnyba<\/p>\n<p><a href=\"https:\/\/antcube.shop\/ant-finder\/\">Raskite savo skruzd\u017ei\u0173 r\u016b\u0161\u012f<\/a><\/p>\n<p><a href=\"https:\/\/antcube.shop\/formicarium-finder\/\">Suraskite savo formikarium\u0105<\/a><\/p>\n\n\t\t<\/div>\n\t<\/div>\n\t\n\t<div id=\"accordion-1784543387\" class=\"accordion-item\">\n\t\t<a id=\"accordion-1784543387-label\" class=\"accordion-title plain\" href=\"#accordion-item-what-are-the-delivery-times-and-charges-for-orders-from-the-online-shop?\" aria-expanded=\"false\" aria-controls=\"accordion-1784543387-content\">\n\t\t\t<button class=\"toggle\" aria-label=\"Perjungti\"><i class=\"icon-angle-down\" aria-hidden=\"true\"><\/i><\/button>\n\t\t\t<span>Kokie u\u017esakym\u0173 i\u0161 internetin\u0117s parduotuv\u0117s pristatymo terminai ir mokes\u010diai?<\/span>\n\t\t<\/a>\n\t\t<div id=\"accordion-1784543387-content\" class=\"accordion-inner\" aria-labelledby=\"accordion-1784543387-label\">\n\t\t\t\n\n<p>Informacij\u0105 apie numatom\u0105 pristatymo laik\u0105 galite rasti \u010dia:<\/p>\n<p><a href=\"https:\/\/antcube.shop\/delivery-times\/\">Pristatymo laikas<\/a><\/p>\n<p>Jei norite su\u017einoti apie numatomas pristatymo i\u0161laidas ir pristatymo apribojimus, \u017ei\u016br\u0117kite \u010dia:<\/p>\n<p><a href=\"https:\/\/antcube.shop\/shipping-costs-delivery-restrictions\/\">Pristatymo i\u0161laidos \/ pristatymo apribojimai<\/a><\/p>\n\n\t\t<\/div>\n\t<\/div>\n\t\n\t<div id=\"accordion-3900611964\" class=\"accordion-item\">\n\t\t<a id=\"accordion-3900611964-label\" class=\"accordion-title plain\" href=\"#accordion-item-you-have-questions-about-returns-or-refunds?\" aria-expanded=\"false\" aria-controls=\"accordion-3900611964-content\">\n\t\t\t<button class=\"toggle\" aria-label=\"Perjungti\"><i class=\"icon-angle-down\" aria-hidden=\"true\"><\/i><\/button>\n\t\t\t<span>Turite klausim\u0173 apie gr\u0105\u017einim\u0105 ar pinig\u0173 gr\u0105\u017einim\u0105?<\/span>\n\t\t<\/a>\n\t\t<div id=\"accordion-3900611964-content\" class=\"accordion-inner\" aria-labelledby=\"accordion-3900611964-label\">\n\t\t\t\n\n<p><a href=\"https:\/\/antcube.shop\/refund-policy\/\">Gr\u0105\u017einimo politika<\/a><\/p>\n<p><a href=\"https:\/\/antcube.shop\/terms-and-conditions\/\">Terminai ir s\u0105lygos<\/a><\/p>\n\n\t\t<\/div>\n\t<\/div>\n\t\n\t<div id=\"accordion-2400327496\" class=\"accordion-item\">\n\t\t<a id=\"accordion-2400327496-label\" class=\"accordion-title plain\" href=\"#accordion-item-which-payment-methods-are-accepted-in-the-online-shop?\" aria-expanded=\"false\" aria-controls=\"accordion-2400327496-content\">\n\t\t\t<button class=\"toggle\" aria-label=\"Perjungti\"><i class=\"icon-angle-down\" aria-hidden=\"true\"><\/i><\/button>\n\t\t\t<span>Kokie mok\u0117jimo b\u016bdai priimami internetin\u0117je parduotuv\u0117je?<\/span>\n\t\t<\/a>\n\t\t<div id=\"accordion-2400327496-content\" class=\"accordion-inner\" aria-labelledby=\"accordion-2400327496-label\">\n\t\t\t\n\n<p>\u010cia galite rasti m\u016bs\u0173 priimtin\u0173 mok\u0117jimo b\u016bd\u0173 ap\u017evalg\u0105:<\/p>\n<p><a href=\"https:\/\/antcube.shop\/payment-methods\/\">Mok\u0117jimo b\u016bdai<\/a><\/p>\n\n\t\t<\/div>\n\t<\/div>\n\t\n\t<div id=\"accordion-1455926625\" class=\"accordion-item\">\n\t\t<a id=\"accordion-1455926625-label\" class=\"accordion-title plain\" href=\"#accordion-item-you-are-looking-for-user-manuals-for-your-starter-set?\" aria-expanded=\"false\" aria-controls=\"accordion-1455926625-content\">\n\t\t\t<button class=\"toggle\" aria-label=\"Perjungti\"><i class=\"icon-angle-down\" aria-hidden=\"true\"><\/i><\/button>\n\t\t\t<span>Ie\u0161kote pradinio rinkinio naudotojo vadov\u0173?<\/span>\n\t\t<\/a>\n\t\t<div id=\"accordion-1455926625-content\" class=\"accordion-inner\" aria-labelledby=\"accordion-1455926625-label\">\n\t\t\t\n\n<p>\u010cia rasite PDF naudotojo vadovus, kuriuos galite atsispausdinti arba atsisi\u0173sti:<\/p>\n<p><a href=\"https:\/\/antcube.shop\/download\/\">Atsisi\u0173sti<\/a><\/p>\n\n\t\t<\/div>\n\t<\/div>\n\t\n\t<div id=\"accordion-2243789015\" class=\"accordion-item\">\n\t\t<a id=\"accordion-2243789015-label\" class=\"accordion-title plain\" href=\"#accordion-item-you-need-more-information-about-certain-ant-species-or-ant-keeping-in-general?\" aria-expanded=\"false\" aria-controls=\"accordion-2243789015-content\">\n\t\t\t<button class=\"toggle\" aria-label=\"Perjungti\"><i class=\"icon-angle-down\" aria-hidden=\"true\"><\/i><\/button>\n\t\t\t<span>Jums reikia daugiau informacijos apie tam tikras skruzd\u017ei\u0173 r\u016b\u0161is arba apskritai apie skruzd\u017ei\u0173 auginim\u0105?<\/span>\n\t\t<\/a>\n\t\t<div id=\"accordion-2243789015-content\" class=\"accordion-inner\" aria-labelledby=\"accordion-2243789015-label\">\n\t\t\t\n\n<p>\u010cia rasite da\u017eniausiai u\u017eduodam\u0173 klausim\u0173 apie skruzdes ir skruzd\u0117lyn\u0105:<\/p>\n<p><a href=\"https:\/\/antcube.shop\/faq-ants\/\">DUK skruzd\u0117s<\/a><\/p>\n<p><a href=\"https:\/\/antcube.shop\/catching-queen-ants\/\">Kaip sugauti skruzd\u0119 motin\u0117l\u0119<\/a><\/p>\n<p><a href=\"https:\/\/antcube.shop\/ant-species\/\">Su\u017einokite daugiau apie skruzdes<\/a><\/p>\n<p><a href=\"https:\/\/antcube.shop\/social-media\/\">Per\u017ei\u016br\u0117kite m\u016bs\u0173 \"YouTube\" kanalus, juose rasite nauding\u0173 patarim\u0173 ir informacijos.<\/a><\/p>\n\n\t\t<\/div>\n\t<\/div>\n\t\n\t<div id=\"accordion-1671444606\" class=\"accordion-item\">\n\t\t<a id=\"accordion-1671444606-label\" class=\"accordion-title plain\" href=\"#accordion-item-you-have-questions-about-our-products?\" aria-expanded=\"false\" aria-controls=\"accordion-1671444606-content\">\n\t\t\t<button class=\"toggle\" aria-label=\"Perjungti\"><i class=\"icon-angle-down\" aria-hidden=\"true\"><\/i><\/button>\n\t\t\t<span>Turite klausim\u0173 apie m\u016bs\u0173 gaminius?<\/span>\n\t\t<\/a>\n\t\t<div id=\"accordion-1671444606-content\" class=\"accordion-inner\" aria-labelledby=\"accordion-1671444606-label\">\n\t\t\t\n\n<p>Jei turite klausim\u0173 apie m\u016bs\u0173 gaminius, pirmiausia per\u017ei\u016br\u0117kite atitinkam\u0105 gaminio apra\u0161ym\u0105 m\u016bs\u0173 parduotuv\u0117je.<\/p>\n<p>Kitaip daugiau informacijos rasite \u010dia:<\/p>\n<p><a href=\"https:\/\/antcube.shop\/product-information\/\">Informacija apie gamin\u012f<\/a><\/p>\n\n\t\t<\/div>\n\t<\/div>\n\t\n\n<\/div>\n\t<div id=\"gap-883779042\" class=\"gap-element clearfix\" style=\"display:block; height:auto;\">\n\t\t\n<style>\n#gap-883779042 {\n  padding-top: 60px;\n}\n<\/style>\n\t<\/div>\n\t\n\n\t<div class=\"img has-hover x md-x lg-x y md-y lg-y\" id=\"image_2039807286\">\n\t\t\t\t\t\t\t\t<div class=\"img-inner dark\" >\n\t\t\t<img data-recalc-dims=\"1\" loading=\"lazy\" decoding=\"async\" width=\"900\" height=\"900\" src=\"https:\/\/i0.wp.com\/antcube.shop\/wp-content\/uploads\/2021\/09\/Firmeneingang.jpg?resize=900%2C900&#038;ssl=1\" class=\"attachment-original size-original\" alt=\"ANTSTORE \u012f\u0117jimas\" srcset=\"https:\/\/i0.wp.com\/antcube.shop\/wp-content\/uploads\/2021\/09\/Firmeneingang.jpg?w=900&amp;ssl=1 900w, https:\/\/i0.wp.com\/antcube.shop\/wp-content\/uploads\/2021\/09\/Firmeneingang.jpg?resize=247%2C247&amp;ssl=1 247w, https:\/\/i0.wp.com\/antcube.shop\/wp-content\/uploads\/2021\/09\/Firmeneingang.jpg?resize=100%2C100&amp;ssl=1 100w, https:\/\/i0.wp.com\/antcube.shop\/wp-content\/uploads\/2021\/09\/Firmeneingang.jpg?resize=510%2C510&amp;ssl=1 510w, https:\/\/i0.wp.com\/antcube.shop\/wp-content\/uploads\/2021\/09\/Firmeneingang.jpg?resize=400%2C400&amp;ssl=1 400w, https:\/\/i0.wp.com\/antcube.shop\/wp-content\/uploads\/2021\/09\/Firmeneingang.jpg?resize=800%2C800&amp;ssl=1 800w, https:\/\/i0.wp.com\/antcube.shop\/wp-content\/uploads\/2021\/09\/Firmeneingang.jpg?resize=280%2C280&amp;ssl=1 280w, https:\/\/i0.wp.com\/antcube.shop\/wp-content\/uploads\/2021\/09\/Firmeneingang.jpg?resize=768%2C768&amp;ssl=1 768w\" sizes=\"auto, (max-width: 900px) 100vw, 900px\" \/>\t\t\t\t\t\t\n\t\t\t\t\t<\/div>\n\t\t\t\t\t\t\t\t\n<style>\n#image_2039807286 {\n  width: 100%;\n}\n<\/style>\n\t<\/div>\n\t\n\n\n\t\t<\/div>\n\t\t\t\t\t<\/div>\n\n\t\n\n\t<div id=\"col-1118760053\" class=\"col medium-6 large-6\"  >\n\t\t\t\t<div class=\"col-inner\"  >\n\t\t\t\n\t\t\t\n\n<div class=\"container section-title-container\" ><h3 class=\"section-title section-title-normal\"><b aria-hidden=\"true\"><\/b><span class=\"section-title-main\" >Susisiekite su mumis<\/span><b aria-hidden=\"true\"><\/b><\/h3><\/div>\n\n<ul>\n<li><strong>El. pa\u0161tas<\/strong>: support@ants.de<\/li>\n<li><strong>Telefonas<\/strong>: <a href=\"tel:+49 30 439703870\">+49 30 439703870<\/a><\/li>\n<\/ul>\n<p><strong>Darbo valandos <\/strong>(UTC\/GMT +1):<\/p>\n<ul>\n<li>Nuo antradienio iki penktadienio 10:00 - 12:00 ir 13:00 - 18:00 val.<\/li>\n<\/ul>\n\n<div class=\"container section-title-container\" ><h3 class=\"section-title section-title-normal\"><b aria-hidden=\"true\"><\/b><span class=\"section-title-main\" >Apsilankykite m\u016bs\u0173 parduotuv\u0117je<\/span><b aria-hidden=\"true\"><\/b><\/h3><\/div>\n\n<p><strong>Adresas:<\/strong><\/p>\n<ul>\n<li>Gatv\u0117: Selerweg 41<\/li>\n<li>Pa\u0161to kodas: D - 12169<\/li>\n<li>Miestas: Berlynas<\/li>\n<li>\u0160alis: Vokietija<\/li>\n<li>Rajonas: Steglitz-Zehlendorf<\/li>\n<\/ul>\n<p><strong>Darbo laikas<\/strong> (UTC\/GMT +1)<\/p>\n<ul>\n<li>Nuo antradienio iki penktadienio 13:00 - 18:00<\/li>\n<\/ul>\n<p><iframe loading=\"lazy\" style=\"border: 0;\" src=\"https:\/\/www.google.com\/maps\/embed?pb=!1m18!1m12!1m3!1d2431.3708399886823!2d13.335121715997175!3d52.454311048847416!2m3!1f0!2f0!3f0!3m2!1i1024!2i768!4f13.1!3m3!1m2!1s0x47a85a9242e5bc07%3A0xc44ee1d5a0728440!2sANTSTORE!5e0!3m2!1sde!2sde!4v1632470583913!5m2!1sde!2sde\" width=\"600\" height=\"450\" allowfullscreen=\"allowfullscreen\"><\/iframe><\/p>\n\n\t\t<\/div>\n\t\t\t\t\t<\/div>\n\n\t\n\n<\/div>","protected":false},"excerpt":{"rendered":"","protected":false},"author":1,"featured_media":27,"parent":0,"menu_order":0,"comment_status":"closed","ping_status":"closed","template":"page-blank.php","meta":{"_acf_changed":false,"content-type":"","_monsterinsights_skip_tracking":false,"_monsterinsights_sitenote_active":false,"_monsterinsights_sitenote_note":"","_monsterinsights_sitenote_category":0,"footnotes":""},"class_list":["post-102","page","type-page","status-publish","has-post-thumbnail","hentry"],"acf":[],"aioseo_notices":[],"jetpack_sharing_enabled":true,"_links":{"self":[{"href":"https:\/\/antcube.shop\/lt\/wp-json\/wp\/v2\/pages\/102","targetHints":{"allow":["GET"]}}],"collection":[{"href":"https:\/\/antcube.shop\/lt\/wp-json\/wp\/v2\/pages"}],"about":[{"href":"https:\/\/antcube.shop\/lt\/wp-json\/wp\/v2\/types\/page"}],"author":[{"embeddable":true,"href":"https:\/\/antcube.shop\/lt\/wp-json\/wp\/v2\/users\/1"}],"replies":[{"embeddable":true,"href":"https:\/\/antcube.shop\/lt\/wp-json\/wp\/v2\/comments?post=102"}],"version-history":[{"count":10,"href":"https:\/\/antcube.shop\/lt\/wp-json\/wp\/v2\/pages\/102\/revisions"}],"predecessor-version":[{"id":13417,"href":"https:\/\/antcube.shop\/lt\/wp-json\/wp\/v2\/pages\/102\/revisions\/13417"}],"wp:featuredmedia":[{"embeddable":true,"href":"https:\/\/antcube.shop\/lt\/wp-json\/wp\/v2\/media\/27"}],"wp:attachment":[{"href":"https:\/\/antcube.shop\/lt\/wp-json\/wp\/v2\/media?parent=102"}],"curies":[{"name":"wp","href":"https:\/\/api.w.org\/{rel}","templated":true}]}}