{"id":9886,"date":"2024-10-08T15:19:28","date_gmt":"2024-10-08T13:19:28","guid":{"rendered":"https:\/\/antcube.shop\/en\/product\/ameisenarena-rahmen-30x30-5cm\/"},"modified":"2026-04-23T09:02:19","modified_gmt":"2026-04-23T07:02:19","slug":"cornice-ant-arena-30x30-5cm","status":"publish","type":"product","link":"https:\/\/antcube.shop\/it\/prodotto\/cornice-ant-arena-30x30-5cm\/","title":{"rendered":"Cornice per formica 30\u00d730 - 5cm"},"content":{"rendered":"<p><strong>Dimensioni (LxWxH):<\/strong> 30x30x0,4 cm<br \/>\nLarghezza 5 cm<\/p>\n<p><strong>Materiale:<\/strong> vetro float<\/p>\n<p><strong>Colore:<\/strong> cristallino \/ trasparente<\/p>\n<p><strong>Contenuti:<\/strong><br \/>\n1 telaio per l'arena delle formiche<\/p>\n<p><strong>Descrizione:<\/strong><br \/>\nTelaio in vetro per l'arena delle formiche come protezione contro la fuga<\/p>\n<p><strong>Applicazione:<\/strong><br \/>\nIl telaio per formicaio \u00e8 un telaio di vetro che viene posizionato sopra un formicaio e dotato di una protezione contro la fuga (olio, polvere o vernice) sul lato inferiore per impedire alle formiche di uscire.<\/p>\n<p><strong>Nota:<\/strong><br \/>\nPoich\u00e9 l'articolo \u00e8 realizzato in vetro ed \u00e8 quindi fragile, deve essere maneggiato con grande attenzione. Il vetro viene tagliato a misura secondo la norma DIN 1249 con una tolleranza di +\/- 1 mm. Per le specie di formiche estremamente piccole \u00e8 indispensabile un'ulteriore protezione antisfondamento.<\/p>","protected":false},"excerpt":{"rendered":"<p>Dimensioni (LxLxH): 30x30x0,4 cm Larghezza 5cm Materiale: vetro float Colore: cristallino\/trasparente Contenuto: 1x cornice per formicaio Descrizione: Cornice in vetro per l'arena delle formiche come protezione dalla fuga Applicazione: La cornice per formicaio \u00e8 una struttura in vetro che viene posizionata sopra un formicaio e dotata di una protezione per la fuga.","protected":false},"featured_media":10126,"comment_status":"open","ping_status":"closed","template":"","meta":{"_acf_changed":false,"content-type":"","_monsterinsights_skip_tracking":false,"_monsterinsights_sitenote_active":false,"_monsterinsights_sitenote_note":"","_monsterinsights_sitenote_category":0},"product_brand":[484],"product_cat":[91,93],"product_tag":[],"class_list":{"0":"post-9886","1":"product","2":"type-product","3":"status-publish","4":"has-post-thumbnail","6":"product_brand-antcube","7":"product_cat-formicarium-modules","8":"product_cat-arena-frame","10":"first","11":"instock","12":"taxable","13":"shipping-taxable","14":"purchasable","15":"product-type-simple"},"acf":[],"aioseo_notices":[],"jetpack_sharing_enabled":true,"_links":{"self":[{"href":"https:\/\/antcube.shop\/it\/wp-json\/wp\/v2\/product\/9886","targetHints":{"allow":["GET"]}}],"collection":[{"href":"https:\/\/antcube.shop\/it\/wp-json\/wp\/v2\/product"}],"about":[{"href":"https:\/\/antcube.shop\/it\/wp-json\/wp\/v2\/types\/product"}],"replies":[{"embeddable":true,"href":"https:\/\/antcube.shop\/it\/wp-json\/wp\/v2\/comments?post=9886"}],"wp:featuredmedia":[{"embeddable":true,"href":"https:\/\/antcube.shop\/it\/wp-json\/wp\/v2\/media\/10126"}],"wp:attachment":[{"href":"https:\/\/antcube.shop\/it\/wp-json\/wp\/v2\/media?parent=9886"}],"wp:term":[{"taxonomy":"product_brand","embeddable":true,"href":"https:\/\/antcube.shop\/it\/wp-json\/wp\/v2\/product_brand?post=9886"},{"taxonomy":"product_cat","embeddable":true,"href":"https:\/\/antcube.shop\/it\/wp-json\/wp\/v2\/product_cat?post=9886"},{"taxonomy":"product_tag","embeddable":true,"href":"https:\/\/antcube.shop\/it\/wp-json\/wp\/v2\/product_tag?post=9886"}],"curies":[{"name":"wp","href":"https:\/\/api.w.org\/{rel}","templated":true}]}}