{"id":9884,"date":"2024-10-08T15:18:28","date_gmt":"2024-10-08T13:18:28","guid":{"rendered":"https:\/\/antcube.shop\/en\/product\/abdeckung-hybrid-60x30\/"},"modified":"2026-04-05T20:47:15","modified_gmt":"2026-04-05T18:47:15","slug":"copertura-ibrida-60x30","status":"publish","type":"product","link":"https:\/\/antcube.shop\/it\/prodotto\/copertura-ibrida-60x30\/","title":{"rendered":"Copertura ibrida 60\u00d730"},"content":{"rendered":"<p>Vetro sicuro per formiche e Drosophila + copertura in rete di acciaio inox. Anche le specie pi\u00f9 piccole non riescono a passare attraverso la sottile rete in acciaio inox e nemmeno le formiche tagliafoglie riescono a tagliarla.<\/p>\n<p><strong>Dimensioni (LxWxH):<\/strong> 60x30x0,4 cm<br \/>\n<strong>Connessioni:<\/strong> 3x foro da 50 mm<br \/>\nArea di ventilazione 11,7x 47,5 cm<\/p>\n<p><strong>Materiale:<\/strong> vetro float, griglia in acciaio inox<\/p>\n<p><strong>Colore:<\/strong> cristallino \/ trasparente<\/p>\n<p><strong>Contenuto:<\/strong><br \/>\n1x copertura ibrida 60\u00d730<br \/>\n1x punti di fissaggio \u00e0 4 pz.<\/p>\n<p><strong>Descrizione:<\/strong><br \/>\nCopertura in vetro per l'arena delle formiche come protezione dalla fuga<\/p>\n<p><strong>Applicazione:<\/strong><br \/>\nIl copriformica in vetro viene posizionato su un'arena per formiche e viene utilizzato anche per la regolazione del clima.<br \/>\nNelle aperture da 50 mm si possono inserire diversi moduli per il controllo del clima, ad esempio griglie di ventilazione, illuminazione o umidificazione.<br \/>\nPer evitare che le formiche scappino attraverso le aperture, una protezione per la fuga (olio, polvere o vernice) dovrebbe essere applicata sul lato inferiore intorno ai fori.<\/p>\n<p><strong>Nota:<\/strong><br \/>\nPoich\u00e9 l'oggetto \u00e8 in vetro ed \u00e8 quindi fragile, deve essere maneggiato con grande attenzione.<\/p>","protected":false},"excerpt":{"rendered":"<p>Vetro sicuro per formiche e Drosophila + copertura in rete di acciaio inox. Anche le specie pi\u00f9 piccole non riescono a passare attraverso la sottile rete in acciaio inox e nemmeno le formiche tagliafoglie riescono a tagliarla. Dimensioni (LxLxA): 30x30x0,4 cm Collegamenti: 2x foro da 50 mm 11,7 x 17,5 cm area di ventilazione Materiale: vetro float, griglia in acciaio inox Colore: cristallino\/trasparente","protected":false},"featured_media":9891,"comment_status":"open","ping_status":"closed","template":"","meta":{"_acf_changed":false,"content-type":"","_monsterinsights_skip_tracking":false,"_monsterinsights_sitenote_active":false,"_monsterinsights_sitenote_note":"","_monsterinsights_sitenote_category":0},"product_brand":[484],"product_cat":[257,91,92],"product_tag":[],"class_list":{"0":"post-9884","1":"product","2":"type-product","3":"status-publish","4":"has-post-thumbnail","6":"product_brand-antcube","7":"product_cat-new-innovatve-products","8":"product_cat-formicarium-modules","9":"product_cat-arena-cover","11":"first","12":"instock","13":"taxable","14":"shipping-taxable","15":"purchasable","16":"product-type-simple"},"acf":[],"aioseo_notices":[],"jetpack_sharing_enabled":true,"_links":{"self":[{"href":"https:\/\/antcube.shop\/it\/wp-json\/wp\/v2\/product\/9884","targetHints":{"allow":["GET"]}}],"collection":[{"href":"https:\/\/antcube.shop\/it\/wp-json\/wp\/v2\/product"}],"about":[{"href":"https:\/\/antcube.shop\/it\/wp-json\/wp\/v2\/types\/product"}],"replies":[{"embeddable":true,"href":"https:\/\/antcube.shop\/it\/wp-json\/wp\/v2\/comments?post=9884"}],"wp:featuredmedia":[{"embeddable":true,"href":"https:\/\/antcube.shop\/it\/wp-json\/wp\/v2\/media\/9891"}],"wp:attachment":[{"href":"https:\/\/antcube.shop\/it\/wp-json\/wp\/v2\/media?parent=9884"}],"wp:term":[{"taxonomy":"product_brand","embeddable":true,"href":"https:\/\/antcube.shop\/it\/wp-json\/wp\/v2\/product_brand?post=9884"},{"taxonomy":"product_cat","embeddable":true,"href":"https:\/\/antcube.shop\/it\/wp-json\/wp\/v2\/product_cat?post=9884"},{"taxonomy":"product_tag","embeddable":true,"href":"https:\/\/antcube.shop\/it\/wp-json\/wp\/v2\/product_tag?post=9884"}],"curies":[{"name":"wp","href":"https:\/\/api.w.org\/{rel}","templated":true}]}}