{"id":9883,"date":"2024-10-08T15:17:56","date_gmt":"2024-10-08T13:17:56","guid":{"rendered":"https:\/\/antcube.shop\/en\/product\/abdeckung-edelstahlgitter-30x30\/"},"modified":"2026-03-16T10:37:13","modified_gmt":"2026-03-16T09:37:13","slug":"copertura-griglia-in-acciaio-inox-30x30","status":"publish","type":"product","link":"https:\/\/antcube.shop\/it\/prodotto\/copertura-griglia-in-acciaio-inox-30x30\/","title":{"rendered":"Griglia in acciaio inox 30\u00d730"},"content":{"rendered":"<p>Vetro sicuro per formiche e Drosophila + copertura in rete di acciaio inox. Anche le specie pi\u00f9 piccole non riescono a passare attraverso la sottile rete in acciaio inox e nemmeno le formiche tagliafoglie riescono a tagliarla.<\/p>\n<p><strong>Dimensioni (LxWxH):<\/strong> 30x30x0,4 cm<br \/>\nArea di ventilazione 17,5\u00d717,5 cm<\/p>\n<p><strong>Materiale:<\/strong> vetro float, griglia in acciaio inox<\/p>\n<p><strong>Colore:<\/strong> cristallino \/ trasparente<\/p>\n<p><strong>Contenuti:<\/strong><br \/>\n1x copertura griglia in acciaio inox 30\u00d730<br \/>\n1x punti di fissaggio \u00e0 4 pz.<\/p>\n<p><strong>Descrizione:<\/strong><br \/>\nCopertura in vetro per l'arena delle formiche come protezione dalla fuga<\/p>\n<p><strong>Applicazione:<\/strong><br \/>\nIl copriformica viene posizionato su un'arena per formiche e serve anche a regolare il clima.<\/p>\n<p><strong>Nota:<\/strong><br \/>\nPoich\u00e9 l'articolo \u00e8 in vetro ed \u00e8 quindi fragile, deve essere maneggiato con molta attenzione.<\/p>","protected":false},"excerpt":{"rendered":"<p>Vetro sicuro per formiche e Drosophila + copertura in rete di acciaio inox. Anche le specie pi\u00f9 piccole non riescono a passare attraverso la sottile rete in acciaio inox e nemmeno le formiche tagliafoglie riescono a tagliarla. Dimensioni (LxLxH): 60x30x0,4 cm 17,5x47,5 cm area di ventilazione Materiale: vetro float, griglia in acciaio inox Colore: cristallino\/trasparente Contenuto: 1x copertura griglia in acciaio inox","protected":false},"featured_media":9889,"comment_status":"open","ping_status":"closed","template":"","meta":{"_acf_changed":false,"content-type":"","_monsterinsights_skip_tracking":false,"_monsterinsights_sitenote_active":false,"_monsterinsights_sitenote_note":"","_monsterinsights_sitenote_category":0},"product_brand":[484],"product_cat":[257,91,92],"product_tag":[],"class_list":{"0":"post-9883","1":"product","2":"type-product","3":"status-publish","4":"has-post-thumbnail","6":"product_brand-antcube","7":"product_cat-new-innovatve-products","8":"product_cat-formicarium-modules","9":"product_cat-arena-cover","11":"first","12":"instock","13":"taxable","14":"shipping-taxable","15":"purchasable","16":"product-type-simple"},"acf":[],"aioseo_notices":[],"jetpack_sharing_enabled":true,"_links":{"self":[{"href":"https:\/\/antcube.shop\/it\/wp-json\/wp\/v2\/product\/9883","targetHints":{"allow":["GET"]}}],"collection":[{"href":"https:\/\/antcube.shop\/it\/wp-json\/wp\/v2\/product"}],"about":[{"href":"https:\/\/antcube.shop\/it\/wp-json\/wp\/v2\/types\/product"}],"replies":[{"embeddable":true,"href":"https:\/\/antcube.shop\/it\/wp-json\/wp\/v2\/comments?post=9883"}],"wp:featuredmedia":[{"embeddable":true,"href":"https:\/\/antcube.shop\/it\/wp-json\/wp\/v2\/media\/9889"}],"wp:attachment":[{"href":"https:\/\/antcube.shop\/it\/wp-json\/wp\/v2\/media?parent=9883"}],"wp:term":[{"taxonomy":"product_brand","embeddable":true,"href":"https:\/\/antcube.shop\/it\/wp-json\/wp\/v2\/product_brand?post=9883"},{"taxonomy":"product_cat","embeddable":true,"href":"https:\/\/antcube.shop\/it\/wp-json\/wp\/v2\/product_cat?post=9883"},{"taxonomy":"product_tag","embeddable":true,"href":"https:\/\/antcube.shop\/it\/wp-json\/wp\/v2\/product_tag?post=9883"}],"curies":[{"name":"wp","href":"https:\/\/api.w.org\/{rel}","templated":true}]}}