{"id":9878,"date":"2024-10-08T15:14:01","date_gmt":"2024-10-08T13:14:01","guid":{"rendered":"https:\/\/antcube.shop\/en\/product\/plantcube-vivarium-panorama\/"},"modified":"2026-03-19T14:16:40","modified_gmt":"2026-03-19T13:16:40","slug":"bundle-panorama-plantcube-vivarium","status":"publish","type":"product","link":"https:\/\/antcube.shop\/it\/prodotto\/bundle-panorama-plantcube-vivarium\/","title":{"rendered":"PLANTCUBE - Pacchetto panoramico Vivarium 60x30x30"},"content":{"rendered":"<p><span data-text-color=\"alert\"><strong>La spedizione \u00e8 possibile solo via GO! all'interno della Germania o via palette all'interno dell'Europa (no isole).<\/strong><\/span><\/p>\n<h1><strong>OTTENERE UN PEZZO DI NATURA PER LA VOSTRA CASA<\/strong><\/h1>\n<p><strong>Contenuti:<\/strong><br \/>\n1x PLANTCUBE Vivarium 60x30x30 Panorama<br \/>\n1x copertura ibrida 60\u00d730 (3x foro 50mm)<br \/>\n1x cuscinetto 60\u00d730<br \/>\n5x Grid insert acrylic &#8211; 50 mm with sealing ring<br \/>\n2x tappi per foro da 10 mm<br \/>\n1x cuscinetti di fissaggio per il coperchio (4 pz.)<\/p>\n<p>Cubo di vetro 30x30x30 cm con 2x fori laterali da 50 mm e 2x fori laterali da 10 mm<br \/>\nIl foro da 50 mm (punto centrale) si trova a 15 cm di altezza. Il bordo inferiore del foro si trova a ~12,5 cm.<\/p>\n<p><strong>Dimensioni:<\/strong> 600 x 300 x 300 mm; spessore del vetro 4 mm<\/p>\n<p><strong>Materiale:<\/strong> vetro float<\/p>\n<p><strong>Aperture laterali:<\/strong><br \/>\n2x foro 50 mm<br \/>\n2x foro 10 mm<\/p>\n<p>Con i nostri Vivari PLANTCUBE potete progettare la vostra opera d'arte vivente per il vostro salotto. In un PLANTCUBE si possono tenere anche piccoli animali, quindi non c'\u00e8 limite alla creativit\u00e0.<\/p>\n<h2><strong>Personalizzate il PLANTCUBE in base alle vostre esigenze o a quelle delle vostre piante e dei vostri animali:<\/strong><\/h2>\n<p>I due fori da 10 mm sul lato, situati a 2 cm di altezza (al centro) dal fondo, servono a drenare l'acqua in eccesso. Ad esempio, \u00e8 possibile utilizzare il nostro tubo flessibile trasparente da 10\/06 mm per drenare l'acqua. I due fori da 50 mm possono essere chiusi tramite i tappi in dotazione o fungere da ventilazione aggiuntiva se dotati di inserti a griglia. Si possono anche collegare due allestimenti tramite un tubo acrilico. In questo modo, se si tengono animali all'interno del viverario, questi possono spostarsi liberamente da un allestimento all'altro.<\/p>\n<p>Con le nostre cornici, gli inserti o i tappi a griglia, le lampade e i condizionatori d'aria, la copertura del vivarium pu\u00f2 essere adattata in modo flessibile. Le nostre coperture possono essere dotate, tramite i due fori da 50 mm, di tappi o inserti a griglia per ottenere l'umidit\u00e0 desiderata o una maggiore ventilazione. Inoltre, \u00e8 possibile inserire direttamente nei fori da 50 mm prese per lampade, ventilatori o nebulizzatori.<\/p>\n<p>Le nostre cornici sono necessarie solo per l'allevamento di formiche. Assicurano inoltre il Vivarium (se rivestito con un prodotto anti-fuga) per evitare la fuga degli animali e semplificano soprattutto la manutenzione del Vivarium aperto. Inoltre, se si utilizza una cornice, il coperchio pu\u00f2 essere tolto, se lo si desidera.<\/p>\n<h2><strong>Come trasformare il PLANTCUBE in un ecosistema bioattivo:<\/strong><\/h2>\n<h3><strong>Creare uno strato di drenaggio:<\/strong><\/h3>\n<p>Per sostenere le piante \u00e8 necessario creare uno strato drenante all'interno del viverario. Vi consigliamo di utilizzare 2-3 cm di granuli di argilla (4-8 mm) perch\u00e9 sono leggeri. Assicuratevi di lavarli sotto l'acqua corrente prima di inserirli per rimuovere la polvere.<\/p>\n<p>Per separare il drenaggio dal substrato, \u00e8 possibile posizionare un vello drenante sopra i granuli di argilla.<\/p>\n<h3><strong>Quali piante e quale terreno utilizzare:<\/strong><\/h3>\n<p>Tutto dipende dal tipo di \"ecosistema\" che si vuole creare. Se volete costruire un vivarium desertico o piuttosto secco, avrete bisogno di piante che prosperano in quel clima e di utilizzare il terriccio appropriato in cui amano crescere. Per i Vivarium tropicali vale naturalmente lo stesso discorso. Cercate di utilizzare piante provenienti da regioni e\/o climi simili, in modo che si trovino bene nello stesso tipo di terreno e clima. Un buon negozio di piante dovrebbe sempre avere informazioni sul clima e sul terreno adatto alle piante che vende.<\/p>\n<p><strong>Importante:<\/strong> Se si desidera tenere insieme piante e animali, non bisogna mai utilizzare piante che non si sa se siano entrate in contatto con fertilizzanti o pesticidi. Utilizzate solo piante provenienti da negozi di terrari o simili che garantiscano la totale assenza di pesticidi e fertilizzanti. Questi ultimi, infatti, possono causare la morte degli animali.<\/p>\n<h3><strong>Introducete una \"squadra di pulizia\" per rendere il vostro Vivarium Bioattivo<\/strong><\/h3>\n<p><strong>Che cos'\u00e8 la bioattivit\u00e0?<\/strong> Che cos'\u00e8 la bioattivit\u00e0? \u00c8 quanto di pi\u00f9 vicino a un allestimento autosufficiente. Si tratta di aggiungere la miscela di terriccio e materiale organico appropriata per la formazione della microflora e della microfauna necessaria per creare un ciclo nutritivo nel viverario.<\/p>\n<p>Il nostro consiglio: aggiungete sempre piccole creature come le code a molla e gli isopodi. Questi non sono solo una buona fonte di cibo \"infinita\", se volete tenere altri animali nel vostro vivarium. Si nutrono soprattutto delle muffe che si formano a causa dell'elevata umidit\u00e0 e arricchiscono il terreno di sostanze nutritive, che a loro volta permettono alle piante di crescere in modo sano.<\/p>\n<p>Aggiungete un po' di carbone nel terreno, che aiuta i microbi a colonizzarlo. Il muschio e la corteccia di sughero o il legno bianco marcio, oltre alla lettiera di foglie, non solo hanno un aspetto naturale nell'allestimento, ma nutrono anche la vostra \"squadra di pulizia\", le forniscono nascondigli e luoghi di riproduzione e sono facili da scomporre in sostanze nutritive per le vostre piante.<\/p>\n<h3><strong>In natura tutto si basa sull'equilibrio<\/strong><\/h3>\n<p>Tuttavia, non \u00e8 consigliabile utilizzare alcune specie di isopodi senza aggiungere nulla che li cacci, poich\u00e9 una popolazione di isopodi senza predatori come le formiche, ad esempio, ama sfuggire di mano e le piante del viverario diventano rapidamente una fonte di cibo indesiderata. In natura tutto si basa sull'equilibrio.<\/p>\n<p><strong>Ulteriori informazioni:<\/strong><br \/>\nIl vetro \u00e8 tagliato secondo la norma DIN 1249 con una tolleranza di +\/- 1mm. Per le specie di formiche estremamente piccole, \u00e8 essenziale una protezione supplementare contro lo sfondamento.<\/p>\n<div class=\"row\"  id=\"row-89479473\">\n\n\t<div id=\"col-298964461\" class=\"col small-12 large-12\"  >\n\t\t\t\t<div class=\"col-inner\"  >\n\t\t\t\n\t\t\t\n\t<div id=\"text-1951286786\" class=\"text\">\n\t\t\n<h2>Di seguito sono riportati alcuni negozi che possiamo consigliare e ulteriori informazioni su come creare un PLANTCUBE unico e bioattivo:<\/h2>\n\t\t\n<style>\n#text-1951286786 {\n  font-size: 1rem;\n  text-align: center;\n}\n<\/style>\n\t<\/div>\n\t\n\t<div id=\"gap-438623846\" class=\"gap-element clearfix\" style=\"display:block; height:auto;\">\n\t\t\n<style>\n#gap-438623846 {\n  padding-top: 40px;\n}\n<\/style>\n\t<\/div>\n\t\n\t\t<\/div>\n\t\t\t\t\n<style>\n#col-298964461 > .col-inner {\n  padding: 30px 0px 0px 0px;\n}\n<\/style>\n\t<\/div>\n\n\t\n\n\t<div id=\"col-1362912013\" class=\"col medium-6 small-12 large-6\"  >\n\t\t\t\t<div class=\"col-inner\"  >\n\t\t\t\n\t\t\t\n\n\t<section class=\"section\" id=\"section_686587684\">\n\t\t<div class=\"section-bg fill\" >\n\t\t\t<img data-recalc-dims=\"1\" loading=\"lazy\" decoding=\"async\" width=\"1020\" height=\"574\" src=\"https:\/\/i0.wp.com\/antcube.shop\/wp-content\/uploads\/2024\/10\/2560x1440_youtube-Banner-2.png?resize=1020%2C574&#038;ssl=1\" class=\"bg attachment- size-\" alt=\"\" \/>\t\t\t\t\t\t\n\t\t\t\n\n\t\t<\/div>\n\n\t\t\n\n\t\t<div class=\"section-content relative\">\n\t\t\t\n<div class=\"row align-center\"  id=\"row-1380724134\">\n\n\t<div id=\"col-1225353013\" class=\"col medium-10 small-12 large-10\"  >\n\t\t\t\t<div class=\"col-inner text-center\"  >\n\t\t\t\n\t\t\t\n<h2 class=\"uppercase\">Guida passo-passo sul nostro blog<\/h2>\n<a href=\"https:\/\/antcube.shop\/en\/2024\/10\/22\/how-to-create-your-bioactive-vivarium\/\" class=\"button primary\" >\n\t\t<span>BLOG<\/span>\n\t<\/a>\n\n\t\t<\/div>\n\t\t\t\t\n<style>\n#col-1225353013 > .col-inner {\n  margin: -150px 0px 0px 0px;\n}\n@media (min-width:550px) {\n  #col-1225353013 > .col-inner {\n    margin: -200px 0px 0px 0px;\n  }\n}\n<\/style>\n\t<\/div>\n\n\t\n<\/div>\n\t\t<\/div>\n\n\t\t\n<style>\n#section_686587684 {\n  padding-top: 60px;\n  padding-bottom: 60px;\n  min-height: 300px;\n  background-color: rgb(255,255,255);\n}\n#section_686587684 .section-bg img {\n  object-position: 50% 0%;\n}\n<\/style>\n\t<\/section>\n\t\n\t\t<\/div>\n\t\t\t\t\t<\/div>\n\n\t\n\n\t<div id=\"col-1574538754\" class=\"col medium-6 small-12 large-6\"  >\n\t\t\t\t<div class=\"col-inner\"  >\n\t\t\t\n\t\t\t\n\n\t<section class=\"section\" id=\"section_187599173\">\n\t\t<div class=\"section-bg fill\" >\n\t\t\t<img data-recalc-dims=\"1\" loading=\"lazy\" decoding=\"async\" width=\"1020\" height=\"680\" src=\"https:\/\/i0.wp.com\/antcube.shop\/wp-content\/uploads\/2024\/10\/Collage_FULL-HD_-2-scaled.jpg?resize=1020%2C680&#038;ssl=1\" class=\"bg attachment-original size-original\" alt=\"\" \/>\t\t\t\t\t\t\n\t\t\t\n\n\t\t<\/div>\n\n\t\t\n\n\t\t<div class=\"section-content relative\">\n\t\t\t\n<div class=\"row align-center\"  id=\"row-138179256\">\n\n\t<div id=\"col-2117271752\" class=\"col medium-10 small-12 large-10\"  >\n\t\t\t\t<div class=\"col-inner text-center\"  >\n\t\t\t\n\t\t\t\n<h2 class=\"uppercase\">Ulteriori informazioni su plantcube<\/h2>\n<a href=\"https:\/\/antcube.shop\/en\/plantcube\/\" class=\"button primary\" >\n\t\t<span>cubo di piante<\/span>\n\t<\/a>\n\n\t\t<\/div>\n\t\t\t\t\n<style>\n#col-2117271752 > .col-inner {\n  margin: -150px 0px 0px 0px;\n}\n@media (min-width:550px) {\n  #col-2117271752 > .col-inner {\n    margin: -200px 0px 0px 0px;\n  }\n}\n<\/style>\n\t<\/div>\n\n\t\n<\/div>\n\t\t<\/div>\n\n\t\t\n<style>\n#section_187599173 {\n  padding-top: 60px;\n  padding-bottom: 60px;\n  min-height: 300px;\n}\n#section_187599173 .section-bg img {\n  object-position: 51% 0%;\n}\n<\/style>\n\t<\/section>\n\t\n\t\t<\/div>\n\t\t\t\t\t<\/div>\n\n\t\n<\/div>","protected":false},"excerpt":{"rendered":"<p>Questo pacchetto \u00e8 composto da 13 parti<\/p>","protected":false},"featured_media":9930,"comment_status":"open","ping_status":"closed","template":"","meta":{"_acf_changed":false,"content-type":"","_monsterinsights_skip_tracking":false,"_monsterinsights_sitenote_active":false,"_monsterinsights_sitenote_note":"","_monsterinsights_sitenote_category":0},"product_brand":[483],"product_cat":[257,341],"product_tag":[],"class_list":{"0":"post-9878","1":"product","2":"type-product","3":"status-publish","4":"has-post-thumbnail","6":"product_brand-plantcube","7":"product_cat-new-innovatve-products","8":"product_cat-vivariums","10":"first","11":"instock","12":"taxable","13":"shipping-taxable","14":"purchasable","15":"product-type-simple"},"acf":[],"aioseo_notices":[],"jetpack_sharing_enabled":true,"_links":{"self":[{"href":"https:\/\/antcube.shop\/it\/wp-json\/wp\/v2\/product\/9878","targetHints":{"allow":["GET"]}}],"collection":[{"href":"https:\/\/antcube.shop\/it\/wp-json\/wp\/v2\/product"}],"about":[{"href":"https:\/\/antcube.shop\/it\/wp-json\/wp\/v2\/types\/product"}],"replies":[{"embeddable":true,"href":"https:\/\/antcube.shop\/it\/wp-json\/wp\/v2\/comments?post=9878"}],"wp:featuredmedia":[{"embeddable":true,"href":"https:\/\/antcube.shop\/it\/wp-json\/wp\/v2\/media\/9930"}],"wp:attachment":[{"href":"https:\/\/antcube.shop\/it\/wp-json\/wp\/v2\/media?parent=9878"}],"wp:term":[{"taxonomy":"product_brand","embeddable":true,"href":"https:\/\/antcube.shop\/it\/wp-json\/wp\/v2\/product_brand?post=9878"},{"taxonomy":"product_cat","embeddable":true,"href":"https:\/\/antcube.shop\/it\/wp-json\/wp\/v2\/product_cat?post=9878"},{"taxonomy":"product_tag","embeddable":true,"href":"https:\/\/antcube.shop\/it\/wp-json\/wp\/v2\/product_tag?post=9878"}],"curies":[{"name":"wp","href":"https:\/\/api.w.org\/{rel}","templated":true}]}}