{"id":9348,"date":"2024-09-17T16:27:06","date_gmt":"2024-09-17T14:27:06","guid":{"rendered":"https:\/\/antcube.shop\/en\/product\/antcube-popcorn-nest-30x30-l\/"},"modified":"2026-02-09T17:52:54","modified_gmt":"2026-02-09T16:52:54","slug":"antcube-popcorn-nest-30x30-l","status":"publish","type":"product","link":"https:\/\/antcube.shop\/it\/prodotto\/antcube-popcorn-nest-30x30-l\/","title":{"rendered":"ANTCUBE - Nido Popcorn 30\u00d730 - L"},"content":{"rendered":"<p><strong>Dimensioni:<\/strong> 283x237x19 mm<\/p>\n<p><strong>Materiale:<\/strong> Popcorn pressato con saccarosio e proteine<\/p>\n<p><strong>Si adatta solo<\/strong> nei nostri formicai di taglia L<\/p>\n<p><strong>Descrizione:<\/strong> Questo nido di popcorn con passaggi e camere prefabbricate \u00e8 perfetto come granaio per le formiche Messor, ad esempio, ma anche per altre specie di formiche che raccolgono granaglie. \u00c8 dotato di un foro per accedere al nido. Il nido di popcorn assorbe l'umidit\u00e0 e pu\u00f2 quindi restringersi.<strong> deve essere sempre mantenuto asciutto.<\/strong> Messor barbarus accetta molto bene il nostro nido di popcorn ANTCUBE come granaio. Con il tempo, le formiche iniziano a espandere il nido di popcorn e a mangiare il materiale del nido.<\/p>\n<p>Il nido di popcorn deve essere utilizzato solo per le specie di formiche che richiedono un'umidit\u00e0 minima o nulla nell'area del nido.<\/p>","protected":false},"excerpt":{"rendered":"<p>Dimensioni: <strong>L<\/strong><\/p>","protected":false},"featured_media":9459,"comment_status":"open","ping_status":"closed","template":"","meta":{"_acf_changed":false,"content-type":"","_monsterinsights_skip_tracking":false,"_monsterinsights_sitenote_active":false,"_monsterinsights_sitenote_note":"","_monsterinsights_sitenote_category":0},"product_brand":[484],"product_cat":[257,344,87],"product_tag":[],"class_list":{"0":"post-9348","1":"product","2":"type-product","3":"status-publish","4":"has-post-thumbnail","6":"product_brand-antcube","7":"product_cat-new-innovatve-products","8":"product_cat-popcorn","9":"product_cat-nest-insets","11":"first","12":"instock","13":"taxable","14":"shipping-taxable","15":"purchasable","16":"product-type-simple"},"acf":[],"aioseo_notices":[],"jetpack_sharing_enabled":true,"_links":{"self":[{"href":"https:\/\/antcube.shop\/it\/wp-json\/wp\/v2\/product\/9348","targetHints":{"allow":["GET"]}}],"collection":[{"href":"https:\/\/antcube.shop\/it\/wp-json\/wp\/v2\/product"}],"about":[{"href":"https:\/\/antcube.shop\/it\/wp-json\/wp\/v2\/types\/product"}],"replies":[{"embeddable":true,"href":"https:\/\/antcube.shop\/it\/wp-json\/wp\/v2\/comments?post=9348"}],"wp:featuredmedia":[{"embeddable":true,"href":"https:\/\/antcube.shop\/it\/wp-json\/wp\/v2\/media\/9459"}],"wp:attachment":[{"href":"https:\/\/antcube.shop\/it\/wp-json\/wp\/v2\/media?parent=9348"}],"wp:term":[{"taxonomy":"product_brand","embeddable":true,"href":"https:\/\/antcube.shop\/it\/wp-json\/wp\/v2\/product_brand?post=9348"},{"taxonomy":"product_cat","embeddable":true,"href":"https:\/\/antcube.shop\/it\/wp-json\/wp\/v2\/product_cat?post=9348"},{"taxonomy":"product_tag","embeddable":true,"href":"https:\/\/antcube.shop\/it\/wp-json\/wp\/v2\/product_tag?post=9348"}],"curies":[{"name":"wp","href":"https:\/\/api.w.org\/{rel}","templated":true}]}}