{"id":9346,"date":"2024-09-17T16:26:01","date_gmt":"2024-09-17T14:26:01","guid":{"rendered":"https:\/\/antcube.shop\/en\/product\/ameisenarena-abdeckung-30x15\/"},"modified":"2026-04-09T14:37:43","modified_gmt":"2026-04-09T12:37:43","slug":"copertura-arena-formica-30x15","status":"publish","type":"product","link":"https:\/\/antcube.shop\/it\/prodotto\/copertura-arena-formica-30x15\/","title":{"rendered":"Copertura dell'arena delle formiche 30\u00d715"},"content":{"rendered":"<p><strong>Dimensioni (LxWxH):<\/strong> 30x15x0,4 cm<\/p>\n<p><strong>Materiale:<\/strong> vetro float<\/p>\n<p><strong>Colore:<\/strong> cristallino \/ trasparente<\/p>\n<p><strong>Contenuti:<\/strong><br \/>\n1x copertura dell'arena delle formiche<br \/>\n1x punti di fissaggio \u00e0 4 pz.<\/p>\n<p><strong>Descrizione:<\/strong><br \/>\nCopertura in vetro per l'arena delle formiche come protezione dalla fuga. Adatto per le nostre arene per formiche da parete.<\/p>\n<p><strong>Applicazione:<\/strong><br \/>\nIl copriformica in vetro viene posizionato su un'arena per formiche e viene utilizzato anche per la regolazione del clima.<br \/>\nNelle aperture da 50 mm si possono inserire diversi moduli per il controllo del clima, ad esempio griglie di ventilazione, illuminazione o umidificazione.<br \/>\nPer evitare che le formiche escano dalle aperture, \u00e8 necessario applicare una protezione contro la fuga (olio, polvere o vernice) sul lato inferiore intorno ai fori.<\/p>\n<p><strong>Nota:<\/strong><br \/>\nPoich\u00e9 l'oggetto \u00e8 in vetro ed \u00e8 quindi fragile, deve essere maneggiato con grande attenzione.<\/p>","protected":false},"excerpt":{"rendered":"<p>Dimensioni (LxLxH): 30x15x0,4 cm Materiale: vetro float Colore: cristallino\/trasparente Contenuto: 1x copertura ant arena 1x punti di fissaggio \u00e0 4 pz. Descrizione: Copertura in vetro per l'arena delle formiche come protezione contro la fuga. Adatto per le nostre arene per formiche da parete. Applicazione: Il coperchio in vetro per formicaio viene posizionato su un'arena per formiche e viene utilizzato anche per la protezione delle formiche.","protected":false},"featured_media":9465,"comment_status":"open","ping_status":"closed","template":"","meta":{"_acf_changed":false,"content-type":"","_monsterinsights_skip_tracking":false,"_monsterinsights_sitenote_active":false,"_monsterinsights_sitenote_note":"","_monsterinsights_sitenote_category":0},"product_brand":[484],"product_cat":[91,92],"product_tag":[],"class_list":{"0":"post-9346","1":"product","2":"type-product","3":"status-publish","4":"has-post-thumbnail","6":"product_brand-antcube","7":"product_cat-formicarium-modules","8":"product_cat-arena-cover","10":"first","11":"instock","12":"taxable","13":"shipping-taxable","14":"purchasable","15":"product-type-simple"},"acf":[],"aioseo_notices":[],"jetpack_sharing_enabled":true,"_links":{"self":[{"href":"https:\/\/antcube.shop\/it\/wp-json\/wp\/v2\/product\/9346","targetHints":{"allow":["GET"]}}],"collection":[{"href":"https:\/\/antcube.shop\/it\/wp-json\/wp\/v2\/product"}],"about":[{"href":"https:\/\/antcube.shop\/it\/wp-json\/wp\/v2\/types\/product"}],"replies":[{"embeddable":true,"href":"https:\/\/antcube.shop\/it\/wp-json\/wp\/v2\/comments?post=9346"}],"wp:featuredmedia":[{"embeddable":true,"href":"https:\/\/antcube.shop\/it\/wp-json\/wp\/v2\/media\/9465"}],"wp:attachment":[{"href":"https:\/\/antcube.shop\/it\/wp-json\/wp\/v2\/media?parent=9346"}],"wp:term":[{"taxonomy":"product_brand","embeddable":true,"href":"https:\/\/antcube.shop\/it\/wp-json\/wp\/v2\/product_brand?post=9346"},{"taxonomy":"product_cat","embeddable":true,"href":"https:\/\/antcube.shop\/it\/wp-json\/wp\/v2\/product_cat?post=9346"},{"taxonomy":"product_tag","embeddable":true,"href":"https:\/\/antcube.shop\/it\/wp-json\/wp\/v2\/product_tag?post=9346"}],"curies":[{"name":"wp","href":"https:\/\/api.w.org\/{rel}","templated":true}]}}