{"id":9316,"date":"2024-09-17T16:13:38","date_gmt":"2024-09-17T14:13:38","guid":{"rendered":"https:\/\/antcube.shop\/en\/product\/ameisen-ausbruchsschutz-lack-10ml\/"},"modified":"2026-04-17T03:08:06","modified_gmt":"2026-04-17T01:08:06","slug":"ameisen-ausbruchsschutz-lack-10ml","status":"publish","type":"product","link":"https:\/\/antcube.shop\/it\/prodotto\/ameisen-ausbruchsschutz-lack-10ml\/","title":{"rendered":"Vernice protettiva contro i focolai di formiche 10ml"},"content":{"rendered":"<p><strong>Contenuto:<\/strong> 10 ml (sufficiente non diluito per circa 10 metri di una striscia larga 20 mm)<\/p>\n<p><strong>Colore:<\/strong> bianco latte<\/p>\n<p><strong>Materiale:<\/strong> A base di PTFE<\/p>\n<p><strong>Descrizione:<\/strong> La vernice \u00e8 la protezione antisfondamento ideale per le formiche; un tipo di plastica spesso usata anche come antiadesivo - raccomandata anche dagli scienziati H\u00f6lldobler e Wilson come protezione antisfondamento nei formicai. Le formiche non riescono a fare presa sulla pellicola applicata e scivolano via. Il rivestimento \u00e8 di lunga durata e quindi non deve essere rinnovato con la stessa frequenza di altre alternative.<\/p>\n<p><strong>Vantaggio:<\/strong><br \/>\n- Se applicato in modo pulito, non \u00e8 necessario alcun rinnovo.<br \/>\n- Ideale per le superfici in vetro.<\/p>\n<p><strong>Svantaggio:<\/strong><br \/>\n- Non \u00e8 adatto per formicarie con elevata umidit\u00e0, poich\u00e9 la vernice \u00e8 idrosolubile.<br \/>\n- La vernice non \u00e8 adatta alle superfici in plastica, poich\u00e9 queste sono auto-ingrassanti.<br \/>\n- L'applicazione deve essere eseguita in anticipo, poich\u00e9 la superficie \"verniciata\" non deve diventare ruvida o graffiata.<\/p>\n<p><strong>Applicazione:<\/strong> Agitare bene prima dell'uso. La vernice pu\u00f2 essere utilizzata cos\u00ec come viene fornita o diluita con acqua fino a un massimo di 1:10. Pu\u00f2 essere applicata con un pennello o semplicemente fatta gocciolare con cura sulle superfici da trattare. La pellicola deve essere larga ai bordi circa 3 volte la lunghezza delle formiche. Il modo pi\u00f9 semplice per farlo \u00e8 quello di mascherare l'area con del nastro adesivo e applicare la vernice distesa sul lato della vasca. Il tempo di asciugatura per lato \u00e8 di circa 45 minuti, ma pu\u00f2 variare leggermente a seconda dello spessore dell'applicazione.<\/p>\n<p><strong>Nota importante:<\/strong> Evitare il contatto con gli occhi. In caso di contatto con gli occhi, sciacquare immediatamente e abbondantemente con acqua e consultare un medico. Non fumare durante l'applicazione. Utilizzare solo in aree ben ventilate. Tenere fuori dalla portata dei bambini! La vernice pu\u00f2 cambiare irreversibilmente la sua consistenza a temperature inferiori allo zero. Pertanto, spediamo solo a temperature superiori a 0\u00b0C!<\/p>\n<p><a href=\"https:\/\/www.antstore.net\/shop\/images\/documents\/ant%20escape%20protection%20lacquer%20EN.pdf\">Scheda di sicurezza per Vernice protettiva contro i focolai di formiche (inglese) , (PDF 0,2 MB)<\/a><br \/>\n(Contiene: istruzioni di sicurezza)<\/p>\n<p>&nbsp;<\/p>","protected":false},"excerpt":{"rendered":"<p>Contenuto: 10 ml (sufficiente non diluito per circa 10 metri di una striscia larga 20 mm) Colore: bianco latte Materiale: A base di PTFE Descrizione: La vernice \u00e8 la protezione antirottura ideale per le formiche; un tipo di plastica spesso usata anche come antiadesivo - raccomandata anche dagli scienziati H\u00f6lldobler e Wilson come protezione antirottura nelle formiche.","protected":false},"featured_media":9592,"comment_status":"open","ping_status":"closed","template":"","meta":{"_acf_changed":false,"content-type":"","_monsterinsights_skip_tracking":false,"_monsterinsights_sitenote_active":false,"_monsterinsights_sitenote_note":"","_monsterinsights_sitenote_category":0},"product_brand":[484],"product_cat":[237],"product_tag":[],"class_list":{"0":"post-9316","1":"product","2":"type-product","3":"status-publish","4":"has-post-thumbnail","6":"product_brand-antcube","7":"product_cat-tools","9":"first","10":"instock","11":"taxable","12":"shipping-taxable","13":"purchasable","14":"product-type-simple"},"acf":[],"aioseo_notices":[],"jetpack_sharing_enabled":true,"_links":{"self":[{"href":"https:\/\/antcube.shop\/it\/wp-json\/wp\/v2\/product\/9316","targetHints":{"allow":["GET"]}}],"collection":[{"href":"https:\/\/antcube.shop\/it\/wp-json\/wp\/v2\/product"}],"about":[{"href":"https:\/\/antcube.shop\/it\/wp-json\/wp\/v2\/types\/product"}],"replies":[{"embeddable":true,"href":"https:\/\/antcube.shop\/it\/wp-json\/wp\/v2\/comments?post=9316"}],"wp:featuredmedia":[{"embeddable":true,"href":"https:\/\/antcube.shop\/it\/wp-json\/wp\/v2\/media\/9592"}],"wp:attachment":[{"href":"https:\/\/antcube.shop\/it\/wp-json\/wp\/v2\/media?parent=9316"}],"wp:term":[{"taxonomy":"product_brand","embeddable":true,"href":"https:\/\/antcube.shop\/it\/wp-json\/wp\/v2\/product_brand?post=9316"},{"taxonomy":"product_cat","embeddable":true,"href":"https:\/\/antcube.shop\/it\/wp-json\/wp\/v2\/product_cat?post=9316"},{"taxonomy":"product_tag","embeddable":true,"href":"https:\/\/antcube.shop\/it\/wp-json\/wp\/v2\/product_tag?post=9316"}],"curies":[{"name":"wp","href":"https:\/\/api.w.org\/{rel}","templated":true}]}}