{"id":9315,"date":"2024-09-17T16:13:12","date_gmt":"2024-09-17T14:13:12","guid":{"rendered":"https:\/\/antcube.shop\/en\/product\/ameisen-ausbruchsschutz-pulver-10ml\/"},"modified":"2026-04-02T15:40:30","modified_gmt":"2026-04-02T13:40:30","slug":"polvere-protettiva-contro-la-fuga-delle-formiche-10ml","status":"publish","type":"product","link":"https:\/\/antcube.shop\/it\/prodotto\/polvere-protettiva-contro-la-fuga-delle-formiche-10ml\/","title":{"rendered":"Polvere protettiva contro la fuga delle formiche 10ml"},"content":{"rendered":"<p><strong>Contenuto:<\/strong> 8g\/10ml (sufficiente per circa un metro di una striscia larga 2cm)<\/p>\n<p><strong>Colore:<\/strong> bianco, opaco<\/p>\n<p><strong>Materiale:<\/strong> a base di talco<\/p>\n<p><strong>Descrizione:<\/strong> La polvere impedisce alle formiche di scoppiare mescolando la polvere con acqua e applicandola con un pennello circa 1 cm sotto il bordo interno del formicaio. L'acqua evapora e rimane un sottile strato di talco.<\/p>\n<p><strong>Vantaggio:<\/strong> molto efficace, di lunga durata<\/p>\n<p><strong>Svantaggio:<\/strong> Lo strato di polvere pu\u00f2 staccarsi se il formicaio viene agitato. \u00c8 necessaria una quantit\u00e0 relativamente elevata rispetto all'olio o alla vernice protettiva per focolai.<\/p>\n<p><strong>Applicazione:<\/strong> La pellicola deve essere applicata sul bordo per una larghezza pari a circa 3 volte la lunghezza delle formiche.<\/p>","protected":false},"excerpt":{"rendered":"<p>Contenuto: 8g\/10ml (sufficiente per circa un metro di striscia larga 2cm) Colore: bianco, opaco Materiale: a base di talco Descrizione: La polvere previene la fuoriuscita delle formiche mescolando la polvere con acqua e applicandola con un pennello circa 1 cm sotto il bordo interno del formicaio. L'acqua evapora e si forma un sottile strato di talco.","protected":false},"featured_media":9596,"comment_status":"open","ping_status":"closed","template":"","meta":{"_acf_changed":false,"content-type":"","_monsterinsights_skip_tracking":false,"_monsterinsights_sitenote_active":false,"_monsterinsights_sitenote_note":"","_monsterinsights_sitenote_category":0},"product_brand":[],"product_cat":[237],"product_tag":[],"class_list":{"0":"post-9315","1":"product","2":"type-product","3":"status-publish","4":"has-post-thumbnail","6":"product_cat-tools","8":"first","9":"instock","10":"taxable","11":"shipping-taxable","12":"purchasable","13":"product-type-simple"},"acf":[],"aioseo_notices":[],"jetpack_sharing_enabled":true,"_links":{"self":[{"href":"https:\/\/antcube.shop\/it\/wp-json\/wp\/v2\/product\/9315","targetHints":{"allow":["GET"]}}],"collection":[{"href":"https:\/\/antcube.shop\/it\/wp-json\/wp\/v2\/product"}],"about":[{"href":"https:\/\/antcube.shop\/it\/wp-json\/wp\/v2\/types\/product"}],"replies":[{"embeddable":true,"href":"https:\/\/antcube.shop\/it\/wp-json\/wp\/v2\/comments?post=9315"}],"wp:featuredmedia":[{"embeddable":true,"href":"https:\/\/antcube.shop\/it\/wp-json\/wp\/v2\/media\/9596"}],"wp:attachment":[{"href":"https:\/\/antcube.shop\/it\/wp-json\/wp\/v2\/media?parent=9315"}],"wp:term":[{"taxonomy":"product_brand","embeddable":true,"href":"https:\/\/antcube.shop\/it\/wp-json\/wp\/v2\/product_brand?post=9315"},{"taxonomy":"product_cat","embeddable":true,"href":"https:\/\/antcube.shop\/it\/wp-json\/wp\/v2\/product_cat?post=9315"},{"taxonomy":"product_tag","embeddable":true,"href":"https:\/\/antcube.shop\/it\/wp-json\/wp\/v2\/product_tag?post=9315"}],"curies":[{"name":"wp","href":"https:\/\/api.w.org\/{rel}","templated":true}]}}