{"id":9249,"date":"2024-09-17T14:43:55","date_gmt":"2024-09-17T12:43:55","guid":{"rendered":"https:\/\/antcube.shop\/en\/product\/antcube-korknest-20x10-stehend\/"},"modified":"2026-04-02T09:54:33","modified_gmt":"2026-04-02T07:54:33","slug":"antcube-korknest-20x10-stehend","status":"publish","type":"product","link":"https:\/\/antcube.shop\/it\/prodotto\/antcube-korknest-20x10-stehend\/","title":{"rendered":"ANTCUBE - Nido di sughero 20\u00d710 - verticale"},"content":{"rendered":"<p><strong>Dimensioni:<\/strong> 183 x 60 x 20 mm<\/p>\n<p><strong>Materiale:<\/strong> Sughero (fine)<\/p>\n<p>Si adatta solo ai nostri formicai della taglia <span style=\"font-size: 10.5pt; font-family: Arial; color: #0000ff; background-color: transparent; font-weight: bold; font-style: normal; font-variant: normal; text-decoration: none; vertical-align: baseline;\">L<\/span><\/p>\n<p><strong>Descrizione:<\/strong> Questo nido di sughero con passaggi e camere prefabbricate \u00e8 adatto a varie specie di formiche, soprattutto a quelle che nidificano nel legno (morto). \u00c8 dotato di un foro per l'accesso al nido.<br \/>\nIl sughero \u00e8 chimicamente neutro. La sua struttura non solo \u00e8 impermeabile ai liquidi, ma non provoca nemmeno reazioni chimiche e quindi non viene danneggiata. Tuttavia, un'eccessiva umidit\u00e0 pu\u00f2 portare alla marcescenza a lungo termine e ridurre la longevit\u00e0 del nido. Tuttavia, il sughero \u00e8 molto resistente alla marcescenza, ai funghi e alle muffe. Ci\u00f2 \u00e8 dovuto alla sua superficie e alla sua struttura, che non offrono un buon terreno di coltura per la colonizzazione dei funghi. Tuttavia, i residui di cibo, gli escrementi di animali e altre sostanze organiche possono favorire la crescita di muffe.<\/p>\n<p>Si consiglia pertanto di conservare in sughero soprattutto le specie provenienti da regioni secche. Le specie provenienti da ambienti umidi possono comunque essere tenute in questo set, poich\u00e9 la marcescenza non \u00e8 un problema per la maggior parte delle specie. Molte formiche del Nord Europa, come Camponotus herculeanus o Formica fusca, vivono anche nel legno marcio o in decomposizione.<\/p>","protected":false},"excerpt":{"rendered":"<p><strong>Dimensioni:<\/strong> 183 x 60 x 20 mm<\/p>","protected":false},"featured_media":9692,"comment_status":"open","ping_status":"closed","template":"","meta":{"_acf_changed":false,"content-type":"","_monsterinsights_skip_tracking":false,"_monsterinsights_sitenote_active":false,"_monsterinsights_sitenote_note":"","_monsterinsights_sitenote_category":0},"product_brand":[],"product_cat":[87,89],"product_tag":[],"class_list":{"0":"post-9249","1":"product","2":"type-product","3":"status-publish","4":"has-post-thumbnail","6":"product_cat-nest-insets","7":"product_cat-cork","9":"first","10":"instock","11":"taxable","12":"shipping-taxable","13":"purchasable","14":"product-type-simple"},"acf":[],"aioseo_notices":[],"jetpack_sharing_enabled":true,"_links":{"self":[{"href":"https:\/\/antcube.shop\/it\/wp-json\/wp\/v2\/product\/9249","targetHints":{"allow":["GET"]}}],"collection":[{"href":"https:\/\/antcube.shop\/it\/wp-json\/wp\/v2\/product"}],"about":[{"href":"https:\/\/antcube.shop\/it\/wp-json\/wp\/v2\/types\/product"}],"replies":[{"embeddable":true,"href":"https:\/\/antcube.shop\/it\/wp-json\/wp\/v2\/comments?post=9249"}],"wp:featuredmedia":[{"embeddable":true,"href":"https:\/\/antcube.shop\/it\/wp-json\/wp\/v2\/media\/9692"}],"wp:attachment":[{"href":"https:\/\/antcube.shop\/it\/wp-json\/wp\/v2\/media?parent=9249"}],"wp:term":[{"taxonomy":"product_brand","embeddable":true,"href":"https:\/\/antcube.shop\/it\/wp-json\/wp\/v2\/product_brand?post=9249"},{"taxonomy":"product_cat","embeddable":true,"href":"https:\/\/antcube.shop\/it\/wp-json\/wp\/v2\/product_cat?post=9249"},{"taxonomy":"product_tag","embeddable":true,"href":"https:\/\/antcube.shop\/it\/wp-json\/wp\/v2\/product_tag?post=9249"}],"curies":[{"name":"wp","href":"https:\/\/api.w.org\/{rel}","templated":true}]}}